{"id":629,"date":"2020-01-31T20:11:26","date_gmt":"2020-01-31T19:11:26","guid":{"rendered":"https:\/\/agora.xtec.cat\/ieslluchirafecas\/?page_id=629"},"modified":"2020-07-27T13:06:59","modified_gmt":"2020-07-27T11:06:59","slug":"batxillerat","status":"publish","type":"page","link":"https:\/\/agora.xtec.cat\/ieslluchirafecas\/estudis\/batxillerat\/","title":{"rendered":"Batxillerat"},"content":{"rendered":"<div class=\"entry-content\" style=\"color: #444444;\">\n<div class=\"entry-content\">\n<p>El Batxillerat \u00e9s una etapa postobligat\u00f2ria que consta d\u2019un cicle de dos cursos acad\u00e8mics.<br \/>\nS\u2019organitza en mat\u00e8ries comunes, que s\u00f3n les mateixes per a tots els alumnes, mat\u00e8ries de modalitat, mat\u00e8ries optatives i treball de recerca, que forma part de les materies de 2n curs.<\/p>\n<p><strong>Disseny curricular<\/strong><\/p>\n<p>En la seg\u00fcent taula teniu resumides les hores de les mat\u00e8ries comunes, les de modalitat i les mat\u00e8ries optatives que oferim en el centre.<\/p>\n<table>\n<tbody>\n<tr>\n<td><strong>Materies Comunes<\/strong><\/td>\n<td><\/td>\n<td><\/td>\n<\/tr>\n<tr>\n<td>(14 hores)<\/td>\n<td>Hores 1r<\/td>\n<td>2n<\/td>\n<\/tr>\n<tr>\n<td>Ci\u00e8ncies per al m\u00f3n contemporani<\/td>\n<td>2<\/td>\n<td>&#8211;<\/td>\n<\/tr>\n<tr>\n<td>Educaci\u00f3 F\u00edsica<\/td>\n<td>2<\/td>\n<td>&#8211;<\/td>\n<\/tr>\n<tr>\n<td>Filosofia i Ciutadania<\/td>\n<td>2<\/td>\n<td>&#8211;<\/td>\n<\/tr>\n<tr>\n<td>Hist\u00f2ria<\/td>\n<td>&#8211;<\/td>\n<td>3<\/td>\n<\/tr>\n<tr>\n<td>Hist\u00f2ria de la filosofia<\/td>\n<td>&#8211;<\/td>\n<td>3<\/td>\n<\/tr>\n<tr>\n<td>Llengua castellana i literatura<\/td>\n<td>2<\/td>\n<td>2<\/td>\n<\/tr>\n<tr>\n<td>Llengua catalana i literatura<\/td>\n<td>2<\/td>\n<td>2<\/td>\n<\/tr>\n<tr>\n<td>Llengua estrangera (angl\u00e8s)<\/td>\n<td>3<\/td>\n<td>3<\/td>\n<\/tr>\n<tr>\n<td>Tutoria<\/td>\n<td>1<\/td>\n<td>1<\/td>\n<\/tr>\n<tr>\n<td>Religi\u00f3 (volunt\u00e0ria)<\/td>\n<td>-\/2<\/td>\n<td>2<\/td>\n<\/tr>\n<\/tbody>\n<\/table>\n<table style=\"height: 775px; width: 386px;\">\n<tbody>\n<tr style=\"height: 31px;\">\n<td style=\"height: 31px; width: 253px;\"><strong>Materies de modalitat<\/strong><\/td>\n<td style=\"height: 31px; width: 77px;\"><\/td>\n<td style=\"height: 31px; width: 46px;\"><\/td>\n<\/tr>\n<tr style=\"height: 31px;\">\n<td style=\"height: 31px; width: 253px;\">Ci\u00e8ncies i Tecnologia<\/td>\n<td style=\"height: 31px; width: 77px;\"><\/td>\n<td style=\"height: 31px; width: 46px;\"><\/td>\n<\/tr>\n<tr style=\"height: 31px;\">\n<td style=\"height: 31px; width: 253px;\">a triar-ne 4 (16 hores)<\/td>\n<td style=\"height: 31px; width: 77px;\">Hores 1r<\/td>\n<td style=\"height: 31px; width: 46px;\">2n<\/td>\n<\/tr>\n<tr style=\"height: 31px;\">\n<td style=\"height: 31px; width: 253px;\">Biologia<\/td>\n<td style=\"height: 31px; width: 77px;\">4<\/td>\n<td style=\"height: 31px; width: 46px;\">4<\/td>\n<\/tr>\n<tr style=\"height: 31px;\">\n<td style=\"height: 31px; width: 253px;\">Ci\u00e8ncies de la Terra i mediambientals<\/td>\n<td style=\"height: 31px; width: 77px;\">4<\/td>\n<td style=\"height: 31px; width: 46px;\">4<\/td>\n<\/tr>\n<tr style=\"height: 31px;\">\n<td style=\"height: 31px; width: 253px;\">Dibuix T\u00e8cnic<\/td>\n<td style=\"height: 31px; width: 77px;\">4<\/td>\n<td style=\"height: 31px; width: 46px;\">4<\/td>\n<\/tr>\n<tr style=\"height: 31px;\">\n<td style=\"height: 31px; width: 253px;\">Electrot\u00e8cnia<\/td>\n<td style=\"height: 31px; width: 77px;\">&#8211;<\/td>\n<td style=\"height: 31px; width: 46px;\">4<\/td>\n<\/tr>\n<tr style=\"height: 31px;\">\n<td style=\"height: 31px; width: 253px;\">F\u00edsica<\/td>\n<td style=\"height: 31px; width: 77px;\">4<\/td>\n<td style=\"height: 31px; width: 46px;\">4<\/td>\n<\/tr>\n<tr style=\"height: 31px;\">\n<td style=\"height: 31px; width: 253px;\">Matem\u00e0tiques<\/td>\n<td style=\"height: 31px; width: 77px;\">4<\/td>\n<td style=\"height: 31px; width: 46px;\">4<\/td>\n<\/tr>\n<tr style=\"height: 31px;\">\n<td style=\"height: 31px; width: 253px;\">Qu\u00edmica<\/td>\n<td style=\"height: 31px; width: 77px;\">4<\/td>\n<td style=\"height: 31px; width: 46px;\">4<\/td>\n<\/tr>\n<tr style=\"height: 31px;\">\n<td style=\"width: 253px; height: 31px;\">Tecnologia Industrial<\/td>\n<td style=\"width: 77px; height: 31px;\">4<\/td>\n<td style=\"width: 46px; height: 31px;\">4<\/td>\n<\/tr>\n<tr style=\"height: 31px;\">\n<td style=\"width: 253px; height: 31px;\">Mec\u00e0nica<\/td>\n<td style=\"width: 77px; height: 31px;\">4<\/td>\n<td style=\"width: 46px; height: 31px;\">&#8211;<\/td>\n<\/tr>\n<tr style=\"height: 31px;\">\n<td style=\"width: 253px; height: 31px;\">Humanitats i Ci\u00e8ncies Socials<\/td>\n<td style=\"width: 77px; height: 31px;\"><\/td>\n<td style=\"width: 46px; height: 31px;\"><\/td>\n<\/tr>\n<tr style=\"height: 31px;\">\n<td style=\"width: 253px; height: 31px;\">a triar-ne 4 (16 hores)<\/td>\n<td style=\"width: 77px; height: 31px; text-align: left;\">Hores 1r<\/td>\n<td style=\"width: 46px; height: 31px; text-align: left;\">2n<\/td>\n<\/tr>\n<tr style=\"height: 31px;\">\n<td style=\"width: 253px; height: 31px;\">Economia<\/td>\n<td style=\"width: 77px; height: 31px; text-align: left;\">4<\/td>\n<td style=\"width: 46px; height: 31px; text-align: left;\">&#8211;<\/td>\n<\/tr>\n<tr style=\"height: 31px;\">\n<td style=\"width: 253px; height: 31px;\">Economia i organitzaci\u00f3 d\u2019empresa<\/td>\n<td style=\"width: 77px; height: 31px; text-align: left;\">4<\/td>\n<td style=\"width: 46px; height: 31px; text-align: left;\">4<\/td>\n<\/tr>\n<tr style=\"height: 31px;\">\n<td style=\"width: 253px; height: 31px;\">Geografia<\/td>\n<td style=\"width: 77px; height: 31px; text-align: left;\">&#8211;<\/td>\n<td style=\"width: 46px; height: 31px; text-align: left;\">4<\/td>\n<\/tr>\n<tr style=\"height: 31px;\">\n<td style=\"width: 253px; height: 31px;\">Grec<\/td>\n<td style=\"width: 77px; height: 31px; text-align: left;\">4<\/td>\n<td style=\"width: 46px; height: 31px; text-align: left;\">4<\/td>\n<\/tr>\n<tr style=\"height: 31px;\">\n<td style=\"width: 253px; height: 31px;\">Hist\u00f2ria de l\u2019art<\/td>\n<td style=\"width: 77px; height: 31px; text-align: left;\">&#8211;<\/td>\n<td style=\"width: 46px; height: 31px; text-align: left;\">4<\/td>\n<\/tr>\n<tr style=\"height: 31px;\">\n<td style=\"width: 253px; height: 31px;\">Hist\u00f2ria del m\u00f3n contemporani<\/td>\n<td style=\"width: 77px; height: 31px; text-align: left;\">4<\/td>\n<td style=\"width: 46px; height: 31px; text-align: left;\">&#8211;<\/td>\n<\/tr>\n<tr style=\"height: 31px;\">\n<td style=\"width: 253px; height: 31px;\">Llat\u00ed<\/td>\n<td style=\"width: 77px; height: 31px; text-align: left;\">4<\/td>\n<td style=\"width: 46px; height: 31px; text-align: left;\">4<\/td>\n<\/tr>\n<tr style=\"height: 31px;\">\n<td style=\"width: 253px; height: 31px;\">Matem\u00e0tiques aplicades a les c.s.<\/td>\n<td style=\"width: 77px; height: 31px; text-align: left;\">4<\/td>\n<td style=\"width: 46px; height: 31px; text-align: left;\">4<\/td>\n<\/tr>\n<tr style=\"height: 31px;\">\n<td style=\"width: 253px; height: 31px;\">Literatura universal<\/td>\n<td style=\"width: 77px; height: 31px; text-align: left;\">4<\/td>\n<td style=\"width: 46px; height: 31px; text-align: left;\">&#8211;<\/td>\n<\/tr>\n<tr style=\"height: 31px;\">\n<td style=\"width: 253px; height: 31px;\">Literatura castellana<\/td>\n<td style=\"width: 77px; height: 31px; text-align: left;\">4<\/td>\n<td style=\"width: 46px; height: 31px; text-align: left;\">&#8211;<\/td>\n<\/tr>\n<tr style=\"height: 31px;\">\n<td style=\"width: 253px; height: 31px;\">Literatura Catalana<\/td>\n<td style=\"width: 77px; height: 31px; text-align: left;\">&#8211;<\/td>\n<td style=\"width: 46px; height: 31px; text-align: left;\">4<\/td>\n<\/tr>\n<\/tbody>\n<\/table>\n<\/div>\n<\/div>\n<header class=\"entry-header\" style=\"color: #444444;\"><strong>Oferta d\u2019optatives<\/strong><\/header>\n<header>\u00a0<\/header>\n<header><\/header>\n<header class=\"entry-header\" style=\"color: #444444;\">L\u2019Institut ofereix materies dissenyades espec\u00edficament:<\/p>\n<ul>\n<li>Psicologia i Sociologia<\/li>\n<\/ul>\n<p>Tamb\u00e9 es poden escollir com optatives, materies d\u2019altres modalitats<\/p>\n<p><strong>Treball de recerca<\/strong><\/p>\n<ul>\n<li>Guia del treball de recerca<\/li>\n<li>Propostes de treballs de recerca<\/li>\n<\/ul>\n<\/header>\n","protected":false},"excerpt":{"rendered":"<p>El Batxillerat \u00e9s una etapa postobligat\u00f2ria que consta d\u2019un cicle de dos cursos acad\u00e8mics.<br \/>\nS\u2019organitza en mat\u00e8ries comunes, que s\u00f3n les mateixes per a tots els alumnes, mat\u00e8ries de modalitat, mat\u00e8ries optatives i treball de recerca, que forma part de les materies de 2n curs.<br \/>\nDisseny curricular<br \/>\nEn&hellip;  <a href=\"https:\/\/agora.xtec.cat\/ieslluchirafecas\/estudis\/batxillerat\/\" title=\"Read Batxillerat\">Llegeix m\u00e9s\u00bb<\/a><\/p>\n","protected":false},"author":1,"featured_media":0,"parent":195,"menu_order":0,"comment_status":"closed","ping_status":"closed","template":"page-templates\/side-menu.php","meta":{"_bbp_topic_count":0,"_bbp_reply_count":0,"_bbp_total_topic_count":0,"_bbp_total_reply_count":0,"_bbp_voice_count":0,"_bbp_anonymous_reply_count":0,"_bbp_topic_count_hidden":0,"_bbp_reply_count_hidden":0,"_bbp_forum_subforum_count":0,"footnotes":""},"class_list":["post-629","page","type-page","status-publish","hentry"],"post_mailing_queue_ids":[],"_links":{"self":[{"href":"https:\/\/agora.xtec.cat\/ieslluchirafecas\/wp-json\/wp\/v2\/pages\/629","targetHints":{"allow":["GET"]}}],"collection":[{"href":"https:\/\/agora.xtec.cat\/ieslluchirafecas\/wp-json\/wp\/v2\/pages"}],"about":[{"href":"https:\/\/agora.xtec.cat\/ieslluchirafecas\/wp-json\/wp\/v2\/types\/page"}],"author":[{"embeddable":true,"href":"https:\/\/agora.xtec.cat\/ieslluchirafecas\/wp-json\/wp\/v2\/users\/1"}],"replies":[{"embeddable":true,"href":"https:\/\/agora.xtec.cat\/ieslluchirafecas\/wp-json\/wp\/v2\/comments?post=629"}],"version-history":[{"count":3,"href":"https:\/\/agora.xtec.cat\/ieslluchirafecas\/wp-json\/wp\/v2\/pages\/629\/revisions"}],"predecessor-version":[{"id":1056,"href":"https:\/\/agora.xtec.cat\/ieslluchirafecas\/wp-json\/wp\/v2\/pages\/629\/revisions\/1056"}],"up":[{"embeddable":true,"href":"https:\/\/agora.xtec.cat\/ieslluchirafecas\/wp-json\/wp\/v2\/pages\/195"}],"wp:attachment":[{"href":"https:\/\/agora.xtec.cat\/ieslluchirafecas\/wp-json\/wp\/v2\/media?parent=629"}],"curies":[{"name":"wp","href":"https:\/\/api.w.org\/{rel}","templated":true}]}}