{"id":2796,"date":"2022-10-05T15:40:21","date_gmt":"2022-10-05T13:40:21","guid":{"rendered":"https:\/\/agora.xtec.cat\/ieslluchirafecas\/?page_id=2796"},"modified":"2025-09-22T16:16:04","modified_gmt":"2025-09-22T14:16:04","slug":"models-de-documents","status":"publish","type":"page","link":"https:\/\/agora.xtec.cat\/ieslluchirafecas\/secretaria-2\/models-de-documents\/","title":{"rendered":"Models de documents"},"content":{"rendered":"<p>A continuaci\u00f3 trobareu documents que s\u00f3n necessaris per fer alguna de les gestions m\u00e9s utilitzades a Secretaria.<\/p>\n<p>El <strong>lliurament \u00e9s presencial<\/strong> a la <a href=\"https:\/\/agora.xtec.cat\/ieslluchirafecas\/secretaria-2\/atencio-al-public\/\">secretaria del centre<\/a>.<\/p>\n<table style=\"width: 100%; border: 5px solid; border-color: #196f3d; font-family: Georgia, serif;\">\n<tbody>\n<tr valign=\"center\">\n<td style=\"width: 10%; background-color: #ff6600; text-align: center;\" width=\"150px\"><a href=\"https:\/\/agora.xtec.cat\/ieslluchirafecas\/wp-content\/uploads\/usu330\/2022\/06\/education.png\"><img loading=\"lazy\" decoding=\"async\" class=\"alignnone size-full wp-image-2451\" src=\"https:\/\/agora.xtec.cat\/ieslluchirafecas\/wp-content\/uploads\/usu330\/2022\/06\/education.png\" alt=\"\" width=\"70\" height=\"70\" srcset=\"https:\/\/agora.xtec.cat\/ieslluchirafecas\/wp-content\/uploads\/usu330\/2022\/06\/education.png 512w, https:\/\/agora.xtec.cat\/ieslluchirafecas\/wp-content\/uploads\/usu330\/2022\/06\/education-300x300.png 300w, https:\/\/agora.xtec.cat\/ieslluchirafecas\/wp-content\/uploads\/usu330\/2022\/06\/education-150x150.png 150w\" sizes=\"auto, (max-width: 70px) 100vw, 70px\" \/><\/a><\/td>\n<td style=\"width: 40%; background-color: #ffff00; padding: 5px;\">&nbsp;<\/p>\n<h2><a href=\"https:\/\/agora.xtec.cat\/ieslluchirafecas\/wp-content\/uploads\/usu330\/2022\/10\/IMP_PETICIO_CERT.pdf\">Petici\u00f3 de certificat<\/a><\/h2>\n<p>&nbsp;<\/td>\n<td style=\"width: 10%; background-color: #ff6600; text-align: center;\" width=\"150px\"><img loading=\"lazy\" decoding=\"async\" class=\"img-responsive atto_image_button_text-bottom\" role=\"presentation\" src=\"https:\/\/agora.xtec.cat\/ieslluchirafecas\/wp-content\/uploads\/usu330\/2022\/06\/workforce-300x300-1.jpg\" alt=\"\" width=\"70\" height=\"70\" \/><\/td>\n<td style=\"width: 40%; background-color: #ffff00; padding: 5px;\">&nbsp;<\/p>\n<h2><a href=\"https:\/\/agora.xtec.cat\/ieslluchirafecas\/wp-content\/uploads\/usu330\/2023\/05\/IMP_INST_GENERAL-1.pdf\">Inst\u00e0ncia general<\/a><\/h2>\n<p>&nbsp;<\/td>\n<\/tr>\n<tr valign=\"center\">\n<td style=\"background-color: #ff6600; text-align: center;\" width=\"150px\"><\/td>\n<td style=\"background-color: #ffff00; padding: 5px;\">&nbsp;<\/p>\n<h2><\/h2>\n<\/td>\n<td style=\"background-color: #ff6600; text-align: center;\" width=\"150px\"><\/td>\n<td style=\"background-color: #ffff00; padding: 5px;\"><\/td>\n<\/tr>\n<\/tbody>\n<\/table>\n<p>&nbsp;<\/p>\n<p><script src=\"moz-extension:\/\/0f09432f-7e45-49a5-89be-5b0f5b391c39\/window-inject.js\" type=\"text\/javascript\"><\/script><\/p>\n","protected":false},"excerpt":{"rendered":"<p>A continuaci\u00f3 trobareu documents que s\u00f3n necessaris per fer alguna de les gestions m\u00e9s utilitzades a Secretaria.<br \/>\nEl lliurament \u00e9s presencial a la <a href=\"https:\/\/agora.xtec.cat\/ieslluchirafecas\/secretaria-2\/atencio-al-public\/\">secretaria del centre<\/a>.<\/p>\n<p><a href=\"https:\/\/agora.xtec.cat\/ieslluchirafecas\/wp-content\/uploads\/usu330\/2022\/06\/education.png\"><\/a><br \/>\n&nbsp;<br \/>\n<a href=\"https:\/\/agora.xtec.cat\/ieslluchirafecas\/wp-content\/uploads\/usu330\/2022\/10\/IMP_PETICIO_CERT.pdf\">Petici\u00f3 de certificat<\/a><br \/>\n&nbsp;<\/p>\n<p>&nbsp;<br \/>\n<a href=\"https:\/\/agora.xtec.cat\/ieslluchirafecas\/wp-content\/uploads\/usu330\/2023\/05\/IMP_INST_GENERAL-1.pdf\">Inst\u00e0ncia general<\/a><br \/>\n&nbsp;<\/p>\n<p>&nbsp;<\/p>\n<p>&nbsp;<\/p>\n","protected":false},"author":24,"featured_media":0,"parent":1970,"menu_order":100,"comment_status":"closed","ping_status":"closed","template":"page-templates\/side-menu.php","meta":{"_bbp_topic_count":0,"_bbp_reply_count":0,"_bbp_total_topic_count":0,"_bbp_total_reply_count":0,"_bbp_voice_count":0,"_bbp_anonymous_reply_count":0,"_bbp_topic_count_hidden":0,"_bbp_reply_count_hidden":0,"_bbp_forum_subforum_count":0,"footnotes":""},"class_list":["post-2796","page","type-page","status-publish","hentry"],"post_mailing_queue_ids":[],"_links":{"self":[{"href":"https:\/\/agora.xtec.cat\/ieslluchirafecas\/wp-json\/wp\/v2\/pages\/2796","targetHints":{"allow":["GET"]}}],"collection":[{"href":"https:\/\/agora.xtec.cat\/ieslluchirafecas\/wp-json\/wp\/v2\/pages"}],"about":[{"href":"https:\/\/agora.xtec.cat\/ieslluchirafecas\/wp-json\/wp\/v2\/types\/page"}],"author":[{"embeddable":true,"href":"https:\/\/agora.xtec.cat\/ieslluchirafecas\/wp-json\/wp\/v2\/users\/24"}],"replies":[{"embeddable":true,"href":"https:\/\/agora.xtec.cat\/ieslluchirafecas\/wp-json\/wp\/v2\/comments?post=2796"}],"version-history":[{"count":6,"href":"https:\/\/agora.xtec.cat\/ieslluchirafecas\/wp-json\/wp\/v2\/pages\/2796\/revisions"}],"predecessor-version":[{"id":14174,"href":"https:\/\/agora.xtec.cat\/ieslluchirafecas\/wp-json\/wp\/v2\/pages\/2796\/revisions\/14174"}],"up":[{"embeddable":true,"href":"https:\/\/agora.xtec.cat\/ieslluchirafecas\/wp-json\/wp\/v2\/pages\/1970"}],"wp:attachment":[{"href":"https:\/\/agora.xtec.cat\/ieslluchirafecas\/wp-json\/wp\/v2\/media?parent=2796"}],"curies":[{"name":"wp","href":"https:\/\/api.w.org\/{rel}","templated":true}]}}