{"id":27,"date":"2019-03-01T16:24:03","date_gmt":"2019-03-01T15:24:03","guid":{"rendered":"http:\/\/agora.xtec.cat\/ieslluchirafecas\/?page_id=27"},"modified":"2022-09-08T15:44:20","modified_gmt":"2022-09-08T13:44:20","slug":"historia","status":"publish","type":"page","link":"https:\/\/agora.xtec.cat\/ieslluchirafecas\/linstitut\/historia\/","title":{"rendered":"Hist\u00f2ria. Qui som?"},"content":{"rendered":"<p><a href=\"https:\/\/agora.xtec.cat\/ieslluchirafecas\/wp-content\/uploads\/usu330\/2020\/01\/FXLluch.jpg\"><img loading=\"lazy\" decoding=\"async\" class=\" wp-image-589 alignright\" src=\"https:\/\/agora.xtec.cat\/ieslluchirafecas\/wp-content\/uploads\/usu330\/2020\/01\/FXLluch.jpg\" alt=\"\" width=\"116\" height=\"138\" \/><\/a>Francesc Xavier Lluch i Rafecas neix a Vilanova i la Geltr\u00fa l\u2019any 1818, fill de Francisco Jos\u00e9 Lluch i Torres i Bonaventura Rafecas i Puig.<\/p>\n<p>Estudia a l\u00b4escola Industrial de Barcelona i el 1849 ja \u00e9s catedr\u00e0tic d\u2019ensenyament de teixits a l\u2019Escola de Belles Arts. Completa la seva formaci\u00f3 d\u2019enginyer mec\u00e0nic a la central d\u2019Arts i Manufactures de Paris durant el per\u00edode 1857-1861.<\/p>\n<p>Autor de diverses publicacions sobre Aritm\u00e8tica i \u00c0lgebra i sobre fabricaci\u00f3 i tractament de teixits, imparteix classes de les assignatures de \u201c teoria i pr\u00e0ctica del teixits\u201d, de la qual n\u2019\u00e9s nomenat catedr\u00e0tic l\u2019any 1863. Tamb\u00e9 imparteix la doc\u00e8ncia a la nostra ciutat com professor del Col\u00b7legi Lliure de Segon Ensenyament de Vilanova i la Geltr\u00fa. \u00c9s un dels promotors, el 1860, del projecte de construcci\u00f3 de la carretera entre Barcelona i Tarragona per la costa, obres que comencen al 1871 i s\u00f3n aprovades per la D.G. d\u2019Obres P\u00fabliques el 1877. Interv\u00e9 tamb\u00e9 en el projecte del Port de Vilanova cap el 1875.<\/p>\n<p>F.X. Lluch \u00e9s l\u2019impulsor de la primera Escola d\u2019Arts i Oficis a Vilanova (Reial Decret de 5 de novembre de 1886). El primer edifici d\u2019aquesta Escola tingu\u00e9 com a seu, de 1886 a 1892, la casa pairal de la fam\u00edlia Lluch, a la Rambla Principal n\u00ba 71. L\u2019any 1892 l\u2019Escola fou traslladada a l\u2019edifici municipal de la Pla\u00e7a de la Vila. All\u00e0 es desenvolup\u00e0 l\u2019activitat docent fins l\u2019any 1959 en qu\u00e8 pass\u00e0 a un nou empla\u00e7ament, el de l\u2019Escola de l\u2019avinguda de V\u00edctor Balaguer, al costat de l\u2019estaci\u00f3. L\u2019any 1993 es pass\u00e0 d\u2019aquest empla\u00e7ament a l\u2019actual del carrer Zamenhof 30.<\/p>\n<p>Francesc Xavier Lluch mor\u00ed el 30 de setembre de 1889 a Sant Gervasi de Cassoles, Barcelona.<\/p>\n","protected":false},"excerpt":{"rendered":"<p><a href=\"https:\/\/agora.xtec.cat\/ieslluchirafecas\/wp-content\/uploads\/usu330\/2020\/01\/FXLluch.jpg\"><\/a>Francesc Xavier Lluch i Rafecas neix a Vilanova i la Geltr\u00fa l\u2019any 1818, fill de Francisco Jos\u00e9 Lluch i Torres i Bonaventura Rafecas i Puig.<br \/>\nEstudia a l\u00b4escola Industrial de Barcelona i el 1849 ja \u00e9s catedr\u00e0tic d\u2019ensenyament de teixits a l\u2019Escola de Belles Arts.&hellip;  <a href=\"https:\/\/agora.xtec.cat\/ieslluchirafecas\/linstitut\/historia\/\" title=\"Read Hist\u00f2ria. Qui som?\">Llegeix m\u00e9s\u00bb<\/a><\/p>\n","protected":false},"author":1,"featured_media":0,"parent":19,"menu_order":10,"comment_status":"closed","ping_status":"closed","template":"page-templates\/side-menu.php","meta":{"_bbp_topic_count":0,"_bbp_reply_count":0,"_bbp_total_topic_count":0,"_bbp_total_reply_count":0,"_bbp_voice_count":0,"_bbp_anonymous_reply_count":0,"_bbp_topic_count_hidden":0,"_bbp_reply_count_hidden":0,"_bbp_forum_subforum_count":0,"footnotes":""},"class_list":["post-27","page","type-page","status-publish","hentry"],"post_mailing_queue_ids":[],"_links":{"self":[{"href":"https:\/\/agora.xtec.cat\/ieslluchirafecas\/wp-json\/wp\/v2\/pages\/27","targetHints":{"allow":["GET"]}}],"collection":[{"href":"https:\/\/agora.xtec.cat\/ieslluchirafecas\/wp-json\/wp\/v2\/pages"}],"about":[{"href":"https:\/\/agora.xtec.cat\/ieslluchirafecas\/wp-json\/wp\/v2\/types\/page"}],"author":[{"embeddable":true,"href":"https:\/\/agora.xtec.cat\/ieslluchirafecas\/wp-json\/wp\/v2\/users\/1"}],"replies":[{"embeddable":true,"href":"https:\/\/agora.xtec.cat\/ieslluchirafecas\/wp-json\/wp\/v2\/comments?post=27"}],"version-history":[{"count":3,"href":"https:\/\/agora.xtec.cat\/ieslluchirafecas\/wp-json\/wp\/v2\/pages\/27\/revisions"}],"predecessor-version":[{"id":2658,"href":"https:\/\/agora.xtec.cat\/ieslluchirafecas\/wp-json\/wp\/v2\/pages\/27\/revisions\/2658"}],"up":[{"embeddable":true,"href":"https:\/\/agora.xtec.cat\/ieslluchirafecas\/wp-json\/wp\/v2\/pages\/19"}],"wp:attachment":[{"href":"https:\/\/agora.xtec.cat\/ieslluchirafecas\/wp-json\/wp\/v2\/media?parent=27"}],"curies":[{"name":"wp","href":"https:\/\/api.w.org\/{rel}","templated":true}]}}