{"id":2691,"date":"2022-09-13T16:09:11","date_gmt":"2022-09-13T14:09:11","guid":{"rendered":"https:\/\/agora.xtec.cat\/ieslluchirafecas\/?page_id=2691"},"modified":"2022-09-22T16:59:11","modified_gmt":"2022-09-22T14:59:11","slug":"programa-fct","status":"publish","type":"page","link":"https:\/\/agora.xtec.cat\/ieslluchirafecas\/escola-empresa\/programa-fct\/","title":{"rendered":"Programa FCT"},"content":{"rendered":"<p>La FCT (Formaci\u00f3 en Centres de Treball) \u00e9s un m\u00f2dul obligatori en tots els cicles formatius, tant de grau mitj\u00e0 com superior.<\/p>\n<p>Aquest m\u00f2dul no t\u00e9 car\u00e0cter laboral ni becari, els alumnes que el cursen continuen assistint al centre. Realitzen pr\u00e0ctiques a empreses en les que es potencien i es posen pr\u00e0ctica tant els coneixements del cicle com capacitats com la corresponsabilitat i el comprom\u00eds. Per aquesta ra\u00f3, es considera un m\u00f2dul fonamental en els cicles, i \u00e9s de caracter obligatori.<\/p>\n<p>\u00danicament, i si els alumnes ja tenen experi\u00e8ncia laboral, poden demanar una exempci\u00f3 d&#8217;aquest m\u00f2dul.<\/p>\n<p>Mentre dura la FCT, l&#8217;alumne t\u00e9 assignat un tutor de FCT, que \u00e9s un professor del centre, un tutor d&#8217;empresa, que ser\u00e0 l&#8217;encarregat de formar-lo i avaluar-lo en el centre de treball. La comunicaci\u00f3 entre institut i empresa la considerem fonamental, i per tant, la comunicaci\u00f3 entre els dos tutors \u00e9s cont\u00ednua, a fi del millor aprofitament possible per part de l&#8217;alumnat.<\/p>\n\r\n\t<div class=\"slideshow_container slideshow_container_style-light\" style=\"height: 300px; \" data-slideshow-id=\"2736\" data-style-name=\"style-light\" data-style-version=\"2.3.1\" >\r\n\r\n\t\t\t\t\t<div class=\"slideshow_loading_icon\"><\/div>\r\n\t\t\r\n\t\t<div class=\"slideshow_content\" style=\"display: none;\">\r\n\r\n\t\t\t<div class=\"slideshow_view\">\r\n\t\t\t\t<div class=\"slideshow_slide slideshow_slide_image\">\r\n\t\t\t\t\t\t\t\t\t\t\t<img src=\"https:\/\/agora.xtec.cat\/ieslluchirafecas\/wp-content\/uploads\/usu330\/2022\/09\/pexels-\u0430\u043b\u0435\u043a\u043a\u0435-\u0431\u043b\u0430\u0436\u0438\u043d-8140124-scaled.jpg\" alt=\"pexels-\u0430\u043b\u0435\u043a\u043a\u0435-\u0431\u043b\u0430\u0436\u0438\u043d-8140124\" width=\"2560\" height=\"1707\" \/>\r\n\t\t\t\t\t\t\t\t\t\t<div class=\"slideshow_description_box slideshow_transparent\">\r\n\t\t\t\t\t\t<div class=\"slideshow_title\">pexels-\u0430\u043b\u0435\u043a\u043a\u0435-\u0431\u043b\u0430\u0436\u0438\u043d-8140124<\/div>\t\t\t\t\t\t\t\t\t\t\t<\/div>\r\n\t\t\t\t<\/div>\r\n\r\n\t\t\t\t\t\t<div style=\"clear: both;\"><\/div><\/div><div class=\"slideshow_view\">\r\n\t\t\t\t<div class=\"slideshow_slide slideshow_slide_image\">\r\n\t\t\t\t\t\t\t\t\t\t\t<img src=\"https:\/\/agora.xtec.cat\/ieslluchirafecas\/wp-content\/uploads\/usu330\/2022\/09\/pexels-artem-podrez-4492050-scaled.jpg\" alt=\"pexels-artem-podrez-4492050\" width=\"2560\" height=\"1440\" \/>\r\n\t\t\t\t\t\t\t\t\t\t<div class=\"slideshow_description_box slideshow_transparent\">\r\n\t\t\t\t\t\t<div class=\"slideshow_title\">pexels-artem-podrez-4492050<\/div>\t\t\t\t\t\t\t\t\t\t\t<\/div>\r\n\t\t\t\t<\/div>\r\n\r\n\t\t\t\t\t\t<div style=\"clear: both;\"><\/div><\/div><div class=\"slideshow_view\">\r\n\t\t\t\t<div class=\"slideshow_slide slideshow_slide_image\">\r\n\t\t\t\t\t\t\t\t\t\t\t<img src=\"https:\/\/agora.xtec.cat\/ieslluchirafecas\/wp-content\/uploads\/usu330\/2022\/09\/pexels-pixabay-73833.jpg\" alt=\"pexels-pixabay-73833\" width=\"1960\" height=\"2213\" \/>\r\n\t\t\t\t\t\t\t\t\t\t<div class=\"slideshow_description_box slideshow_transparent\">\r\n\t\t\t\t\t\t<div class=\"slideshow_title\">pexels-pixabay-73833<\/div>\t\t\t\t\t\t\t\t\t\t\t<\/div>\r\n\t\t\t\t<\/div>\r\n\r\n\t\t\t\t\t\t<div style=\"clear: both;\"><\/div><\/div><div class=\"slideshow_view\">\r\n\t\t\t\t<div class=\"slideshow_slide slideshow_slide_image\">\r\n\t\t\t\t\t\t\t\t\t\t\t<img src=\"https:\/\/agora.xtec.cat\/ieslluchirafecas\/wp-content\/uploads\/usu330\/2022\/09\/pexels-elevate-1267338-scaled.jpg\" alt=\"pexels-elevate-1267338\" width=\"2560\" height=\"1707\" \/>\r\n\t\t\t\t\t\t\t\t\t\t<div class=\"slideshow_description_box slideshow_transparent\">\r\n\t\t\t\t\t\t<div class=\"slideshow_title\">pexels-elevate-1267338<\/div>\t\t\t\t\t\t\t\t\t\t\t<\/div>\r\n\t\t\t\t<\/div>\r\n\r\n\t\t\t\t\t\t<div style=\"clear: both;\"><\/div><\/div>\r\n\t\t<\/div>\r\n\r\n\t\t<div class=\"slideshow_controlPanel slideshow_transparent\" style=\"display: none;\"><ul><li class=\"slideshow_togglePlay\" data-play-text=\"Visualitza\" data-pause-text=\"Pausa\"><\/li><\/ul><\/div>\r\n\r\n\t\t<div class=\"slideshow_button slideshow_previous slideshow_transparent\" role=\"button\" data-previous-text=\"Anterior\" style=\"display: none;\"><\/div>\r\n\t\t<div class=\"slideshow_button slideshow_next slideshow_transparent\" role=\"button\" data-next-text=\"Seg\u00fcent\" style=\"display: none;\"><\/div>\r\n\r\n\t\t<div class=\"slideshow_pagination\" style=\"display: none;\" data-go-to-text=\"V\u00e9s a la diapositiva\"><div class=\"slideshow_pagination_center\"><\/div><\/div>\r\n\r\n\t\t<!-- WordPress Slideshow Version 2.3.1 -->\r\n\r\n\t\t\t<\/div>\r\n\r\n\n<p>&nbsp;<\/p>\n","protected":false},"excerpt":{"rendered":"<p>La FCT (Formaci\u00f3 en Centres de Treball) \u00e9s un m\u00f2dul obligatori en tots els cicles formatius, tant de grau mitj\u00e0 com superior.<br \/>\nAquest m\u00f2dul no t\u00e9 car\u00e0cter laboral ni becari, els alumnes que el cursen continuen assistint al centre. Realitzen pr\u00e0ctiques a empreses en les que&hellip;  <a href=\"https:\/\/agora.xtec.cat\/ieslluchirafecas\/escola-empresa\/programa-fct\/\" title=\"Read Programa FCT\">Llegeix m\u00e9s\u00bb<\/a><\/p>\n","protected":false},"author":24,"featured_media":0,"parent":2680,"menu_order":20,"comment_status":"closed","ping_status":"closed","template":"page-templates\/side-menu.php","meta":{"_bbp_topic_count":0,"_bbp_reply_count":0,"_bbp_total_topic_count":0,"_bbp_total_reply_count":0,"_bbp_voice_count":0,"_bbp_anonymous_reply_count":0,"_bbp_topic_count_hidden":0,"_bbp_reply_count_hidden":0,"_bbp_forum_subforum_count":0,"footnotes":""},"class_list":["post-2691","page","type-page","status-publish","hentry"],"post_mailing_queue_ids":[],"_links":{"self":[{"href":"https:\/\/agora.xtec.cat\/ieslluchirafecas\/wp-json\/wp\/v2\/pages\/2691","targetHints":{"allow":["GET"]}}],"collection":[{"href":"https:\/\/agora.xtec.cat\/ieslluchirafecas\/wp-json\/wp\/v2\/pages"}],"about":[{"href":"https:\/\/agora.xtec.cat\/ieslluchirafecas\/wp-json\/wp\/v2\/types\/page"}],"author":[{"embeddable":true,"href":"https:\/\/agora.xtec.cat\/ieslluchirafecas\/wp-json\/wp\/v2\/users\/24"}],"replies":[{"embeddable":true,"href":"https:\/\/agora.xtec.cat\/ieslluchirafecas\/wp-json\/wp\/v2\/comments?post=2691"}],"version-history":[{"count":3,"href":"https:\/\/agora.xtec.cat\/ieslluchirafecas\/wp-json\/wp\/v2\/pages\/2691\/revisions"}],"predecessor-version":[{"id":2738,"href":"https:\/\/agora.xtec.cat\/ieslluchirafecas\/wp-json\/wp\/v2\/pages\/2691\/revisions\/2738"}],"up":[{"embeddable":true,"href":"https:\/\/agora.xtec.cat\/ieslluchirafecas\/wp-json\/wp\/v2\/pages\/2680"}],"wp:attachment":[{"href":"https:\/\/agora.xtec.cat\/ieslluchirafecas\/wp-json\/wp\/v2\/media?parent=2691"}],"curies":[{"name":"wp","href":"https:\/\/api.w.org\/{rel}","templated":true}]}}