{"id":2056,"date":"2022-02-24T18:38:09","date_gmt":"2022-02-24T17:38:09","guid":{"rendered":"https:\/\/agora.xtec.cat\/ieslluchirafecas\/?page_id=2056"},"modified":"2025-02-12T16:34:31","modified_gmt":"2025-02-12T15:34:31","slug":"pfi-pip-auxiliar-de-fabricacio-mecanica","status":"publish","type":"page","link":"https:\/\/agora.xtec.cat\/ieslluchirafecas\/estudis\/altres-estudis\/pfi-pip-auxiliar-de-fabricacio-mecanica\/","title":{"rendered":"PFI-PIP Auxiliar de fabricaci\u00f3 mec\u00e0nica"},"content":{"rendered":"<p><a href=\"https:\/\/agora.xtec.cat\/ieslluchirafecas\/wp-content\/uploads\/usu330\/2022\/02\/1.png\"><img loading=\"lazy\" decoding=\"async\" class=\"alignnone size-full wp-image-2057\" src=\"https:\/\/agora.xtec.cat\/ieslluchirafecas\/wp-content\/uploads\/usu330\/2022\/02\/1.png\" alt=\"\" width=\"88\" height=\"88\" \/><\/a><\/p>\n<h4><strong>Guia alumnat nouvingut<br \/>\n<\/strong><\/h4>\n<p style=\"text-align: center;\"><a href=\"https:\/\/agora.xtec.cat\/ieslluchirafecas\/wp-content\/uploads\/usu330\/2024\/09\/Guia-de-lalumne-nouvingut_FM05.pdf\">Desc\u00e0rrega guia alumnat<\/a><\/p>\n<p style=\"text-align: center;\"><object style=\"width: 800px; height: 600px;\" data=\"https:\/\/agora.xtec.cat\/ieslluchirafecas\/wp-content\/uploads\/usu330\/2024\/09\/Guia-de-lalumne-nouvingut_FM05.pdf\" width=\"300\" height=\"150\"><span style=\"display: inline-block; width: 0px; overflow: hidden; line-height: 0;\" data-mce-type=\"bookmark\" class=\"mce_SELRES_start\">\ufeff<\/span><span style=\"display: inline-block; width: 0px; overflow: hidden; line-height: 0;\" data-mce-type=\"bookmark\" class=\"mce_SELRES_start\">\ufeff<\/span><\/object><\/p>\n<h4><strong>A qui s&#8217;adre\u00e7a?<br \/>\n<\/strong><\/h4>\n<p lang=\"ca-ES\" align=\"justify\">Aquest programa s\u2019adre\u00e7a a joves, d\u2019entre 16 i 21 anys, que no tenen el GESO (Graduat en Educaci\u00f3 Secund\u00e0ria Obligat\u00f2ria) i volen formar-se en el sector de la fabricaci\u00f3 mec\u00e0nica.<\/p>\n<h4>Titulaci\u00f3<\/h4>\n<p>En acabar el curs obtens:<\/p>\n<ul>\n<li>Certificat acad\u00e8mic i professional que acredita les compet\u00e8ncies professionals assolides. Qualificaci\u00f3 professional completa: FME031_1: Operacions auxiliars de fabricaci\u00f3 mec\u00e0nica.<\/li>\n<li>Certificat del Curs d\u2019acc\u00e9s als cicles formatius de grau mitj\u00e0 (CAM).<\/li>\n<li>Acc\u00e9s als cicles formatius de grau mitj\u00e0, d\u2019acord amb la Resoluci\u00f3 EDU\/2638\/2020, de 26 d&#8217;octubre.<\/li>\n<li>Reconeixement dels m\u00f2duls professionals superats en el PFI per a l&#8217;obtenci\u00f3 del t\u00edtol professional b\u00e0sic associat al perfil.<\/li>\n<li>Certificat de professionalitat que emet l&#8217;Administraci\u00f3 laboral.<\/li>\n<li>Acc\u00e9s als centres de formaci\u00f3 d&#8217;adults per obtenir el graduat en educaci\u00f3 secund\u00e0ria obligat\u00f2ria (GESO), sense complir el requisit de tenir 18 anys.<\/li>\n<\/ul>\n<p style=\"text-align: center;\"><a href=\"https:\/\/agora.xtec.cat\/ieslluchirafecas\/wp-content\/uploads\/usu330\/2022\/02\/2.jpg\"><img loading=\"lazy\" decoding=\"async\" class=\"alignnone size-medium wp-image-2058\" src=\"https:\/\/agora.xtec.cat\/ieslluchirafecas\/wp-content\/uploads\/usu330\/2022\/02\/2-300x199.jpg\" alt=\"\" width=\"300\" height=\"199\" srcset=\"https:\/\/agora.xtec.cat\/ieslluchirafecas\/wp-content\/uploads\/usu330\/2022\/02\/2-300x199.jpg 300w, https:\/\/agora.xtec.cat\/ieslluchirafecas\/wp-content\/uploads\/usu330\/2022\/02\/2-768x511.jpg 768w, https:\/\/agora.xtec.cat\/ieslluchirafecas\/wp-content\/uploads\/usu330\/2022\/02\/2.jpg 925w\" sizes=\"auto, (max-width: 300px) 100vw, 300px\" \/><\/a><\/p>\n<h4><strong>Compet\u00e8ncies professionals<br \/>\n<\/strong><\/h4>\n<p lang=\"ca-ES\">L\u2019objectiu del curs \u00e9s dotar a l\u2019alumne\/a de les seg\u00fcents capacitats i compet\u00e8ncies:<\/p>\n<ul>\n<li>Realitzar operacions b\u00e0siques de fabricaci\u00f3.<\/li>\n<li>Alimentar i assistir als processos de mecanitzaci\u00f3, muntatge i fosa automatitzats.<\/li>\n<li>Realitzar el muntatge i manteniment d\u2019instal\u00b7lacions electrot\u00e8cniques i de telecomunicacions en edificis per a diversos usos.<\/li>\n<\/ul>\n<h4><strong>Principals ocupacions i llocs de treball<\/strong><\/h4>\n<p>Aquesta qualificaci\u00f3 s&#8217;ubica en el sector d&#8217;ind\u00fastries de fabricaci\u00f3 mec\u00e0nica i instal\u00b7lacions a l&#8217;\u00e0rea de fabricaci\u00f3, muntatge i reparaci\u00f3. Aix\u00ed doncs, es pot treballar com a:<\/p>\n<ul>\n<li>Auxiliar de soldadura.<\/li>\n<li>Auxiliar de processos automatitzats.<\/li>\n<li>Auxiliar de manteniment, construcci\u00f3 i\/o reparaci\u00f3 de maquin\u00e0ria.<\/li>\n<li>Auxiliar de muntatges d\u2019instal\u00b7lacions el\u00e8ctriques en edificis.<\/li>\n<\/ul>\n<h4><strong>Durada<\/strong><\/h4>\n<p>La durada d\u2019aquest programa \u00e9s de 1.000 hores (un curs acad\u00e8mic) dividit de la seg\u00fcent manera:<\/p>\n<ul>\n<li>M\u00f2duls de formaci\u00f3 professional (485 hores)<\/li>\n<li>M\u00f2duls de formaci\u00f3 general (295 hores)<\/li>\n<li>Formaci\u00f3 en centres de treball (180 hores)<\/li>\n<li>Tutoria (40h)<\/li>\n<\/ul>\n<h4><strong>Qu\u00e8 estudiar\u00e0s<br \/>\n<\/strong><\/h4>\n<p><strong>M\u00f2duls de formaci\u00f3 professional<\/strong><\/p>\n<ul>\n<li>Operacions B\u00e0siques de Fabricaci\u00f3<\/li>\n<li>Soldadura i Fusteria Met\u00e0l\u00b7lica<\/li>\n<li>Fusteria d&#8217;Alumini i PVC<\/li>\n<li>Instal\u00b7lacions Electrot\u00e8cniques<\/li>\n<li>Projecte Integrat<\/li>\n<li>Formaci\u00f3 B\u00e0sica en Prevenci\u00f3 de Riscos Laborals<\/li>\n<li>Formaci\u00f3 Pr\u00e0ctica en Empreses<\/li>\n<\/ul>\n<p><strong>M\u00f2duls de formaci\u00f3 general<\/strong><\/p>\n<ul>\n<li>Estrat\u00e8gies i Eines de Comunicaci\u00f3<\/li>\n<li>Entorn Social i Territorial<\/li>\n<li>Estrat\u00e8gies i Eines Matem\u00e0tiques<\/li>\n<li>Incorporaci\u00f3 al M\u00f3n Professional<\/li>\n<\/ul>\n<p><strong>Tutoria, seguiment i orientaci\u00f3 personalitzada<\/strong><\/p>\n<h4><strong>Horari<\/strong><\/h4>\n<p>Horari intensiu de tarda, de 15,10 a 21.30h, excepte en \u00e8poca de FCT (mat\u00ed i tarda).<\/p>\n<h4><strong>Preinscripci\u00f3 i matriculaci\u00f3<\/strong><\/h4>\n<p>Consulteu els apartats de <strong><a href=\"https:\/\/agora.xtec.cat\/ieslluchirafecas\/secretaria-2\/preinscripcio\/\">preinscripci\u00f3<\/a><\/strong> i <strong><a href=\"https:\/\/agora.xtec.cat\/ieslluchirafecas\/secretaria-2\/matricula\/\">matr\u00edcula<\/a><\/strong> corresponents. All\u00e0 tindreu tota la informaci\u00f3 quan la tinguem disponible.<\/p>\n<p><script src=\"moz-extension:\/\/0f09432f-7e45-49a5-89be-5b0f5b391c39\/window-inject.js\" type=\"text\/javascript\"><\/script><\/p>\n<p><script src=\"moz-extension:\/\/0f09432f-7e45-49a5-89be-5b0f5b391c39\/window-inject.js\" type=\"text\/javascript\"><\/script><\/p>\n<p><script src=\"moz-extension:\/\/0f09432f-7e45-49a5-89be-5b0f5b391c39\/window-inject.js\" type=\"text\/javascript\"><\/script><\/p>\n","protected":false},"excerpt":{"rendered":"<p><a href=\"https:\/\/agora.xtec.cat\/ieslluchirafecas\/wp-content\/uploads\/usu330\/2022\/02\/1.png\"><\/a><br \/>\nGuia alumnat nouvingut<\/p>\n<p><a href=\"https:\/\/agora.xtec.cat\/ieslluchirafecas\/wp-content\/uploads\/usu330\/2024\/09\/Guia-de-lalumne-nouvingut_FM05.pdf\">Desc\u00e0rrega guia alumnat<\/a><br \/>\n\ufeff\ufeff<br \/>\nA qui s&#8217;adre\u00e7a?<\/p>\n<p>Aquest programa s\u2019adre\u00e7a a joves, d\u2019entre 16 i 21 anys, que no tenen el GESO (Graduat en Educaci\u00f3 Secund\u00e0ria Obligat\u00f2ria) i volen formar-se en el sector de la fabricaci\u00f3 mec\u00e0nica.<br \/>\nTitulaci\u00f3<br \/>\nEn acabar el curs obtens:<\/p>\n<ul>\n<li>Certificat acad\u00e8mic i professional&hellip;  <a href=\"https:\/\/agora.xtec.cat\/ieslluchirafecas\/estudis\/altres-estudis\/pfi-pip-auxiliar-de-fabricacio-mecanica\/\" title=\"Read PFI-PIP Auxiliar de fabricaci\u00f3 mec\u00e0nica\">Llegeix m\u00e9s\u00bb<\/a><br \/>\n","protected":false},"author":1,"featured_media":0,"parent":2050,"menu_order":0,"comment_status":"closed","ping_status":"closed","template":"page-templates\/side-menu.php","meta":{"_bbp_topic_count":0,"_bbp_reply_count":0,"_bbp_total_topic_count":0,"_bbp_total_reply_count":0,"_bbp_voice_count":0,"_bbp_anonymous_reply_count":0,"_bbp_topic_count_hidden":0,"_bbp_reply_count_hidden":0,"_bbp_forum_subforum_count":0,"footnotes":""},"class_list":["post-2056","page","type-page","status-publish","hentry"],"post_mailing_queue_ids":[],"_links":{"self":[{"href":"https:\/\/agora.xtec.cat\/ieslluchirafecas\/wp-json\/wp\/v2\/pages\/2056","targetHints":{"allow":["GET"]}}],"collection":[{"href":"https:\/\/agora.xtec.cat\/ieslluchirafecas\/wp-json\/wp\/v2\/pages"}],"about":[{"href":"https:\/\/agora.xtec.cat\/ieslluchirafecas\/wp-json\/wp\/v2\/types\/page"}],"author":[{"embeddable":true,"href":"https:\/\/agora.xtec.cat\/ieslluchirafecas\/wp-json\/wp\/v2\/users\/1"}],"replies":[{"embeddable":true,"href":"https:\/\/agora.xtec.cat\/ieslluchirafecas\/wp-json\/wp\/v2\/comments?post=2056"}],"version-history":[{"count":6,"href":"https:\/\/agora.xtec.cat\/ieslluchirafecas\/wp-json\/wp\/v2\/pages\/2056\/revisions"}],"predecessor-version":[{"id":13073,"href":"https:\/\/agora.xtec.cat\/ieslluchirafecas\/wp-json\/wp\/v2\/pages\/2056\/revisions\/13073"}],"up":[{"embeddable":true,"href":"https:\/\/agora.xtec.cat\/ieslluchirafecas\/wp-json\/wp\/v2\/pages\/2050"}],"wp:attachment":[{"href":"https:\/\/agora.xtec.cat\/ieslluchirafecas\/wp-json\/wp\/v2\/media?parent=2056"}],"curies":[{"name":"wp","href":"https:\/\/api.w.org\/{rel}","templated":true}]}}