{"id":2050,"date":"2022-02-24T17:00:20","date_gmt":"2022-02-24T16:00:20","guid":{"rendered":"https:\/\/agora.xtec.cat\/ieslluchirafecas\/?page_id=2050"},"modified":"2025-05-06T14:27:01","modified_gmt":"2025-05-06T12:27:01","slug":"altres-estudis","status":"publish","type":"page","link":"https:\/\/agora.xtec.cat\/ieslluchirafecas\/estudis\/altres-estudis\/","title":{"rendered":"Programes de Formaci\u00f3 i Inserci\u00f3"},"content":{"rendered":"<p>En aquesta secci\u00f3 trobareu aquells estudis que oferim del nivell PFI. En aquests moments, al Institut FX Lluch i Rafecas s&#8217;imparteixen.<\/p>\n<ul>\n<li><a href=\"https:\/\/agora.xtec.cat\/ieslluchirafecas\/estudis\/altres-estudis\/pfi-pip-auxiliar-de-fabricacio-mecanica\">PFI-PIP Auxiliar de fabricaci\u00f3 mec\u00e0nica<\/a><\/li>\n<li><a href=\"https:\/\/agora.xtec.cat\/ieslluchirafecas\/estudis\/altres-estudis\/pfi-auxiliars-en-centres-sanitaris\/\">PFI-PIP Auxiliars en centres sanitaris<\/a><\/li>\n<\/ul>\n<p>Feu clic als enlla\u00e7os i trobareu m\u00e9s informaci\u00f3!<\/p>\n<p style=\"text-align: center;\"><a href=\"https:\/\/agora.xtec.cat\/ieslluchirafecas\/wp-content\/uploads\/usu330\/2025\/05\/Triptic-per-a-centres-PFI-PIP-2-perfils-25-26-.pdf\">Descarrega el tr\u00edptic<\/a><\/p>\n<p><object style=\"width: 800px; height: 600px;\" data=\"https:\/\/agora.xtec.cat\/ieslluchirafecas\/wp-content\/uploads\/usu330\/2024\/04\/Triptic_PFI-PIP_2-perfils_24_25.pdf\" width=\"300\" height=\"150\"><span style=\"display: inline-block; width: 0px; overflow: hidden; line-height: 0;\" data-mce-type=\"bookmark\" class=\"mce_SELRES_start\">\ufeff<\/span><\/object><\/p>\n<p style=\"text-align: left;\"><strong>Consulteu l&#8217;apartat de <a href=\"https:\/\/agora.xtec.cat\/ieslluchirafecas\/secretaria-2\/preinscripcio\/\">preinscripci\u00f3<\/a> si voleu iniciar els vostres estudis de PFI!<\/strong><\/p>\n<p><script src=\"moz-extension:\/\/f3e5eac6-5e7c-4eb3-9e23-44429eecccaf\/window-inject.js\" type=\"text\/javascript\"><\/script><\/p>\n","protected":false},"excerpt":{"rendered":"<p>En aquesta secci\u00f3 trobareu aquells estudis que oferim del nivell PFI. En aquests moments, al Institut FX Lluch i Rafecas s&#8217;imparteixen.<\/p>\n<ul>\n<li><a href=\"https:\/\/agora.xtec.cat\/ieslluchirafecas\/estudis\/altres-estudis\/pfi-pip-auxiliar-de-fabricacio-mecanica\">PFI-PIP Auxiliar de fabricaci\u00f3 mec\u00e0nica<\/a><\/li>\n<li><a href=\"https:\/\/agora.xtec.cat\/ieslluchirafecas\/estudis\/altres-estudis\/pfi-auxiliars-en-centres-sanitaris\/\">PFI-PIP Auxiliars en centres sanitaris<\/a><\/li>\n<\/ul>\n<p>Feu clic als enlla\u00e7os i trobareu m\u00e9s informaci\u00f3!<br \/>\n<a href=\"https:\/\/agora.xtec.cat\/ieslluchirafecas\/wp-content\/uploads\/usu330\/2025\/05\/Triptic-per-a-centres-PFI-PIP-2-perfils-25-26-.pdf\">Descarrega el tr\u00edptic<\/a><br \/>\n\ufeff<br \/>\nConsulteu l&#8217;apartat de <a href=\"https:\/\/agora.xtec.cat\/ieslluchirafecas\/secretaria-2\/preinscripcio\/\">preinscripci\u00f3<\/a>&hellip;  <a href=\"https:\/\/agora.xtec.cat\/ieslluchirafecas\/estudis\/altres-estudis\/\" title=\"Read Programes de Formaci\u00f3 i Inserci\u00f3\">Llegeix m\u00e9s\u00bb<\/a><\/p>\n","protected":false},"author":1,"featured_media":0,"parent":195,"menu_order":1000,"comment_status":"closed","ping_status":"closed","template":"page-templates\/side-menu.php","meta":{"_bbp_topic_count":0,"_bbp_reply_count":0,"_bbp_total_topic_count":0,"_bbp_total_reply_count":0,"_bbp_voice_count":0,"_bbp_anonymous_reply_count":0,"_bbp_topic_count_hidden":0,"_bbp_reply_count_hidden":0,"_bbp_forum_subforum_count":0,"footnotes":""},"class_list":["post-2050","page","type-page","status-publish","hentry"],"post_mailing_queue_ids":[],"_links":{"self":[{"href":"https:\/\/agora.xtec.cat\/ieslluchirafecas\/wp-json\/wp\/v2\/pages\/2050","targetHints":{"allow":["GET"]}}],"collection":[{"href":"https:\/\/agora.xtec.cat\/ieslluchirafecas\/wp-json\/wp\/v2\/pages"}],"about":[{"href":"https:\/\/agora.xtec.cat\/ieslluchirafecas\/wp-json\/wp\/v2\/types\/page"}],"author":[{"embeddable":true,"href":"https:\/\/agora.xtec.cat\/ieslluchirafecas\/wp-json\/wp\/v2\/users\/1"}],"replies":[{"embeddable":true,"href":"https:\/\/agora.xtec.cat\/ieslluchirafecas\/wp-json\/wp\/v2\/comments?post=2050"}],"version-history":[{"count":6,"href":"https:\/\/agora.xtec.cat\/ieslluchirafecas\/wp-json\/wp\/v2\/pages\/2050\/revisions"}],"predecessor-version":[{"id":13640,"href":"https:\/\/agora.xtec.cat\/ieslluchirafecas\/wp-json\/wp\/v2\/pages\/2050\/revisions\/13640"}],"up":[{"embeddable":true,"href":"https:\/\/agora.xtec.cat\/ieslluchirafecas\/wp-json\/wp\/v2\/pages\/195"}],"wp:attachment":[{"href":"https:\/\/agora.xtec.cat\/ieslluchirafecas\/wp-json\/wp\/v2\/media?parent=2050"}],"curies":[{"name":"wp","href":"https:\/\/api.w.org\/{rel}","templated":true}]}}