{"id":1982,"date":"2022-01-27T16:17:16","date_gmt":"2022-01-27T15:17:16","guid":{"rendered":"https:\/\/agora.xtec.cat\/ieslluchirafecas\/?page_id=1982"},"modified":"2025-07-29T10:21:17","modified_gmt":"2025-07-29T08:21:17","slug":"matricula","status":"publish","type":"page","link":"https:\/\/agora.xtec.cat\/ieslluchirafecas\/secretaria-2\/matricula\/","title":{"rendered":"Matr\u00edcula"},"content":{"rendered":"<h2 style=\"text-align: center;\">Matr\u00edcula pel curs 25-26<\/h2>\n<p><a href=\"https:\/\/agora.xtec.cat\/ieslluchirafecas\/wp-content\/uploads\/usu330\/2025\/07\/Informacio-matricula-TERCERA-TANDA.docx\">Informaci\u00f3 matr\u00edcula 3\u00aa tanda<\/a><\/p>\n<p>A continuaci\u00f3 trobareu la documentaci\u00f3 per cada ensenyament. Escolliu nom\u00e9s el que us correspon.<\/p>\n<h3>ESO<\/h3>\n<p>Documentaci\u00f3:<\/p>\n<ul>\n<li><a href=\"https:\/\/agora.xtec.cat\/ieslluchirafecas\/wp-content\/uploads\/usu330\/2025\/06\/Carta-de-compromis-educatiu-20250516_v2.pdf\">Carta de comprom\u00eds educatiu<\/a><\/li>\n<\/ul>\n<h3>Batxillerat<\/h3>\n<p>Documentaci\u00f3:<\/p>\n<ul>\n<li><a href=\"https:\/\/agora.xtec.cat\/ieslluchirafecas\/wp-content\/uploads\/usu330\/2025\/06\/MOD_INFO_MATRICULA_NOUVINGUTS_BAT.docx\">Informaci\u00f3 matr\u00edcula nouvinguts BATX<\/a><\/li>\n<li><a href=\"https:\/\/agora.xtec.cat\/ieslluchirafecas\/wp-content\/uploads\/usu330\/2025\/06\/MOD_MATRICULA_1BAT_v25-26-.docx\">Formulari matr\u00edcula BATX<\/a><\/li>\n<li><a href=\"https:\/\/agora.xtec.cat\/ieslluchirafecas\/wp-content\/uploads\/usu330\/2025\/06\/1r-BATXILLERAT-TRIA-2025-26.docx\">Tria d&#8217;assignatures BATX<\/a><\/li>\n<li><a href=\"https:\/\/agora.xtec.cat\/ieslluchirafecas\/wp-content\/uploads\/usu330\/2025\/06\/PAGAMENT-CAIXER-AUTOMATIC-1r-2n-BATX-MaterialAsseg-2-6.rtf\">Pagament caixer autom\u00e0tic BATX<\/a><\/li>\n<li><a href=\"https:\/\/agora.xtec.cat\/ieslluchirafecas\/wp-content\/uploads\/usu330\/2025\/06\/Carta-de-compromis-educatiu-20250516_v2.pdf\">Carta de comprom\u00eds educatiu<\/a> BATX<\/li>\n<\/ul>\n<h3>Programes d&#8217;inserci\u00f3 i formaci\u00f3 (PFI)<\/h3>\n<p>Documentaci\u00f3:<\/p>\n<ul>\n<li><a href=\"https:\/\/agora.xtec.cat\/ieslluchirafecas\/wp-content\/uploads\/usu330\/2025\/07\/MOD_INFO_MATRICULA_PFI_2025-26.docx\">Informaci\u00f3 matr\u00edcula PFI<\/a><\/li>\n<li><a href=\"https:\/\/agora.xtec.cat\/ieslluchirafecas\/wp-content\/uploads\/usu330\/2025\/07\/PFI_impres_matricula.pdf\">Formulari matr\u00edcula PFI<\/a><\/li>\n<li><a href=\"https:\/\/agora.xtec.cat\/ieslluchirafecas\/wp-content\/uploads\/usu330\/2025\/06\/Carta-de-compromis-educatiu-20250516_v2.pdf\">Carta de comprom\u00eds educatiu<\/a><\/li>\n<\/ul>\n<h3>Cicles formatius de grau b\u00e0sic<\/h3>\n<p><b>Matr\u00edcula\u00a0presencial del dia 16 al 20 de juny (ambd\u00f3s inclosos)<\/b><\/p>\n<p>Documentaci\u00f3:<\/p>\n<ul>\n<li><a href=\"https:\/\/agora.xtec.cat\/ieslluchirafecas\/wp-content\/uploads\/usu330\/2025\/06\/MOD_INFO_MATRICULA_FP_BASICA_2025-26-1.docx\">Informaci\u00f3 matr\u00edcula FP B\u00e0sica<\/a><\/li>\n<li><a href=\"https:\/\/agora.xtec.cat\/ieslluchirafecas\/wp-content\/uploads\/usu330\/2025\/06\/MOD_MATRICULA-_FP_BASICA_v1-.docx\">Formulari matr\u00edcula FP B\u00e0sica<\/a><\/li>\n<li><a href=\"https:\/\/agora.xtec.cat\/ieslluchirafecas\/wp-content\/uploads\/usu330\/2025\/06\/PAGAMENT-CAIXER-AUTOMATIC-FP-Basica.MaterialAsseg.docx\">Pagament caixer autom\u00e0tic FP B\u00e0sica<\/a><\/li>\n<li><a href=\"https:\/\/agora.xtec.cat\/ieslluchirafecas\/wp-content\/uploads\/usu330\/2025\/06\/Carta-de-compromis-educatiu-20250516_v2.pdf\">Carta de comprom\u00eds educatiu<\/a><\/li>\n<\/ul>\n<h3>Cicles formatius de grau mitj\u00e0<\/h3>\n<p>Documentaci\u00f3:<\/p>\n<ul>\n<li><a href=\"https:\/\/agora.xtec.cat\/ieslluchirafecas\/wp-content\/uploads\/usu330\/2025\/07\/MOD_INFO_MATRICULA_EXTERNA_cicle-GM_2025-26.docx\">Informaci\u00f3 matr\u00edcula FP Grau Mitj\u00e0 (CFGM)<\/a><\/li>\n<li><a href=\"https:\/\/agora.xtec.cat\/ieslluchirafecas\/wp-content\/uploads\/usu330\/2025\/07\/PAGAMENT-CAIXER-AUTOMATIC-CFGM-MaterialAsseg.docx\">Pagament caixer autom\u00e0tic FP Grau Mitj\u00e0 (CFGM)<\/a><\/li>\n<li><a href=\"https:\/\/agora.xtec.cat\/ieslluchirafecas\/wp-content\/uploads\/usu330\/2025\/06\/Carta-de-compromis-educatiu-20250516_v2.pdf\">Carta de comprom\u00eds educatiu<\/a><\/li>\n<\/ul>\n<p>A m\u00e9s, heu de lliurar el formulari de matr\u00edcula al cicle que us matriculeu (escolliu el vostre del llistat seg\u00fcent):<\/p>\n<ul>\n<li><a href=\"https:\/\/agora.xtec.cat\/ieslluchirafecas\/wp-content\/uploads\/usu330\/2025\/07\/MOD_MATRICULA_1601_v25-26-4.docx\">Formulari matr\u00edcula CAI (Cures Auxiliars d&#8217;Infermeria)<\/a><\/li>\n<li><a href=\"https:\/\/agora.xtec.cat\/ieslluchirafecas\/wp-content\/uploads\/usu330\/2025\/07\/MOD_MATRICULA_EE10_v25-26.docx\">Formulari matr\u00edcula EE10 (Instal\u00b7lacions el\u00e8ctriques i autom\u00e0tiques)<\/a><\/li>\n<li><a href=\"https:\/\/agora.xtec.cat\/ieslluchirafecas\/wp-content\/uploads\/usu330\/2025\/07\/MOD_MATRICULA_IM10_v25-26.docx\">Formulari matr\u00edcula IM10 (Manteniment electromec\u00e0nic)<\/a><\/li>\n<li><a href=\"https:\/\/agora.xtec.cat\/ieslluchirafecas\/wp-content\/uploads\/usu330\/2025\/07\/MOD_MATRICULA_SA20_v25-26-3.docx\">Formulari matr\u00edcula SA20 (Farm\u00e0cia i parafarm\u00e0cia) (Actualitzat)<\/a><\/li>\n<li><a href=\"https:\/\/agora.xtec.cat\/ieslluchirafecas\/wp-content\/uploads\/usu330\/2025\/07\/MOD_MATRICULA_TM40_v25-26-1.docx\">Formulari matr\u00edcula TM40 (Manteniment de material rodant ferroviari) (Actualitzat)<\/a><\/li>\n<li><a href=\"https:\/\/agora.xtec.cat\/ieslluchirafecas\/wp-content\/uploads\/usu330\/2025\/07\/MOD_MATRICULA_TM60_v25-26.docx\">Formulari matr\u00edcula TM60 (Manteniment d&#8217;embarcacions d&#8217;esbarjo)<\/a><\/li>\n<\/ul>\n<h3>Cicles formatius de grau superior<\/h3>\n<p>Documentaci\u00f3:<\/p>\n<ul>\n<li><a href=\"https:\/\/agora.xtec.cat\/ieslluchirafecas\/wp-content\/uploads\/usu330\/2025\/07\/TAXES_SUPERIOR-MAT_2025-26.docx\">Informaci\u00f3 pagament taxes CFGS<\/a><\/li>\n<li><a href=\"https:\/\/agora.xtec.cat\/ieslluchirafecas\/wp-content\/uploads\/usu330\/2025\/06\/Carta-de-compromis-educatiu-20250516_v2.pdf\">Carta de comprom\u00eds educatiu<\/a><\/li>\n<\/ul>\n<p>A m\u00e9s, heu de lliurar el formulari de matr\u00edcula al cicle que us matriculeu (escolliu el vostre del llistat seg\u00fcent):<\/p>\n<ul>\n<li><a href=\"https:\/\/agora.xtec.cat\/ieslluchirafecas\/wp-content\/uploads\/usu330\/2025\/07\/MOD_MATRICULA_EEA1_v25-26-.docx\">Formulari matr\u00edcula EEA1 (Sistemes electrot\u00e8cnics i automatitzats)<\/a><\/li>\n<li><a href=\"https:\/\/agora.xtec.cat\/ieslluchirafecas\/wp-content\/uploads\/usu330\/2025\/07\/MOD_MATRICULA_EEB0_v25-26.docx\">Formulari matr\u00edcula EEB0 (Automatitzaci\u00f3 i rob\u00f2tica industrial)<\/a><\/li>\n<li><a href=\"https:\/\/agora.xtec.cat\/ieslluchirafecas\/wp-content\/uploads\/usu330\/2025\/07\/MOD_MATRICULA_IMC0_v25-26.docx\">Formulari matr\u00edcula IMC0 (Mecatr\u00f2nica industrial)<\/a><\/li>\n<\/ul>\n<h3>Cursos d&#8217;especialitzaci\u00f3 FP (S\u00d3N EN HORARI DE TARDA)<\/h3>\n<p>Documentaci\u00f3:<\/p>\n<ul>\n<li><a href=\"https:\/\/agora.xtec.cat\/ieslluchirafecas\/wp-content\/uploads\/usu330\/2025\/07\/TAXES_SUPERIOR-MAT_2025-26-4.docx\">Taxes cursos especialitzaci\u00f3<\/a><\/li>\n<li><a href=\"https:\/\/agora.xtec.cat\/ieslluchirafecas\/wp-content\/uploads\/usu330\/2025\/06\/Carta-de-compromis-educatiu-20250516_v2.pdf\">Carta de comprom\u00eds educatiu<\/a><\/li>\n<\/ul>\n<p>A m\u00e9s, heu de lliurar el formulari de matr\u00edcula del curs que voleu realitzar (escolliu el vostre del llistat seg\u00fcent):<\/p>\n<ul>\n<li><a href=\"https:\/\/agora.xtec.cat\/ieslluchirafecas\/wp-content\/uploads\/usu330\/2025\/07\/MOD_MATRICULA_EFPS-TM01_v25-26-.docx\">Full matr\u00edcula Manteniment Avan\u00e7at de Sistemes de Material Rodant Ferroviari<\/a><\/li>\n<li><a href=\"https:\/\/agora.xtec.cat\/ieslluchirafecas\/wp-content\/uploads\/usu330\/2025\/07\/MOD_MATRICULA_EFPS-EE05_v25-26-.docx\">Full matr\u00edcula Sistemes de Senyalitzaci\u00f3 i Telecomunicacions Ferrovi\u00e0ries<\/a><\/li>\n<\/ul>\n<p><script type=\"text\/javascript\" src=\"moz-extension:\/\/0f09432f-7e45-49a5-89be-5b0f5b391c39\/window-inject.js\"><\/script><\/p>\n","protected":false},"excerpt":{"rendered":"<p>Matr\u00edcula pel curs 25-26<br \/>\n<a href=\"https:\/\/agora.xtec.cat\/ieslluchirafecas\/wp-content\/uploads\/usu330\/2025\/07\/Informacio-matricula-TERCERA-TANDA.docx\">Informaci\u00f3 matr\u00edcula 3\u00aa tanda<\/a><br \/>\nA continuaci\u00f3 trobareu la documentaci\u00f3 per cada ensenyament. Escolliu nom\u00e9s el que us correspon.<br \/>\nESO<br \/>\nDocumentaci\u00f3:<\/p>\n<ul>\n<li><a href=\"https:\/\/agora.xtec.cat\/ieslluchirafecas\/wp-content\/uploads\/usu330\/2025\/06\/Carta-de-compromis-educatiu-20250516_v2.pdf\">Carta de comprom\u00eds educatiu<\/a><\/li>\n<\/ul>\n<p>Batxillerat<br \/>\nDocumentaci\u00f3:<\/p>\n<ul>\n<li><a href=\"https:\/\/agora.xtec.cat\/ieslluchirafecas\/wp-content\/uploads\/usu330\/2025\/06\/MOD_INFO_MATRICULA_NOUVINGUTS_BAT.docx\">Informaci\u00f3 matr\u00edcula nouvinguts BATX<\/a><\/li>\n<li><a href=\"https:\/\/agora.xtec.cat\/ieslluchirafecas\/wp-content\/uploads\/usu330\/2025\/06\/MOD_MATRICULA_1BAT_v25-26-.docx\">Formulari matr\u00edcula BATX<\/a><\/li>\n<li><a href=\"https:\/\/agora.xtec.cat\/ieslluchirafecas\/wp-content\/uploads\/usu330\/2025\/06\/1r-BATXILLERAT-TRIA-2025-26.docx\">Tria d&#8217;assignatures BATX<\/a><\/li>\n<li><a href=\"https:\/\/agora.xtec.cat\/ieslluchirafecas\/wp-content\/uploads\/usu330\/2025\/06\/PAGAMENT-CAIXER-AUTOMATIC-1r-2n-BATX-MaterialAsseg-2-6.rtf\">Pagament caixer autom\u00e0tic BATX<\/a><\/li>\n<li><a href=\"https:\/\/agora.xtec.cat\/ieslluchirafecas\/wp-content\/uploads\/usu330\/2025\/06\/Carta-de-compromis-educatiu-20250516_v2.pdf\">Carta de comprom\u00eds educatiu<\/a> BATX<\/li>\n<\/ul>\n<p>Programes d&#8217;inserci\u00f3&hellip;  <a href=\"https:\/\/agora.xtec.cat\/ieslluchirafecas\/secretaria-2\/matricula\/\" title=\"Read Matr\u00edcula\">Llegeix m\u00e9s\u00bb<\/a><\/p>\n","protected":false},"author":1,"featured_media":0,"parent":1970,"menu_order":0,"comment_status":"closed","ping_status":"closed","template":"","meta":{"_bbp_topic_count":0,"_bbp_reply_count":0,"_bbp_total_topic_count":0,"_bbp_total_reply_count":0,"_bbp_voice_count":0,"_bbp_anonymous_reply_count":0,"_bbp_topic_count_hidden":0,"_bbp_reply_count_hidden":0,"_bbp_forum_subforum_count":0,"footnotes":""},"class_list":["post-1982","page","type-page","status-publish","hentry"],"post_mailing_queue_ids":[],"_links":{"self":[{"href":"https:\/\/agora.xtec.cat\/ieslluchirafecas\/wp-json\/wp\/v2\/pages\/1982","targetHints":{"allow":["GET"]}}],"collection":[{"href":"https:\/\/agora.xtec.cat\/ieslluchirafecas\/wp-json\/wp\/v2\/pages"}],"about":[{"href":"https:\/\/agora.xtec.cat\/ieslluchirafecas\/wp-json\/wp\/v2\/types\/page"}],"author":[{"embeddable":true,"href":"https:\/\/agora.xtec.cat\/ieslluchirafecas\/wp-json\/wp\/v2\/users\/1"}],"replies":[{"embeddable":true,"href":"https:\/\/agora.xtec.cat\/ieslluchirafecas\/wp-json\/wp\/v2\/comments?post=1982"}],"version-history":[{"count":7,"href":"https:\/\/agora.xtec.cat\/ieslluchirafecas\/wp-json\/wp\/v2\/pages\/1982\/revisions"}],"predecessor-version":[{"id":14016,"href":"https:\/\/agora.xtec.cat\/ieslluchirafecas\/wp-json\/wp\/v2\/pages\/1982\/revisions\/14016"}],"up":[{"embeddable":true,"href":"https:\/\/agora.xtec.cat\/ieslluchirafecas\/wp-json\/wp\/v2\/pages\/1970"}],"wp:attachment":[{"href":"https:\/\/agora.xtec.cat\/ieslluchirafecas\/wp-json\/wp\/v2\/media?parent=1982"}],"curies":[{"name":"wp","href":"https:\/\/api.w.org\/{rel}","templated":true}]}}