{"id":1906,"date":"2021-12-09T15:54:16","date_gmt":"2021-12-09T14:54:16","guid":{"rendered":"https:\/\/agora.xtec.cat\/ieslluchirafecas\/?page_id=1906"},"modified":"2021-12-09T15:54:16","modified_gmt":"2021-12-09T14:54:16","slug":"xarxa-de-competencies-basiques-xcb","status":"publish","type":"page","link":"https:\/\/agora.xtec.cat\/ieslluchirafecas\/projectes\/xarxa-de-competencies-basiques-xcb\/","title":{"rendered":"Xarxa de compet\u00e8ncies b\u00e0siques (XCB)"},"content":{"rendered":"<p>A l\u2019any 2017\/18 el centre comen\u00e7\u00e0 a formar part de la XCB en la que el professorat rep formaci\u00f3 i elabora projectes en l\u2019aprenentatge per compet\u00e8ncies.<\/p>\n<p>La <strong>Xarxa de Compet\u00e8ncies B\u00e0siques<\/strong> est\u00e0 formada per un grup de docents que reflexionen i actuen en equip per transformar l\u2019escola en un espai que afavoreixi l\u2019aprenentatge. Aquests equips de mestres i professors, est\u00e1n compromesos de manera volunt\u00e0ria, a desenvolupar el treball per compet\u00e8ncies als seus centres, elaborant instruments de suport per orientar els processos de reflexi\u00f3 i la gesti\u00f3 del curr\u00edculum per compet\u00e8ncies b\u00e0siques i compartint processos d\u2019autoavaluaci\u00f3.<\/p>\n<p>Per a m\u00e9s informaci\u00f3, visiteu la web de la <strong><a href=\"https:\/\/blocs.xtec.cat\/xarxacb\/\">Xarxa de Compet\u00e8ncies B\u00e0siques<\/a><\/strong>.<\/p>\n<p>O la p\u00e0gina del <a href=\"https:\/\/serveiseducatius.xtec.cat\/garraf\/xarxa-competencies-basiques\/\"><strong>Centre de Recursos Pedag\u00f2gics del Garraf<\/strong><\/a>.<\/p>\n<p style=\"text-align: center;\"><a href=\"https:\/\/agora.xtec.cat\/ieslluchirafecas\/wp-content\/uploads\/usu330\/2021\/12\/Logo-xarxa_color1.png\"><img loading=\"lazy\" decoding=\"async\" class=\"alignnone size-medium wp-image-1907\" src=\"https:\/\/agora.xtec.cat\/ieslluchirafecas\/wp-content\/uploads\/usu330\/2021\/12\/Logo-xarxa_color1-300x101.png\" alt=\"\" width=\"300\" height=\"101\" srcset=\"https:\/\/agora.xtec.cat\/ieslluchirafecas\/wp-content\/uploads\/usu330\/2021\/12\/Logo-xarxa_color1-300x101.png 300w, https:\/\/agora.xtec.cat\/ieslluchirafecas\/wp-content\/uploads\/usu330\/2021\/12\/Logo-xarxa_color1.png 373w\" sizes=\"auto, (max-width: 300px) 100vw, 300px\" \/><\/a><\/p>\n","protected":false},"excerpt":{"rendered":"<p>A l\u2019any 2017\/18 el centre comen\u00e7\u00e0 a formar part de la XCB en la que el professorat rep formaci\u00f3 i elabora projectes en l\u2019aprenentatge per compet\u00e8ncies.<br \/>\nLa Xarxa de Compet\u00e8ncies B\u00e0siques est\u00e0 formada per un grup de docents que reflexionen i actuen en equip per transformar&hellip;  <a href=\"https:\/\/agora.xtec.cat\/ieslluchirafecas\/projectes\/xarxa-de-competencies-basiques-xcb\/\" title=\"Read Xarxa de compet\u00e8ncies b\u00e0siques (XCB)\">Llegeix m\u00e9s\u00bb<\/a><\/p>\n","protected":false},"author":1,"featured_media":0,"parent":1785,"menu_order":0,"comment_status":"closed","ping_status":"closed","template":"","meta":{"_bbp_topic_count":0,"_bbp_reply_count":0,"_bbp_total_topic_count":0,"_bbp_total_reply_count":0,"_bbp_voice_count":0,"_bbp_anonymous_reply_count":0,"_bbp_topic_count_hidden":0,"_bbp_reply_count_hidden":0,"_bbp_forum_subforum_count":0,"footnotes":""},"class_list":["post-1906","page","type-page","status-publish","hentry"],"post_mailing_queue_ids":[],"_links":{"self":[{"href":"https:\/\/agora.xtec.cat\/ieslluchirafecas\/wp-json\/wp\/v2\/pages\/1906","targetHints":{"allow":["GET"]}}],"collection":[{"href":"https:\/\/agora.xtec.cat\/ieslluchirafecas\/wp-json\/wp\/v2\/pages"}],"about":[{"href":"https:\/\/agora.xtec.cat\/ieslluchirafecas\/wp-json\/wp\/v2\/types\/page"}],"author":[{"embeddable":true,"href":"https:\/\/agora.xtec.cat\/ieslluchirafecas\/wp-json\/wp\/v2\/users\/1"}],"replies":[{"embeddable":true,"href":"https:\/\/agora.xtec.cat\/ieslluchirafecas\/wp-json\/wp\/v2\/comments?post=1906"}],"version-history":[{"count":1,"href":"https:\/\/agora.xtec.cat\/ieslluchirafecas\/wp-json\/wp\/v2\/pages\/1906\/revisions"}],"predecessor-version":[{"id":1908,"href":"https:\/\/agora.xtec.cat\/ieslluchirafecas\/wp-json\/wp\/v2\/pages\/1906\/revisions\/1908"}],"up":[{"embeddable":true,"href":"https:\/\/agora.xtec.cat\/ieslluchirafecas\/wp-json\/wp\/v2\/pages\/1785"}],"wp:attachment":[{"href":"https:\/\/agora.xtec.cat\/ieslluchirafecas\/wp-json\/wp\/v2\/media?parent=1906"}],"curies":[{"name":"wp","href":"https:\/\/api.w.org\/{rel}","templated":true}]}}