{"id":1899,"date":"2021-12-09T15:49:00","date_gmt":"2021-12-09T14:49:00","guid":{"rendered":"https:\/\/agora.xtec.cat\/ieslluchirafecas\/?page_id=1899"},"modified":"2021-12-09T16:11:20","modified_gmt":"2021-12-09T15:11:20","slug":"pla-catala-de-lesport","status":"publish","type":"page","link":"https:\/\/agora.xtec.cat\/ieslluchirafecas\/projectes\/pla-catala-de-lesport\/","title":{"rendered":"Pla catal\u00e0 de l&#8217;esport"},"content":{"rendered":"<p>El Pla Catal\u00e0 d\u2019Esport a l\u2019Escola \u00e9s el programa de la Generalitat de Catalunya que t\u00e9 com a objectiu principal posar a l\u2019abast de tots els alumnes dels centres educatius de Catalunya la pr\u00e0ctica d\u2019activitats f\u00edsiques i esportives fora de l\u2019horari lectiu, per tal de lluitar contra el redu\u00eft \u00edndex de participaci\u00f3 de l\u2019alumnat en l\u2019esport escolar i l\u2019increment dels h\u00e0bits sedentaris i de l\u2019obesitat -amb una incid\u00e8ncia preocupant en la poblaci\u00f3 infantil i juvenil- i de fomentar la demanda social creixent en mat\u00e8ria de salut i benestar.<\/p>\n<p>Els destinataris del PCEE s\u00f3n tots els infants, adolescents i joves escolaritzats a Catalunya, amb una especial incid\u00e8ncia als col\u00b7lectius espec\u00edfics que presenten menor \u00edndex de participaci\u00f3 en activitats f\u00edsiques i esportives, com per exemple les noies, els nouvinguts, les persones amb discapacitat, els adolescents, i els infants i joves amb risc d\u2019exclusi\u00f3 social.<a href=\"https:\/\/agora.xtec.cat\/ieslluchirafecas\/wp-content\/uploads\/usu330\/2021\/12\/heart-rate.png\"><img loading=\"lazy\" decoding=\"async\" class=\" wp-image-1902 alignright\" src=\"https:\/\/agora.xtec.cat\/ieslluchirafecas\/wp-content\/uploads\/usu330\/2021\/12\/heart-rate-300x300.png\" alt=\"\" width=\"186\" height=\"186\" srcset=\"https:\/\/agora.xtec.cat\/ieslluchirafecas\/wp-content\/uploads\/usu330\/2021\/12\/heart-rate-300x300.png 300w, https:\/\/agora.xtec.cat\/ieslluchirafecas\/wp-content\/uploads\/usu330\/2021\/12\/heart-rate-150x150.png 150w, https:\/\/agora.xtec.cat\/ieslluchirafecas\/wp-content\/uploads\/usu330\/2021\/12\/heart-rate.png 512w\" sizes=\"auto, (max-width: 186px) 100vw, 186px\" \/><\/a><\/p>\n<p>El programa, liderat i coordinat pel Consell Catal\u00e0 de l\u2019Esport i el Departament d\u2019Ensenyament, amb la col\u00b7laboraci\u00f3 de la UCEC i dels consells esportius, com a agents de proximitat al territori, preveu dos grans \u00e0mbits:<\/p>\n<ul>\n<li>L\u2019intern, organitzat pels centres educatius, les Associacions Esportives Escolars (AEE) o les Seccions Esportives Escolars de les AMPA (SEE), o pels consells esportius.<\/li>\n<li>L\u2019extern, organitzat pels consells esportius, els ajuntaments, d\u2019altres entitats promotores de l\u2019esport escolar, o pel mateix Consell Catal\u00e0 de l\u2019Esport.<\/li>\n<\/ul>\n<p>El programa promou la participaci\u00f3 activa dels infants, adolescents i joves en la gesti\u00f3 de les associacions esportives escolars i en la dinamitzaci\u00f3 de les activitats. A trav\u00e9s de l\u2019activitat f\u00edsica i esportiva, proporciona recursos que afavoreixen els processos d\u2019aprenentatge al llarg de tota la vida.<\/p>\n<p>Per a m\u00e9s informaci\u00f3, visiteu el web del <strong><a href=\"https:\/\/cegarraf.cat\/index.php\/pla-catala-desport-a-lescola\">Consell Esportiu del Garraf<\/a><\/strong>.<\/p>\n","protected":false},"excerpt":{"rendered":"<p>El Pla Catal\u00e0 d\u2019Esport a l\u2019Escola \u00e9s el programa de la Generalitat de Catalunya que t\u00e9 com a objectiu principal posar a l\u2019abast de tots els alumnes dels centres educatius de Catalunya la pr\u00e0ctica d\u2019activitats f\u00edsiques i esportives fora de l\u2019horari lectiu, per tal de&hellip;  <a href=\"https:\/\/agora.xtec.cat\/ieslluchirafecas\/projectes\/pla-catala-de-lesport\/\" title=\"Read Pla catal\u00e0 de l&#8217;esport\">Llegeix m\u00e9s\u00bb<\/a><\/p>\n","protected":false},"author":1,"featured_media":0,"parent":1785,"menu_order":0,"comment_status":"closed","ping_status":"closed","template":"","meta":{"_bbp_topic_count":0,"_bbp_reply_count":0,"_bbp_total_topic_count":0,"_bbp_total_reply_count":0,"_bbp_voice_count":0,"_bbp_anonymous_reply_count":0,"_bbp_topic_count_hidden":0,"_bbp_reply_count_hidden":0,"_bbp_forum_subforum_count":0,"footnotes":""},"class_list":["post-1899","page","type-page","status-publish","hentry"],"post_mailing_queue_ids":[],"_links":{"self":[{"href":"https:\/\/agora.xtec.cat\/ieslluchirafecas\/wp-json\/wp\/v2\/pages\/1899","targetHints":{"allow":["GET"]}}],"collection":[{"href":"https:\/\/agora.xtec.cat\/ieslluchirafecas\/wp-json\/wp\/v2\/pages"}],"about":[{"href":"https:\/\/agora.xtec.cat\/ieslluchirafecas\/wp-json\/wp\/v2\/types\/page"}],"author":[{"embeddable":true,"href":"https:\/\/agora.xtec.cat\/ieslluchirafecas\/wp-json\/wp\/v2\/users\/1"}],"replies":[{"embeddable":true,"href":"https:\/\/agora.xtec.cat\/ieslluchirafecas\/wp-json\/wp\/v2\/comments?post=1899"}],"version-history":[{"count":2,"href":"https:\/\/agora.xtec.cat\/ieslluchirafecas\/wp-json\/wp\/v2\/pages\/1899\/revisions"}],"predecessor-version":[{"id":1923,"href":"https:\/\/agora.xtec.cat\/ieslluchirafecas\/wp-json\/wp\/v2\/pages\/1899\/revisions\/1923"}],"up":[{"embeddable":true,"href":"https:\/\/agora.xtec.cat\/ieslluchirafecas\/wp-json\/wp\/v2\/pages\/1785"}],"wp:attachment":[{"href":"https:\/\/agora.xtec.cat\/ieslluchirafecas\/wp-json\/wp\/v2\/media?parent=1899"}],"curies":[{"name":"wp","href":"https:\/\/api.w.org\/{rel}","templated":true}]}}