{"id":1882,"date":"2021-12-02T16:52:40","date_gmt":"2021-12-02T15:52:40","guid":{"rendered":"https:\/\/agora.xtec.cat\/ieslluchirafecas\/?page_id=1882"},"modified":"2021-12-02T16:53:14","modified_gmt":"2021-12-02T15:53:14","slug":"futurafp","status":"publish","type":"page","link":"https:\/\/agora.xtec.cat\/ieslluchirafecas\/projectes-fp\/futurafp\/","title":{"rendered":"FuturaFP"},"content":{"rendered":"<div class=\"elementor-column elementor-col-66 elementor-top-column elementor-element elementor-element-b3c6ab5\" data-id=\"b3c6ab5\" data-element_type=\"column\">\n<div class=\"elementor-column-wrap elementor-element-populated\">\n<div class=\"elementor-widget-wrap\">\n<div class=\"elementor-element elementor-element-b46f1d6 elementor-widget elementor-widget-text-editor\" data-id=\"b46f1d6\" data-element_type=\"widget\" data-widget_type=\"text-editor.default\">\n<div class=\"elementor-widget-container\">\n<div class=\"elementor-text-editor elementor-clearfix\">\n<p>El <strong>Programa d\u2019innovaci\u00f3 FuturaFP<\/strong> s\u2019emmarca dins l\u2019\u00e0mbit de les pol\u00edtiques educatives del Pla de Govern de la XII Legislatura, aprovat per Acord de govern de 19 de juny de 2018, afavorint la consolidaci\u00f3 del treball en xarxa entre centres educatius com a sistema de transformaci\u00f3 dels centres i per a la millora de la governan\u00e7a de l\u2019administraci\u00f3 educativa.<\/p>\n<p><strong>FuturaFP<\/strong> impulsa la recerca i desenvolupament a trav\u00e9s de la identificaci\u00f3, implementaci\u00f3, millora cont\u00ednua i difusi\u00f3 de la innovaci\u00f3 educativa, per assolir les expectatives d\u2019una FP de qualitat en el present i el futur.<\/p>\n<p style=\"text-align: center;\"><strong><a href=\"https:\/\/projectes.xtec.cat\/impulsfp\/futurafp\/\">Portal del projecte<\/a><\/strong><\/p>\n<p style=\"text-align: center;\"><a href=\"https:\/\/agora.xtec.cat\/ieslluchirafecas\/wp-content\/uploads\/usu330\/2021\/12\/futuraFP-complet-color-300x142-1.png\"><img loading=\"lazy\" decoding=\"async\" class=\"alignnone size-full wp-image-1883\" src=\"https:\/\/agora.xtec.cat\/ieslluchirafecas\/wp-content\/uploads\/usu330\/2021\/12\/futuraFP-complet-color-300x142-1.png\" alt=\"\" width=\"300\" height=\"142\" \/><\/a><\/p>\n<\/div>\n<\/div>\n<\/div>\n<\/div>\n<\/div>\n<\/div>\n","protected":false},"excerpt":{"rendered":"<p>El Programa d\u2019innovaci\u00f3 FuturaFP s\u2019emmarca dins l\u2019\u00e0mbit de les pol\u00edtiques educatives del Pla de Govern de la XII Legislatura, aprovat per Acord de govern de 19 de juny de 2018, afavorint la consolidaci\u00f3 del treball en xarxa entre centres educatius com a sistema de transformaci\u00f3&hellip;  <a href=\"https:\/\/agora.xtec.cat\/ieslluchirafecas\/projectes-fp\/futurafp\/\" title=\"Read FuturaFP\">Llegeix m\u00e9s\u00bb<\/a><\/p>\n","protected":false},"author":1,"featured_media":0,"parent":1836,"menu_order":0,"comment_status":"closed","ping_status":"closed","template":"","meta":{"_bbp_topic_count":0,"_bbp_reply_count":0,"_bbp_total_topic_count":0,"_bbp_total_reply_count":0,"_bbp_voice_count":0,"_bbp_anonymous_reply_count":0,"_bbp_topic_count_hidden":0,"_bbp_reply_count_hidden":0,"_bbp_forum_subforum_count":0,"footnotes":""},"class_list":["post-1882","page","type-page","status-publish","hentry"],"post_mailing_queue_ids":[],"_links":{"self":[{"href":"https:\/\/agora.xtec.cat\/ieslluchirafecas\/wp-json\/wp\/v2\/pages\/1882","targetHints":{"allow":["GET"]}}],"collection":[{"href":"https:\/\/agora.xtec.cat\/ieslluchirafecas\/wp-json\/wp\/v2\/pages"}],"about":[{"href":"https:\/\/agora.xtec.cat\/ieslluchirafecas\/wp-json\/wp\/v2\/types\/page"}],"author":[{"embeddable":true,"href":"https:\/\/agora.xtec.cat\/ieslluchirafecas\/wp-json\/wp\/v2\/users\/1"}],"replies":[{"embeddable":true,"href":"https:\/\/agora.xtec.cat\/ieslluchirafecas\/wp-json\/wp\/v2\/comments?post=1882"}],"version-history":[{"count":1,"href":"https:\/\/agora.xtec.cat\/ieslluchirafecas\/wp-json\/wp\/v2\/pages\/1882\/revisions"}],"predecessor-version":[{"id":1885,"href":"https:\/\/agora.xtec.cat\/ieslluchirafecas\/wp-json\/wp\/v2\/pages\/1882\/revisions\/1885"}],"up":[{"embeddable":true,"href":"https:\/\/agora.xtec.cat\/ieslluchirafecas\/wp-json\/wp\/v2\/pages\/1836"}],"wp:attachment":[{"href":"https:\/\/agora.xtec.cat\/ieslluchirafecas\/wp-json\/wp\/v2\/media?parent=1882"}],"curies":[{"name":"wp","href":"https:\/\/api.w.org\/{rel}","templated":true}]}}