{"id":1871,"date":"2021-12-02T16:47:04","date_gmt":"2021-12-02T15:47:04","guid":{"rendered":"https:\/\/agora.xtec.cat\/ieslluchirafecas\/?page_id=1871"},"modified":"2022-09-22T17:08:08","modified_gmt":"2022-09-22T15:08:08","slug":"emprenfp","status":"publish","type":"page","link":"https:\/\/agora.xtec.cat\/ieslluchirafecas\/escola-empresa\/emprenfp\/","title":{"rendered":"Empr\u00e8nFP"},"content":{"rendered":"<p>Un programa de la Direcci\u00f3 General de Formaci\u00f3 Professional i Ensenyaments de R\u00e8gim Especial, que des de 2012 ve donant suport i impulsant l\u2019emprenedoria i els seus valors en els centres educatius d\u2019FP<a href=\"https:\/\/agora.xtec.cat\/ieslluchirafecas\/wp-content\/uploads\/usu330\/2021\/12\/Empre\u0300nFP-e1587252670174-300x86-1.png\"><img loading=\"lazy\" decoding=\"async\" class=\"size-full wp-image-1872 alignright\" src=\"https:\/\/agora.xtec.cat\/ieslluchirafecas\/wp-content\/uploads\/usu330\/2021\/12\/Empre\u0300nFP-e1587252670174-300x86-1.png\" alt=\"\" width=\"300\" height=\"86\" \/><\/a> d\u2019arreu de Catalunya, per la creaci\u00f3 de projectes emprenedors.<\/p>\n<p><strong><a href=\"https:\/\/projectes.xtec.cat\/impulsfp\/categoria\/impulsfp\/emprenfp\/\">Portal del projecte.<\/a><\/strong><\/p>\n","protected":false},"excerpt":{"rendered":"<p>Un programa de la Direcci\u00f3 General de Formaci\u00f3 Professional i Ensenyaments de R\u00e8gim Especial, que des de 2012 ve donant suport i impulsant l\u2019emprenedoria i els seus valors en els centres educatius d\u2019FP<a href=\"https:\/\/agora.xtec.cat\/ieslluchirafecas\/wp-content\/uploads\/usu330\/2021\/12\/Empre\u0300nFP-e1587252670174-300x86-1.png\"><\/a> d\u2019arreu de Catalunya, per la creaci\u00f3 de projectes emprenedors.<br \/>\n<a href=\"https:\/\/projectes.xtec.cat\/impulsfp\/categoria\/impulsfp\/emprenfp\/\">Portal del&hellip;  <a href=\"https:\/\/agora.xtec.cat\/ieslluchirafecas\/escola-empresa\/emprenfp\/\" title=\"Read Empr\u00e8nFP\">Llegeix m\u00e9s\u00bb<\/a><\/p>\n","protected":false},"author":1,"featured_media":0,"parent":2680,"menu_order":0,"comment_status":"closed","ping_status":"closed","template":"","meta":{"_bbp_topic_count":0,"_bbp_reply_count":0,"_bbp_total_topic_count":0,"_bbp_total_reply_count":0,"_bbp_voice_count":0,"_bbp_anonymous_reply_count":0,"_bbp_topic_count_hidden":0,"_bbp_reply_count_hidden":0,"_bbp_forum_subforum_count":0,"footnotes":""},"class_list":["post-1871","page","type-page","status-publish","hentry"],"post_mailing_queue_ids":[],"_links":{"self":[{"href":"https:\/\/agora.xtec.cat\/ieslluchirafecas\/wp-json\/wp\/v2\/pages\/1871","targetHints":{"allow":["GET"]}}],"collection":[{"href":"https:\/\/agora.xtec.cat\/ieslluchirafecas\/wp-json\/wp\/v2\/pages"}],"about":[{"href":"https:\/\/agora.xtec.cat\/ieslluchirafecas\/wp-json\/wp\/v2\/types\/page"}],"author":[{"embeddable":true,"href":"https:\/\/agora.xtec.cat\/ieslluchirafecas\/wp-json\/wp\/v2\/users\/1"}],"replies":[{"embeddable":true,"href":"https:\/\/agora.xtec.cat\/ieslluchirafecas\/wp-json\/wp\/v2\/comments?post=1871"}],"version-history":[{"count":2,"href":"https:\/\/agora.xtec.cat\/ieslluchirafecas\/wp-json\/wp\/v2\/pages\/1871\/revisions"}],"predecessor-version":[{"id":1880,"href":"https:\/\/agora.xtec.cat\/ieslluchirafecas\/wp-json\/wp\/v2\/pages\/1871\/revisions\/1880"}],"up":[{"embeddable":true,"href":"https:\/\/agora.xtec.cat\/ieslluchirafecas\/wp-json\/wp\/v2\/pages\/2680"}],"wp:attachment":[{"href":"https:\/\/agora.xtec.cat\/ieslluchirafecas\/wp-json\/wp\/v2\/media?parent=1871"}],"curies":[{"name":"wp","href":"https:\/\/api.w.org\/{rel}","templated":true}]}}