{"id":1866,"date":"2021-12-02T16:43:54","date_gmt":"2021-12-02T15:43:54","guid":{"rendered":"https:\/\/agora.xtec.cat\/ieslluchirafecas\/?page_id=1866"},"modified":"2021-12-02T16:50:48","modified_gmt":"2021-12-02T15:50:48","slug":"innova-fp","status":"publish","type":"page","link":"https:\/\/agora.xtec.cat\/ieslluchirafecas\/projectes-fp\/innova-fp\/","title":{"rendered":"InnovaFP"},"content":{"rendered":"<div class=\"elementor-column elementor-col-66 elementor-top-column elementor-element elementor-element-b3c6ab5\" data-id=\"b3c6ab5\" data-element_type=\"column\">\n<div class=\"elementor-column-wrap elementor-element-populated\">\n<div class=\"elementor-widget-wrap\">\n<div class=\"elementor-element elementor-element-b46f1d6 elementor-widget elementor-widget-text-editor\" data-id=\"b46f1d6\" data-element_type=\"widget\" data-widget_type=\"text-editor.default\">\n<div class=\"elementor-widget-container\">\n<div class=\"elementor-text-editor elementor-clearfix\">\n<p><strong>InnovaFP<\/strong> \u00e9s el programa de la Direcci\u00f3 General de Formaci\u00f3 Professional i Ensenyaments de R\u00e8gim Especial del Departament d\u2019Ensenyament de la Generalitat de Catalunya que promou la col\u00b7laboraci\u00f3 d\u2019empreses i centres de formaci\u00f3 professional per treballar en projectes d\u2019innovaci\u00f3 i transfer\u00e8ncia de coneixement.<\/p>\n<p>El programa <strong>InnovaFP<\/strong> cerca l\u2019actualitzaci\u00f3 de coneixements a la formaci\u00f3 professional i la cooperaci\u00f3 amb les empreses i altres organitzacions de l\u2019entorn, mitjan\u00e7ant la col\u00b7laboraci\u00f3 en el desenvolupament de projectes d\u2019innovaci\u00f3 i transfer\u00e8ncia de coneixement.<\/p>\n<p>Podeu trobar m\u00e9s informaci\u00f3 al <strong><a href=\"https:\/\/projectes.xtec.cat\/impulsfp\/innovafp\/\">portal del projecte.<\/a><\/strong><\/p>\n<p><a href=\"https:\/\/agora.xtec.cat\/ieslluchirafecas\/wp-content\/uploads\/usu330\/2021\/12\/Innovafp.png\"><img loading=\"lazy\" decoding=\"async\" class=\"alignnone size-medium wp-image-1867 aligncenter\" src=\"https:\/\/agora.xtec.cat\/ieslluchirafecas\/wp-content\/uploads\/usu330\/2021\/12\/Innovafp-300x85.png\" alt=\"\" width=\"300\" height=\"85\" srcset=\"https:\/\/agora.xtec.cat\/ieslluchirafecas\/wp-content\/uploads\/usu330\/2021\/12\/Innovafp-300x85.png 300w, https:\/\/agora.xtec.cat\/ieslluchirafecas\/wp-content\/uploads\/usu330\/2021\/12\/Innovafp.png 664w\" sizes=\"auto, (max-width: 300px) 100vw, 300px\" \/><\/a><\/p>\n<\/div>\n<\/div>\n<\/div>\n<\/div>\n<\/div>\n<\/div>\n","protected":false},"excerpt":{"rendered":"<p>InnovaFP \u00e9s el programa de la Direcci\u00f3 General de Formaci\u00f3 Professional i Ensenyaments de R\u00e8gim Especial del Departament d\u2019Ensenyament de la Generalitat de Catalunya que promou la col\u00b7laboraci\u00f3 d\u2019empreses i centres de formaci\u00f3 professional per treballar en projectes d\u2019innovaci\u00f3 i transfer\u00e8ncia de coneixement.<br \/>\nEl programa InnovaFP&hellip;  <a href=\"https:\/\/agora.xtec.cat\/ieslluchirafecas\/projectes-fp\/innova-fp\/\" title=\"Read InnovaFP\">Llegeix m\u00e9s\u00bb<\/a><\/p>\n","protected":false},"author":1,"featured_media":0,"parent":1836,"menu_order":0,"comment_status":"closed","ping_status":"closed","template":"","meta":{"_bbp_topic_count":0,"_bbp_reply_count":0,"_bbp_total_topic_count":0,"_bbp_total_reply_count":0,"_bbp_voice_count":0,"_bbp_anonymous_reply_count":0,"_bbp_topic_count_hidden":0,"_bbp_reply_count_hidden":0,"_bbp_forum_subforum_count":0,"footnotes":""},"class_list":["post-1866","page","type-page","status-publish","hentry"],"post_mailing_queue_ids":[],"_links":{"self":[{"href":"https:\/\/agora.xtec.cat\/ieslluchirafecas\/wp-json\/wp\/v2\/pages\/1866","targetHints":{"allow":["GET"]}}],"collection":[{"href":"https:\/\/agora.xtec.cat\/ieslluchirafecas\/wp-json\/wp\/v2\/pages"}],"about":[{"href":"https:\/\/agora.xtec.cat\/ieslluchirafecas\/wp-json\/wp\/v2\/types\/page"}],"author":[{"embeddable":true,"href":"https:\/\/agora.xtec.cat\/ieslluchirafecas\/wp-json\/wp\/v2\/users\/1"}],"replies":[{"embeddable":true,"href":"https:\/\/agora.xtec.cat\/ieslluchirafecas\/wp-json\/wp\/v2\/comments?post=1866"}],"version-history":[{"count":2,"href":"https:\/\/agora.xtec.cat\/ieslluchirafecas\/wp-json\/wp\/v2\/pages\/1866\/revisions"}],"predecessor-version":[{"id":1881,"href":"https:\/\/agora.xtec.cat\/ieslluchirafecas\/wp-json\/wp\/v2\/pages\/1866\/revisions\/1881"}],"up":[{"embeddable":true,"href":"https:\/\/agora.xtec.cat\/ieslluchirafecas\/wp-json\/wp\/v2\/pages\/1836"}],"wp:attachment":[{"href":"https:\/\/agora.xtec.cat\/ieslluchirafecas\/wp-json\/wp\/v2\/media?parent=1866"}],"curies":[{"name":"wp","href":"https:\/\/api.w.org\/{rel}","templated":true}]}}