{"id":1842,"date":"2021-11-26T16:38:29","date_gmt":"2021-11-26T15:38:29","guid":{"rendered":"https:\/\/agora.xtec.cat\/ieslluchirafecas\/?page_id=1842"},"modified":"2022-09-22T17:19:53","modified_gmt":"2022-09-22T15:19:53","slug":"fp-dual","status":"publish","type":"page","link":"https:\/\/agora.xtec.cat\/ieslluchirafecas\/escola-empresa\/fp-dual\/","title":{"rendered":"FP Dual"},"content":{"rendered":"<div class=\"elementor-column elementor-col-66 elementor-top-column elementor-element elementor-element-b3c6ab5\" data-id=\"b3c6ab5\" data-element_type=\"column\">\n<div class=\"elementor-column-wrap elementor-element-populated\">\n<div class=\"elementor-widget-wrap\">\n<div class=\"elementor-element elementor-element-b46f1d6 elementor-widget elementor-widget-text-editor\" data-id=\"b46f1d6\" data-element_type=\"widget\" data-widget_type=\"text-editor.default\">\n<div class=\"elementor-widget-container\">\n<div class=\"elementor-text-editor elementor-clearfix\">\n<p>L\u2019<strong>FP dual<\/strong> \u00e9s la modalitat en la qual esdevindr\u00e0s aprenent, i combinar\u00e0s l\u2019aprenentatge al centre educatiu i a l\u2019empresa.<\/p>\n<p>Amb aquesta modalitat afavorir\u00e0s la teva incorporaci\u00f3 al m\u00f3n laboral perqu\u00e8 haur\u00e0s desenvolupat les compet\u00e8ncies professionals en un entorn de treball real. I, a m\u00e9s, millorar\u00e0s el curr\u00edculum, amb una experi\u00e8ncia laboral d\u2019unes 1.000 hores.<\/p>\n<\/div>\n<\/div>\n<\/div>\n<\/div>\n<\/div>\n<\/div>\n<p>Per saber, podeu consultar el seg\u00fcent enlla\u00e7:<\/p>\n<p style=\"text-align: center;\"><a href=\"https:\/\/agora.xtec.cat\/fpdual\/\">Portal FP DUAL<\/a><\/p>\n<p><a href=\"https:\/\/agora.xtec.cat\/ieslluchirafecas\/wp-content\/uploads\/usu330\/2021\/11\/DUAL_alta.jpg\"><img loading=\"lazy\" decoding=\"async\" class=\" wp-image-1843 aligncenter\" src=\"https:\/\/agora.xtec.cat\/ieslluchirafecas\/wp-content\/uploads\/usu330\/2021\/11\/DUAL_alta-300x300.jpg\" alt=\"\" width=\"173\" height=\"173\" srcset=\"https:\/\/agora.xtec.cat\/ieslluchirafecas\/wp-content\/uploads\/usu330\/2021\/11\/DUAL_alta-300x300.jpg 300w, https:\/\/agora.xtec.cat\/ieslluchirafecas\/wp-content\/uploads\/usu330\/2021\/11\/DUAL_alta-150x150.jpg 150w, https:\/\/agora.xtec.cat\/ieslluchirafecas\/wp-content\/uploads\/usu330\/2021\/11\/DUAL_alta.jpg 553w\" sizes=\"auto, (max-width: 173px) 100vw, 173px\" \/><\/a><\/p>\n<p>Descarrega&#8217;t els nostres tr\u00edptics:<\/p>\n<p><a href=\"https:\/\/agora.xtec.cat\/ieslluchirafecas\/wp-content\/uploads\/usu330\/2021\/12\/Triptic_A5-FP-DUAL-V3-05-10-20-2-1.pdf\">FP Dual &#8211; Guia per a l&#8217;aprenent<\/a><\/p>\n<p><a href=\"https:\/\/agora.xtec.cat\/ieslluchirafecas\/wp-content\/uploads\/usu330\/2021\/12\/QUATRIPTIC_-Contractes-2020.pdf\">FP Dual &#8211; La contractaci\u00f3a: l&#8217;eina per millorar la FP Dual<\/a><\/p>\n<p><a href=\"https:\/\/agora.xtec.cat\/ieslluchirafecas\/wp-content\/uploads\/usu330\/2021\/12\/FP_dual_guia_aprenent.pdf\">La Formaci\u00f3 Professional en alternan\u00e7a i dual: aprendre treballant, treballar aprenent<\/a><\/p>\n<p>&nbsp;<\/p>\n","protected":false},"excerpt":{"rendered":"<p>L\u2019FP dual \u00e9s la modalitat en la qual esdevindr\u00e0s aprenent, i combinar\u00e0s l\u2019aprenentatge al centre educatiu i a l\u2019empresa.<br \/>\nAmb aquesta modalitat afavorir\u00e0s la teva incorporaci\u00f3 al m\u00f3n laboral perqu\u00e8 haur\u00e0s desenvolupat les compet\u00e8ncies professionals en un entorn de treball real. I, a m\u00e9s, millorar\u00e0s el&hellip;  <a href=\"https:\/\/agora.xtec.cat\/ieslluchirafecas\/escola-empresa\/fp-dual\/\" title=\"Read FP Dual\">Llegeix m\u00e9s\u00bb<\/a><\/p>\n","protected":false},"author":1,"featured_media":0,"parent":2680,"menu_order":0,"comment_status":"closed","ping_status":"closed","template":"","meta":{"_bbp_topic_count":0,"_bbp_reply_count":0,"_bbp_total_topic_count":0,"_bbp_total_reply_count":0,"_bbp_voice_count":0,"_bbp_anonymous_reply_count":0,"_bbp_topic_count_hidden":0,"_bbp_reply_count_hidden":0,"_bbp_forum_subforum_count":0,"footnotes":""},"class_list":["post-1842","page","type-page","status-publish","hentry"],"post_mailing_queue_ids":[],"_links":{"self":[{"href":"https:\/\/agora.xtec.cat\/ieslluchirafecas\/wp-json\/wp\/v2\/pages\/1842","targetHints":{"allow":["GET"]}}],"collection":[{"href":"https:\/\/agora.xtec.cat\/ieslluchirafecas\/wp-json\/wp\/v2\/pages"}],"about":[{"href":"https:\/\/agora.xtec.cat\/ieslluchirafecas\/wp-json\/wp\/v2\/types\/page"}],"author":[{"embeddable":true,"href":"https:\/\/agora.xtec.cat\/ieslluchirafecas\/wp-json\/wp\/v2\/users\/1"}],"replies":[{"embeddable":true,"href":"https:\/\/agora.xtec.cat\/ieslluchirafecas\/wp-json\/wp\/v2\/comments?post=1842"}],"version-history":[{"count":2,"href":"https:\/\/agora.xtec.cat\/ieslluchirafecas\/wp-json\/wp\/v2\/pages\/1842\/revisions"}],"predecessor-version":[{"id":1865,"href":"https:\/\/agora.xtec.cat\/ieslluchirafecas\/wp-json\/wp\/v2\/pages\/1842\/revisions\/1865"}],"up":[{"embeddable":true,"href":"https:\/\/agora.xtec.cat\/ieslluchirafecas\/wp-json\/wp\/v2\/pages\/2680"}],"wp:attachment":[{"href":"https:\/\/agora.xtec.cat\/ieslluchirafecas\/wp-json\/wp\/v2\/media?parent=1842"}],"curies":[{"name":"wp","href":"https:\/\/api.w.org\/{rel}","templated":true}]}}