{"id":1825,"date":"2021-11-26T16:11:23","date_gmt":"2021-11-26T15:11:23","guid":{"rendered":"https:\/\/agora.xtec.cat\/ieslluchirafecas\/?page_id=1825"},"modified":"2021-11-26T16:11:23","modified_gmt":"2021-11-26T15:11:23","slug":"projecte-singulars-imet","status":"publish","type":"page","link":"https:\/\/agora.xtec.cat\/ieslluchirafecas\/projectes\/projecte-singulars-imet\/","title":{"rendered":"Projecte Singulars (IMET)"},"content":{"rendered":"<p>El projecte <a href=\"https:\/\/www.imet.cat\/singulars\">Singulars<\/a>, amb la col\u00b7laboraci\u00f3 de l&#8217;IMET, s\u00f3n programes de diversificaci\u00f3 curricular per a alumnat amb dificultats per seguir les classes.<\/p>\n<p>T\u00e9 com a objectiu aconseguir la inserci\u00f3 laboral o reinserci\u00f3 acad\u00e8mica d\u2019aquest alumnat<\/p>\n","protected":false},"excerpt":{"rendered":"<p>El projecte <a href=\"https:\/\/www.imet.cat\/singulars\">Singulars<\/a>, amb la col\u00b7laboraci\u00f3 de l&#8217;IMET, s\u00f3n programes de diversificaci\u00f3 curricular per a alumnat amb dificultats per seguir les classes.<br \/>\nT\u00e9 com a objectiu aconseguir la inserci\u00f3 laboral o reinserci\u00f3 acad\u00e8mica d\u2019aquest alumnat<\/p>\n","protected":false},"author":1,"featured_media":0,"parent":1785,"menu_order":0,"comment_status":"closed","ping_status":"closed","template":"","meta":{"_bbp_topic_count":0,"_bbp_reply_count":0,"_bbp_total_topic_count":0,"_bbp_total_reply_count":0,"_bbp_voice_count":0,"_bbp_anonymous_reply_count":0,"_bbp_topic_count_hidden":0,"_bbp_reply_count_hidden":0,"_bbp_forum_subforum_count":0,"footnotes":""},"class_list":["post-1825","page","type-page","status-publish","hentry"],"post_mailing_queue_ids":[],"_links":{"self":[{"href":"https:\/\/agora.xtec.cat\/ieslluchirafecas\/wp-json\/wp\/v2\/pages\/1825","targetHints":{"allow":["GET"]}}],"collection":[{"href":"https:\/\/agora.xtec.cat\/ieslluchirafecas\/wp-json\/wp\/v2\/pages"}],"about":[{"href":"https:\/\/agora.xtec.cat\/ieslluchirafecas\/wp-json\/wp\/v2\/types\/page"}],"author":[{"embeddable":true,"href":"https:\/\/agora.xtec.cat\/ieslluchirafecas\/wp-json\/wp\/v2\/users\/1"}],"replies":[{"embeddable":true,"href":"https:\/\/agora.xtec.cat\/ieslluchirafecas\/wp-json\/wp\/v2\/comments?post=1825"}],"version-history":[{"count":1,"href":"https:\/\/agora.xtec.cat\/ieslluchirafecas\/wp-json\/wp\/v2\/pages\/1825\/revisions"}],"predecessor-version":[{"id":1826,"href":"https:\/\/agora.xtec.cat\/ieslluchirafecas\/wp-json\/wp\/v2\/pages\/1825\/revisions\/1826"}],"up":[{"embeddable":true,"href":"https:\/\/agora.xtec.cat\/ieslluchirafecas\/wp-json\/wp\/v2\/pages\/1785"}],"wp:attachment":[{"href":"https:\/\/agora.xtec.cat\/ieslluchirafecas\/wp-json\/wp\/v2\/media?parent=1825"}],"curies":[{"name":"wp","href":"https:\/\/api.w.org\/{rel}","templated":true}]}}