{"id":1809,"date":"2021-11-25T17:10:59","date_gmt":"2021-11-25T16:10:59","guid":{"rendered":"https:\/\/agora.xtec.cat\/ieslluchirafecas\/?page_id=1809"},"modified":"2022-09-13T16:00:05","modified_gmt":"2022-09-13T14:00:05","slug":"cern","status":"publish","type":"page","link":"https:\/\/agora.xtec.cat\/ieslluchirafecas\/projectes\/cern\/","title":{"rendered":"F\u00edsica moderna"},"content":{"rendered":"<p>Programa per al Batxillerat.<\/p>\n<p>Tracta sobre l\u2019estudi del funcionament de l\u2019<a href=\"https:\/\/ca.wikipedia.org\/wiki\/Accelerador_de_part%C3%ADcules\">accelerador de part\u00edcules<\/a>. Segons la Wikipedia:<\/p>\n<blockquote><p>els acceleradors de part\u00edcules s\u00f3n aparells que utilitzen camps electromagn\u00e8tics per a accelerar part\u00edcules subat\u00f2miques amb c\u00e0rrega el\u00e8ctrica fins a velocitats molt properes a la de la llum.<\/p><\/blockquote>\n<p>Inclou un viatge a Su\u00efssa per visitar el CERN (European Organization for Nuclear Research), un dels centres m\u00e9s grans i respectats del m\u00f3n en quant a recerca cient\u00edfica.<\/p>\n<p>&nbsp;<\/p>\n<p style=\"text-align: center;\"><a href=\"https:\/\/en.wikipedia.org\/wiki\/File:CERN_logo.svg#\/media\/File:CERN_logo.svg\"><img loading=\"lazy\" decoding=\"async\" class=\"aligncenter\" src=\"https:\/\/upload.wikimedia.org\/wikipedia\/en\/thumb\/a\/ae\/CERN_logo.svg\/1200px-CERN_logo.svg.png\" alt=\"CERN logo.svg\" width=\"230\" height=\"230\" \/><\/a><br \/>\nBy <a class=\"external free\" href=\"https:\/\/home.cern\/\" rel=\"nofollow\">https:\/\/home.cern\/<\/a>, <a title=\"Fair use of copyrighted material in the context of CERN\" href=\"\/\/en.wikipedia.org\/wiki\/File:CERN_logo.svg\">Fair use<\/a>, <a href=\"https:\/\/en.wikipedia.org\/w\/index.php?curid=64143882\">Link<\/a><\/p>\n","protected":false},"excerpt":{"rendered":"<p>Programa per al Batxillerat.<br \/>\nTracta sobre l\u2019estudi del funcionament de l\u2019<a href=\"https:\/\/ca.wikipedia.org\/wiki\/Accelerador_de_part%C3%ADcules\">accelerador de part\u00edcules<\/a>. Segons la Wikipedia:<br \/>\nels acceleradors de part\u00edcules s\u00f3n aparells que utilitzen camps electromagn\u00e8tics per a accelerar part\u00edcules subat\u00f2miques amb c\u00e0rrega el\u00e8ctrica fins a velocitats molt properes a la de la llum.<br \/>\nInclou un viatge&hellip;  <a href=\"https:\/\/agora.xtec.cat\/ieslluchirafecas\/projectes\/cern\/\" title=\"Read F\u00edsica moderna\">Llegeix m\u00e9s\u00bb<\/a><\/p>\n","protected":false},"author":1,"featured_media":0,"parent":1785,"menu_order":0,"comment_status":"closed","ping_status":"closed","template":"","meta":{"_bbp_topic_count":0,"_bbp_reply_count":0,"_bbp_total_topic_count":0,"_bbp_total_reply_count":0,"_bbp_voice_count":0,"_bbp_anonymous_reply_count":0,"_bbp_topic_count_hidden":0,"_bbp_reply_count_hidden":0,"_bbp_forum_subforum_count":0,"footnotes":""},"class_list":["post-1809","page","type-page","status-publish","hentry"],"post_mailing_queue_ids":[],"_links":{"self":[{"href":"https:\/\/agora.xtec.cat\/ieslluchirafecas\/wp-json\/wp\/v2\/pages\/1809","targetHints":{"allow":["GET"]}}],"collection":[{"href":"https:\/\/agora.xtec.cat\/ieslluchirafecas\/wp-json\/wp\/v2\/pages"}],"about":[{"href":"https:\/\/agora.xtec.cat\/ieslluchirafecas\/wp-json\/wp\/v2\/types\/page"}],"author":[{"embeddable":true,"href":"https:\/\/agora.xtec.cat\/ieslluchirafecas\/wp-json\/wp\/v2\/users\/1"}],"replies":[{"embeddable":true,"href":"https:\/\/agora.xtec.cat\/ieslluchirafecas\/wp-json\/wp\/v2\/comments?post=1809"}],"version-history":[{"count":2,"href":"https:\/\/agora.xtec.cat\/ieslluchirafecas\/wp-json\/wp\/v2\/pages\/1809\/revisions"}],"predecessor-version":[{"id":2679,"href":"https:\/\/agora.xtec.cat\/ieslluchirafecas\/wp-json\/wp\/v2\/pages\/1809\/revisions\/2679"}],"up":[{"embeddable":true,"href":"https:\/\/agora.xtec.cat\/ieslluchirafecas\/wp-json\/wp\/v2\/pages\/1785"}],"wp:attachment":[{"href":"https:\/\/agora.xtec.cat\/ieslluchirafecas\/wp-json\/wp\/v2\/media?parent=1809"}],"curies":[{"name":"wp","href":"https:\/\/api.w.org\/{rel}","templated":true}]}}