{"id":1799,"date":"2021-11-25T16:53:10","date_gmt":"2021-11-25T15:53:10","guid":{"rendered":"https:\/\/agora.xtec.cat\/ieslluchirafecas\/?page_id=1799"},"modified":"2023-09-07T09:44:10","modified_gmt":"2023-09-07T07:44:10","slug":"buchenwald","status":"publish","type":"page","link":"https:\/\/agora.xtec.cat\/ieslluchirafecas\/projectes\/buchenwald\/","title":{"rendered":"Buchenwald"},"content":{"rendered":"<p>Programa per a Batxillerat i 4t d&#8217;ESO, en estreta col\u00b7laboraci\u00f3 amb l&#8217;<a href=\"https:\/\/amical-mauthausen.org\/\">Amical Mathausen<\/a> i l&#8217;<a href=\"https:\/\/www.vilanova.cat\/cultura\/deportacio_mh\">Ajuntament de Vilanova i la Geltr\u00fa.<\/a><\/p>\n<p>\u00c9s un projecte sobre mem\u00f2ria, deportaci\u00f3 i prevenci\u00f3 del feixisme.<\/p>\n<p>Inclou un viatge a Alemanya per visitar el <a href=\"https:\/\/encyclopedia.ushmm.org\/content\/en\/article\/buchenwald\">camp de concentraci\u00f3 de Buchenwald<\/a>.<\/p>\n<p><a href=\"https:\/\/agora.xtec.cat\/ieslluchirafecas\/wp-content\/uploads\/usu330\/2023\/09\/IMG_7233-scaled.jpg\"><img loading=\"lazy\" decoding=\"async\" class=\"aligncenter wp-image-3467 size-large\" src=\"https:\/\/agora.xtec.cat\/ieslluchirafecas\/wp-content\/uploads\/usu330\/2023\/09\/IMG_7233-1024x683.jpg\" alt=\"\" width=\"1024\" height=\"683\" srcset=\"https:\/\/agora.xtec.cat\/ieslluchirafecas\/wp-content\/uploads\/usu330\/2023\/09\/IMG_7233-1024x683.jpg 1024w, https:\/\/agora.xtec.cat\/ieslluchirafecas\/wp-content\/uploads\/usu330\/2023\/09\/IMG_7233-300x200.jpg 300w, https:\/\/agora.xtec.cat\/ieslluchirafecas\/wp-content\/uploads\/usu330\/2023\/09\/IMG_7233-768x512.jpg 768w, https:\/\/agora.xtec.cat\/ieslluchirafecas\/wp-content\/uploads\/usu330\/2023\/09\/IMG_7233-1536x1024.jpg 1536w, https:\/\/agora.xtec.cat\/ieslluchirafecas\/wp-content\/uploads\/usu330\/2023\/09\/IMG_7233-2048x1365.jpg 2048w\" sizes=\"auto, (max-width: 1024px) 100vw, 1024px\" \/><\/a><\/p>\n","protected":false},"excerpt":{"rendered":"<p>Programa per a Batxillerat i 4t d&#8217;ESO, en estreta col\u00b7laboraci\u00f3 amb l&#8217;<a href=\"https:\/\/amical-mauthausen.org\/\">Amical Mathausen<\/a> i l&#8217;<a href=\"https:\/\/www.vilanova.cat\/cultura\/deportacio_mh\">Ajuntament de Vilanova i la Geltr\u00fa.<\/a><br \/>\n\u00c9s un projecte sobre mem\u00f2ria, deportaci\u00f3 i prevenci\u00f3 del feixisme.<br \/>\nInclou un viatge a Alemanya per visitar el <a href=\"https:\/\/encyclopedia.ushmm.org\/content\/en\/article\/buchenwald\">camp de concentraci\u00f3 de Buchenwald<\/a>.<br \/>\n<a href=\"https:\/\/agora.xtec.cat\/ieslluchirafecas\/wp-content\/uploads\/usu330\/2023\/09\/IMG_7233-scaled.jpg\"><\/a><\/p>\n","protected":false},"author":1,"featured_media":0,"parent":1785,"menu_order":0,"comment_status":"closed","ping_status":"closed","template":"","meta":{"_bbp_topic_count":0,"_bbp_reply_count":0,"_bbp_total_topic_count":0,"_bbp_total_reply_count":0,"_bbp_voice_count":0,"_bbp_anonymous_reply_count":0,"_bbp_topic_count_hidden":0,"_bbp_reply_count_hidden":0,"_bbp_forum_subforum_count":0,"footnotes":""},"class_list":["post-1799","page","type-page","status-publish","hentry"],"post_mailing_queue_ids":[],"_links":{"self":[{"href":"https:\/\/agora.xtec.cat\/ieslluchirafecas\/wp-json\/wp\/v2\/pages\/1799","targetHints":{"allow":["GET"]}}],"collection":[{"href":"https:\/\/agora.xtec.cat\/ieslluchirafecas\/wp-json\/wp\/v2\/pages"}],"about":[{"href":"https:\/\/agora.xtec.cat\/ieslluchirafecas\/wp-json\/wp\/v2\/types\/page"}],"author":[{"embeddable":true,"href":"https:\/\/agora.xtec.cat\/ieslluchirafecas\/wp-json\/wp\/v2\/users\/1"}],"replies":[{"embeddable":true,"href":"https:\/\/agora.xtec.cat\/ieslluchirafecas\/wp-json\/wp\/v2\/comments?post=1799"}],"version-history":[{"count":3,"href":"https:\/\/agora.xtec.cat\/ieslluchirafecas\/wp-json\/wp\/v2\/pages\/1799\/revisions"}],"predecessor-version":[{"id":3468,"href":"https:\/\/agora.xtec.cat\/ieslluchirafecas\/wp-json\/wp\/v2\/pages\/1799\/revisions\/3468"}],"up":[{"embeddable":true,"href":"https:\/\/agora.xtec.cat\/ieslluchirafecas\/wp-json\/wp\/v2\/pages\/1785"}],"wp:attachment":[{"href":"https:\/\/agora.xtec.cat\/ieslluchirafecas\/wp-json\/wp\/v2\/media?parent=1799"}],"curies":[{"name":"wp","href":"https:\/\/api.w.org\/{rel}","templated":true}]}}