{"id":1785,"date":"2021-11-25T16:21:04","date_gmt":"2021-11-25T15:21:04","guid":{"rendered":"https:\/\/agora.xtec.cat\/ieslluchirafecas\/?page_id=1785"},"modified":"2021-11-25T16:21:04","modified_gmt":"2021-11-25T15:21:04","slug":"projectes","status":"publish","type":"page","link":"https:\/\/agora.xtec.cat\/ieslluchirafecas\/projectes\/","title":{"rendered":"Projectes"},"content":{"rendered":"<p>En aquest apartat trobareu aquells projectes que treballen els nostres alumnes, a diferents nivells i \u00e0mbits, i amb objectius concrets, per\u00f2 que sempre tenen com a grans l\u00ednies mestres que podeu trobar <a href=\"https:\/\/agora.xtec.cat\/ieslluchirafecas\/wp-content\/uploads\/usu330\/2021\/11\/project-management.png\"><img loading=\"lazy\" decoding=\"async\" class=\" wp-image-1786 alignright\" src=\"https:\/\/agora.xtec.cat\/ieslluchirafecas\/wp-content\/uploads\/usu330\/2021\/11\/project-management-300x300.png\" alt=\"\" width=\"163\" height=\"163\" srcset=\"https:\/\/agora.xtec.cat\/ieslluchirafecas\/wp-content\/uploads\/usu330\/2021\/11\/project-management-300x300.png 300w, https:\/\/agora.xtec.cat\/ieslluchirafecas\/wp-content\/uploads\/usu330\/2021\/11\/project-management-150x150.png 150w, https:\/\/agora.xtec.cat\/ieslluchirafecas\/wp-content\/uploads\/usu330\/2021\/11\/project-management.png 512w\" sizes=\"auto, (max-width: 163px) 100vw, 163px\" \/><\/a>al PEC:<\/p>\n<ul>\n<li>Fer l&#8217;alumne protagonista del seu aprenentatge.<\/li>\n<li>Inserir l&#8217;ensenyament dins el context i l&#8217;entorn que ens envolta.<\/li>\n<li>Promoure els valors democr\u00e0tics, i fer dels nostres alumnes ciutadans participatius i responsables.<\/li>\n<\/ul>\n","protected":false},"excerpt":{"rendered":"<p>En aquest apartat trobareu aquells projectes que treballen els nostres alumnes, a diferents nivells i \u00e0mbits, i amb objectius concrets, per\u00f2 que sempre tenen com a grans l\u00ednies mestres que podeu trobar <a href=\"https:\/\/agora.xtec.cat\/ieslluchirafecas\/wp-content\/uploads\/usu330\/2021\/11\/project-management.png\"><\/a>al PEC:<\/p>\n<ul>\n<li>Fer l&#8217;alumne protagonista del seu aprenentatge.<\/li>\n<li>Inserir l&#8217;ensenyament dins el context i&hellip;  <a href=\"https:\/\/agora.xtec.cat\/ieslluchirafecas\/projectes\/\" title=\"Read Projectes\">Llegeix m\u00e9s\u00bb<\/a><br \/>\n","protected":false},"author":1,"featured_media":0,"parent":0,"menu_order":0,"comment_status":"closed","ping_status":"closed","template":"","meta":{"_bbp_topic_count":0,"_bbp_reply_count":0,"_bbp_total_topic_count":0,"_bbp_total_reply_count":0,"_bbp_voice_count":0,"_bbp_anonymous_reply_count":0,"_bbp_topic_count_hidden":0,"_bbp_reply_count_hidden":0,"_bbp_forum_subforum_count":0,"footnotes":""},"class_list":["post-1785","page","type-page","status-publish","hentry"],"post_mailing_queue_ids":[],"_links":{"self":[{"href":"https:\/\/agora.xtec.cat\/ieslluchirafecas\/wp-json\/wp\/v2\/pages\/1785","targetHints":{"allow":["GET"]}}],"collection":[{"href":"https:\/\/agora.xtec.cat\/ieslluchirafecas\/wp-json\/wp\/v2\/pages"}],"about":[{"href":"https:\/\/agora.xtec.cat\/ieslluchirafecas\/wp-json\/wp\/v2\/types\/page"}],"author":[{"embeddable":true,"href":"https:\/\/agora.xtec.cat\/ieslluchirafecas\/wp-json\/wp\/v2\/users\/1"}],"replies":[{"embeddable":true,"href":"https:\/\/agora.xtec.cat\/ieslluchirafecas\/wp-json\/wp\/v2\/comments?post=1785"}],"version-history":[{"count":1,"href":"https:\/\/agora.xtec.cat\/ieslluchirafecas\/wp-json\/wp\/v2\/pages\/1785\/revisions"}],"predecessor-version":[{"id":1787,"href":"https:\/\/agora.xtec.cat\/ieslluchirafecas\/wp-json\/wp\/v2\/pages\/1785\/revisions\/1787"}],"wp:attachment":[{"href":"https:\/\/agora.xtec.cat\/ieslluchirafecas\/wp-json\/wp\/v2\/media?parent=1785"}],"curies":[{"name":"wp","href":"https:\/\/api.w.org\/{rel}","templated":true}]}}