{"id":14403,"date":"2026-02-10T15:32:57","date_gmt":"2026-02-10T14:32:57","guid":{"rendered":"https:\/\/agora.xtec.cat\/ieslluchirafecas\/?page_id=14403"},"modified":"2026-03-03T16:19:34","modified_gmt":"2026-03-03T15:19:34","slug":"setmana-fp","status":"publish","type":"page","link":"https:\/\/agora.xtec.cat\/ieslluchirafecas\/projectes\/setmana-fp\/","title":{"rendered":"Setmana FP"},"content":{"rendered":"<h3 style=\"text-align: center;\"><a href=\"https:\/\/forms.gle\/DLBS4EBbfDTeF9zH7\">Enlla\u00e7 formulari inscripci\u00f3 Tastets FP<\/a><\/h3>\n<p data-start=\"95\" data-end=\"503\">El nostre institut celebra la Setmana de la Formaci\u00f3 Professional, una oportunitat \u00fanica per connectar l\u2019alumnat amb el m\u00f3n laboral i con\u00e8ixer de prop la realitat dels diferents sectors professionals. Durant aquests dies, comptarem amb la visita d\u2019empreses que compartiran experi\u00e8ncies, tend\u00e8ncies i oportunitats del mercat de treball, mentre que el nostre alumnat tamb\u00e9 visitar\u00e0 entorns professionals reals.<a href=\"https:\/\/agora.xtec.cat\/ieslluchirafecas\/wp-content\/uploads\/usu330\/2026\/02\/III-Setmana-de-la-FP-scaled.jpg\"><img loading=\"lazy\" decoding=\"async\" class=\"aligncenter wp-image-14404 size-large\" src=\"https:\/\/agora.xtec.cat\/ieslluchirafecas\/wp-content\/uploads\/usu330\/2026\/02\/III-Setmana-de-la-FP-819x1024.jpg\" alt=\"\" width=\"819\" height=\"1024\" srcset=\"https:\/\/agora.xtec.cat\/ieslluchirafecas\/wp-content\/uploads\/usu330\/2026\/02\/III-Setmana-de-la-FP-819x1024.jpg 819w, https:\/\/agora.xtec.cat\/ieslluchirafecas\/wp-content\/uploads\/usu330\/2026\/02\/III-Setmana-de-la-FP-240x300.jpg 240w, https:\/\/agora.xtec.cat\/ieslluchirafecas\/wp-content\/uploads\/usu330\/2026\/02\/III-Setmana-de-la-FP-768x960.jpg 768w, https:\/\/agora.xtec.cat\/ieslluchirafecas\/wp-content\/uploads\/usu330\/2026\/02\/III-Setmana-de-la-FP-1229x1536.jpg 1229w, https:\/\/agora.xtec.cat\/ieslluchirafecas\/wp-content\/uploads\/usu330\/2026\/02\/III-Setmana-de-la-FP-1639x2048.jpg 1639w, https:\/\/agora.xtec.cat\/ieslluchirafecas\/wp-content\/uploads\/usu330\/2026\/02\/III-Setmana-de-la-FP-scaled.jpg 2048w\" sizes=\"auto, (max-width: 819px) 100vw, 819px\" \/><\/a><\/p>\n<p data-start=\"505\" data-end=\"796\">Paral\u00b7lelament, organitzem els <strong data-start=\"536\" data-end=\"550\">Tastets FP<\/strong>, adre\u00e7ats a l\u2019alumnat de 4t d\u2019ESO d\u2019altres centres. Aquesta activitat permet descobrir els nostres cicles formatius a trav\u00e9s de demostracions i petites pr\u00e0ctiques guiades pel mateix alumnat del centre, oferint una experi\u00e8ncia din\u00e0mica i propera.<\/p>\n<p data-start=\"798\" data-end=\"916\">Una setmana per descobrir vocacions, experimentar professions i con\u00e8ixer tot el potencial de la Formaci\u00f3 Professional.<\/p>\n<p><script src=\"moz-extension:\/\/28ed7027-3628-45b4-b7e8-bb4213cc6597\/window-inject.js\" type=\"text\/javascript\"><\/script><\/p>\n<p><script src=\"moz-extension:\/\/0f09432f-7e45-49a5-89be-5b0f5b391c39\/window-inject.js\" type=\"text\/javascript\"><\/script><\/p>\n<p><script src=\"moz-extension:\/\/0f09432f-7e45-49a5-89be-5b0f5b391c39\/window-inject.js\" type=\"text\/javascript\"><\/script><\/p>\n","protected":false},"excerpt":{"rendered":"<p><a href=\"https:\/\/forms.gle\/DLBS4EBbfDTeF9zH7\">Enlla\u00e7 formulari inscripci\u00f3 Tastets FP<\/a><br \/>\nEl nostre institut celebra la Setmana de la Formaci\u00f3 Professional, una oportunitat \u00fanica per connectar l\u2019alumnat amb el m\u00f3n laboral i con\u00e8ixer de prop la realitat dels diferents sectors professionals. Durant aquests dies, comptarem amb la visita d\u2019empreses que compartiran&hellip;  <a href=\"https:\/\/agora.xtec.cat\/ieslluchirafecas\/projectes\/setmana-fp\/\" title=\"Read Setmana FP\">Llegeix m\u00e9s\u00bb<\/a><\/p>\n","protected":false},"author":24,"featured_media":0,"parent":1785,"menu_order":0,"comment_status":"closed","ping_status":"closed","template":"page-templates\/side-menu.php","meta":{"_bbp_topic_count":0,"_bbp_reply_count":0,"_bbp_total_topic_count":0,"_bbp_total_reply_count":0,"_bbp_voice_count":0,"_bbp_anonymous_reply_count":0,"_bbp_topic_count_hidden":0,"_bbp_reply_count_hidden":0,"_bbp_forum_subforum_count":0,"footnotes":""},"class_list":["post-14403","page","type-page","status-publish","hentry"],"post_mailing_queue_ids":[],"_links":{"self":[{"href":"https:\/\/agora.xtec.cat\/ieslluchirafecas\/wp-json\/wp\/v2\/pages\/14403","targetHints":{"allow":["GET"]}}],"collection":[{"href":"https:\/\/agora.xtec.cat\/ieslluchirafecas\/wp-json\/wp\/v2\/pages"}],"about":[{"href":"https:\/\/agora.xtec.cat\/ieslluchirafecas\/wp-json\/wp\/v2\/types\/page"}],"author":[{"embeddable":true,"href":"https:\/\/agora.xtec.cat\/ieslluchirafecas\/wp-json\/wp\/v2\/users\/24"}],"replies":[{"embeddable":true,"href":"https:\/\/agora.xtec.cat\/ieslluchirafecas\/wp-json\/wp\/v2\/comments?post=14403"}],"version-history":[{"count":4,"href":"https:\/\/agora.xtec.cat\/ieslluchirafecas\/wp-json\/wp\/v2\/pages\/14403\/revisions"}],"predecessor-version":[{"id":14485,"href":"https:\/\/agora.xtec.cat\/ieslluchirafecas\/wp-json\/wp\/v2\/pages\/14403\/revisions\/14485"}],"up":[{"embeddable":true,"href":"https:\/\/agora.xtec.cat\/ieslluchirafecas\/wp-json\/wp\/v2\/pages\/1785"}],"wp:attachment":[{"href":"https:\/\/agora.xtec.cat\/ieslluchirafecas\/wp-json\/wp\/v2\/media?parent=14403"}],"curies":[{"name":"wp","href":"https:\/\/api.w.org\/{rel}","templated":true}]}}