{"id":14326,"date":"2026-01-13T12:22:14","date_gmt":"2026-01-13T11:22:14","guid":{"rendered":"https:\/\/agora.xtec.cat\/ieslluchirafecas\/?page_id=14326"},"modified":"2026-01-27T10:45:10","modified_gmt":"2026-01-27T09:45:10","slug":"sollicitud-de-titols-ccff","status":"publish","type":"page","link":"https:\/\/agora.xtec.cat\/ieslluchirafecas\/secretaria-2\/sollicitud-de-titols-ccff\/","title":{"rendered":"Sol\u00b7licitud de t\u00edtols CCFF"},"content":{"rendered":"<p>Segons ens informen des del departament,\u00a0<u><b>a partir del 2 de febrer de 2026<\/b><\/u>\u00a0els t\u00edtols de CFPM i CFPS (primera expedici\u00f3, duplicat, actualitzaci\u00f3&#8230;)\u00a0<b>l&#8217;haur\u00e0 de demanar directament l&#8217;alumnat.<\/b><\/p>\n<p>Adjuntem enlla\u00e7 de la web de sol\u00b7licitud:<\/p>\n<p><a href=\"https:\/\/web.gencat.cat\/ca\/tramits\/tramits-temes\/titols-academics-no-universitaris\">https:\/\/web.gencat.cat\/ca\/tramits\/tramits-temes\/titols-academics-no-universitaris<\/a><\/p>\n<p>L&#8217;alumnat ha de tenir identificaci\u00f3 digital (idcat m\u00f2bil). Adjuntem tamb\u00e9 l&#8217;enlla\u00e7 de la web de suport.<\/p>\n<p><a href=\"https:\/\/web.gencat.cat\/ca\/tramits\/suport-tramitacio\/durant-la-tramitacio\/signatura-identificacio-digital\/idcat-mobil\/index.html\">https:\/\/web.gencat.cat\/ca\/tramits\/suport-tramitacio\/durant-la-tramitacio\/signatura-identificacio-digital\/idcat-mobil\/index.html<\/a><\/p>\n<p><i>Un cop sol\u00b7licitat el t\u00edtol, <b>s&#8217;ha de llegir tot el document que es genera<\/b>\u00a0perqu\u00e8 all\u00e0 s&#8217;indica que han de venir al centre a\u00a0<b>VALIDAR DADES I REGISTRAR AQUESTA SOL\u00b7LICITUD.<\/b><\/i><\/p>\n<p>&nbsp;<\/p>\n<p><script src=\"moz-extension:\/\/f3e5eac6-5e7c-4eb3-9e23-44429eecccaf\/window-inject.js\" type=\"text\/javascript\"><\/script><\/p>\n","protected":false},"excerpt":{"rendered":"<p>Segons ens informen des del departament,\u00a0a partir del 2 de febrer de 2026\u00a0els t\u00edtols de CFPM i CFPS (primera expedici\u00f3, duplicat, actualitzaci\u00f3&#8230;)\u00a0l&#8217;haur\u00e0 de demanar directament l&#8217;alumnat.<br \/>\nAdjuntem enlla\u00e7 de la web de sol\u00b7licitud:<br \/>\n<a href=\"https:\/\/web.gencat.cat\/ca\/tramits\/tramits-temes\/titols-academics-no-universitaris\">https:\/\/web.gencat.cat\/ca\/tramits\/tramits-temes\/titols-academics-no-universitaris<\/a><br \/>\nL&#8217;alumnat ha de tenir identificaci\u00f3 digital (idcat m\u00f2bil). Adjuntem tamb\u00e9 l&#8217;enlla\u00e7 de la&hellip;  <a href=\"https:\/\/agora.xtec.cat\/ieslluchirafecas\/secretaria-2\/sollicitud-de-titols-ccff\/\" title=\"Read Sol\u00b7licitud de t\u00edtols CCFF\">Llegeix m\u00e9s\u00bb<\/a><\/p>\n","protected":false},"author":24,"featured_media":0,"parent":1970,"menu_order":0,"comment_status":"closed","ping_status":"closed","template":"page-templates\/side-menu.php","meta":{"_bbp_topic_count":0,"_bbp_reply_count":0,"_bbp_total_topic_count":0,"_bbp_total_reply_count":0,"_bbp_voice_count":0,"_bbp_anonymous_reply_count":0,"_bbp_topic_count_hidden":0,"_bbp_reply_count_hidden":0,"_bbp_forum_subforum_count":0,"footnotes":""},"class_list":["post-14326","page","type-page","status-publish","hentry"],"post_mailing_queue_ids":[],"_links":{"self":[{"href":"https:\/\/agora.xtec.cat\/ieslluchirafecas\/wp-json\/wp\/v2\/pages\/14326","targetHints":{"allow":["GET"]}}],"collection":[{"href":"https:\/\/agora.xtec.cat\/ieslluchirafecas\/wp-json\/wp\/v2\/pages"}],"about":[{"href":"https:\/\/agora.xtec.cat\/ieslluchirafecas\/wp-json\/wp\/v2\/types\/page"}],"author":[{"embeddable":true,"href":"https:\/\/agora.xtec.cat\/ieslluchirafecas\/wp-json\/wp\/v2\/users\/24"}],"replies":[{"embeddable":true,"href":"https:\/\/agora.xtec.cat\/ieslluchirafecas\/wp-json\/wp\/v2\/comments?post=14326"}],"version-history":[{"count":4,"href":"https:\/\/agora.xtec.cat\/ieslluchirafecas\/wp-json\/wp\/v2\/pages\/14326\/revisions"}],"predecessor-version":[{"id":14341,"href":"https:\/\/agora.xtec.cat\/ieslluchirafecas\/wp-json\/wp\/v2\/pages\/14326\/revisions\/14341"}],"up":[{"embeddable":true,"href":"https:\/\/agora.xtec.cat\/ieslluchirafecas\/wp-json\/wp\/v2\/pages\/1970"}],"wp:attachment":[{"href":"https:\/\/agora.xtec.cat\/ieslluchirafecas\/wp-json\/wp\/v2\/media?parent=14326"}],"curies":[{"name":"wp","href":"https:\/\/api.w.org\/{rel}","templated":true}]}}