{"id":13444,"date":"2025-04-03T07:24:39","date_gmt":"2025-04-03T05:24:39","guid":{"rendered":"https:\/\/agora.xtec.cat\/ieslluchirafecas\/?page_id=13444"},"modified":"2025-04-03T07:33:58","modified_gmt":"2025-04-03T05:33:58","slug":"cfgb-fabricacio-i-muntatge","status":"publish","type":"page","link":"https:\/\/agora.xtec.cat\/ieslluchirafecas\/estudis\/cicles-formatius\/cicles-formatius-de-grau-basic\/cfgb-fabricacio-i-muntatge\/","title":{"rendered":"CFGB Fabricaci\u00f3 i muntatge"},"content":{"rendered":"<h4><strong>Fam\u00edlia professional: fabricaci\u00f3 mec\u00e0nica<\/strong><\/h4>\n<p style=\"text-align: center;\"><a href=\"https:\/\/agora.xtec.cat\/ieslluchirafecas\/wp-content\/uploads\/usu330\/2025\/04\/Fulleto-CFGB-Fabricacio-i-muntatge.pdf\">Descarrega el Fullet\u00f3 Informatiu Fabricaci\u00f3 mec\u00e0nica<\/a><\/p>\n\r\n\t<div class=\"slideshow_container slideshow_container_style-light\" style=\"height: 300px; \" data-slideshow-id=\"1680\" data-style-name=\"style-light\" data-style-version=\"2.3.1\" >\r\n\r\n\t\t\t\t\t<div class=\"slideshow_loading_icon\"><\/div>\r\n\t\t\r\n\t\t<div class=\"slideshow_content\" style=\"display: none;\">\r\n\r\n\t\t\t<div class=\"slideshow_view\">\r\n\t\t\t\t<div class=\"slideshow_slide slideshow_slide_image\">\r\n\t\t\t\t\t\t\t\t\t\t\t<img src=\"https:\/\/agora.xtec.cat\/ieslluchirafecas\/wp-content\/uploads\/usu330\/2021\/11\/DSC_0417_-scaled.jpg\" alt=\"DSC_0417_\" width=\"2560\" height=\"1707\" \/>\r\n\t\t\t\t\t\t\t\t\t\t<div class=\"slideshow_description_box slideshow_transparent\">\r\n\t\t\t\t\t\t<div class=\"slideshow_title\">DSC_0417_<\/div>\t\t\t\t\t\t\t\t\t\t\t<\/div>\r\n\t\t\t\t<\/div>\r\n\r\n\t\t\t\t\t\t<div style=\"clear: both;\"><\/div><\/div><div class=\"slideshow_view\">\r\n\t\t\t\t<div class=\"slideshow_slide slideshow_slide_image\">\r\n\t\t\t\t\t\t\t\t\t\t\t<img src=\"https:\/\/agora.xtec.cat\/ieslluchirafecas\/wp-content\/uploads\/usu330\/2021\/11\/DSC_0414_-scaled.jpg\" alt=\"DSC_0414_\" width=\"2560\" height=\"1707\" \/>\r\n\t\t\t\t\t\t\t\t\t\t<div class=\"slideshow_description_box slideshow_transparent\">\r\n\t\t\t\t\t\t<div class=\"slideshow_title\">DSC_0414_<\/div>\t\t\t\t\t\t\t\t\t\t\t<\/div>\r\n\t\t\t\t<\/div>\r\n\r\n\t\t\t\t\t\t<div style=\"clear: both;\"><\/div><\/div><div class=\"slideshow_view\">\r\n\t\t\t\t<div class=\"slideshow_slide slideshow_slide_image\">\r\n\t\t\t\t\t\t\t\t\t\t\t<img src=\"https:\/\/agora.xtec.cat\/ieslluchirafecas\/wp-content\/uploads\/usu330\/2021\/11\/DSC_0404_-scaled.jpg\" alt=\"DSC_0404_\" width=\"2560\" height=\"1707\" \/>\r\n\t\t\t\t\t\t\t\t\t\t<div class=\"slideshow_description_box slideshow_transparent\">\r\n\t\t\t\t\t\t<div class=\"slideshow_title\">DSC_0404_<\/div>\t\t\t\t\t\t\t\t\t\t\t<\/div>\r\n\t\t\t\t<\/div>\r\n\r\n\t\t\t\t\t\t<div style=\"clear: both;\"><\/div><\/div><div class=\"slideshow_view\">\r\n\t\t\t\t<div class=\"slideshow_slide slideshow_slide_image\">\r\n\t\t\t\t\t\t\t\t\t\t\t<img src=\"https:\/\/agora.xtec.cat\/ieslluchirafecas\/wp-content\/uploads\/usu330\/2021\/11\/DSC_0402_-scaled.jpg\" alt=\"DSC_0402_\" width=\"2560\" height=\"1707\" \/>\r\n\t\t\t\t\t\t\t\t\t\t<div class=\"slideshow_description_box slideshow_transparent\">\r\n\t\t\t\t\t\t<div class=\"slideshow_title\">DSC_0402_<\/div>\t\t\t\t\t\t\t\t\t\t\t<\/div>\r\n\t\t\t\t<\/div>\r\n\r\n\t\t\t\t\t\t<div style=\"clear: both;\"><\/div><\/div><div class=\"slideshow_view\">\r\n\t\t\t\t<div class=\"slideshow_slide slideshow_slide_image\">\r\n\t\t\t\t\t\t\t\t\t\t\t<img src=\"https:\/\/agora.xtec.cat\/ieslluchirafecas\/wp-content\/uploads\/usu330\/2021\/11\/DSC_0217_-scaled.jpg\" alt=\"DSC_0217_\" width=\"2560\" height=\"1707\" \/>\r\n\t\t\t\t\t\t\t\t\t\t<div class=\"slideshow_description_box slideshow_transparent\">\r\n\t\t\t\t\t\t<div class=\"slideshow_title\">DSC_0217_<\/div>\t\t\t\t\t\t\t\t\t\t\t<\/div>\r\n\t\t\t\t<\/div>\r\n\r\n\t\t\t\t\t\t<div style=\"clear: both;\"><\/div><\/div><div class=\"slideshow_view\">\r\n\t\t\t\t<div class=\"slideshow_slide slideshow_slide_image\">\r\n\t\t\t\t\t\t\t\t\t\t\t<img src=\"https:\/\/agora.xtec.cat\/ieslluchirafecas\/wp-content\/uploads\/usu330\/2021\/11\/DSC_0215_-scaled.jpg\" alt=\"DSC_0215_\" width=\"2560\" height=\"1707\" \/>\r\n\t\t\t\t\t\t\t\t\t\t<div class=\"slideshow_description_box slideshow_transparent\">\r\n\t\t\t\t\t\t<div class=\"slideshow_title\">DSC_0215_<\/div>\t\t\t\t\t\t\t\t\t\t\t<\/div>\r\n\t\t\t\t<\/div>\r\n\r\n\t\t\t\t\t\t<div style=\"clear: both;\"><\/div><\/div><div class=\"slideshow_view\">\r\n\t\t\t\t<div class=\"slideshow_slide slideshow_slide_image\">\r\n\t\t\t\t\t\t\t\t\t\t\t<img src=\"https:\/\/agora.xtec.cat\/ieslluchirafecas\/wp-content\/uploads\/usu330\/2021\/11\/DSC_0210_-scaled.jpg\" alt=\"DSC_0210_\" width=\"2560\" height=\"1707\" \/>\r\n\t\t\t\t\t\t\t\t\t\t<div class=\"slideshow_description_box slideshow_transparent\">\r\n\t\t\t\t\t\t<div class=\"slideshow_title\">DSC_0210_<\/div>\t\t\t\t\t\t\t\t\t\t\t<\/div>\r\n\t\t\t\t<\/div>\r\n\r\n\t\t\t\t\t\t<div style=\"clear: both;\"><\/div><\/div>\r\n\t\t<\/div>\r\n\r\n\t\t<div class=\"slideshow_controlPanel slideshow_transparent\" style=\"display: none;\"><ul><li class=\"slideshow_togglePlay\" data-play-text=\"Visualitza\" data-pause-text=\"Pausa\"><\/li><\/ul><\/div>\r\n\r\n\t\t<div class=\"slideshow_button slideshow_previous slideshow_transparent\" role=\"button\" data-previous-text=\"Anterior\" style=\"display: none;\"><\/div>\r\n\t\t<div class=\"slideshow_button slideshow_next slideshow_transparent\" role=\"button\" data-next-text=\"Seg\u00fcent\" style=\"display: none;\"><\/div>\r\n\r\n\t\t<div class=\"slideshow_pagination\" style=\"display: none;\" data-go-to-text=\"V\u00e9s a la diapositiva\"><div class=\"slideshow_pagination_center\"><\/div><\/div>\r\n\r\n\t\t<!-- WordPress Slideshow Version 2.3.1 -->\r\n\r\n\t\t\t<\/div>\r\n\r\n\n<h4><strong>Compet\u00e8ncia general<\/strong><\/h4>\n<p>Realitzar operacions b\u00e0siques de mecanitzaci\u00f3 i muntatge per a la fabricaci\u00f3 mec\u00e0nica amb materials f\u00e8rrics, no f\u00e8rrics i tecno-pl\u00e0stics aix\u00ed com per a la instal\u00b7laci\u00f3 i manteniment d&#8217;elements de xarxes de fontaneria, calefacci\u00f3 i climatitzaci\u00f3, operant amb la qualitat indicada, observant les normes de prevenci\u00f3 de riscos laborals i protecci\u00f3 mediambiental corresponents i comunicant-se de forma oral i escrita en llengua catalana i castellana i a nivell b\u00e0sic en llengua anglesa.<\/p>\n<p>&nbsp;<\/p>\n<h4><strong>Titulaci\u00f3<\/strong><\/h4>\n<p>Els alumnes que superin el CFGB rebran la titulaci\u00f3 de T\u00e8cnic\/a b\u00e0sic\/a en Fabricaci\u00f3 i muntatge.<\/p>\n<h4><strong>Principals ocupacions i llocs de treball<\/strong><\/h4>\n<p>Com a exemple i amb finalitat d\u2019orientaci\u00f3 professional, s\u2019enumeren un conjunt de possibles ocupacions i llocs de treball:<\/p>\n<ul>\n<li>Peons d\u2019ind\u00fastries manufactureres.<\/li>\n<li>\u00a0Auxiliars de processos automatitzats.<\/li>\n<li>Many\u00e0\/na.<\/li>\n<li>Instal\u00b7lador\/a de vidres.<\/li>\n<li>Muntador\/a en obra.<\/li>\n<li>Ajustador\/a-assemblador\/a.<\/li>\n<li>Lampista.<\/li>\n<li>Muntador\/a d&#8217;equips de calefacci\u00f3.<\/li>\n<li>Mantenidor\/a d&#8217;equips de calefacci\u00f3.<\/li>\n<li>Muntador\/a d&#8217;equips de climatitzaci\u00f3.<\/li>\n<li>Mantenidor\/a d&#8217;equips de climatitzaci\u00f3<\/li>\n<li>Instal\u00b7lador\/a de xarxes de subministrament i distribuci\u00f3 d&#8217;aigua<\/li>\n<\/ul>\n<h4><strong>Pr\u00e0ctiques a empresa<\/strong><\/h4>\n<p>L&#8217;alumnat realitzar\u00e0 417 hores d&#8217;estada a una empresa del sector.<\/p>\n<h4><strong>Cr\u00e8dits<br \/>\n<\/strong><\/h4>\n<table style=\"border-collapse: collapse; width: 100%;\">\n<tbody>\n<tr>\n<td style=\"width: 50%;\">Operacions b\u00e0siques de fabricaci\u00f3<\/td>\n<td style=\"width: 50%;\">Projecte intermodular d&#8217;aprenentatge col\u00b7laboratiu<\/td>\n<\/tr>\n<tr>\n<td style=\"width: 50%;\">Soldadura i tancaments met\u00e0l\u00b7lics<\/td>\n<td style=\"width: 50%;\">Ci\u00e8ncies aplicades I<\/td>\n<\/tr>\n<tr>\n<td style=\"width: 50%;\">Tancaments d\u2019alumini i PVC<\/td>\n<td style=\"width: 50%;\">Ci\u00e8ncies aplicades II<\/td>\n<\/tr>\n<tr>\n<td style=\"width: 50%;\">Xarxes d\u2019evacuaci\u00f3<\/td>\n<td style=\"width: 50%;\">Comunicaci\u00f3 i ci\u00e8ncies socials I<\/td>\n<\/tr>\n<tr>\n<td style=\"width: 50%;\">Fontaneria i calefacci\u00f3 b\u00e0sica<\/td>\n<td style=\"width: 50%;\">Comunicaci\u00f3 i ci\u00e8ncies socials II<\/td>\n<\/tr>\n<tr>\n<td style=\"width: 50%;\">Muntatge d\u2019equips de climatitzaci\u00f3<\/td>\n<td style=\"width: 50%;\">Itinerari personal per a l\u2019ocupabilitat<\/td>\n<\/tr>\n<\/tbody>\n<\/table>\n<h4><strong>Horari<\/strong><\/h4>\n<p>Torn de mat\u00ed.<\/p>\n<h4>Preinscripci\u00f3 i matriculaci\u00f3<\/h4>\n<p>Consulteu la web del departament d&#8217;Ensenyament: <a href=\"https:\/\/preinscripcio.gencat.cat\/\">https:\/\/preinscripcio.gencat.cat\/<\/a><\/p>\n<p>&nbsp;<\/p>\n<p><object style=\"width: 800px; height: 600px;\" data=\"https:\/\/agora.xtec.cat\/ieslluchirafecas\/wp-content\/uploads\/usu330\/2025\/04\/Fulleto-CFGB-Fabricacio-i-muntatge.pdf\" width=\"300\" height=\"150\"><span style=\"display: inline-block; width: 0px; overflow: hidden; line-height: 0;\" data-mce-type=\"bookmark\" class=\"mce_SELRES_start\">\ufeff<\/span><\/object><\/p>\n<p>&nbsp;<\/p>\n<p><script src=\"moz-extension:\/\/f3e5eac6-5e7c-4eb3-9e23-44429eecccaf\/window-inject.js\" type=\"text\/javascript\"><\/script><\/p>\n<p><script src=\"moz-extension:\/\/f3e5eac6-5e7c-4eb3-9e23-44429eecccaf\/window-inject.js\" type=\"text\/javascript\"><\/script><\/p>\n","protected":false},"excerpt":{"rendered":"<p>Fam\u00edlia professional: fabricaci\u00f3 mec\u00e0nica<br \/>\n<a href=\"https:\/\/agora.xtec.cat\/ieslluchirafecas\/wp-content\/uploads\/usu330\/2025\/04\/Fulleto-CFGB-Fabricacio-i-muntatge.pdf\">Descarrega el Fullet\u00f3 Informatiu Fabricaci\u00f3 mec\u00e0nica<\/a><\/p>\n<p>\t\t\t\t\t\tDSC_0417_\t\t\t\t\t\t\t\t\t\t\t<\/p>\n<p>\t\t\t\t\t\tDSC_0414_\t\t\t\t\t\t\t\t\t\t\t<\/p>\n<p>\t\t\t\t\t\tDSC_0404_\t\t\t\t\t\t\t\t\t\t\t<\/p>\n<p>\t\t\t\t\t\tDSC_0402_\t\t\t\t\t\t\t\t\t\t\t<\/p>\n<p>\t\t\t\t\t\tDSC_0217_\t\t\t\t\t\t\t\t\t\t\t<\/p>\n<p>\t\t\t\t\t\tDSC_0215_\t\t\t\t\t\t\t\t\t\t\t<\/p>\n<p>\t\t\t\t\t\tDSC_0210_\t\t\t\t\t\t\t\t\t\t\t<\/p>\n<ul>\n<li class=\"slideshow_togglePlay\" data-play-text=\"Visualitza\" data-pause-text=\"Pausa\"><\/li>\n<\/ul>\n<p>Compet\u00e8ncia general<br \/>\nRealitzar operacions b\u00e0siques de mecanitzaci\u00f3 i muntatge per a la fabricaci\u00f3 mec\u00e0nica amb materials f\u00e8rrics, no f\u00e8rrics i tecno-pl\u00e0stics aix\u00ed com per a la instal\u00b7laci\u00f3 i manteniment d&#8217;elements de xarxes de fontaneria,&hellip;  <a href=\"https:\/\/agora.xtec.cat\/ieslluchirafecas\/estudis\/cicles-formatius\/cicles-formatius-de-grau-basic\/cfgb-fabricacio-i-muntatge\/\" title=\"Read CFGB Fabricaci\u00f3 i muntatge\">Llegeix m\u00e9s\u00bb<\/a><\/p>\n","protected":false},"author":24,"featured_media":0,"parent":13439,"menu_order":0,"comment_status":"closed","ping_status":"closed","template":"page-templates\/side-menu.php","meta":{"_bbp_topic_count":0,"_bbp_reply_count":0,"_bbp_total_topic_count":0,"_bbp_total_reply_count":0,"_bbp_voice_count":0,"_bbp_anonymous_reply_count":0,"_bbp_topic_count_hidden":0,"_bbp_reply_count_hidden":0,"_bbp_forum_subforum_count":0,"footnotes":""},"class_list":["post-13444","page","type-page","status-publish","hentry"],"post_mailing_queue_ids":[],"_links":{"self":[{"href":"https:\/\/agora.xtec.cat\/ieslluchirafecas\/wp-json\/wp\/v2\/pages\/13444","targetHints":{"allow":["GET"]}}],"collection":[{"href":"https:\/\/agora.xtec.cat\/ieslluchirafecas\/wp-json\/wp\/v2\/pages"}],"about":[{"href":"https:\/\/agora.xtec.cat\/ieslluchirafecas\/wp-json\/wp\/v2\/types\/page"}],"author":[{"embeddable":true,"href":"https:\/\/agora.xtec.cat\/ieslluchirafecas\/wp-json\/wp\/v2\/users\/24"}],"replies":[{"embeddable":true,"href":"https:\/\/agora.xtec.cat\/ieslluchirafecas\/wp-json\/wp\/v2\/comments?post=13444"}],"version-history":[{"count":6,"href":"https:\/\/agora.xtec.cat\/ieslluchirafecas\/wp-json\/wp\/v2\/pages\/13444\/revisions"}],"predecessor-version":[{"id":13451,"href":"https:\/\/agora.xtec.cat\/ieslluchirafecas\/wp-json\/wp\/v2\/pages\/13444\/revisions\/13451"}],"up":[{"embeddable":true,"href":"https:\/\/agora.xtec.cat\/ieslluchirafecas\/wp-json\/wp\/v2\/pages\/13439"}],"wp:attachment":[{"href":"https:\/\/agora.xtec.cat\/ieslluchirafecas\/wp-json\/wp\/v2\/media?parent=13444"}],"curies":[{"name":"wp","href":"https:\/\/api.w.org\/{rel}","templated":true}]}}