{"id":12860,"date":"2024-10-07T07:38:02","date_gmt":"2024-10-07T05:38:02","guid":{"rendered":"https:\/\/agora.xtec.cat\/ieslluchirafecas\/?page_id=12860"},"modified":"2025-11-04T09:47:51","modified_gmt":"2025-11-04T08:47:51","slug":"programacions-fp","status":"publish","type":"page","link":"https:\/\/agora.xtec.cat\/ieslluchirafecas\/estudis\/cicles-formatius\/programacions-fp\/","title":{"rendered":"Programacions FP"},"content":{"rendered":"<p><b>Sanit\u00e0ria:<\/b><\/p>\n<p><i>1601 &#8211; Cures auxiliars d&#8217;enfermeria:<\/i><\/p>\n<p><a href=\"https:\/\/drive.google.com\/drive\/folders\/1iD4-dGhutihi3-wubTUEZoV78jtg0VrV?usp=sharing\" target=\"_blank\" rel=\"noopener\" data-saferedirecturl=\"https:\/\/www.google.com\/url?q=https:\/\/drive.google.com\/drive\/folders\/1iD4-dGhutihi3-wubTUEZoV78jtg0VrV?usp%3Dsharing&amp;source=gmail&amp;ust=1728365755899000&amp;usg=AOvVaw1qmy4n8ppMRs3ObSJlHQel\">https:\/\/drive.google.com\/<wbr \/>drive\/folders\/1iD4-dGhutihi3-<wbr \/>wubTUEZoV78jtg0VrV?usp=sharing<\/a><\/p>\n<p><i>SA20\u00a0 -Farm\u00e0cia i Parafarm\u00e0cia:<\/i><\/p>\n<p><a href=\"https:\/\/drive.google.com\/drive\/folders\/1-GpC-13jLSFbslRK1hj9ovNToHYE4M4m?usp=sharing\" target=\"_blank\" rel=\"noopener\" data-saferedirecturl=\"https:\/\/www.google.com\/url?q=https:\/\/drive.google.com\/drive\/folders\/1-GpC-13jLSFbslRK1hj9ovNToHYE4M4m?usp%3Dsharing&amp;source=gmail&amp;ust=1728365755899000&amp;usg=AOvVaw2lEh8qD9SSYHC6c-S230an\">https:\/\/drive.google.com\/<wbr \/>drive\/folders\/1-GpC-<wbr \/>13jLSFbslRK1hj9ovNToHYE4M4m?<wbr \/>usp=sharing<\/a><\/p>\n<p><i>PFI &#8211; SA01-Auxiliar de centres sanitaris:<\/i><\/p>\n<p><i>\u00a0<\/i><a href=\"https:\/\/drive.google.com\/drive\/folders\/1uAV0c7_rJgBN6UStca6b_bRHahC5roH3?usp=sharing\" target=\"_blank\" rel=\"noopener\" data-saferedirecturl=\"https:\/\/www.google.com\/url?q=https:\/\/drive.google.com\/drive\/folders\/1uAV0c7_rJgBN6UStca6b_bRHahC5roH3?usp%3Dsharing&amp;source=gmail&amp;ust=1728365755899000&amp;usg=AOvVaw1-F3baGJHBc_IGMKHnE9gb\">https:\/\/drive.google.com\/<wbr \/>drive\/folders\/1uAV0c7_<wbr \/>rJgBN6UStca6b_bRHahC5roH3?usp=<wbr \/>sharing<\/a><i><br \/>\n<\/i><\/p>\n<p>&nbsp;<\/p>\n<p><b>Electricitat i Electr\u00f2nica:<\/b><\/p>\n<p><i>EE10 &#8211; Instal\u00b7lacions el\u00e8ctriques i autom\u00e8tiques:<\/i><\/p>\n<p><i>\u00a0<\/i><a href=\"https:\/\/drive.google.com\/drive\/folders\/1H_aP73ckDhL7HIOFcdhcctUlJSz0v8tg?usp=sharing\" target=\"_blank\" rel=\"noopener\" data-saferedirecturl=\"https:\/\/www.google.com\/url?q=https:\/\/drive.google.com\/drive\/folders\/1H_aP73ckDhL7HIOFcdhcctUlJSz0v8tg?usp%3Dsharing&amp;source=gmail&amp;ust=1728365755899000&amp;usg=AOvVaw1qh5ICNwrvtNuyLp1ro85k\">https:\/\/drive.google.com\/<wbr \/>drive\/folders\/1H_<wbr \/>aP73ckDhL7HIOFcdhcctUlJSz0v8tg<wbr \/>?usp=sharing<\/a><\/p>\n<p><i>EEB0 &#8211; Automatitzaci\u00f3 i rob\u00f2tica Industrial:<\/i><\/p>\n<p><i>\u00a0<\/i><a href=\"https:\/\/drive.google.com\/drive\/folders\/1tTNZ5O4cmSpCBFDCnGLOICckqrC99EQL?usp=sharing\" target=\"_blank\" rel=\"noopener\" data-saferedirecturl=\"https:\/\/www.google.com\/url?q=https:\/\/drive.google.com\/drive\/folders\/1tTNZ5O4cmSpCBFDCnGLOICckqrC99EQL?usp%3Dsharing&amp;source=gmail&amp;ust=1728365755899000&amp;usg=AOvVaw29xiqQGH3eQNPM_KVMqOiy\">https:\/\/drive.google.com\/<wbr \/>drive\/folders\/<wbr \/>1tTNZ5O4cmSpCBFDCnGLOICckqrC99<wbr \/>EQL?usp=sharing<\/a><\/p>\n<p><i>EEA1 &#8211; Sistemes electrot\u00e8cnics i automatitzats:<\/i><\/p>\n<p><i>\u00a0<\/i><a href=\"https:\/\/drive.google.com\/drive\/folders\/19vk6YOu_LGa8Y-Pfkb7Ll3Ooenf_wCou?usp=sharing\" target=\"_blank\" rel=\"noopener\" data-saferedirecturl=\"https:\/\/www.google.com\/url?q=https:\/\/drive.google.com\/drive\/folders\/19vk6YOu_LGa8Y-Pfkb7Ll3Ooenf_wCou?usp%3Dsharing&amp;source=gmail&amp;ust=1728365755899000&amp;usg=AOvVaw1c9OuKkqcYcXUPfVCvTk-b\">https:\/\/drive.google.com\/<wbr \/>drive\/folders\/19vk6YOu_LGa8Y-<wbr \/>Pfkb7Ll3Ooenf_wCou?usp=sharing<\/a><i><br \/>\n<\/i><\/p>\n<p>EE05-Sistemes de senyalitzaci\u00f3 i telecomunicacions ferrovi\u00e0ries<\/p>\n<p><a href=\"https:\/\/drive.google.com\/drive\/folders\/19DrUeZDY7HfJrti0esMUvPPx-YjWf3Zd?usp=drive_link\">https:\/\/drive.google.com\/drive\/folders\/19DrUeZDY7HfJrti0esMUvPPx-YjWf3Zd?usp=drive_link<\/a><\/p>\n<p>&nbsp;<\/p>\n<p><b>Transport i Manteniment de Vehicles:<\/b><\/p>\n<p><i>TM40 &#8211; Manteniment de material rodant ferrovi\u00e0ri:<\/i><\/p>\n<p><i>\u00a0<\/i><a href=\"https:\/\/drive.google.com\/drive\/folders\/1sEp1xoTH-jXGRfMu4Qj6JsT2BESBcAjf?usp=sharing\" target=\"_blank\" rel=\"noopener\" data-saferedirecturl=\"https:\/\/www.google.com\/url?q=https:\/\/drive.google.com\/drive\/folders\/1sEp1xoTH-jXGRfMu4Qj6JsT2BESBcAjf?usp%3Dsharing&amp;source=gmail&amp;ust=1728365755899000&amp;usg=AOvVaw18eEqbfoW-UMuRGrxQEGI7\">https:\/\/drive.google.com\/<wbr \/>drive\/folders\/1sEp1xoTH-<wbr \/>jXGRfMu4Qj6JsT2BESBcAjf?usp=<wbr \/>sharing<\/a><i><br \/>\n<\/i><\/p>\n<p><i>TM60\u00a0 -Manteniment d&#8217;embarcacions d&#8217;ebarjo:<\/i><\/p>\n<p><i>\u00a0<\/i><a href=\"https:\/\/drive.google.com\/drive\/folders\/1MrYdlkD38Lool4hKZzU3vNUIG1-2Dy9Y?usp=sharing\" target=\"_blank\" rel=\"noopener\" data-saferedirecturl=\"https:\/\/www.google.com\/url?q=https:\/\/drive.google.com\/drive\/folders\/1MrYdlkD38Lool4hKZzU3vNUIG1-2Dy9Y?usp%3Dsharing&amp;source=gmail&amp;ust=1728365755899000&amp;usg=AOvVaw1qV0k-te9xhXftyT7rIFOp\">https:\/\/drive.google.com\/<wbr \/>drive\/folders\/<wbr \/>1MrYdlkD38Lool4hKZzU3vNUIG1-<wbr \/>2Dy9Y?usp=sharing<\/a><i><br \/>\n<\/i><\/p>\n<p><em>TM01-Manteniment avan\u00e7at de material rodant ferroviari<\/em><\/p>\n<p><a href=\"https:\/\/drive.google.com\/drive\/folders\/1Lg05658WHdScmJaUQUgoR0O7CfDfyDen?usp=drive_link\">https:\/\/drive.google.com\/drive\/folders\/1Lg05658WHdScmJaUQUgoR0O7CfDfyDen?usp=drive_link<\/a><\/p>\n<p>&nbsp;<\/p>\n<p>I<b>nstal\u00b7lacions i Manteniment:<\/b><\/p>\n<p><em>FM10 &#8211; Fabricaci\u00f3 i muntatge<\/em><\/p>\n<p><a href=\"https:\/\/drive.google.com\/drive\/folders\/1c9oxMSUYA2X9d_aR3Jis1S3eo3E9G79O?usp=drive_link\">https:\/\/drive.google.com\/drive\/folders\/1c9oxMSUYA2X9d_aR3Jis1S3eo3E9G79O?usp=drive_link<\/a><\/p>\n<p><i>IM10 &#8211; Manteniment electromec\u00e0nic:<\/i><\/p>\n<p><a href=\"https:\/\/drive.google.com\/drive\/folders\/1dRF0aTnNv0Dq5QCqRm5ZjsnHbBCSidHe?usp=sharing\" target=\"_blank\" rel=\"noopener\" data-saferedirecturl=\"https:\/\/www.google.com\/url?q=https:\/\/drive.google.com\/drive\/folders\/1dRF0aTnNv0Dq5QCqRm5ZjsnHbBCSidHe?usp%3Dsharing&amp;source=gmail&amp;ust=1728365755899000&amp;usg=AOvVaw07axkdDEqs4llMocyFQVft\">https:\/\/drive.google.com\/<wbr \/>drive\/folders\/<wbr \/>1dRF0aTnNv0Dq5QCqRm5ZjsnHbBCSi<wbr \/>dHe?usp=sharing<\/a><\/p>\n<p><i>IMC0 &#8211; Mecatr\u00f2nica Industrial:<\/i><\/p>\n<p><i>\u00a0<\/i><a href=\"https:\/\/drive.google.com\/drive\/folders\/1isfEycbTNj3x_GkPQRZ8VpZ01CNDjyUy?usp=sharing\" target=\"_blank\" rel=\"noopener\" data-saferedirecturl=\"https:\/\/www.google.com\/url?q=https:\/\/drive.google.com\/drive\/folders\/1isfEycbTNj3x_GkPQRZ8VpZ01CNDjyUy?usp%3Dsharing&amp;source=gmail&amp;ust=1728365755899000&amp;usg=AOvVaw23yOgse-RxxcD2uB9IHsf1\">https:\/\/drive.google.com\/<wbr \/>drive\/folders\/1isfEycbTNj3x_<wbr \/>GkPQRZ8VpZ01CNDjyUy?usp=<wbr \/>sharing<\/a><i><br \/>\n<\/i><\/p>\n<p><i>FM05 &#8211; Fabricaci\u00f3 mec\u00e0nica:<\/i><\/p>\n<p><i>\u00a0<\/i><a href=\"https:\/\/drive.google.com\/drive\/folders\/1vJaHcAXdmZhb12FQ4Rp3qOOXCA7NreV4?usp=sharing\" target=\"_blank\" rel=\"noopener\" data-saferedirecturl=\"https:\/\/www.google.com\/url?q=https:\/\/drive.google.com\/drive\/folders\/1vJaHcAXdmZhb12FQ4Rp3qOOXCA7NreV4?usp%3Dsharing&amp;source=gmail&amp;ust=1728365755899000&amp;usg=AOvVaw2GoCVWd5XZafG1FruauYqP\">https:\/\/drive.google.com\/<wbr \/>drive\/folders\/<wbr \/>1vJaHcAXdmZhb12FQ4Rp3qOOXCA7Nr<wbr \/>eV4?usp=sharing<\/a><i><br \/>\n<\/i><\/p>\n<p>&nbsp;<\/p>\n<p><b>Formaci\u00f3 i Orientaci\u00f3 Laboral i Angl\u00e8s:<\/b><\/p>\n<p><i>FOL\/EIE i IPO1\/IPO2:<\/i><\/p>\n<p><a href=\"https:\/\/drive.google.com\/drive\/folders\/1EIPOElaFeoOwyeP5I8YT81SjbCmT0t8R?usp=sharing\" target=\"_blank\" rel=\"noopener\" data-saferedirecturl=\"https:\/\/www.google.com\/url?q=https:\/\/drive.google.com\/drive\/folders\/1EIPOElaFeoOwyeP5I8YT81SjbCmT0t8R?usp%3Dsharing&amp;source=gmail&amp;ust=1728365755899000&amp;usg=AOvVaw0njnekkrHaJOd0NRxAiD3G\">https:\/\/drive.google.com\/<wbr \/>drive\/folders\/<wbr \/>1EIPOElaFeoOwyeP5I8YT81SjbCmT0<wbr \/>t8R?usp=sharing<\/a><\/p>\n<div>\n<p><i>Angl\u00e8s:<\/i><\/p>\n<p><a href=\"https:\/\/drive.google.com\/drive\/folders\/1VR7MxBFTY3MhTBIKDVNL3kfKurZuIQxD?usp=sharing\" target=\"_blank\" rel=\"noopener\" data-saferedirecturl=\"https:\/\/www.google.com\/url?q=https:\/\/drive.google.com\/drive\/folders\/1VR7MxBFTY3MhTBIKDVNL3kfKurZuIQxD?usp%3Dsharing&amp;source=gmail&amp;ust=1728365755899000&amp;usg=AOvVaw3b6ggjIm_LBvXQjNKz0jnu\">https:\/\/drive.google.com\/<wbr \/>drive\/folders\/<wbr \/>1VR7MxBFTY3MhTBIKDVNL3kfKurZuI<wbr \/>QxD?usp=sharing<\/a><\/p>\n<p>&nbsp;<\/p>\n<\/div>\n<p><script src=\"moz-extension:\/\/f3e5eac6-5e7c-4eb3-9e23-44429eecccaf\/window-inject.js\" type=\"text\/javascript\"><\/script><\/p>\n<p><script src=\"moz-extension:\/\/f3e5eac6-5e7c-4eb3-9e23-44429eecccaf\/window-inject.js\" type=\"text\/javascript\"><\/script><\/p>\n<p><script src=\"moz-extension:\/\/f3e5eac6-5e7c-4eb3-9e23-44429eecccaf\/window-inject.js\" type=\"text\/javascript\"><\/script><\/p>\n","protected":false},"excerpt":{"rendered":"<p>Sanit\u00e0ria:<br \/>\n1601 &#8211; Cures auxiliars d&#8217;enfermeria:<br \/>\n<a href=\"https:\/\/drive.google.com\/drive\/folders\/1iD4-dGhutihi3-wubTUEZoV78jtg0VrV?usp=sharing\" target=\"_blank\" rel=\"noopener\" data-saferedirecturl=\"https:\/\/www.google.com\/url?q=https:\/\/drive.google.com\/drive\/folders\/1iD4-dGhutihi3-wubTUEZoV78jtg0VrV?usp%3Dsharing&amp;source=gmail&amp;ust=1728365755899000&amp;usg=AOvVaw1qmy4n8ppMRs3ObSJlHQel\">https:\/\/drive.google.com\/drive\/folders\/1iD4-dGhutihi3-wubTUEZoV78jtg0VrV?usp=sharing<\/a><br \/>\nSA20\u00a0 -Farm\u00e0cia i Parafarm\u00e0cia:<br \/>\n<a href=\"https:\/\/drive.google.com\/drive\/folders\/1-GpC-13jLSFbslRK1hj9ovNToHYE4M4m?usp=sharing\" target=\"_blank\" rel=\"noopener\" data-saferedirecturl=\"https:\/\/www.google.com\/url?q=https:\/\/drive.google.com\/drive\/folders\/1-GpC-13jLSFbslRK1hj9ovNToHYE4M4m?usp%3Dsharing&amp;source=gmail&amp;ust=1728365755899000&amp;usg=AOvVaw2lEh8qD9SSYHC6c-S230an\">https:\/\/drive.google.com\/drive\/folders\/1-GpC-13jLSFbslRK1hj9ovNToHYE4M4m?usp=sharing<\/a><br \/>\nPFI &#8211; SA01-Auxiliar de centres sanitaris:<br \/>\n\u00a0<a href=\"https:\/\/drive.google.com\/drive\/folders\/1uAV0c7_rJgBN6UStca6b_bRHahC5roH3?usp=sharing\" target=\"_blank\" rel=\"noopener\" data-saferedirecturl=\"https:\/\/www.google.com\/url?q=https:\/\/drive.google.com\/drive\/folders\/1uAV0c7_rJgBN6UStca6b_bRHahC5roH3?usp%3Dsharing&amp;source=gmail&amp;ust=1728365755899000&amp;usg=AOvVaw1-F3baGJHBc_IGMKHnE9gb\">https:\/\/drive.google.com\/drive\/folders\/1uAV0c7_rJgBN6UStca6b_bRHahC5roH3?usp=sharing<\/a><\/p>\n<p>&nbsp;<br \/>\nElectricitat i Electr\u00f2nica:<br \/>\nEE10 &#8211; Instal\u00b7lacions el\u00e8ctriques i autom\u00e8tiques:<br \/>\n\u00a0<a href=\"https:\/\/drive.google.com\/drive\/folders\/1H_aP73ckDhL7HIOFcdhcctUlJSz0v8tg?usp=sharing\" target=\"_blank\" rel=\"noopener\" data-saferedirecturl=\"https:\/\/www.google.com\/url?q=https:\/\/drive.google.com\/drive\/folders\/1H_aP73ckDhL7HIOFcdhcctUlJSz0v8tg?usp%3Dsharing&amp;source=gmail&amp;ust=1728365755899000&amp;usg=AOvVaw1qh5ICNwrvtNuyLp1ro85k\">https:\/\/drive.google.com\/drive\/folders\/1H_aP73ckDhL7HIOFcdhcctUlJSz0v8tg?usp=sharing<\/a><br \/>\nEEB0 &#8211; Automatitzaci\u00f3 i rob\u00f2tica Industrial:<br \/>\n\u00a0<a href=\"https:\/\/drive.google.com\/drive\/folders\/1tTNZ5O4cmSpCBFDCnGLOICckqrC99EQL?usp=sharing\" target=\"_blank\" rel=\"noopener\" data-saferedirecturl=\"https:\/\/www.google.com\/url?q=https:\/\/drive.google.com\/drive\/folders\/1tTNZ5O4cmSpCBFDCnGLOICckqrC99EQL?usp%3Dsharing&amp;source=gmail&amp;ust=1728365755899000&amp;usg=AOvVaw29xiqQGH3eQNPM_KVMqOiy\">https:\/\/drive.google.com\/drive\/folders\/1tTNZ5O4cmSpCBFDCnGLOICckqrC99EQL?usp=sharing<\/a><br \/>\nEEA1&hellip;  <a href=\"https:\/\/agora.xtec.cat\/ieslluchirafecas\/estudis\/cicles-formatius\/programacions-fp\/\" title=\"Read Programacions FP\">Llegeix m\u00e9s\u00bb<\/a><\/p>\n","protected":false},"author":24,"featured_media":0,"parent":632,"menu_order":0,"comment_status":"closed","ping_status":"closed","template":"page-templates\/side-menu.php","meta":{"_bbp_topic_count":0,"_bbp_reply_count":0,"_bbp_total_topic_count":0,"_bbp_total_reply_count":0,"_bbp_voice_count":0,"_bbp_anonymous_reply_count":0,"_bbp_topic_count_hidden":0,"_bbp_reply_count_hidden":0,"_bbp_forum_subforum_count":0,"footnotes":""},"class_list":["post-12860","page","type-page","status-publish","hentry"],"post_mailing_queue_ids":[],"_links":{"self":[{"href":"https:\/\/agora.xtec.cat\/ieslluchirafecas\/wp-json\/wp\/v2\/pages\/12860","targetHints":{"allow":["GET"]}}],"collection":[{"href":"https:\/\/agora.xtec.cat\/ieslluchirafecas\/wp-json\/wp\/v2\/pages"}],"about":[{"href":"https:\/\/agora.xtec.cat\/ieslluchirafecas\/wp-json\/wp\/v2\/types\/page"}],"author":[{"embeddable":true,"href":"https:\/\/agora.xtec.cat\/ieslluchirafecas\/wp-json\/wp\/v2\/users\/24"}],"replies":[{"embeddable":true,"href":"https:\/\/agora.xtec.cat\/ieslluchirafecas\/wp-json\/wp\/v2\/comments?post=12860"}],"version-history":[{"count":6,"href":"https:\/\/agora.xtec.cat\/ieslluchirafecas\/wp-json\/wp\/v2\/pages\/12860\/revisions"}],"predecessor-version":[{"id":14274,"href":"https:\/\/agora.xtec.cat\/ieslluchirafecas\/wp-json\/wp\/v2\/pages\/12860\/revisions\/14274"}],"up":[{"embeddable":true,"href":"https:\/\/agora.xtec.cat\/ieslluchirafecas\/wp-json\/wp\/v2\/pages\/632"}],"wp:attachment":[{"href":"https:\/\/agora.xtec.cat\/ieslluchirafecas\/wp-json\/wp\/v2\/media?parent=12860"}],"curies":[{"name":"wp","href":"https:\/\/api.w.org\/{rel}","templated":true}]}}