{"id":12759,"date":"2024-09-05T11:14:17","date_gmt":"2024-09-05T09:14:17","guid":{"rendered":"https:\/\/agora.xtec.cat\/ieslluchirafecas\/?page_id=12759"},"modified":"2026-03-23T15:20:46","modified_gmt":"2026-03-23T14:20:46","slug":"projecte-biblioteca-escolar","status":"publish","type":"page","link":"https:\/\/agora.xtec.cat\/ieslluchirafecas\/projectes\/projecte-biblioteca-escolar\/","title":{"rendered":"Projecte Biblioteca Escolar (BE)"},"content":{"rendered":"<p><strong>Disponible l&#8217;acc\u00e9s a la nova web de la BE: entorn VEGA<\/strong><\/p>\n<p>Des del dia 18 de mar\u00e7 de 2026, el nostre centre, -el qual participa en la fase 2 d&#8217;actualitzaci\u00f3 del programari de les biblioteques escolars-,\u00a0 t\u00e9 acc\u00e9s a la<b> nova web de la Biblioteca. <\/b>La\u00a0web de consulta ser\u00e0<b> l&#8217;aparador de la biblioteca <\/b>on trobar recomanacions de llibres, tem\u00e0tiques, autors i els esdeveniments al voltant del llibre i la lectura que realitza els nostre centre.<\/p>\n<p>Disposa d&#8217;una <b>part p\u00fablica, <\/b>on tothom pot consultar el fons del qual disposem i una<b> part personal,<\/b> accessible a l&#8217;alumnat i al professorat del centre amb el seu identificador on trobar\u00e0 un espai personal virtual per fer llistats, renovar pr\u00e9stecs, i reservar llibres (La meva prestatgeria). Tamb\u00e9 es podran donar d&#8217;alta usuaris externs.<\/p>\n<p>Esperem que sigui d&#8217;utilitat i potenc\u00efi la lectura en la nostra comunitat educativa.<\/p>\n<p><a href=\"https:\/\/insfrancescxavierlluchirafecas-genedu.eu.iiivega.com\/\" target=\"_blank\" rel=\"noopener\" data-saferedirecturl=\"https:\/\/www.google.com\/url?q=https:\/\/insfrancescxavierlluchirafecas-genedu.eu.iiivega.com\/&amp;source=gmail&amp;ust=1774361816098000&amp;usg=AOvVaw10ByjlmC71xAhlbJQYXXWW\">https:\/\/<wbr \/>insfrancescxavierlluchirafecas<wbr \/>-genedu.eu.iiivega.com\/<\/a><\/p>\n<p><a href=\"https:\/\/drive.google.com\/file\/d\/17w-xiIH89AUm7noEZnZ3B29zJwbEmFFa\/view?usp=sharing\" target=\"_blank\" rel=\"noopener\" data-saferedirecturl=\"https:\/\/www.google.com\/url?q=https:\/\/drive.google.com\/file\/d\/17w-xiIH89AUm7noEZnZ3B29zJwbEmFFa\/view?usp%3Dsharing&amp;source=gmail&amp;ust=1774361816098000&amp;usg=AOvVaw0QyZZO9Ohtq2Cy94y4p5Ya\">Tutorial de l&#8217;usuari VEGA <\/a><\/p>\n<p><b>Migrem d\u2019eP\u00e8rgam a Polaris-Vega, un nou programari de gesti\u00f3 de la BE<\/b><\/p>\n<p>Dintre del <a href=\"https:\/\/drive.google.com\/file\/d\/1VlJB8_BKx42E6zwGMfhlfR1VG7u04M4f\/view?usp=sharing\">Pla de Millora de les Biblioteques Escolars<\/a> (PLAMIB) est\u00e0 previst incorporar un nou programari de gesti\u00f3 de les Biblioteques Escolars dels centres educatius, anomenat <b>Polaris-Vega.<\/b> El curs passat es va fer una<b> prova pilot en 50 centres <\/b>de Catalunya i, enguany, s\u2019est\u00e0 fent la migraci\u00f3 de l\u2019eP\u00e8rgam a Polaris-Vega en <b>500 centres, <\/b>\u00a0entre els quals hi som nosaltres. Ser\u00e0 un gran canvi. La informaci\u00f3 de la biblioteca del nostre centre es preveu que migrar\u00e0 al nou entorn de biblioteca <b>el mar\u00e7 de 2026.<\/b><\/p>\n<p><a href=\"https:\/\/agora.xtec.cat\/ieslluchirafecas\/wp-content\/uploads\/usu330\/2026\/02\/bib1.jpg\"><img loading=\"lazy\" decoding=\"async\" class=\"aligncenter size-full wp-image-14425\" src=\"https:\/\/agora.xtec.cat\/ieslluchirafecas\/wp-content\/uploads\/usu330\/2026\/02\/bib1.jpg\" alt=\"\" width=\"2048\" height=\"872\" srcset=\"https:\/\/agora.xtec.cat\/ieslluchirafecas\/wp-content\/uploads\/usu330\/2026\/02\/bib1.jpg 2048w, https:\/\/agora.xtec.cat\/ieslluchirafecas\/wp-content\/uploads\/usu330\/2026\/02\/bib1-300x128.jpg 300w, https:\/\/agora.xtec.cat\/ieslluchirafecas\/wp-content\/uploads\/usu330\/2026\/02\/bib1-1024x436.jpg 1024w, https:\/\/agora.xtec.cat\/ieslluchirafecas\/wp-content\/uploads\/usu330\/2026\/02\/bib1-768x327.jpg 768w, https:\/\/agora.xtec.cat\/ieslluchirafecas\/wp-content\/uploads\/usu330\/2026\/02\/bib1-1536x654.jpg 1536w\" sizes=\"auto, (max-width: 2048px) 100vw, 2048px\" \/><\/a><\/p>\n<p>Fins ara hem treballat amb el programari<b> eP\u00e8rgam,<\/b> que disposa d\u2019un entorn de consulta i un entorn de biblioteca. Ara, <b>Polaris<\/b> ser\u00e0 l\u2019entorn de biblioteca i l\u2019entorn de consulta ser\u00e0 <b>VEGA<\/b>, l\u2019aparador de la biblioteca, una web accessible per consultar els fons que tenim. Entre les novetats, disposarem d\u2019un carnet d\u2019usuari amb codi de barres i tindrem acc\u00e9s a un espai propi:<b><i> La meva prestatgeria<\/i><\/b>.\u00a0 Aqu\u00ed podem veure les avantatges que donar\u00e0 als usuaris: docents, alumnes i persones de la comunitat educativa.<\/p>\n<p><a href=\"https:\/\/agora.xtec.cat\/ieslluchirafecas\/wp-content\/uploads\/usu330\/2026\/02\/bib2.jpg\"><img loading=\"lazy\" decoding=\"async\" class=\"aligncenter size-full wp-image-14426\" src=\"https:\/\/agora.xtec.cat\/ieslluchirafecas\/wp-content\/uploads\/usu330\/2026\/02\/bib2.jpg\" alt=\"\" width=\"2048\" height=\"576\" srcset=\"https:\/\/agora.xtec.cat\/ieslluchirafecas\/wp-content\/uploads\/usu330\/2026\/02\/bib2.jpg 2048w, https:\/\/agora.xtec.cat\/ieslluchirafecas\/wp-content\/uploads\/usu330\/2026\/02\/bib2-300x84.jpg 300w, https:\/\/agora.xtec.cat\/ieslluchirafecas\/wp-content\/uploads\/usu330\/2026\/02\/bib2-1024x288.jpg 1024w, https:\/\/agora.xtec.cat\/ieslluchirafecas\/wp-content\/uploads\/usu330\/2026\/02\/bib2-768x216.jpg 768w, https:\/\/agora.xtec.cat\/ieslluchirafecas\/wp-content\/uploads\/usu330\/2026\/02\/bib2-1536x432.jpg 1536w\" sizes=\"auto, (max-width: 2048px) 100vw, 2048px\" \/><\/a><\/p>\n<p>Tan aviat com estigui accessible, us informarem. Ara estem treballant en la formaci\u00f3 per con\u00e8ixer el funcionament del nou programari.<\/p>\n<p>&nbsp;<\/p>\n<p><strong>Coneix la Biblioteca Escolar del centre<\/strong><\/p>\n<p><strong><a href=\"https:\/\/agora.xtec.cat\/ieslluchirafecas\/wp-content\/uploads\/usu330\/2024\/09\/Biblioteca_Rafecas-scaled.jpg\"><img loading=\"lazy\" decoding=\"async\" class=\"aligncenter wp-image-12762 size-medium\" src=\"https:\/\/agora.xtec.cat\/ieslluchirafecas\/wp-content\/uploads\/usu330\/2024\/09\/Biblioteca_Rafecas-300x226.jpg\" alt=\"\" width=\"300\" height=\"226\" srcset=\"https:\/\/agora.xtec.cat\/ieslluchirafecas\/wp-content\/uploads\/usu330\/2024\/09\/Biblioteca_Rafecas-300x226.jpg 300w, https:\/\/agora.xtec.cat\/ieslluchirafecas\/wp-content\/uploads\/usu330\/2024\/09\/Biblioteca_Rafecas-1024x771.jpg 1024w, https:\/\/agora.xtec.cat\/ieslluchirafecas\/wp-content\/uploads\/usu330\/2024\/09\/Biblioteca_Rafecas-768x578.jpg 768w, https:\/\/agora.xtec.cat\/ieslluchirafecas\/wp-content\/uploads\/usu330\/2024\/09\/Biblioteca_Rafecas-1536x1157.jpg 1536w, https:\/\/agora.xtec.cat\/ieslluchirafecas\/wp-content\/uploads\/usu330\/2024\/09\/Biblioteca_Rafecas-2048x1542.jpg 2048w, https:\/\/agora.xtec.cat\/ieslluchirafecas\/wp-content\/uploads\/usu330\/2024\/09\/Biblioteca_Rafecas-200x150.jpg 200w\" sizes=\"auto, (max-width: 300px) 100vw, 300px\" \/><\/a><\/strong><\/p>\n<p>\u201c<em>Som \u00e9ssers entreteixits de relats, brodats amb fils de veus, d\u2019hist\u00f2ria, de filosofia i de ci\u00e8ncia, de lleis i de llegendes. Per aix\u00f2, la lectura ens continuar\u00e0 cuidant si la cuidem. No pot desapar\u00e8ixer all\u00f2 que ens salva. Els llibres ens recorden, serens i sempre disposats a desplegar-se davant dels nostres ulls, que la salut de les paraules arrela a les editorials, a les llibreries, als cercles de lectures compartides, a les biblioteques, a les escoles. \u00c9s all\u00e0 on imaginem el futur que ens uneix<\/em>.\u201d<\/p>\n<p style=\"text-align: right;\">Vallejo, Irene. Manifest per la lectura. Ed. Destino<\/p>\n<p>El nostre institut disposa d&#8217;una preciosa biblioteca la qual forma part de la <strong>Xarxa de biblioteques escolars de Catalunya<\/strong>. En el seu origen va participar en el programa inicial La biblioteca escolar &#8220;puntedu&#8221; creat per impulsar i consolidar el funcionament de la biblioteca com a eina b\u00e0sica d&#8217;aprenentatge en el desenvolupament de totes les \u00e0rees, per fomentar l&#8217;h\u00e0bit de la lectura i la recerca i per treballar el tractament i l&#8217;\u00fas de la informaci\u00f3, amb l&#8217;objectiu de fer de la biblioteca un servei, un recurs per als professors i un espai obert a tota la comunitat educativa.<\/p>\n<p>El programa de les biblioteques escolars continua actualitzant-se per donar resposta a les necessitats actuals estructurat en cinc \u00e0mbits: l&#8217;organitzaci\u00f3 de la informaci\u00f3 i del fons documental, l&#8217;alfabetitzaci\u00f3 informacional i medi\u00e0tica (AMI), el pla de lectura del centre, la dinamitzaci\u00f3 dels serveis i recursos i les biblioteques d&#8217;aula.<\/p>\n<p>Des d&#8217;aqu\u00ed us convidem a fer-ne un bon \u00fas, en ella trobareu un important fons documental i literari que cada curs es va ampliant, un espai de lectura, de treball i de creaci\u00f3. Disposem de les lectures obligat\u00f2ries i algunes de les novetats de les publicacions m\u00e9s recents.<\/p>\n<p>Per consultar el fons catalogat i disposar del servei de pr\u00e9stec podeu entrar a:<\/p>\n<p><a href=\"https:\/\/aplicacions.gestioeducativa.gencat.cat\/epergam\/web\/biblioteca.jsp\">https:\/\/aplicacions.gestioeducativa.gencat.cat\/epergam\/web\/biblioteca.jsp<\/a><\/p>\n<p>&nbsp;<\/p>\n<p><script src=\"moz-extension:\/\/0f09432f-7e45-49a5-89be-5b0f5b391c39\/window-inject.js\" type=\"text\/javascript\"><\/script><\/p>\n","protected":false},"excerpt":{"rendered":"<p>Disponible l&#8217;acc\u00e9s a la nova web de la BE: entorn VEGA<br \/>\nDes del dia 18 de mar\u00e7 de 2026, el nostre centre, -el qual participa en la fase 2 d&#8217;actualitzaci\u00f3 del programari de les biblioteques escolars-,\u00a0 t\u00e9 acc\u00e9s a la nova web de la Biblioteca. La\u00a0web&hellip;  <a href=\"https:\/\/agora.xtec.cat\/ieslluchirafecas\/projectes\/projecte-biblioteca-escolar\/\" title=\"Read Projecte Biblioteca Escolar (BE)\">Llegeix m\u00e9s\u00bb<\/a><\/p>\n","protected":false},"author":24,"featured_media":0,"parent":1785,"menu_order":0,"comment_status":"closed","ping_status":"closed","template":"","meta":{"_bbp_topic_count":0,"_bbp_reply_count":0,"_bbp_total_topic_count":0,"_bbp_total_reply_count":0,"_bbp_voice_count":0,"_bbp_anonymous_reply_count":0,"_bbp_topic_count_hidden":0,"_bbp_reply_count_hidden":0,"_bbp_forum_subforum_count":0,"footnotes":""},"class_list":["post-12759","page","type-page","status-publish","hentry"],"post_mailing_queue_ids":[],"_links":{"self":[{"href":"https:\/\/agora.xtec.cat\/ieslluchirafecas\/wp-json\/wp\/v2\/pages\/12759","targetHints":{"allow":["GET"]}}],"collection":[{"href":"https:\/\/agora.xtec.cat\/ieslluchirafecas\/wp-json\/wp\/v2\/pages"}],"about":[{"href":"https:\/\/agora.xtec.cat\/ieslluchirafecas\/wp-json\/wp\/v2\/types\/page"}],"author":[{"embeddable":true,"href":"https:\/\/agora.xtec.cat\/ieslluchirafecas\/wp-json\/wp\/v2\/users\/24"}],"replies":[{"embeddable":true,"href":"https:\/\/agora.xtec.cat\/ieslluchirafecas\/wp-json\/wp\/v2\/comments?post=12759"}],"version-history":[{"count":6,"href":"https:\/\/agora.xtec.cat\/ieslluchirafecas\/wp-json\/wp\/v2\/pages\/12759\/revisions"}],"predecessor-version":[{"id":14681,"href":"https:\/\/agora.xtec.cat\/ieslluchirafecas\/wp-json\/wp\/v2\/pages\/12759\/revisions\/14681"}],"up":[{"embeddable":true,"href":"https:\/\/agora.xtec.cat\/ieslluchirafecas\/wp-json\/wp\/v2\/pages\/1785"}],"wp:attachment":[{"href":"https:\/\/agora.xtec.cat\/ieslluchirafecas\/wp-json\/wp\/v2\/media?parent=12759"}],"curies":[{"name":"wp","href":"https:\/\/api.w.org\/{rel}","templated":true}]}}