{"id":12756,"date":"2024-09-05T11:06:53","date_gmt":"2024-09-05T09:06:53","guid":{"rendered":"https:\/\/agora.xtec.cat\/ieslluchirafecas\/?page_id=12756"},"modified":"2026-03-13T07:50:08","modified_gmt":"2026-03-13T06:50:08","slug":"pla-dimpuls-a-la-lectura","status":"publish","type":"page","link":"https:\/\/agora.xtec.cat\/ieslluchirafecas\/projectes\/pla-dimpuls-a-la-lectura\/","title":{"rendered":"Pla d&#8217;impuls a la lectura"},"content":{"rendered":"<h2>Menjallibres 2n d&#8217;ESO. Trobada amb el Toni Galm\u00e9s<\/h2>\n<p>Dijous 12 de mar\u00e7, els alumnes de 2n d&#8217;ESO es van trobar a l&#8217;auditori Eduard Toldr\u00e0\u00a0 amb amb l&#8217;il\u00b7lustrador mallorqu\u00ed Toni Galm\u00e9s. El seu llibre ha estat un \u00e8xit a Fran\u00e7a i aqu\u00ed. Ens ha explicat com la trobada amb la guionista Marion Achard, va crear la m\u00e0gia de contar en imatges una hist\u00f2ria basada en el testimoni real de\u00a0Lisou i la seva germana major Mylaine, nascudes en el si d\u2019una fam\u00edlia jueva, que van haver d\u2019amagar-se amb els seus pares en una caseta de les muntanyes per a protegir-se dels horrors que a poc a poc es van anar anae estenent per Fran\u00e7a.\u00a0Per\u00f2 la guerra les va trobar i, durant les grans batudes de 1944, Mylaine va ser arrestada pels nazis, separant-la de la petita Lisou, qui va escapar.<\/p>\n<p>Un c\u00f2mic en dos volums que ha captivat a tots i totes les lectores.\u00a0 Un L&#8217;alumnat dels diferents instituts ha estat molt curi\u00f3s i participatiu. Els ha explicat com la seva vocaci\u00f3 d&#8217;historietista\u00a0va comen\u00e7ar als 13 anys despr\u00e9s de llegir un c\u00f2mic i com per reunir les 600 il\u00b7lustracions que veiem al llibre n&#8217;ha fet molt\u00edssimes m\u00e9s. Ens ha parlat dels seus projectes, de com treballa, de la trobada amb les centen\u00e0ries protoganistes\u00a0que van estar meravellases\u00a0de com es\u00a0va explicar la seva hist\u00f2ria, sobretot per fer-la arribar al joves el que va passar i que de com gaudeix de trobar-se amb els lectors i lectores. Ens ha dedicat els llibres amb uns dibuixos de la Lisou genials. Mil gr\u00e0cies!<\/p>\n<p>Ara volem seguir llegint la hist\u00f2ria de Mylaine i ja estem pensat en crear un booktr\u00e0iler!<\/p>\n<p>&nbsp;<\/p>\n\r\n\t<div class=\"slideshow_container slideshow_container_style-light\" style=\"height: 600px; \" data-slideshow-id=\"14604\" data-style-name=\"style-light\" data-style-version=\"2.3.1\" >\r\n\r\n\t\t\t\t\t<div class=\"slideshow_loading_icon\"><\/div>\r\n\t\t\r\n\t\t<div class=\"slideshow_content\" style=\"display: none;\">\r\n\r\n\t\t\t<div class=\"slideshow_view\">\r\n\t\t\t\t<div class=\"slideshow_slide slideshow_slide_image\">\r\n\t\t\t\t\t\t\t\t\t\t\t<img src=\"https:\/\/agora.xtec.cat\/ieslluchirafecas\/wp-content\/uploads\/usu330\/2026\/03\/1-1.jpg\" alt=\"1\" width=\"1080\" height=\"1080\" \/>\r\n\t\t\t\t\t\t\t\t\t\t<div class=\"slideshow_description_box slideshow_transparent\">\r\n\t\t\t\t\t\t<div class=\"slideshow_title\">1<\/div>\t\t\t\t\t\t\t\t\t\t\t<\/div>\r\n\t\t\t\t<\/div>\r\n\r\n\t\t\t\t\t\t<div style=\"clear: both;\"><\/div><\/div><div class=\"slideshow_view\">\r\n\t\t\t\t<div class=\"slideshow_slide slideshow_slide_image\">\r\n\t\t\t\t\t\t\t\t\t\t\t<img src=\"https:\/\/agora.xtec.cat\/ieslluchirafecas\/wp-content\/uploads\/usu330\/2026\/03\/2-1.jpg\" alt=\"2\" width=\"1080\" height=\"1080\" \/>\r\n\t\t\t\t\t\t\t\t\t\t<div class=\"slideshow_description_box slideshow_transparent\">\r\n\t\t\t\t\t\t<div class=\"slideshow_title\">2<\/div>\t\t\t\t\t\t\t\t\t\t\t<\/div>\r\n\t\t\t\t<\/div>\r\n\r\n\t\t\t\t\t\t<div style=\"clear: both;\"><\/div><\/div><div class=\"slideshow_view\">\r\n\t\t\t\t<div class=\"slideshow_slide slideshow_slide_image\">\r\n\t\t\t\t\t\t\t\t\t\t\t<img src=\"https:\/\/agora.xtec.cat\/ieslluchirafecas\/wp-content\/uploads\/usu330\/2026\/03\/3-1.jpg\" alt=\"3\" width=\"1080\" height=\"1080\" \/>\r\n\t\t\t\t\t\t\t\t\t\t<div class=\"slideshow_description_box slideshow_transparent\">\r\n\t\t\t\t\t\t<div class=\"slideshow_title\">3<\/div>\t\t\t\t\t\t\t\t\t\t\t<\/div>\r\n\t\t\t\t<\/div>\r\n\r\n\t\t\t\t\t\t<div style=\"clear: both;\"><\/div><\/div><div class=\"slideshow_view\">\r\n\t\t\t\t<div class=\"slideshow_slide slideshow_slide_image\">\r\n\t\t\t\t\t\t\t\t\t\t\t<img src=\"https:\/\/agora.xtec.cat\/ieslluchirafecas\/wp-content\/uploads\/usu330\/2026\/03\/4.jpg\" alt=\"4\" width=\"1080\" height=\"1080\" \/>\r\n\t\t\t\t\t\t\t\t\t\t<div class=\"slideshow_description_box slideshow_transparent\">\r\n\t\t\t\t\t\t<div class=\"slideshow_title\">4<\/div>\t\t\t\t\t\t\t\t\t\t\t<\/div>\r\n\t\t\t\t<\/div>\r\n\r\n\t\t\t\t\t\t<div style=\"clear: both;\"><\/div><\/div><div class=\"slideshow_view\">\r\n\t\t\t\t<div class=\"slideshow_slide slideshow_slide_image\">\r\n\t\t\t\t\t\t\t\t\t\t\t<img src=\"https:\/\/agora.xtec.cat\/ieslluchirafecas\/wp-content\/uploads\/usu330\/2026\/03\/5.jpg\" alt=\"5\" width=\"1080\" height=\"1080\" \/>\r\n\t\t\t\t\t\t\t\t\t\t<div class=\"slideshow_description_box slideshow_transparent\">\r\n\t\t\t\t\t\t<div class=\"slideshow_title\">5<\/div>\t\t\t\t\t\t\t\t\t\t\t<\/div>\r\n\t\t\t\t<\/div>\r\n\r\n\t\t\t\t\t\t<div style=\"clear: both;\"><\/div><\/div><div class=\"slideshow_view\">\r\n\t\t\t\t<div class=\"slideshow_slide slideshow_slide_image\">\r\n\t\t\t\t\t\t\t\t\t\t\t<img src=\"https:\/\/agora.xtec.cat\/ieslluchirafecas\/wp-content\/uploads\/usu330\/2026\/03\/6.jpg\" alt=\"6\" width=\"1080\" height=\"1080\" \/>\r\n\t\t\t\t\t\t\t\t\t\t<div class=\"slideshow_description_box slideshow_transparent\">\r\n\t\t\t\t\t\t<div class=\"slideshow_title\">6<\/div>\t\t\t\t\t\t\t\t\t\t\t<\/div>\r\n\t\t\t\t<\/div>\r\n\r\n\t\t\t\t\t\t<div style=\"clear: both;\"><\/div><\/div><div class=\"slideshow_view\">\r\n\t\t\t\t<div class=\"slideshow_slide slideshow_slide_image\">\r\n\t\t\t\t\t\t\t\t\t\t\t<img src=\"https:\/\/agora.xtec.cat\/ieslluchirafecas\/wp-content\/uploads\/usu330\/2026\/03\/7.jpg\" alt=\"7\" width=\"1080\" height=\"1080\" \/>\r\n\t\t\t\t\t\t\t\t\t\t<div class=\"slideshow_description_box slideshow_transparent\">\r\n\t\t\t\t\t\t<div class=\"slideshow_title\">7<\/div>\t\t\t\t\t\t\t\t\t\t\t<\/div>\r\n\t\t\t\t<\/div>\r\n\r\n\t\t\t\t\t\t<div style=\"clear: both;\"><\/div><\/div><div class=\"slideshow_view\">\r\n\t\t\t\t<div class=\"slideshow_slide slideshow_slide_image\">\r\n\t\t\t\t\t\t\t\t\t\t\t<img src=\"https:\/\/agora.xtec.cat\/ieslluchirafecas\/wp-content\/uploads\/usu330\/2026\/03\/8.jpg\" alt=\"8\" width=\"1080\" height=\"1080\" \/>\r\n\t\t\t\t\t\t\t\t\t\t<div class=\"slideshow_description_box slideshow_transparent\">\r\n\t\t\t\t\t\t<div class=\"slideshow_title\">8<\/div>\t\t\t\t\t\t\t\t\t\t\t<\/div>\r\n\t\t\t\t<\/div>\r\n\r\n\t\t\t\t\t\t<div style=\"clear: both;\"><\/div><\/div><div class=\"slideshow_view\">\r\n\t\t\t\t<div class=\"slideshow_slide slideshow_slide_image\">\r\n\t\t\t\t\t\t\t\t\t\t\t<img src=\"https:\/\/agora.xtec.cat\/ieslluchirafecas\/wp-content\/uploads\/usu330\/2026\/03\/9.jpg\" alt=\"9\" width=\"1080\" height=\"1080\" \/>\r\n\t\t\t\t\t\t\t\t\t\t<div class=\"slideshow_description_box slideshow_transparent\">\r\n\t\t\t\t\t\t<div class=\"slideshow_title\">9<\/div>\t\t\t\t\t\t\t\t\t\t\t<\/div>\r\n\t\t\t\t<\/div>\r\n\r\n\t\t\t\t\t\t<div style=\"clear: both;\"><\/div><\/div><div class=\"slideshow_view\">\r\n\t\t\t\t<div class=\"slideshow_slide slideshow_slide_image\">\r\n\t\t\t\t\t\t\t\t\t\t\t<img src=\"https:\/\/agora.xtec.cat\/ieslluchirafecas\/wp-content\/uploads\/usu330\/2026\/03\/10.jpg\" alt=\"10\" width=\"1080\" height=\"1080\" \/>\r\n\t\t\t\t\t\t\t\t\t\t<div class=\"slideshow_description_box slideshow_transparent\">\r\n\t\t\t\t\t\t<div class=\"slideshow_title\">10<\/div>\t\t\t\t\t\t\t\t\t\t\t<\/div>\r\n\t\t\t\t<\/div>\r\n\r\n\t\t\t\t\t\t<div style=\"clear: both;\"><\/div><\/div><div class=\"slideshow_view\">\r\n\t\t\t\t<div class=\"slideshow_slide slideshow_slide_image\">\r\n\t\t\t\t\t\t\t\t\t\t\t<img src=\"https:\/\/agora.xtec.cat\/ieslluchirafecas\/wp-content\/uploads\/usu330\/2026\/03\/11.jpg\" alt=\"11\" width=\"1080\" height=\"1080\" \/>\r\n\t\t\t\t\t\t\t\t\t\t<div class=\"slideshow_description_box slideshow_transparent\">\r\n\t\t\t\t\t\t<div class=\"slideshow_title\">11<\/div>\t\t\t\t\t\t\t\t\t\t\t<\/div>\r\n\t\t\t\t<\/div>\r\n\r\n\t\t\t\t\t\t<div style=\"clear: both;\"><\/div><\/div><div class=\"slideshow_view\">\r\n\t\t\t\t<div class=\"slideshow_slide slideshow_slide_image\">\r\n\t\t\t\t\t\t\t\t\t\t\t<img src=\"https:\/\/agora.xtec.cat\/ieslluchirafecas\/wp-content\/uploads\/usu330\/2026\/03\/12.jpg\" alt=\"12\" width=\"1080\" height=\"1080\" \/>\r\n\t\t\t\t\t\t\t\t\t\t<div class=\"slideshow_description_box slideshow_transparent\">\r\n\t\t\t\t\t\t<div class=\"slideshow_title\">12<\/div>\t\t\t\t\t\t\t\t\t\t\t<\/div>\r\n\t\t\t\t<\/div>\r\n\r\n\t\t\t\t\t\t<div style=\"clear: both;\"><\/div><\/div>\r\n\t\t<\/div>\r\n\r\n\t\t<div class=\"slideshow_controlPanel slideshow_transparent\" style=\"display: none;\"><ul><li class=\"slideshow_togglePlay\" data-play-text=\"Visualitza\" data-pause-text=\"Pausa\"><\/li><\/ul><\/div>\r\n\r\n\t\t<div class=\"slideshow_button slideshow_previous slideshow_transparent\" role=\"button\" data-previous-text=\"Anterior\" style=\"display: none;\"><\/div>\r\n\t\t<div class=\"slideshow_button slideshow_next slideshow_transparent\" role=\"button\" data-next-text=\"Seg\u00fcent\" style=\"display: none;\"><\/div>\r\n\r\n\t\t<div class=\"slideshow_pagination\" style=\"display: none;\" data-go-to-text=\"V\u00e9s a la diapositiva\"><div class=\"slideshow_pagination_center\"><\/div><\/div>\r\n\r\n\t\t<!-- WordPress Slideshow Version 2.3.1 -->\r\n\r\n\t\t\t<\/div>\r\n\r\n\n<h2>XXII Certamen de lectura en Veu Alta. Semifinal Garraf<\/h2>\n<p>El passat dia 26 de febrer, els alumnes representants de 2n i de 4t d&#8217;ESO van participar en la semifinal del Garraf del XXII Certamen de Lectura en Veu Alta al Teatre de la B\u00f2bila a Roquetes (Sant Pere de Ribes).\u00a0 Els alumnes van llegir a l&#8217;aula d&#8217;acollida, en format lectura f\u00e0cil,\u00a0<i><b>L&#8217;Anticlub <\/b><\/i>d&#8217;\u00c0ngel Burgas, una hist\u00f2ria d&#8217;amistat i just\u00edcia; en 2n d&#8217;ESO\u00a0 l&#8217;<i><b>Odissea <\/b><\/i>de Meritxell Blay, una excel\u00b7lent adaptaci\u00f3 narrada en primera persona de les aventures de l&#8217;heroi Odisseu i l<i>&#8216;Evoluci\u00f3 de la Calpurnia Tate <\/i>a 4t d&#8217;ESO,\u00a0la hist\u00f2ria d&#8217;una jove cient\u00edfica que explora el m\u00f3n natural alhora que desafia els rols de g\u00e8nere del s. XIX als EEUU.<\/p>\n<p>Agra\u00efm l&#8217;entusiasme i la voluntat que han mostrat els nostres alumnes per formar part d&#8217;aquesta experi\u00e8ncia lectora posant-li veu als textos. Enhorabona! Participar ja \u00e9s guanyar una experi\u00e8ncia i \u00e9s saber que formeu part d&#8217;una amplia comunitat lectora. Llegir pels altres \u00e9s sempre un acte de generositat que ens fa recuperar el sentit de comunitat i la confian\u00e7a en el poder que tenim com a lectors i lectores.<\/p>\n<p>Gr\u00e0cies!<\/p>\n<h2>\r\n\t<div class=\"slideshow_container slideshow_container_style-light\" style=\"height: 600px; \" data-slideshow-id=\"14537\" data-style-name=\"style-light\" data-style-version=\"2.3.1\" >\r\n\r\n\t\t\t\t\t<div class=\"slideshow_loading_icon\"><\/div>\r\n\t\t\r\n\t\t<div class=\"slideshow_content\" style=\"display: none;\">\r\n\r\n\t\t\t<div class=\"slideshow_view\">\r\n\t\t\t\t<div class=\"slideshow_slide slideshow_slide_image\">\r\n\t\t\t\t\t\t\t\t\t\t\t<img src=\"https:\/\/agora.xtec.cat\/ieslluchirafecas\/wp-content\/uploads\/usu330\/2026\/03\/1.jpg\" alt=\"1\" width=\"1000\" height=\"1000\" \/>\r\n\t\t\t\t\t\t\t\t\t\t<div class=\"slideshow_description_box slideshow_transparent\">\r\n\t\t\t\t\t\t<div class=\"slideshow_title\">1<\/div>\t\t\t\t\t\t\t\t\t\t\t<\/div>\r\n\t\t\t\t<\/div>\r\n\r\n\t\t\t\t\t\t<div style=\"clear: both;\"><\/div><\/div><div class=\"slideshow_view\">\r\n\t\t\t\t<div class=\"slideshow_slide slideshow_slide_image\">\r\n\t\t\t\t\t\t\t\t\t\t\t<img src=\"https:\/\/agora.xtec.cat\/ieslluchirafecas\/wp-content\/uploads\/usu330\/2026\/03\/2.jpg\" alt=\"2\" width=\"1000\" height=\"1000\" \/>\r\n\t\t\t\t\t\t\t\t\t\t<div class=\"slideshow_description_box slideshow_transparent\">\r\n\t\t\t\t\t\t<div class=\"slideshow_title\">2<\/div>\t\t\t\t\t\t\t\t\t\t\t<\/div>\r\n\t\t\t\t<\/div>\r\n\r\n\t\t\t\t\t\t<div style=\"clear: both;\"><\/div><\/div><div class=\"slideshow_view\">\r\n\t\t\t\t<div class=\"slideshow_slide slideshow_slide_image\">\r\n\t\t\t\t\t\t\t\t\t\t\t<img src=\"https:\/\/agora.xtec.cat\/ieslluchirafecas\/wp-content\/uploads\/usu330\/2026\/03\/3.jpg\" alt=\"3\" width=\"1000\" height=\"1000\" \/>\r\n\t\t\t\t\t\t\t\t\t\t<div class=\"slideshow_description_box slideshow_transparent\">\r\n\t\t\t\t\t\t<div class=\"slideshow_title\">3<\/div>\t\t\t\t\t\t\t\t\t\t\t<\/div>\r\n\t\t\t\t<\/div>\r\n\r\n\t\t\t\t\t\t<div style=\"clear: both;\"><\/div><\/div>\r\n\t\t<\/div>\r\n\r\n\t\t<div class=\"slideshow_controlPanel slideshow_transparent\" style=\"display: none;\"><ul><li class=\"slideshow_togglePlay\" data-play-text=\"Visualitza\" data-pause-text=\"Pausa\"><\/li><\/ul><\/div>\r\n\r\n\t\t<div class=\"slideshow_button slideshow_previous slideshow_transparent\" role=\"button\" data-previous-text=\"Anterior\" style=\"display: none;\"><\/div>\r\n\t\t<div class=\"slideshow_button slideshow_next slideshow_transparent\" role=\"button\" data-next-text=\"Seg\u00fcent\" style=\"display: none;\"><\/div>\r\n\r\n\t\t<div class=\"slideshow_pagination\" style=\"display: none;\" data-go-to-text=\"V\u00e9s a la diapositiva\"><div class=\"slideshow_pagination_center\"><\/div><\/div>\r\n\r\n\t\t<!-- WordPress Slideshow Version 2.3.1 -->\r\n\r\n\t\t\t<\/div>\r\n\r\n<\/h2>\n<h2>Lectures finalistes del Premi Menjallibres Curs 24\/25<\/h2>\n<p>Un any m\u00e9s, des del Departament de Lleng\u00fces, participem en el projecte <em><span style=\"color: #ff0000;\"><strong>Premi Menjallibres<\/strong><\/span><\/em> que el Servei d&#8217;Educaci\u00f3 de l&#8217;IMET i la Regidoria de Cultura (a trav\u00e9s de la Xarxa Municipal de Biblioteques &#8211; XBMVNG) convoca. Aquest projecte est\u00e0 dins del <strong>Pla d\u2019Animaci\u00f3 de la Lectura (PAL)<\/strong> per a joves de secund\u00e0ria (entre els 12 i 16 anys) de Vilanova.<\/p>\n<p>La participaci\u00f3 en el Premi permet que el nostre alumnat s&#8217;apropi a la lectura d&#8217;una forma m\u00e9s l\u00fadica i participativa, compartint lectures proposades, valorant la seva qualitat i trobant-se amb els autors i els lectors en sessions presencials al llarg del curs. Finalment, triaran quin dels tres autors ser\u00e0 el guanyador de cada cicle en la final. A m\u00e9s es proposa paral\u00b7lelament un <span style=\"color: #ffcc00;\"><em><strong>Concurs de Booktrailers<\/strong><\/em><\/span>, en el qual podran presentar les seves creacions tots els estudiants que participen al Premi.<\/p>\n<p><a href=\"http:\/\/premimenjallibres.vilanova.cat\/\">http:\/\/premimenjallibres.vilanova.cat\/<\/a><\/p>\n<p>Animeu-vos a participar-hi! Tots i totes guanyareu universos literaris i experi\u00e8ncies compartides amb lectors i autors.<\/p>\n<table style=\"border-collapse: collapse; width: 100%;\">\n<tbody>\n<tr>\n<td style=\"width: 50%;\"><a href=\"https:\/\/agora.xtec.cat\/ieslluchirafecas\/wp-content\/uploads\/usu330\/2024\/09\/Menjallibres.-1rCicle.Lectures-1.jpg\"><img loading=\"lazy\" decoding=\"async\" class=\"aligncenter wp-image-12845\" src=\"https:\/\/agora.xtec.cat\/ieslluchirafecas\/wp-content\/uploads\/usu330\/2024\/09\/Menjallibres.-1rCicle.Lectures-1-300x169.jpg\" alt=\"\" width=\"600\" height=\"338\" srcset=\"https:\/\/agora.xtec.cat\/ieslluchirafecas\/wp-content\/uploads\/usu330\/2024\/09\/Menjallibres.-1rCicle.Lectures-1-300x169.jpg 300w, https:\/\/agora.xtec.cat\/ieslluchirafecas\/wp-content\/uploads\/usu330\/2024\/09\/Menjallibres.-1rCicle.Lectures-1-1024x576.jpg 1024w, https:\/\/agora.xtec.cat\/ieslluchirafecas\/wp-content\/uploads\/usu330\/2024\/09\/Menjallibres.-1rCicle.Lectures-1-768x432.jpg 768w, https:\/\/agora.xtec.cat\/ieslluchirafecas\/wp-content\/uploads\/usu330\/2024\/09\/Menjallibres.-1rCicle.Lectures-1-1536x864.jpg 1536w, https:\/\/agora.xtec.cat\/ieslluchirafecas\/wp-content\/uploads\/usu330\/2024\/09\/Menjallibres.-1rCicle.Lectures-1.jpg 1920w\" sizes=\"auto, (max-width: 600px) 100vw, 600px\" \/><\/a><\/td>\n<td style=\"width: 50%;\"><a href=\"https:\/\/agora.xtec.cat\/ieslluchirafecas\/wp-content\/uploads\/usu330\/2024\/09\/Menjallibres2ncicle.jpg\"><img loading=\"lazy\" decoding=\"async\" class=\"aligncenter wp-image-12841\" src=\"https:\/\/agora.xtec.cat\/ieslluchirafecas\/wp-content\/uploads\/usu330\/2024\/09\/Menjallibres2ncicle-300x169.jpg\" alt=\"\" width=\"600\" height=\"338\" srcset=\"https:\/\/agora.xtec.cat\/ieslluchirafecas\/wp-content\/uploads\/usu330\/2024\/09\/Menjallibres2ncicle-300x169.jpg 300w, https:\/\/agora.xtec.cat\/ieslluchirafecas\/wp-content\/uploads\/usu330\/2024\/09\/Menjallibres2ncicle-1024x576.jpg 1024w, https:\/\/agora.xtec.cat\/ieslluchirafecas\/wp-content\/uploads\/usu330\/2024\/09\/Menjallibres2ncicle-768x432.jpg 768w, https:\/\/agora.xtec.cat\/ieslluchirafecas\/wp-content\/uploads\/usu330\/2024\/09\/Menjallibres2ncicle-1536x864.jpg 1536w, https:\/\/agora.xtec.cat\/ieslluchirafecas\/wp-content\/uploads\/usu330\/2024\/09\/Menjallibres2ncicle.jpg 1920w\" sizes=\"auto, (max-width: 600px) 100vw, 600px\" \/><\/a><\/td>\n<\/tr>\n<\/tbody>\n<\/table>\n<p>&nbsp;<\/p>\n<h2>EL GUST PER LA LECTURA<\/h2>\n<p><a href=\"https:\/\/agora.xtec.cat\/ieslluchirafecas\/wp-content\/uploads\/usu330\/2024\/09\/LLibres-pla-lector-1r-2n.jpg\"><img loading=\"lazy\" decoding=\"async\" class=\"aligncenter wp-image-12785 size-full\" src=\"https:\/\/agora.xtec.cat\/ieslluchirafecas\/wp-content\/uploads\/usu330\/2024\/09\/LLibres-pla-lector-1r-2n.jpg\" alt=\"\" width=\"842\" height=\"595\" srcset=\"https:\/\/agora.xtec.cat\/ieslluchirafecas\/wp-content\/uploads\/usu330\/2024\/09\/LLibres-pla-lector-1r-2n.jpg 842w, https:\/\/agora.xtec.cat\/ieslluchirafecas\/wp-content\/uploads\/usu330\/2024\/09\/LLibres-pla-lector-1r-2n-300x212.jpg 300w, https:\/\/agora.xtec.cat\/ieslluchirafecas\/wp-content\/uploads\/usu330\/2024\/09\/LLibres-pla-lector-1r-2n-768x543.jpg 768w\" sizes=\"auto, (max-width: 842px) 100vw, 842px\" \/><\/a><em>(\u2026) el que han d\u2019aprendre sobretot els nostres alumnes \u00e9s a llegir i escriure, \u00e9s a dir, a expressar-se de manera correcta, cr\u00edtica, sincera i original, i a saber buscar informaci\u00f3 i a integrar-la en les estructures vitals.<\/em><\/p>\n<p style=\"text-align: right;\">Emili Teixidor. <em><span style=\"color: #ff0000;\">La lectura i la vida<\/span><\/em><\/p>\n<p>Un dels aspectes del nou marc curricular vigent es la promoci\u00f3 de l<strong>&#8216;h\u00e0bit de la lectura<\/strong> en totes les etapes i nivells. En el nostre centre, de 1r a 3r d&#8217;ESO, una hora a la setmana est\u00e0 dedicada a la lectura. Dels tres eixos de la compet\u00e8ncia espec\u00edfica 7* en comunicaci\u00f3 ling\u00fc\u00edstica, (saber llegir, llegir per aprendre i el gust per la lectura) ens dediquem en aquestes sessions al tercer, a fomentar el gust per la lectura amb la finalitat d&#8217;incrementar les experi\u00e8ncies lectores dels alumnes. El temps de la sessi\u00f3 es distribueix en un <strong>temps per a la lectura<\/strong> (lectura expressiva per part del docent, lectura en veu alta i dramatitzaci\u00f3 de textos per part de l&#8217;alumnat i lectura aut\u00f2noma) i un <strong>temps per parlar de lectures<\/strong> amb els altres. Parlar de llibres i sobre llibres, compartir opinions i debatre-les contribueix a millorar la comprensi\u00f3 lectora i a consolidar l&#8217;h\u00e0bit lector. La varietat en tem\u00e0tiques, g\u00e8neres i formats dels llibres proposats facilita que cada alumne trobi l&#8217;itinerari adequat als seus gustos i interessos.<\/p>\n<p><em>* Seleccionar i llegir de manera aut\u00f2noma obres diverses com a font de plaer i coneixement, configurant un <strong>itinerari lector<\/strong> que s\u2019enriqueixi progressivament pel que fa a la <strong>diversitat, complexitat i qualitat<\/strong> de les obres i compartir experi\u00e8ncies de lectura, per construir la <strong>pr\u00f2pia identitat lectora<\/strong> i gaudir de la <strong>dimensi\u00f3 social de la lectura<\/strong>.<\/em><\/p>\n","protected":false},"excerpt":{"rendered":"<p>Menjallibres 2n d&#8217;ESO. Trobada amb el Toni Galm\u00e9s<br \/>\nDijous 12 de mar\u00e7, els alumnes de 2n d&#8217;ESO es van trobar a l&#8217;auditori Eduard Toldr\u00e0\u00a0 amb amb l&#8217;il\u00b7lustrador mallorqu\u00ed Toni Galm\u00e9s. El seu llibre ha estat un \u00e8xit a Fran\u00e7a i aqu\u00ed. Ens ha explicat com la&hellip;  <a href=\"https:\/\/agora.xtec.cat\/ieslluchirafecas\/projectes\/pla-dimpuls-a-la-lectura\/\" title=\"Read Pla d&#8217;impuls a la lectura\">Llegeix m\u00e9s\u00bb<\/a><\/p>\n","protected":false},"author":24,"featured_media":0,"parent":1785,"menu_order":0,"comment_status":"closed","ping_status":"closed","template":"","meta":{"_bbp_topic_count":0,"_bbp_reply_count":0,"_bbp_total_topic_count":0,"_bbp_total_reply_count":0,"_bbp_voice_count":0,"_bbp_anonymous_reply_count":0,"_bbp_topic_count_hidden":0,"_bbp_reply_count_hidden":0,"_bbp_forum_subforum_count":0,"footnotes":""},"class_list":["post-12756","page","type-page","status-publish","hentry"],"post_mailing_queue_ids":[],"_links":{"self":[{"href":"https:\/\/agora.xtec.cat\/ieslluchirafecas\/wp-json\/wp\/v2\/pages\/12756","targetHints":{"allow":["GET"]}}],"collection":[{"href":"https:\/\/agora.xtec.cat\/ieslluchirafecas\/wp-json\/wp\/v2\/pages"}],"about":[{"href":"https:\/\/agora.xtec.cat\/ieslluchirafecas\/wp-json\/wp\/v2\/types\/page"}],"author":[{"embeddable":true,"href":"https:\/\/agora.xtec.cat\/ieslluchirafecas\/wp-json\/wp\/v2\/users\/24"}],"replies":[{"embeddable":true,"href":"https:\/\/agora.xtec.cat\/ieslluchirafecas\/wp-json\/wp\/v2\/comments?post=12756"}],"version-history":[{"count":6,"href":"https:\/\/agora.xtec.cat\/ieslluchirafecas\/wp-json\/wp\/v2\/pages\/12756\/revisions"}],"predecessor-version":[{"id":14608,"href":"https:\/\/agora.xtec.cat\/ieslluchirafecas\/wp-json\/wp\/v2\/pages\/12756\/revisions\/14608"}],"up":[{"embeddable":true,"href":"https:\/\/agora.xtec.cat\/ieslluchirafecas\/wp-json\/wp\/v2\/pages\/1785"}],"wp:attachment":[{"href":"https:\/\/agora.xtec.cat\/ieslluchirafecas\/wp-json\/wp\/v2\/media?parent=12756"}],"curies":[{"name":"wp","href":"https:\/\/api.w.org\/{rel}","templated":true}]}}