{"id":12730,"date":"2024-07-22T16:38:53","date_gmt":"2024-07-22T14:38:53","guid":{"rendered":"https:\/\/agora.xtec.cat\/ieslluchirafecas\/?page_id=12730"},"modified":"2025-04-03T19:16:57","modified_gmt":"2025-04-03T17:16:57","slug":"certificats-de-professionalitat","status":"publish","type":"page","link":"https:\/\/agora.xtec.cat\/ieslluchirafecas\/estudis\/cicles-formatius\/certificats-de-professionalitat\/","title":{"rendered":"Certificats de professionalitat"},"content":{"rendered":"<div class=\"col-xs-12 col-sm-8 basic_text_peq\">\n<div class=\"pd-15x link-dotted\" data-crawling=\"principal-body\">\n<p>Els certificats professionals s\u00f3n documents oficials que acrediten les compet\u00e8ncies professionals i garanteixen que la persona que els obt\u00e9 t\u00e9 els coneixements, les habilitats i les aptituds per desenvolupar una activitat laboral d&#8217;acord amb les exig\u00e8ncies del mercat de treball.<\/p>\n<p>Cada certificat professional acredita una qualificaci\u00f3 professional del <a title=\"Cat\u00e0leg Nacional de Qualificacions Professionals\" href=\"https:\/\/incual.educacion.gob.es\/bdc\" target=\"_blank\" rel=\"noopener\">Cat\u00e0leg Nacional de Qualificacions Professionals<\/a> encara que, de manera excepcional, poden haver-hi certificats que acreditin nom\u00e9s una part de la qualificaci\u00f3.<\/p>\n<p>Tots els certificats professionals inclouen un m\u00f2dul de formaci\u00f3 pr\u00e0ctica en centres de treball. La superaci\u00f3 d&#8217;aquest m\u00f2dul de pr\u00e0ctiques \u00e9s imprescindible per obtenir el certificat professional, si b\u00e9 hi ha l&#8217;opci\u00f3 d&#8217;obtenir l&#8217;exempci\u00f3 d&#8217;aquest m\u00f2dul.<\/p>\n<table style=\"width: 99.855%; border: 5px solid #000502; font-family: Georgia, serif;\">\n<tbody>\n<tr style=\"height: 98px;\" valign=\"center\">\n<td style=\"width: 104.357%; background-color: #ff0000; text-align: center; height: 98px;\" width=\"150px\">\n<h1 style=\"color: #ffffff;\">Certificats de professionalitat<\/h1>\n<\/td>\n<\/tr>\n<tr style=\"height: 67px;\" valign=\"center\">\n<td style=\"width: 104.357%; background-color: #eddf42; text-align: center; height: 67px;\" width=\"150px\">\n<h3><a href=\"https:\/\/agora.xtec.cat\/ieslluchirafecas\/estudis\/certificats-de-professionalitat\/manteniment-dels-sistemes-mecanics-de-material-rodant-ferroviari\/\"><b>Manteniment dels sistemes mec\u00e0nics de material rodant ferroviari<\/b><\/a><\/h3>\n<\/td>\n<\/tr>\n<tr style=\"height: 67px;\" valign=\"center\">\n<td style=\"width: 104.357%; background-color: #eddf42; text-align: center; height: 67px;\" width=\"150px\">\n<h3><a href=\"https:\/\/agora.xtec.cat\/ieslluchirafecas\/estudis\/cicles-formatius\/certificats-de-professionalitat\/manteniment-de-sistemes-electrics-i-electronics-de-material-rodant-ferroviari\/\"><b>Manteniment de sistemes el\u00e8ctrics i electr\u00f2nics de material rodant ferroviari<\/b><\/a><\/h3>\n<\/td>\n<\/tr>\n<\/tbody>\n<\/table>\n<\/div>\n<\/div>\n<p><script src=\"moz-extension:\/\/f3e5eac6-5e7c-4eb3-9e23-44429eecccaf\/window-inject.js\" type=\"text\/javascript\"><\/script><\/p>\n<p><script src=\"moz-extension:\/\/f3e5eac6-5e7c-4eb3-9e23-44429eecccaf\/window-inject.js\" type=\"text\/javascript\"><\/script><\/p>\n","protected":false},"excerpt":{"rendered":"<p>Els certificats professionals s\u00f3n documents oficials que acrediten les compet\u00e8ncies professionals i garanteixen que la persona que els obt\u00e9 t\u00e9 els coneixements, les habilitats i les aptituds per desenvolupar una activitat laboral d&#8217;acord amb les exig\u00e8ncies del mercat de treball.<br \/>\nCada certificat professional acredita una qualificaci\u00f3&hellip;  <a href=\"https:\/\/agora.xtec.cat\/ieslluchirafecas\/estudis\/cicles-formatius\/certificats-de-professionalitat\/\" title=\"Read Certificats de professionalitat\">Llegeix m\u00e9s\u00bb<\/a><\/p>\n","protected":false},"author":24,"featured_media":0,"parent":632,"menu_order":150,"comment_status":"closed","ping_status":"closed","template":"page-templates\/side-menu.php","meta":{"_bbp_topic_count":0,"_bbp_reply_count":0,"_bbp_total_topic_count":0,"_bbp_total_reply_count":0,"_bbp_voice_count":0,"_bbp_anonymous_reply_count":0,"_bbp_topic_count_hidden":0,"_bbp_reply_count_hidden":0,"_bbp_forum_subforum_count":0,"footnotes":""},"class_list":["post-12730","page","type-page","status-publish","hentry"],"post_mailing_queue_ids":[],"_links":{"self":[{"href":"https:\/\/agora.xtec.cat\/ieslluchirafecas\/wp-json\/wp\/v2\/pages\/12730","targetHints":{"allow":["GET"]}}],"collection":[{"href":"https:\/\/agora.xtec.cat\/ieslluchirafecas\/wp-json\/wp\/v2\/pages"}],"about":[{"href":"https:\/\/agora.xtec.cat\/ieslluchirafecas\/wp-json\/wp\/v2\/types\/page"}],"author":[{"embeddable":true,"href":"https:\/\/agora.xtec.cat\/ieslluchirafecas\/wp-json\/wp\/v2\/users\/24"}],"replies":[{"embeddable":true,"href":"https:\/\/agora.xtec.cat\/ieslluchirafecas\/wp-json\/wp\/v2\/comments?post=12730"}],"version-history":[{"count":5,"href":"https:\/\/agora.xtec.cat\/ieslluchirafecas\/wp-json\/wp\/v2\/pages\/12730\/revisions"}],"predecessor-version":[{"id":13526,"href":"https:\/\/agora.xtec.cat\/ieslluchirafecas\/wp-json\/wp\/v2\/pages\/12730\/revisions\/13526"}],"up":[{"embeddable":true,"href":"https:\/\/agora.xtec.cat\/ieslluchirafecas\/wp-json\/wp\/v2\/pages\/632"}],"wp:attachment":[{"href":"https:\/\/agora.xtec.cat\/ieslluchirafecas\/wp-json\/wp\/v2\/media?parent=12730"}],"curies":[{"name":"wp","href":"https:\/\/api.w.org\/{rel}","templated":true}]}}