{"id":11849,"date":"2023-01-11T10:15:54","date_gmt":"2023-01-11T09:15:54","guid":{"rendered":"https:\/\/projectes.xtec.cat\/impulsfp\/?page_id=11849"},"modified":"2023-01-11T10:15:54","modified_gmt":"2023-01-11T09:15:54","slug":"formacio-ocupacional-2","status":"publish","type":"page","link":"https:\/\/agora.xtec.cat\/ieslluchirafecas\/lexalumnat-4\/formacio\/formacio-ocupacional-2\/","title":{"rendered":"Formaci\u00f3 ocupacional"},"content":{"rendered":"<p><span style=\"font-weight: 400; font-size: 10pt;\">La formaci\u00f3 ocupacional \u00e9s aquella que es relaciona amb els teus estudis. \u00ebs una formaci\u00f3 que t&#8217;ajudar\u00e0 a millorar el teu curr\u00edculum professional i poder aix\u00ed trobar una feina que t&#8217;agradi i en la que et sentis realitzat. S\u00ed no tens feia i vols millorar les teves oportunitats laborals aquesta formaci\u00f3 \u00e9s ideal per tu. En el seg\u00fcent enlla\u00e7 trobar\u00e0s l\u2019oferta formativa actual a Catalunya.\u00a0<\/span><\/p>\n<p><span style=\"font-size: 10pt;\">Clica la imatge i descobreix que pots trobar per posar-te al dia<\/span><\/p>\n<p><span style=\"font-weight: 400; font-size: 10pt;\"><a href=\"https:\/\/jovecat.gencat.cat\/ca\/temes\/educacio_i_formacio\/formacio_ocupacional\/\"><img loading=\"lazy\" decoding=\"async\" class=\"alignnone size-full wp-image-11939\" src=\"https:\/\/projectes.xtec.cat\/impulsfp\/wp-content\/uploads\/usu2078\/2023\/01\/jove-cat.png\" alt=\"\" width=\"607\" height=\"151\" \/><\/a><\/span><\/p>\n<div><strong>EL SOC<\/strong><\/div>\n<div><\/div>\n<div><span style=\"font-size: 10pt;\">Els cursos de formaci\u00f3 cont\u00ednua tenen un 30% de places que les poden ocupar persones desocupades, i els cursos per a persones que busquen feina, desocupades, tenen un 30% de places per a persones en actiu. Tanmateix, \u00e9s l&#8217;entitat que gestiona el curs la que fa la selecci\u00f3 d&#8217;alumnes.(<b><\/b><\/span><span style=\"font-size: 10pt;\">\u00a0l&#8217;article 5 del seg\u00fcent Decret: <a href=\"https:\/\/portaldogc.gencat.cat\/utilsEADOP\/PDF\/8707\/1918578.pdf\" target=\"_blank\" rel=\"noopener\" data-saferedirecturl=\"https:\/\/www.google.com\/url?q=https:\/\/portaldogc.gencat.cat\/utilsEADOP\/PDF\/8707\/1918578.pdf&amp;source=gmail&amp;ust=1675515770785000&amp;usg=AOvVaw3XEUXo_tAjQ5gqaPwR7g6H\">https:\/\/portaldogc.<wbr \/>gencat.cat\/utilsEADOP\/PDF\/<wbr \/>8707\/1918578.pdf<\/a>)<\/span><\/div>\n<div><\/div>\n<div><\/div>\n<div><span style=\"font-size: 10pt;\">Document per trobar cursos al SOC: <a href=\"https:\/\/drive.google.com\/file\/d\/1PZT5y8Udirpu3ChtfLaLoiITbBGmIC1-\/view?usp=share_link\">Guia de recerca<\/a><\/span><\/div>\n<div><\/div>\n<div><a href=\"https:\/\/serveiocupacio.gencat.cat\/ca\/persones\/vull-formar-me\/cercadors-formacio-especialitats\/cercador-integrat\"><img loading=\"lazy\" decoding=\"async\" class=\"alignnone wp-image-12074\" src=\"https:\/\/projectes.xtec.cat\/impulsfp\/wp-content\/uploads\/usu2078\/2023\/02\/soc.png\" alt=\"\" width=\"170\" height=\"174\" \/><\/a><\/div>\n<div><\/div>\n<p><span style=\"font-weight: 400; font-size: 10pt;\">Aqu\u00ed trobar\u00e0s recursos i oferta formativa relacionada amb les fam\u00edlies professionals<\/span><\/p>\n<p><span style=\"font-weight: 400; font-size: 10pt;\"><a href=\"alumnifp\/lexalumnat-4\/formacio\/formacio-ocupacional-2\/sector-sostenibilitat-2\/\"><img loading=\"lazy\" decoding=\"async\" class=\"alignnone wp-image-11956\" src=\"https:\/\/projectes.xtec.cat\/impulsfp\/wp-content\/uploads\/usu2078\/2023\/01\/Sector-Sostenibilitat.png\" alt=\"\" width=\"156\" height=\"257\" \/><\/a> <a href=\"alumnifp\/lexalumnat-4\/formacio\/formacio-ocupacional-2\/sector-empresa-2\/\"><img loading=\"lazy\" decoding=\"async\" class=\"alignnone wp-image-11957\" src=\"https:\/\/projectes.xtec.cat\/impulsfp\/wp-content\/uploads\/usu2078\/2023\/01\/Sector-empresa.png\" alt=\"\" width=\"159\" height=\"260\" \/><\/a> <a href=\"alumnifp\/lexalumnat-4\/formacio\/formacio-ocupacional-2\/sector-digital-2\/\"><img loading=\"lazy\" decoding=\"async\" class=\"alignnone wp-image-11958\" src=\"https:\/\/projectes.xtec.cat\/impulsfp\/wp-content\/uploads\/usu2078\/2023\/01\/Sector-digital.png\" alt=\"\" width=\"162\" height=\"260\" \/><\/a> <a href=\"alumnifp\/lexalumnat-4\/formacio\/formacio-ocupacional-2\/sector-persones-2\/\"><img loading=\"lazy\" decoding=\"async\" class=\"alignnone wp-image-11959\" src=\"https:\/\/projectes.xtec.cat\/impulsfp\/wp-content\/uploads\/usu2078\/2023\/01\/Sector-persones.png\" alt=\"\" width=\"166\" height=\"262\" \/><\/a> <a href=\"alumnifp\/lexalumnat-4\/formacio\/formacio-ocupacional-2\/sector-industrial-2\/\"><img loading=\"lazy\" decoding=\"async\" class=\"alignnone wp-image-11960\" src=\"https:\/\/projectes.xtec.cat\/impulsfp\/wp-content\/uploads\/usu2078\/2023\/01\/Sector-industrial.png\" alt=\"\" width=\"157\" height=\"261\" \/><\/a><\/span><\/p>\n","protected":false},"excerpt":{"rendered":"<p>La formaci\u00f3 ocupacional \u00e9s aquella que es relaciona amb els teus estudis. \u00ebs una formaci\u00f3 que t&#8217;ajudar\u00e0 a millorar el teu curr\u00edculum professional i poder aix\u00ed trobar una feina que t&#8217;agradi i en la que et sentis realitzat. S\u00ed no tens feia i vols millorar&hellip;  <a href=\"https:\/\/agora.xtec.cat\/ieslluchirafecas\/lexalumnat-4\/formacio\/formacio-ocupacional-2\/\" title=\"Read Formaci\u00f3 ocupacional\">Llegeix m\u00e9s\u00bb<\/a><\/p>\n","protected":false},"author":24,"featured_media":0,"parent":11617,"menu_order":0,"comment_status":"closed","ping_status":"closed","template":"page-templates\/side-menu.php","meta":{"_bbp_topic_count":0,"_bbp_reply_count":0,"_bbp_total_topic_count":0,"_bbp_total_reply_count":0,"_bbp_voice_count":0,"_bbp_anonymous_reply_count":0,"_bbp_topic_count_hidden":0,"_bbp_reply_count_hidden":0,"_bbp_forum_subforum_count":0,"footnotes":""},"class_list":["post-11849","page","type-page","status-publish","hentry"],"post_mailing_queue_ids":[],"_links":{"self":[{"href":"https:\/\/agora.xtec.cat\/ieslluchirafecas\/wp-json\/wp\/v2\/pages\/11849","targetHints":{"allow":["GET"]}}],"collection":[{"href":"https:\/\/agora.xtec.cat\/ieslluchirafecas\/wp-json\/wp\/v2\/pages"}],"about":[{"href":"https:\/\/agora.xtec.cat\/ieslluchirafecas\/wp-json\/wp\/v2\/types\/page"}],"author":[{"embeddable":true,"href":"https:\/\/agora.xtec.cat\/ieslluchirafecas\/wp-json\/wp\/v2\/users\/24"}],"replies":[{"embeddable":true,"href":"https:\/\/agora.xtec.cat\/ieslluchirafecas\/wp-json\/wp\/v2\/comments?post=11849"}],"version-history":[{"count":0,"href":"https:\/\/agora.xtec.cat\/ieslluchirafecas\/wp-json\/wp\/v2\/pages\/11849\/revisions"}],"up":[{"embeddable":true,"href":"https:\/\/agora.xtec.cat\/ieslluchirafecas\/wp-json\/wp\/v2\/pages\/11617"}],"wp:attachment":[{"href":"https:\/\/agora.xtec.cat\/ieslluchirafecas\/wp-json\/wp\/v2\/media?parent=11849"}],"curies":[{"name":"wp","href":"https:\/\/api.w.org\/{rel}","templated":true}]}}