{"id":11635,"date":"2022-12-31T09:14:32","date_gmt":"2022-12-31T08:14:32","guid":{"rendered":"https:\/\/projectes.xtec.cat\/impulsfp\/?page_id=11635"},"modified":"2022-12-31T09:14:32","modified_gmt":"2022-12-31T08:14:32","slug":"comunitat-2","status":"publish","type":"page","link":"https:\/\/agora.xtec.cat\/ieslluchirafecas\/lexalumnat-4\/comunitat-2\/","title":{"rendered":"Comunitat"},"content":{"rendered":"<p><span style=\"font-size: 10pt;\">Formar part d&#8217;AlumniFP, \u00e9s formar part d&#8217;una gran comunitat de membres que s&#8217;est\u00e9n per tot el territori catal\u00e0. Volem que oferir-te diferents activitats i serveis en els que pots\u00a0 participar i poder establir xarxa amb la resta de membres de la comunitat AlumniFP.<\/span><\/p>\n<p><a href=\"alumnifp\/lexalumnat-4\/comunitat-2\/histories-dalumnifp-2\/\"><img loading=\"lazy\" decoding=\"async\" class=\"alignnone wp-image-11636\" src=\"https:\/\/projectes.xtec.cat\/impulsfp\/wp-content\/uploads\/usu2078\/2022\/12\/Histories-dalumniFP.png\" alt=\"\" width=\"238\" height=\"232\" \/><\/a> <a href=\"alumnifp\/lexalumnat-4\/comunitat-2\/jornades-i-esdeveniments\/\"><img loading=\"lazy\" decoding=\"async\" class=\"alignnone wp-image-11637\" src=\"https:\/\/projectes.xtec.cat\/impulsfp\/wp-content\/uploads\/usu2078\/2022\/12\/Jornades-i-esdeveniments-2.png\" alt=\"\" width=\"227\" height=\"224\" \/><\/a><a href=\"alumnifp\/lexalumnat-4\/comunitat-2\/compromis-social\/\"><img loading=\"lazy\" decoding=\"async\" class=\"alignnone wp-image-11664\" src=\"https:\/\/projectes.xtec.cat\/impulsfp\/wp-content\/uploads\/usu2078\/2022\/12\/Compromis-social-1.png\" alt=\"\" width=\"229\" height=\"228\" \/><\/a><\/p>\n","protected":false},"excerpt":{"rendered":"<p>Formar part d&#8217;AlumniFP, \u00e9s formar part d&#8217;una gran comunitat de membres que s&#8217;est\u00e9n per tot el territori catal\u00e0. Volem que oferir-te diferents activitats i serveis en els que pots\u00a0 participar i poder establir xarxa amb la resta de membres de la comunitat AlumniFP.<br \/>\n<a href=\"alumnifp\/lexalumnat-4\/comunitat-2\/histories-dalumnifp-2\/\"><\/a> <a&hellip;  <a href=\"https:\/\/agora.xtec.cat\/ieslluchirafecas\/lexalumnat-4\/comunitat-2\/\" title=\"Read Comunitat\">Llegeix m\u00e9s\u00bb<\/a><\/p>\n","protected":false},"author":24,"featured_media":0,"parent":11572,"menu_order":0,"comment_status":"closed","ping_status":"closed","template":"page-templates\/side-menu.php","meta":{"_bbp_topic_count":0,"_bbp_reply_count":0,"_bbp_total_topic_count":0,"_bbp_total_reply_count":0,"_bbp_voice_count":0,"_bbp_anonymous_reply_count":0,"_bbp_topic_count_hidden":0,"_bbp_reply_count_hidden":0,"_bbp_forum_subforum_count":0,"footnotes":""},"class_list":["post-11635","page","type-page","status-publish","hentry"],"post_mailing_queue_ids":[],"_links":{"self":[{"href":"https:\/\/agora.xtec.cat\/ieslluchirafecas\/wp-json\/wp\/v2\/pages\/11635","targetHints":{"allow":["GET"]}}],"collection":[{"href":"https:\/\/agora.xtec.cat\/ieslluchirafecas\/wp-json\/wp\/v2\/pages"}],"about":[{"href":"https:\/\/agora.xtec.cat\/ieslluchirafecas\/wp-json\/wp\/v2\/types\/page"}],"author":[{"embeddable":true,"href":"https:\/\/agora.xtec.cat\/ieslluchirafecas\/wp-json\/wp\/v2\/users\/24"}],"replies":[{"embeddable":true,"href":"https:\/\/agora.xtec.cat\/ieslluchirafecas\/wp-json\/wp\/v2\/comments?post=11635"}],"version-history":[{"count":0,"href":"https:\/\/agora.xtec.cat\/ieslluchirafecas\/wp-json\/wp\/v2\/pages\/11635\/revisions"}],"up":[{"embeddable":true,"href":"https:\/\/agora.xtec.cat\/ieslluchirafecas\/wp-json\/wp\/v2\/pages\/11572"}],"wp:attachment":[{"href":"https:\/\/agora.xtec.cat\/ieslluchirafecas\/wp-json\/wp\/v2\/media?parent=11635"}],"curies":[{"name":"wp","href":"https:\/\/api.w.org\/{rel}","templated":true}]}}