{"id":63,"date":"2014-09-18T10:06:31","date_gmt":"2014-09-18T10:06:31","guid":{"rendered":"http:\/\/agora.xtec.cat\/iesllica\/?page_id=63"},"modified":"2024-04-11T08:15:58","modified_gmt":"2024-04-11T06:15:58","slug":"serveis","status":"publish","type":"page","link":"https:\/\/agora.xtec.cat\/iesllica\/serveis\/","title":{"rendered":"Serveis"},"content":{"rendered":"<h4><a href=\"https:\/\/agora.xtec.cat\/iesllica\/wp-content\/uploads\/usu414\/2024\/04\/banner_sec.jpg\"><img loading=\"lazy\" decoding=\"async\" class=\"alignnone size-full wp-image-20653\" src=\"https:\/\/agora.xtec.cat\/iesllica\/wp-content\/uploads\/usu414\/2024\/04\/banner_sec.jpg\" alt=\"\" width=\"1018\" height=\"197\" srcset=\"https:\/\/agora.xtec.cat\/iesllica\/wp-content\/uploads\/usu414\/2024\/04\/banner_sec.jpg 1018w, https:\/\/agora.xtec.cat\/iesllica\/wp-content\/uploads\/usu414\/2024\/04\/banner_sec-300x58.jpg 300w, https:\/\/agora.xtec.cat\/iesllica\/wp-content\/uploads\/usu414\/2024\/04\/banner_sec-768x149.jpg 768w\" sizes=\"auto, (max-width: 1018px) 100vw, 1018px\" \/><\/a><\/h4>\n<h4>HORARI D&#8217;ATENCI\u00d3 AL P\u00daBLIC<\/h4>\n<ul>\n<li>Matins: de dilluns a divendres de 9h a 14:30<\/li>\n<li>Tardes: dilluns de 15:00 a 17:00 <em>(L&#8217;horari de tarda comen\u00e7a el 30\/09 i fins el 31\/05)<\/em><\/li>\n<li>Tel\u00e8fon: 938416625<\/li>\n<li>Mail: <a href=\"administracio@insllica.cat\" target=\"_blank\" rel=\"noopener\">administracio@insllica.cat<\/a><\/li>\n<\/ul>\n<p><em>\u00a0<\/em><\/p>\n<h4>SERVEIS DE SECRETARIA:<\/h4>\n<ul>\n<li>Sol\u00b7licituds i tr\u00e0mits online amb Secretaria des d&#8217;aquest enlla\u00e7:\u00a0 \u21d2\u00a0<strong><a href=\"https:\/\/docs.google.com\/forms\/d\/e\/1FAIpQLScTZqZikHzR5lJAJDOIZOKfJQiH-R3HoqdxO8vatcxB7_8BQA\/viewform?usp=sf_link\">SOL\u00b7LICITUD DE CERTIFICATS I TR\u00c0MITS<\/a><\/strong><\/li>\n<li>Presentaci\u00f3 d&#8217;inst\u00e0ncies:\n<ul>\n<li><strong>Descarregar i omplir la sol\u00b7licitud i despr\u00e8s enviar al correu de SECRETARIA \u2192 <a href=\"mailto:administracio@insllica.cat\" target=\"_blank\" rel=\"noopener\">administracio@insllica.cat<\/a><\/strong><\/li>\n<li>Sol\u00b7licitud d&#8217;inst\u00e0ncia \u21d2\u00a0<a href=\"https:\/\/drive.google.com\/file\/d\/1JhWZzdc41LaVOBG0_Ss4U_jKtI_v2U4-\/view?usp=share_link\">INST\u00c0NCIA INSTITUT DE LLI\u00c7\u00c0<\/a><\/li>\n<\/ul>\n<\/li>\n<\/ul>\n<p>&nbsp;<\/p>\n","protected":false},"excerpt":{"rendered":"<p><a href=\"https:\/\/agora.xtec.cat\/iesllica\/wp-content\/uploads\/usu414\/2024\/04\/banner_sec.jpg\"><\/a><br \/>\nHORARI D&#8217;ATENCI\u00d3 AL P\u00daBLIC<\/p>\n<ul>\n<li>Matins: de dilluns a divendres de 9h a 14:30<\/li>\n<li>Tardes: dilluns de 15:00 a 17:00 (L&#8217;horari de tarda comen\u00e7a el 30\/09 i fins el 31\/05)<\/li>\n<li>Tel\u00e8fon: 938416625<\/li>\n<li>Mail: <a href=\"administracio@insllica.cat\" target=\"_blank\" rel=\"noopener\">administracio@insllica.cat<\/a><\/li>\n<\/ul>\n<p>\u00a0<br \/>\nSERVEIS DE SECRETARIA:<\/p>\n<ul>\n<li>Sol\u00b7licituds i tr\u00e0mits online amb Secretaria des d&#8217;aquest enlla\u00e7:\u00a0 \u21d2\u00a0<a href=\"https:\/\/docs.google.com\/forms\/d\/e\/1FAIpQLScTZqZikHzR5lJAJDOIZOKfJQiH-R3HoqdxO8vatcxB7_8BQA\/viewform?usp=sf_link\">SOL\u00b7LICITUD&hellip;  <a href=\"https:\/\/agora.xtec.cat\/iesllica\/serveis\/\" title=\"Read Serveis\">Llegeix m\u00e9s\u00bb<\/a><br \/>\n","protected":false},"author":1,"featured_media":0,"parent":0,"menu_order":0,"comment_status":"closed","ping_status":"closed","template":"page-templates\/side-menu.php","meta":{"_bbp_topic_count":0,"_bbp_reply_count":0,"_bbp_total_topic_count":0,"_bbp_total_reply_count":0,"_bbp_voice_count":0,"_bbp_anonymous_reply_count":0,"_bbp_topic_count_hidden":0,"_bbp_reply_count_hidden":0,"_bbp_forum_subforum_count":0,"footnotes":""},"class_list":["post-63","page","type-page","status-publish","hentry"],"post_mailing_queue_ids":[],"_links":{"self":[{"href":"https:\/\/agora.xtec.cat\/iesllica\/wp-json\/wp\/v2\/pages\/63","targetHints":{"allow":["GET"]}}],"collection":[{"href":"https:\/\/agora.xtec.cat\/iesllica\/wp-json\/wp\/v2\/pages"}],"about":[{"href":"https:\/\/agora.xtec.cat\/iesllica\/wp-json\/wp\/v2\/types\/page"}],"author":[{"embeddable":true,"href":"https:\/\/agora.xtec.cat\/iesllica\/wp-json\/wp\/v2\/users\/1"}],"replies":[{"embeddable":true,"href":"https:\/\/agora.xtec.cat\/iesllica\/wp-json\/wp\/v2\/comments?post=63"}],"version-history":[{"count":7,"href":"https:\/\/agora.xtec.cat\/iesllica\/wp-json\/wp\/v2\/pages\/63\/revisions"}],"predecessor-version":[{"id":20673,"href":"https:\/\/agora.xtec.cat\/iesllica\/wp-json\/wp\/v2\/pages\/63\/revisions\/20673"}],"wp:attachment":[{"href":"https:\/\/agora.xtec.cat\/iesllica\/wp-json\/wp\/v2\/media?parent=63"}],"curies":[{"name":"wp","href":"https:\/\/api.w.org\/{rel}","templated":true}]}}