{"id":4285,"date":"2018-02-26T11:39:56","date_gmt":"2018-02-26T10:39:56","guid":{"rendered":"http:\/\/agora.xtec.cat\/iesllica\/?page_id=4285"},"modified":"2025-07-20T13:37:10","modified_gmt":"2025-07-20T11:37:10","slug":"calendari-anual-i-mensual","status":"publish","type":"page","link":"https:\/\/agora.xtec.cat\/iesllica\/benvinguda\/calendari-anual-i-mensual\/","title":{"rendered":"Calendari mensual i anual"},"content":{"rendered":"<p>Podeu consultar el calendari marc del curs 2025-2026 al seg\u00fcent <a href=\"https:\/\/agora.xtec.cat\/iesllica\/wp-content\/uploads\/usu414\/2025\/07\/Calendari-Escolar-25-26.pdf\">enlla\u00e7<\/a>.<\/p>\n<p>El centre posa a la vostra disposici\u00f3 el calendari lectiu vigent. Aquest calendari ofereix informaci\u00f3 \u00fatil tal com durada del curs i trimestres, per\u00edodes d\u2019ex\u00e0mens, convocat\u00f2ries per a proves extraordin\u00e0ries, avaluacions, cr\u00e8dits de s\u00edntesi i treballs de recerca, sortides i activitats principals, festius i dies de lliure disposici\u00f3.<\/p>\n<div style=\"display: flex; justify-content: center;\"><iframe loading=\"lazy\" style=\"border-width: 0;\" src=\"https:\/\/calendar.google.com\/calendar\/embed?height=600&amp;wkst=2&amp;ctz=Europe%2FMadrid&amp;showPrint=0&amp;showTitle=0&amp;showTabs=0&amp;showCalendars=0&amp;showTz=0&amp;src=Y18yM2MwY2QwOWNkNDNmMTkxZDAzM2Q0NTBiYzgyNTFiZTc0YjAyMDViM2M0NTQ1NWVlN2VmMjQxYTQxOGYzMTFhQGdyb3VwLmNhbGVuZGFyLmdvb2dsZS5jb20&amp;color=%23f6bf26\" width=\"800\" height=\"600\" frameborder=\"0\" scrolling=\"no\"><span style=\"display: inline-block; width: 0px; overflow: hidden; line-height: 0;\" data-mce-type=\"bookmark\" class=\"mce_SELRES_start\">\ufeff<\/span><span style=\"display: inline-block; width: 0px; overflow: hidden; line-height: 0;\" data-mce-type=\"bookmark\" class=\"mce_SELRES_start\">\ufeff<\/span><span style=\"display: inline-block; width: 0px; overflow: hidden; line-height: 0;\" data-mce-type=\"bookmark\" class=\"mce_SELRES_start\">\ufeff<\/span><\/iframe><\/div>\n","protected":false},"excerpt":{"rendered":"<p>Podeu consultar el calendari marc del curs 2025-2026 al seg\u00fcent <a href=\"https:\/\/agora.xtec.cat\/iesllica\/wp-content\/uploads\/usu414\/2025\/07\/Calendari-Escolar-25-26.pdf\">enlla\u00e7<\/a>.<br \/>\nEl centre posa a la vostra disposici\u00f3 el calendari lectiu vigent. Aquest calendari ofereix informaci\u00f3 \u00fatil tal com durada del curs i trimestres, per\u00edodes d\u2019ex\u00e0mens, convocat\u00f2ries per a proves extraordin\u00e0ries, avaluacions, cr\u00e8dits de s\u00edntesi&hellip;  <a href=\"https:\/\/agora.xtec.cat\/iesllica\/benvinguda\/calendari-anual-i-mensual\/\" title=\"Read Calendari mensual i anual\">Llegeix m\u00e9s\u00bb<\/a><\/p>\n","protected":false},"author":3,"featured_media":0,"parent":20158,"menu_order":5,"comment_status":"closed","ping_status":"closed","template":"page-templates\/side-menu.php","meta":{"_bbp_topic_count":0,"_bbp_reply_count":0,"_bbp_total_topic_count":0,"_bbp_total_reply_count":0,"_bbp_voice_count":0,"_bbp_anonymous_reply_count":0,"_bbp_topic_count_hidden":0,"_bbp_reply_count_hidden":0,"_bbp_forum_subforum_count":0,"footnotes":""},"class_list":["post-4285","page","type-page","status-publish","hentry"],"post_mailing_queue_ids":[],"_links":{"self":[{"href":"https:\/\/agora.xtec.cat\/iesllica\/wp-json\/wp\/v2\/pages\/4285","targetHints":{"allow":["GET"]}}],"collection":[{"href":"https:\/\/agora.xtec.cat\/iesllica\/wp-json\/wp\/v2\/pages"}],"about":[{"href":"https:\/\/agora.xtec.cat\/iesllica\/wp-json\/wp\/v2\/types\/page"}],"author":[{"embeddable":true,"href":"https:\/\/agora.xtec.cat\/iesllica\/wp-json\/wp\/v2\/users\/3"}],"replies":[{"embeddable":true,"href":"https:\/\/agora.xtec.cat\/iesllica\/wp-json\/wp\/v2\/comments?post=4285"}],"version-history":[{"count":7,"href":"https:\/\/agora.xtec.cat\/iesllica\/wp-json\/wp\/v2\/pages\/4285\/revisions"}],"predecessor-version":[{"id":22662,"href":"https:\/\/agora.xtec.cat\/iesllica\/wp-json\/wp\/v2\/pages\/4285\/revisions\/22662"}],"up":[{"embeddable":true,"href":"https:\/\/agora.xtec.cat\/iesllica\/wp-json\/wp\/v2\/pages\/20158"}],"wp:attachment":[{"href":"https:\/\/agora.xtec.cat\/iesllica\/wp-json\/wp\/v2\/media?parent=4285"}],"curies":[{"name":"wp","href":"https:\/\/api.w.org\/{rel}","templated":true}]}}