{"id":3360,"date":"2017-09-07T19:35:46","date_gmt":"2017-09-07T17:35:46","guid":{"rendered":"http:\/\/agora.xtec.cat\/iesllica\/?page_id=3360"},"modified":"2024-04-15T13:23:14","modified_gmt":"2024-04-15T11:23:14","slug":"projectes","status":"publish","type":"page","link":"https:\/\/agora.xtec.cat\/iesllica\/projectes\/","title":{"rendered":"Projectes educatius"},"content":{"rendered":"<h1><a href=\"https:\/\/agora.xtec.cat\/iesllica\/wp-content\/uploads\/usu414\/2024\/04\/banner_projectes.png\"><img loading=\"lazy\" decoding=\"async\" class=\"alignnone wp-image-20737\" src=\"https:\/\/agora.xtec.cat\/iesllica\/wp-content\/uploads\/usu414\/2024\/04\/banner_projectes.png\" alt=\"\" width=\"1042\" height=\"132\" srcset=\"https:\/\/agora.xtec.cat\/iesllica\/wp-content\/uploads\/usu414\/2024\/04\/banner_projectes.png 600w, https:\/\/agora.xtec.cat\/iesllica\/wp-content\/uploads\/usu414\/2024\/04\/banner_projectes-300x38.png 300w\" sizes=\"auto, (max-width: 1042px) 100vw, 1042px\" \/><\/a><\/h1>\n<p>A m\u00e9s de les activitats escolars ordin\u00e0ries i les complement\u00e0ries, i dels objectius espec\u00edfics per desenvolupar durant aquest curs, es continuar\u00e0 treballant en l\u2019aplicaci\u00f3 dels projectes ja consolidats:<\/p>\n<ul>\n<li>Gesti\u00f3 de conflictes de forma positiva: programa de Mediaci\u00f3, juntament amb el programa TEI i la renovaci\u00f3 del projecte CREIX que impulsar\u00e0 l\u2019Ajuntament.<\/li>\n<li>Projectes de lleng\u00fces: PILE, PIA, intercanvis a 4t d\u2019ESO i Batxillerat i estada ling\u00fc\u00edstica a Anglaterra a 2n d\u2019ESO.<\/li>\n<li>Programa Intensiu de millora PIM a 1r d\u2019ESO.<\/li>\n<li>Pla d\u2019impuls a la lectura.<\/li>\n<li>Programa d\u2019Experi\u00e8ncies formatives del m\u00f3n laboral (Licano).<\/li>\n<li>Revista virtual ELI.<\/li>\n<li>Potenciaci\u00f3 de la biblioteca del centre com un espai de coneixement i treball.<\/li>\n<li>Orientaci\u00f3 acad\u00e8mica i personal.<\/li>\n<li>Activitats esportives durant l\u2019esbarjo; nou espai: roc\u00f2drom.<\/li>\n<li>Consell de delegats.<\/li>\n<li>Participaci\u00f3 en la Fira Guia\u2019t.<\/li>\n<li>Tallers d\u2019estrat\u00e8gies lectores: comprensi\u00f3 lectora, flu\u00efdesa lectora.<\/li>\n<li>Manteniment del centre.<\/li>\n<li>Convenis amb les empreses (experi\u00e8ncies formatives al m\u00f3n laboral, estada a l\u2019empresa de batxillerat i formaci\u00f3 en centres de treball del cicle).<\/li>\n<\/ul>\n<p>&nbsp;<\/p>\n","protected":false},"excerpt":{"rendered":"<p><a href=\"https:\/\/agora.xtec.cat\/iesllica\/wp-content\/uploads\/usu414\/2024\/04\/banner_projectes.png\"><\/a><br \/>\nA m\u00e9s de les activitats escolars ordin\u00e0ries i les complement\u00e0ries, i dels objectius espec\u00edfics per desenvolupar durant aquest curs, es continuar\u00e0 treballant en l\u2019aplicaci\u00f3 dels projectes ja consolidats:<\/p>\n<ul>\n<li>Gesti\u00f3 de conflictes de forma positiva: programa de Mediaci\u00f3, juntament amb el programa TEI i la renovaci\u00f3&hellip;  <a href=\"https:\/\/agora.xtec.cat\/iesllica\/projectes\/\" title=\"Read Projectes educatius\">Llegeix m\u00e9s\u00bb<\/a><br \/>\n","protected":false},"author":3,"featured_media":0,"parent":0,"menu_order":0,"comment_status":"closed","ping_status":"closed","template":"page-templates\/side-menu.php","meta":{"_bbp_topic_count":0,"_bbp_reply_count":0,"_bbp_total_topic_count":0,"_bbp_total_reply_count":0,"_bbp_voice_count":0,"_bbp_anonymous_reply_count":0,"_bbp_topic_count_hidden":0,"_bbp_reply_count_hidden":0,"_bbp_forum_subforum_count":0,"footnotes":""},"class_list":["post-3360","page","type-page","status-publish","hentry"],"post_mailing_queue_ids":[],"_links":{"self":[{"href":"https:\/\/agora.xtec.cat\/iesllica\/wp-json\/wp\/v2\/pages\/3360","targetHints":{"allow":["GET"]}}],"collection":[{"href":"https:\/\/agora.xtec.cat\/iesllica\/wp-json\/wp\/v2\/pages"}],"about":[{"href":"https:\/\/agora.xtec.cat\/iesllica\/wp-json\/wp\/v2\/types\/page"}],"author":[{"embeddable":true,"href":"https:\/\/agora.xtec.cat\/iesllica\/wp-json\/wp\/v2\/users\/3"}],"replies":[{"embeddable":true,"href":"https:\/\/agora.xtec.cat\/iesllica\/wp-json\/wp\/v2\/comments?post=3360"}],"version-history":[{"count":6,"href":"https:\/\/agora.xtec.cat\/iesllica\/wp-json\/wp\/v2\/pages\/3360\/revisions"}],"predecessor-version":[{"id":20741,"href":"https:\/\/agora.xtec.cat\/iesllica\/wp-json\/wp\/v2\/pages\/3360\/revisions\/20741"}],"wp:attachment":[{"href":"https:\/\/agora.xtec.cat\/iesllica\/wp-json\/wp\/v2\/media?parent=3360"}],"curies":[{"name":"wp","href":"https:\/\/api.w.org\/{rel}","templated":true}]}}