{"id":23213,"date":"2026-04-07T10:30:30","date_gmt":"2026-04-07T08:30:30","guid":{"rendered":"https:\/\/agora.xtec.cat\/iesllica\/?page_id=23213"},"modified":"2026-04-07T12:33:32","modified_gmt":"2026-04-07T10:33:32","slug":"erasmus","status":"publish","type":"page","link":"https:\/\/agora.xtec.cat\/iesllica\/projectes\/erasmus\/","title":{"rendered":"Erasmus+"},"content":{"rendered":"<p><a href=\"https:\/\/agora.xtec.cat\/iesllica\/wp-content\/uploads\/usu414\/2026\/04\/ae2cc22a-6aac-4f10-b2e4-5a60377e8ffb.png\"><img loading=\"lazy\" decoding=\"async\" class=\"wp-image-23219 aligncenter\" src=\"https:\/\/agora.xtec.cat\/iesllica\/wp-content\/uploads\/usu414\/2026\/04\/ae2cc22a-6aac-4f10-b2e4-5a60377e8ffb.png\" alt=\"\" width=\"493\" height=\"107\" srcset=\"https:\/\/agora.xtec.cat\/iesllica\/wp-content\/uploads\/usu414\/2026\/04\/ae2cc22a-6aac-4f10-b2e4-5a60377e8ffb.png 768w, https:\/\/agora.xtec.cat\/iesllica\/wp-content\/uploads\/usu414\/2026\/04\/ae2cc22a-6aac-4f10-b2e4-5a60377e8ffb-300x65.png 300w\" sizes=\"auto, (max-width: 493px) 100vw, 493px\" \/><\/a><\/p>\n<p style=\"text-align: justify;\">El programa Erasmus+ dirigit a l&#8217;alumnat de Formaci\u00f3 Professional ofereix estades formatives en altres pa\u00efsos d&#8217;Europa <strong>a trav\u00e9s dels centres d&#8217;FP<\/strong> que participen en el programa.<\/p>\n<p style=\"text-align: justify;\">Poden participar en aquest programa els estudiants de cicles d&#8217;FP de grau b\u00e0sic, grau mitj\u00e0 i grau superior.<\/p>\n<p style=\"text-align: justify;\">A trav\u00e9s d&#8217;aquest programa pots cursar <strong>estudis d&#8217;FP en un altre centre formatiu <\/strong>o realitzar el <strong>per\u00edode de formaci\u00f3 en empreses<\/strong> o organitzacions d&#8217;un pa\u00eds europeu.<\/p>\n<p style=\"text-align: justify;\">Les estades Erasmus+ per a FP compten amb <strong>ajudes econ\u00f2miques<\/strong> que contribueixen a cobrir part de les despeses de viatge, allotjament i manutenci\u00f3 durant l&#8217;experi\u00e8ncia a l&#8217;estranger.<\/p>\n<p><span style=\"text-decoration: underline;\"><strong>CONVOCAT\u00d2RIA BEQUES PER ESTADES FORMATIVES EN CENTRES EDUCATIUS DE L\u2019ESTAT ESPANYOL O D\u2019ALTRES PA\u00cfSOS 2025-2026<\/strong><\/span><\/p>\n<ul>\n<li><a href=\"https:\/\/agora.xtec.cat\/iesllica\/wp-content\/uploads\/usu414\/2026\/04\/Convocatoria-Mobilitat-25-PCT-09-01-2025-26-.docx-1.pdf\">Convocat\u00f2ria Mobilitat (2025-26)<\/a><\/li>\n<li><a href=\"https:\/\/docs.google.com\/forms\/d\/e\/1FAIpQLSf2LEZ6jfabyMEBoWZggTr6v6ed06vfU8FZUOB0lyJk_UDkiA\/viewform\" target=\"_blank\" rel=\"noopener\">Formulari de sol\u00b7licitud<\/a><\/li>\n<\/ul>\n","protected":false},"excerpt":{"rendered":"<p><a href=\"https:\/\/agora.xtec.cat\/iesllica\/wp-content\/uploads\/usu414\/2026\/04\/ae2cc22a-6aac-4f10-b2e4-5a60377e8ffb.png\"><\/a><br \/>\nEl programa Erasmus+ dirigit a l&#8217;alumnat de Formaci\u00f3 Professional ofereix estades formatives en altres pa\u00efsos d&#8217;Europa a trav\u00e9s dels centres d&#8217;FP que participen en el programa.<br \/>\nPoden participar en aquest programa els estudiants de cicles d&#8217;FP de grau b\u00e0sic, grau mitj\u00e0 i grau superior.<br \/>\nA trav\u00e9s&hellip;  <a href=\"https:\/\/agora.xtec.cat\/iesllica\/projectes\/erasmus\/\" title=\"Read Erasmus+\">Llegeix m\u00e9s\u00bb<\/a><\/p>\n","protected":false},"author":12,"featured_media":0,"parent":3360,"menu_order":3,"comment_status":"closed","ping_status":"closed","template":"page-templates\/side-menu.php","meta":{"_bbp_topic_count":0,"_bbp_reply_count":0,"_bbp_total_topic_count":0,"_bbp_total_reply_count":0,"_bbp_voice_count":0,"_bbp_anonymous_reply_count":0,"_bbp_topic_count_hidden":0,"_bbp_reply_count_hidden":0,"_bbp_forum_subforum_count":0,"footnotes":""},"class_list":["post-23213","page","type-page","status-publish","hentry"],"post_mailing_queue_ids":[],"_links":{"self":[{"href":"https:\/\/agora.xtec.cat\/iesllica\/wp-json\/wp\/v2\/pages\/23213","targetHints":{"allow":["GET"]}}],"collection":[{"href":"https:\/\/agora.xtec.cat\/iesllica\/wp-json\/wp\/v2\/pages"}],"about":[{"href":"https:\/\/agora.xtec.cat\/iesllica\/wp-json\/wp\/v2\/types\/page"}],"author":[{"embeddable":true,"href":"https:\/\/agora.xtec.cat\/iesllica\/wp-json\/wp\/v2\/users\/12"}],"replies":[{"embeddable":true,"href":"https:\/\/agora.xtec.cat\/iesllica\/wp-json\/wp\/v2\/comments?post=23213"}],"version-history":[{"count":5,"href":"https:\/\/agora.xtec.cat\/iesllica\/wp-json\/wp\/v2\/pages\/23213\/revisions"}],"predecessor-version":[{"id":23223,"href":"https:\/\/agora.xtec.cat\/iesllica\/wp-json\/wp\/v2\/pages\/23213\/revisions\/23223"}],"up":[{"embeddable":true,"href":"https:\/\/agora.xtec.cat\/iesllica\/wp-json\/wp\/v2\/pages\/3360"}],"wp:attachment":[{"href":"https:\/\/agora.xtec.cat\/iesllica\/wp-json\/wp\/v2\/media?parent=23213"}],"curies":[{"name":"wp","href":"https:\/\/api.w.org\/{rel}","templated":true}]}}