{"id":21027,"date":"2024-04-22T13:51:42","date_gmt":"2024-04-22T11:51:42","guid":{"rendered":"https:\/\/agora.xtec.cat\/iesllica\/?page_id=21027"},"modified":"2024-04-22T13:54:27","modified_gmt":"2024-04-22T11:54:27","slug":"pla-lector-de-centre","status":"publish","type":"page","link":"https:\/\/agora.xtec.cat\/iesllica\/projectes\/pla-lector-de-centre\/","title":{"rendered":"Pla lector de centre"},"content":{"rendered":"<p><a href=\"https:\/\/agora.xtec.cat\/iesllica\/wp-content\/uploads\/usu414\/2024\/04\/plalector_banner.jpg\"><img loading=\"lazy\" decoding=\"async\" class=\"alignnone size-large wp-image-21028\" src=\"https:\/\/agora.xtec.cat\/iesllica\/wp-content\/uploads\/usu414\/2024\/04\/plalector_banner-1024x243.jpg\" alt=\"\" width=\"1024\" height=\"243\" srcset=\"https:\/\/agora.xtec.cat\/iesllica\/wp-content\/uploads\/usu414\/2024\/04\/plalector_banner-1024x243.jpg 1024w, https:\/\/agora.xtec.cat\/iesllica\/wp-content\/uploads\/usu414\/2024\/04\/plalector_banner-300x71.jpg 300w, https:\/\/agora.xtec.cat\/iesllica\/wp-content\/uploads\/usu414\/2024\/04\/plalector_banner-768x182.jpg 768w, https:\/\/agora.xtec.cat\/iesllica\/wp-content\/uploads\/usu414\/2024\/04\/plalector_banner.jpg 1063w\" sizes=\"auto, (max-width: 1024px) 100vw, 1024px\" \/><\/a><\/p>\n<h3 style=\"text-align: justify;\"><em><strong>Descripci\u00f3<\/strong><\/em><\/h3>\n<p style=\"text-align: justify;\">Llegir textos i comprendre\u2019n el significat \u00e9s una compet\u00e8ncia clau per l\u2019\u00e8xit escolar i social. Promoure la lectura \u00e9s un objectiu prioritari en el curr\u00edculum del nostre centre. \u00c9s un aprenentatge espec\u00edfic, intencionat, que es realitza generalment en el centre i que implica a tota la comunitat educativa. Es vol desenvolupar la lectura de forma funcional per tal que asseguri un bon nivell de compet\u00e8ncia lectora, aix\u00ed com fomentar l\u2019h\u00e0bit lector perqu\u00e8 arribi a formar part de la vida dels nostres alumnes.<\/p>\n<p style=\"text-align: justify;\">Comptar amb un pla de lectura de centre que sigui de refer\u00e8ncia per a tota la comunitat i que defineixi la l\u00ednia d\u2019actuaci\u00f3, objectius, metodologia i estrat\u00e8gies \u00e9s molt important i necessari.<\/p>\n<p style=\"text-align: justify;\">La biblioteca escolar \u00e9s l\u2019espai f\u00edsic i estructural del centre que permet desenvolupar aquest projecte.<\/p>\n<h3 style=\"text-align: justify;\"><em><strong>Objectius<\/strong><\/em><\/h3>\n<ul style=\"text-align: justify;\">\n<li>Integrar la lectura al centre com un recurs general i necessari d\u2019informaci\u00f3 i aprenentatge a totes les \u00e0rees del curr\u00edculum.<\/li>\n<li>Dinamitzar la compet\u00e8ncia lectora de l\u2019alumnat.<\/li>\n<li>Fomentar la lectura aut\u00f2noma en l\u2019alumnat.<\/li>\n<li>Millorar la compet\u00e8ncia d\u2019acc\u00e9s, tractament i \u00fas de la informaci\u00f3.<\/li>\n<li>Dinamitzar la lectura com una font de plaer personal.<\/li>\n<li>Coordinar les diferents activitats amb una l\u00ednia conductora de centre.<\/li>\n<li>Potenciar la funci\u00f3 de la biblioteca escolar com a motor del projecte ling\u00fc\u00edstic i del PLEC.<\/li>\n<li>Incidir en la relaci\u00f3 amb l\u2019entorn (entitats, biblioteca municipal,\u2026)<\/li>\n<li>Promoure la formaci\u00f3 del professorat.<\/li>\n<li>Facilitar l\u2019avaluaci\u00f3 continuada a trav\u00e9s dels indicadors d\u2019avaluaci\u00f3.<\/li>\n<\/ul>\n<h3 style=\"text-align: justify;\"><em><strong>Temporitzaci\u00f3<\/strong><\/em><\/h3>\n<p style=\"text-align: justify;\">Cada dia, tot els alumnes d&#8217;ESO i Batxillerat aturen el ritme habitual de classe per fer mitja hora de lectura. Les modalitats s\u00f3n diferents segons la programaci\u00f3: lectura en silenci, lectura en veu alta, lectura col\u00b7lectiva, i amb diferents suports: paper i digital. Per altra banda, a les \u00e0rees de l\u2019\u00e0mbit ling\u00fc\u00edstic es desenvolupen estrat\u00e8gies de lectura relacionades amb el pla lector de centre amb din\u00e0miques fora del centre per fer lectors cr\u00edtics i constructius.<\/p>\n","protected":false},"excerpt":{"rendered":"<p><a href=\"https:\/\/agora.xtec.cat\/iesllica\/wp-content\/uploads\/usu414\/2024\/04\/plalector_banner.jpg\"><\/a><br \/>\nDescripci\u00f3<br \/>\nLlegir textos i comprendre\u2019n el significat \u00e9s una compet\u00e8ncia clau per l\u2019\u00e8xit escolar i social. Promoure la lectura \u00e9s un objectiu prioritari en el curr\u00edculum del nostre centre. \u00c9s un aprenentatge espec\u00edfic, intencionat, que es realitza generalment en el centre i que implica a&hellip;  <a href=\"https:\/\/agora.xtec.cat\/iesllica\/projectes\/pla-lector-de-centre\/\" title=\"Read Pla lector de centre\">Llegeix m\u00e9s\u00bb<\/a><\/p>\n","protected":false},"author":12,"featured_media":0,"parent":3360,"menu_order":0,"comment_status":"closed","ping_status":"closed","template":"page-templates\/side-menu.php","meta":{"_bbp_topic_count":0,"_bbp_reply_count":0,"_bbp_total_topic_count":0,"_bbp_total_reply_count":0,"_bbp_voice_count":0,"_bbp_anonymous_reply_count":0,"_bbp_topic_count_hidden":0,"_bbp_reply_count_hidden":0,"_bbp_forum_subforum_count":0,"footnotes":""},"class_list":["post-21027","page","type-page","status-publish","hentry"],"post_mailing_queue_ids":[],"_links":{"self":[{"href":"https:\/\/agora.xtec.cat\/iesllica\/wp-json\/wp\/v2\/pages\/21027","targetHints":{"allow":["GET"]}}],"collection":[{"href":"https:\/\/agora.xtec.cat\/iesllica\/wp-json\/wp\/v2\/pages"}],"about":[{"href":"https:\/\/agora.xtec.cat\/iesllica\/wp-json\/wp\/v2\/types\/page"}],"author":[{"embeddable":true,"href":"https:\/\/agora.xtec.cat\/iesllica\/wp-json\/wp\/v2\/users\/12"}],"replies":[{"embeddable":true,"href":"https:\/\/agora.xtec.cat\/iesllica\/wp-json\/wp\/v2\/comments?post=21027"}],"version-history":[{"count":2,"href":"https:\/\/agora.xtec.cat\/iesllica\/wp-json\/wp\/v2\/pages\/21027\/revisions"}],"predecessor-version":[{"id":21030,"href":"https:\/\/agora.xtec.cat\/iesllica\/wp-json\/wp\/v2\/pages\/21027\/revisions\/21030"}],"up":[{"embeddable":true,"href":"https:\/\/agora.xtec.cat\/iesllica\/wp-json\/wp\/v2\/pages\/3360"}],"wp:attachment":[{"href":"https:\/\/agora.xtec.cat\/iesllica\/wp-json\/wp\/v2\/media?parent=21027"}],"curies":[{"name":"wp","href":"https:\/\/api.w.org\/{rel}","templated":true}]}}