{"id":21,"date":"2014-09-17T16:14:14","date_gmt":"2014-09-17T14:14:14","guid":{"rendered":"http:\/\/agora.xtec.cat\/iesllica\/?page_id=21"},"modified":"2026-01-19T16:39:03","modified_gmt":"2026-01-19T15:39:03","slug":"on-som","status":"publish","type":"page","link":"https:\/\/agora.xtec.cat\/iesllica\/benvinguda\/on-som\/","title":{"rendered":"On som"},"content":{"rendered":"<h4><a href=\"https:\/\/agora.xtec.cat\/iesllica\/wp-content\/uploads\/usu414\/2021\/12\/contacte_web-1.jpg\"><br \/>\n<\/a><strong>INS Lli\u00e7\u00e0 edifici Pa\u00efsos Catalans<\/strong><\/h4>\n<div><\/div>\n<div><\/div>\n<div>\n<table style=\"border-collapse: collapse; width: 100%;\">\n<tbody>\n<tr>\n<td style=\"width: 50%;\">Av. Pa\u00efsos Catalans, 26, 08186 Lli\u00e7\u00e0 d&#8217;Amunt<\/p>\n<p><strong>Tel\u00e8fon:<\/strong> 93.841.66.25<\/p>\n<p><strong>Codi centre:<\/strong> 08052955<\/p>\n<p><strong>B\u00fastia General:<\/strong> a8052955@xtec.cat<\/p>\n<p><strong>Secretaria:<\/strong> administracio@insllica.cat<\/td>\n<td style=\"width: 50%; text-align: center;\"><iframe loading=\"lazy\" src=\"https:\/\/www.google.com\/maps\/embed?pb=!1m14!1m8!1m3!1d11932.567562237027!2d2.2420078!3d41.6094433!3m2!1i1024!2i768!4f13.1!3m3!1m2!1s0x0%3A0x5be6377543a611be!2sInstitut%20de%20Lli%C3%A7%C3%A0%20d'Amunt!5e0!3m2!1ses!2ses!4v1638344773480!5m2!1ses!2ses\" width=\"300\" height=\"250\" allowfullscreen=\"allowfullscreen\"><span style=\"display: inline-block; width: 0px; overflow: hidden; line-height: 0;\" data-mce-type=\"bookmark\" class=\"mce_SELRES_start\">\ufeff<\/span><span data-mce-type=\"bookmark\" class=\"mce_SELRES_start\">\ufeff<\/span><span data-mce-type=\"bookmark\" class=\"mce_SELRES_start\"><span style=\"display: inline-block; width: 0px; overflow: hidden; line-height: 0;\" data-mce-type=\"bookmark\" class=\"mce_SELRES_start\">\ufeff<\/span>\ufeff<\/span><\/iframe><\/td>\n<\/tr>\n<\/tbody>\n<\/table>\n<\/div>\n<div><\/div>\n<h4><strong><br \/>\n<\/strong><strong>INS Lli\u00e7\u00e0 edifici Sant Baldiri<\/strong><\/h4>\n<div>\n<table style=\"border-collapse: collapse; width: 100%;\">\n<tbody>\n<tr>\n<td style=\"width: 50%;\">Jaume I, 1, 08186 Lli\u00e7\u00e0 d&#8217;Amunt<\/p>\n<p><strong>Tel\u00e8fon:<\/strong> 93.841.46.52<\/td>\n<td style=\"width: 50%; text-align: center;\"><iframe loading=\"lazy\" src=\"https:\/\/www.google.com\/maps\/embed?pb=!1m18!1m12!1m3!1d2983.2192280185604!2d2.2371803!3d41.6077708!2m3!1f0!2f0!3f0!3m2!1i1024!2i768!4f13.1!3m3!1m2!1s0x12a4c7042612e235%3A0xa847797ecb213696!2sInstitut%20Lli%C3%A7%C3%A0%20edifici%20Sant%20Baldiri!5e0!3m2!1sca!2ses!4v1680970356952!5m2!1sca!2ses\" width=\"300\" height=\"250\" allowfullscreen=\"allowfullscreen\"><span style=\"display: inline-block; width: 0px; overflow: hidden; line-height: 0;\" data-mce-type=\"bookmark\" class=\"mce_SELRES_start\">\ufeff<\/span><\/iframe><\/td>\n<\/tr>\n<\/tbody>\n<\/table>\n<p>&nbsp;<\/p>\n<p style=\"text-align: center;\">\n<\/div>\n","protected":false},"excerpt":{"rendered":"<p><a href=\"https:\/\/agora.xtec.cat\/iesllica\/wp-content\/uploads\/usu414\/2021\/12\/contacte_web-1.jpg\"><br \/>\n<\/a>INS Lli\u00e7\u00e0 edifici Pa\u00efsos Catalans<\/p>\n<p>Av. Pa\u00efsos Catalans, 26, 08186 Lli\u00e7\u00e0 d&#8217;Amunt<br \/>\nTel\u00e8fon: 93.841.66.25<br \/>\nCodi centre: 08052955<br \/>\nB\u00fastia General: a8052955@xtec.cat<br \/>\nSecretaria: administracio@insllica.cat<br \/>\n\ufeff\ufeff\ufeff\ufeff<\/p>\n<p>INS Lli\u00e7\u00e0 edifici Sant Baldiri<\/p>\n<p>Jaume I, 1, 08186 Lli\u00e7\u00e0 d&#8217;Amunt<br \/>\nTel\u00e8fon: 93.841.46.52<br \/>\n\ufeff<\/p>\n<p>&nbsp;<\/p>\n","protected":false},"author":1,"featured_media":0,"parent":20158,"menu_order":2,"comment_status":"closed","ping_status":"closed","template":"page-templates\/side-menu.php","meta":{"_bbp_topic_count":0,"_bbp_reply_count":0,"_bbp_total_topic_count":0,"_bbp_total_reply_count":0,"_bbp_voice_count":0,"_bbp_anonymous_reply_count":0,"_bbp_topic_count_hidden":0,"_bbp_reply_count_hidden":0,"_bbp_forum_subforum_count":0,"footnotes":""},"class_list":["post-21","page","type-page","status-publish","hentry"],"post_mailing_queue_ids":[],"_links":{"self":[{"href":"https:\/\/agora.xtec.cat\/iesllica\/wp-json\/wp\/v2\/pages\/21","targetHints":{"allow":["GET"]}}],"collection":[{"href":"https:\/\/agora.xtec.cat\/iesllica\/wp-json\/wp\/v2\/pages"}],"about":[{"href":"https:\/\/agora.xtec.cat\/iesllica\/wp-json\/wp\/v2\/types\/page"}],"author":[{"embeddable":true,"href":"https:\/\/agora.xtec.cat\/iesllica\/wp-json\/wp\/v2\/users\/1"}],"replies":[{"embeddable":true,"href":"https:\/\/agora.xtec.cat\/iesllica\/wp-json\/wp\/v2\/comments?post=21"}],"version-history":[{"count":8,"href":"https:\/\/agora.xtec.cat\/iesllica\/wp-json\/wp\/v2\/pages\/21\/revisions"}],"predecessor-version":[{"id":22936,"href":"https:\/\/agora.xtec.cat\/iesllica\/wp-json\/wp\/v2\/pages\/21\/revisions\/22936"}],"up":[{"embeddable":true,"href":"https:\/\/agora.xtec.cat\/iesllica\/wp-json\/wp\/v2\/pages\/20158"}],"wp:attachment":[{"href":"https:\/\/agora.xtec.cat\/iesllica\/wp-json\/wp\/v2\/media?parent=21"}],"curies":[{"name":"wp","href":"https:\/\/api.w.org\/{rel}","templated":true}]}}