{"id":20898,"date":"2024-04-17T14:19:53","date_gmt":"2024-04-17T12:19:53","guid":{"rendered":"https:\/\/agora.xtec.cat\/iesllica\/?page_id=20898"},"modified":"2025-02-18T13:14:54","modified_gmt":"2025-02-18T12:14:54","slug":"pia-2","status":"publish","type":"page","link":"https:\/\/agora.xtec.cat\/iesllica\/projectes\/llengues-estrangeres\/pia-2\/","title":{"rendered":"PLA D&#8217;IMPULS A L&#8217;ANGL\u00c8S (PIA) &#8211; A BOOST TO ENGLISH"},"content":{"rendered":"<h4><strong><a href=\"https:\/\/agora.xtec.cat\/iesllica\/wp-content\/uploads\/usu414\/2024\/04\/banner_recursos_ang.jpg\"><img loading=\"lazy\" decoding=\"async\" class=\"alignnone size-large wp-image-20896\" src=\"https:\/\/agora.xtec.cat\/iesllica\/wp-content\/uploads\/usu414\/2024\/04\/banner_recursos_ang-1024x176.jpg\" alt=\"\" width=\"1024\" height=\"176\" srcset=\"https:\/\/agora.xtec.cat\/iesllica\/wp-content\/uploads\/usu414\/2024\/04\/banner_recursos_ang-1024x176.jpg 1024w, https:\/\/agora.xtec.cat\/iesllica\/wp-content\/uploads\/usu414\/2024\/04\/banner_recursos_ang-300x52.jpg 300w, https:\/\/agora.xtec.cat\/iesllica\/wp-content\/uploads\/usu414\/2024\/04\/banner_recursos_ang-768x132.jpg 768w, https:\/\/agora.xtec.cat\/iesllica\/wp-content\/uploads\/usu414\/2024\/04\/banner_recursos_ang-1536x264.jpg 1536w, https:\/\/agora.xtec.cat\/iesllica\/wp-content\/uploads\/usu414\/2024\/04\/banner_recursos_ang.jpg 1901w\" sizes=\"auto, (max-width: 1024px) 100vw, 1024px\" \/><\/a>\u00a0<\/strong><\/h4>\n<p><strong>Qu\u00e8 \u00e9s?<\/strong><\/p>\n<ul>\n<li>El PIA \u00e9s el Pla d&#8217;Impuls a l&#8217;Angl\u00e8s que estem implementant gradualment al centre des de fa ja uns anys amb una s\u00e8rie d&#8217;actuacions que van des de noves mesures metodol\u00f2giques fins a estades a l&#8217;estranger per tal que l&#8217;angl\u00e8s al centre sigui quelcom enriquidor i din\u00e0mic.<\/li>\n<\/ul>\n<p><strong>Objectius<\/strong><\/p>\n<ul>\n<li>Impulsar el pluriling\u00fcisme de l&#8217;alumnat.<\/li>\n<li>Desenvolupar compet\u00e8ncies ling\u00fc\u00edstiques comunicatives i audiovisuals.<\/li>\n<li>Desenvolupar les compet\u00e8ncies professionals per al creixement personal.<\/li>\n<\/ul>\n<p><strong>Com s&#8217;organitza?<\/strong><\/p>\n<ul>\n<li>Aquest pla d&#8217;empenta a l&#8217;angl\u00e8s t\u00e9 el seu eix principal en una s\u00e8rie d&#8217;activitats que trobareu especificades a la nostra p\u00e0gina web dins la secci\u00f3 <a href=\"https:\/\/agora.xtec.cat\/iesllica\/projectes\/llengues-estrangeres\/pia-2\/activitats-dangles\/\">Activitats en angl\u00e8s<\/a>, a banda de les nostres <a href=\"https:\/\/agora.xtec.cat\/iesllica\/projectes\/llengues-estrangeres\/pia-2\/certificacio-cambridge\/\">classes Cambridge<\/a> i que conformen tot un seguit de mesures per tal d&#8217;impulsar la pr\u00e0ctica de l&#8217;angl\u00e8s al nostre centre en totes les seves dimensions. El professorat del Departament de Lleng\u00fces Estrangeres, que conjuga alhora experi\u00e8ncia i innovaci\u00f3, ha repartit aquestes activitats\u00a0 de manera equilibrada entre tots els nivells educatius per tal d&#8217;optimitzar els recursos que tenim al nostre abast i perqu\u00e8 els nostres alumnes estiguin exposats al m\u00e0xim nombre possible d&#8217;hores d&#8217;angl\u00e8s.<\/li>\n<\/ul>\n<p><strong>Activitats en\u00a0angl\u00e8s<\/strong><\/p>\n<ul>\n<li><a href=\"https:\/\/agora.xtec.cat\/iesllica\/projectes\/llengues-estrangeres\/pia-2\/activitats-dangles\/\">Auxiliars de conversa<\/a><\/li>\n<li><a href=\"https:\/\/agora.xtec.cat\/iesllica\/projectes\/llengues-estrangeres\/pia-2\/activitats-dangles\/\">Estades a l&#8217;estranger<\/a><\/li>\n<\/ul>\n<p><strong>Certificaci\u00f3 Cambridge<br \/>\n<\/strong><\/p>\n<ul>\n<li>L&#8217;INS Lli\u00e7\u00e0, mant\u00e9 un conveni amb Cambridge School, per oferir als nostres alumnes classes extraescolars d&#8217;angl\u00e8s, per tal de preparar i obtenir els ex\u00e0mens oficials CAMBRIDGE (PET,KET, FIRST, etc).<\/li>\n<li>Aquestes classes es fan els dilluns a la tarda de 15:30 a 17:00h al nostre centre mateix amb un preu especial per als nostres alumnes, la qual cosa facilita la log\u00edstica i l&#8217;economia familiar.<\/li>\n<\/ul>\n<p><strong><em>Podeu trobar m\u00e9s informaci\u00f3 a la <\/em><a href=\"http:\/\/insllica.cat\/llengues\/index.php\/ca\/\" target=\"_blank\" rel=\"noopener\"><em>web lleng\u00fces estrangeres.<\/em><\/a><\/strong><\/p>\n","protected":false},"excerpt":{"rendered":"<p><a href=\"https:\/\/agora.xtec.cat\/iesllica\/wp-content\/uploads\/usu414\/2024\/04\/banner_recursos_ang.jpg\"><\/a>\u00a0<br \/>\nQu\u00e8 \u00e9s?<\/p>\n<ul>\n<li>El PIA \u00e9s el Pla d&#8217;Impuls a l&#8217;Angl\u00e8s que estem implementant gradualment al centre des de fa ja uns anys amb una s\u00e8rie d&#8217;actuacions que van des de noves mesures metodol\u00f2giques fins a estades a l&#8217;estranger per tal que l&#8217;angl\u00e8s al centre sigui&hellip;  <a href=\"https:\/\/agora.xtec.cat\/iesllica\/projectes\/llengues-estrangeres\/pia-2\/\" title=\"Read PLA D&#8217;IMPULS A L&#8217;ANGL\u00c8S (PIA) &#8211; A BOOST TO ENGLISH\">Llegeix m\u00e9s\u00bb<\/a><br \/>\n","protected":false},"author":12,"featured_media":0,"parent":20733,"menu_order":1,"comment_status":"closed","ping_status":"closed","template":"page-templates\/side-menu.php","meta":{"_bbp_topic_count":0,"_bbp_reply_count":0,"_bbp_total_topic_count":0,"_bbp_total_reply_count":0,"_bbp_voice_count":0,"_bbp_anonymous_reply_count":0,"_bbp_topic_count_hidden":0,"_bbp_reply_count_hidden":0,"_bbp_forum_subforum_count":0,"footnotes":""},"class_list":["post-20898","page","type-page","status-publish","hentry"],"post_mailing_queue_ids":[],"_links":{"self":[{"href":"https:\/\/agora.xtec.cat\/iesllica\/wp-json\/wp\/v2\/pages\/20898","targetHints":{"allow":["GET"]}}],"collection":[{"href":"https:\/\/agora.xtec.cat\/iesllica\/wp-json\/wp\/v2\/pages"}],"about":[{"href":"https:\/\/agora.xtec.cat\/iesllica\/wp-json\/wp\/v2\/types\/page"}],"author":[{"embeddable":true,"href":"https:\/\/agora.xtec.cat\/iesllica\/wp-json\/wp\/v2\/users\/12"}],"replies":[{"embeddable":true,"href":"https:\/\/agora.xtec.cat\/iesllica\/wp-json\/wp\/v2\/comments?post=20898"}],"version-history":[{"count":6,"href":"https:\/\/agora.xtec.cat\/iesllica\/wp-json\/wp\/v2\/pages\/20898\/revisions"}],"predecessor-version":[{"id":22070,"href":"https:\/\/agora.xtec.cat\/iesllica\/wp-json\/wp\/v2\/pages\/20898\/revisions\/22070"}],"up":[{"embeddable":true,"href":"https:\/\/agora.xtec.cat\/iesllica\/wp-json\/wp\/v2\/pages\/20733"}],"wp:attachment":[{"href":"https:\/\/agora.xtec.cat\/iesllica\/wp-json\/wp\/v2\/media?parent=20898"}],"curies":[{"name":"wp","href":"https:\/\/api.w.org\/{rel}","templated":true}]}}