{"id":20754,"date":"2024-04-15T14:17:34","date_gmt":"2024-04-15T12:17:34","guid":{"rendered":"https:\/\/agora.xtec.cat\/iesllica\/?page_id=20754"},"modified":"2024-04-22T11:55:14","modified_gmt":"2024-04-22T09:55:14","slug":"certificacions-delf-cambridge","status":"publish","type":"page","link":"https:\/\/agora.xtec.cat\/iesllica\/projectes\/llengues-estrangeres\/pia\/certificacions-delf-cambridge\/","title":{"rendered":"Certificaci\u00f3 DELF (Dipl\u00f4me d\u2019\u00c9tude en Langue Fran\u00e7aise)"},"content":{"rendered":"<p><a href=\"https:\/\/agora.xtec.cat\/iesllica\/wp-content\/uploads\/usu414\/2024\/04\/delf_banner.jpg\"><img loading=\"lazy\" decoding=\"async\" class=\"alignnone size-large wp-image-20984\" src=\"https:\/\/agora.xtec.cat\/iesllica\/wp-content\/uploads\/usu414\/2024\/04\/delf_banner-1024x225.jpg\" alt=\"\" width=\"1024\" height=\"225\" srcset=\"https:\/\/agora.xtec.cat\/iesllica\/wp-content\/uploads\/usu414\/2024\/04\/delf_banner-1024x225.jpg 1024w, https:\/\/agora.xtec.cat\/iesllica\/wp-content\/uploads\/usu414\/2024\/04\/delf_banner-300x66.jpg 300w, https:\/\/agora.xtec.cat\/iesllica\/wp-content\/uploads\/usu414\/2024\/04\/delf_banner-768x169.jpg 768w, https:\/\/agora.xtec.cat\/iesllica\/wp-content\/uploads\/usu414\/2024\/04\/delf_banner.jpg 1277w\" sizes=\"auto, (max-width: 1024px) 100vw, 1024px\" \/><\/a><\/p>\n<p style=\"text-align: justify;\"><strong>Qu\u00e8 \u00e9s?<\/strong><\/p>\n<ul style=\"text-align: justify;\">\n<li>Atorgats pel Ministeri d\u2019Educaci\u00f3 Nacional de Fran\u00e7a, els diplomes DELF s\u00f3n els diplomes oficials de llengua francesa, reconeguts internacionalment en 174 pa\u00efsos, que certifiquen les compet\u00e8ncies en franc\u00e8s.<\/li>\n<li>La seva validesa \u00e9s indefinida.<\/li>\n<\/ul>\n<p style=\"text-align: justify;\"><strong>Com s&#8217;organitza?<\/strong><\/p>\n<ul style=\"text-align: justify;\">\n<li>El DELF est\u00e0 compost de quatre diplomes independents, un per cada dels quatre primers nivells del Marc Com\u00fa Europeu de Refer\u00e8ncia per les lleng\u00fces (MCERL):<\/li>\n<li style=\"list-style-type: none;\">\n<ul>\n<li>DELF A1<\/li>\n<li>DELF A2<\/li>\n<li>DELF B1<\/li>\n<li>DELF B2<\/li>\n<\/ul>\n<\/li>\n<li>En aquests, s&#8217;avaluen 4 destreses ling\u00fc\u00edstiques:<\/li>\n<li style=\"list-style-type: none;\">\n<ul>\n<li>Comprensi\u00f3 oral i escrita<\/li>\n<li>Expressi\u00f3 oral i escrita<\/li>\n<\/ul>\n<\/li>\n<li>La superaci\u00f3 de la mitjana (50 punts sobre 100) permet obtenir el diploma. La nota m\u00ednima de 5\/25 \u00e9s necess\u00e0ria en cada destresa.<\/li>\n<\/ul>\n<p style=\"text-align: justify;\"><strong>Versions de DELF<br \/>\n<\/strong><\/p>\n<ul style=\"text-align: justify;\">\n<li>Existeixen varies versions del DELF amb temes adaptats en funci\u00f3 de l&#8217;edat. Totes elles, tenen el mateix valor: el diploma \u00e9s id\u00e8ntic.\n<ul>\n<li><strong>DELF per a tots els p\u00fablics<\/strong>: dirigit a adults o joves que ja no estan escolaritzats en l&#8217;ESO o Batxillerat.<\/li>\n<li><strong>DELF j\u00fanior\/escolar<\/strong>: dirigit als alumnes de ESO i Batxillerat.<\/li>\n<li><strong>DELF Prim<\/strong>: dirigit als alumnes de prim\u00e0ria.<\/li>\n<li><strong>DELF professional<\/strong>: dirigit al p\u00fablic que t\u00e9 per objectiu una promoci\u00f3 o inserci\u00f3 professional en un medi franc\u00f2fon.<\/li>\n<\/ul>\n<\/li>\n<\/ul>\n<p style=\"text-align: justify;\"><strong>Quins beneficis ofereix?<br \/>\n<\/strong><\/p>\n<ul style=\"text-align: justify;\">\n<li>En l&#8217;\u00e0mbit acad\u00e8mic, afavoreix la mobilitat estudiantil internacional en certificar el coneixement de la llengua francesa.<\/li>\n<li>El Delf B1 permet obtenir una beca Erasmus. El nivell B2 \u00e9s obligatori a Espanya per obtenir un grau universitari.<\/li>\n<\/ul>\n<p style=\"text-align: justify;\"><strong>Qui es pot presentar a la prova?<\/strong><\/p>\n<p style=\"text-align: justify;\">Es poden presentar a la prova del DELF scolaire, els alumnes escolaritzats en instituts que estudien franc\u00e8s.<\/p>\n<p style=\"text-align: center;\"><iframe loading=\"lazy\" title=\"DELF-DALF\" src=\"https:\/\/www.youtube.com\/embed\/KRmTaoIroYw\" width=\"560\" height=\"315\" frameborder=\"0\" allowfullscreen=\"allowfullscreen\"><\/iframe><\/p>\n","protected":false},"excerpt":{"rendered":"<p><a href=\"https:\/\/agora.xtec.cat\/iesllica\/wp-content\/uploads\/usu414\/2024\/04\/delf_banner.jpg\"><\/a><br \/>\nQu\u00e8 \u00e9s?<\/p>\n<ul style=\"text-align: justify;\">\n<li>Atorgats pel Ministeri d\u2019Educaci\u00f3 Nacional de Fran\u00e7a, els diplomes DELF s\u00f3n els diplomes oficials de llengua francesa, reconeguts internacionalment en 174 pa\u00efsos, que certifiquen les compet\u00e8ncies en franc\u00e8s.<\/li>\n<li>La seva validesa \u00e9s indefinida.<\/li>\n<\/ul>\n<p>Com s&#8217;organitza?<\/p>\n<ul style=\"text-align: justify;\">\n<li>El DELF est\u00e0 compost de quatre diplomes&hellip;  <a href=\"https:\/\/agora.xtec.cat\/iesllica\/projectes\/llengues-estrangeres\/pia\/certificacions-delf-cambridge\/\" title=\"Read Certificaci\u00f3 DELF (Dipl\u00f4me d\u2019\u00c9tude en Langue Fran\u00e7aise)\">Llegeix m\u00e9s\u00bb<\/a><br \/>\n","protected":false},"author":12,"featured_media":0,"parent":20744,"menu_order":1,"comment_status":"closed","ping_status":"closed","template":"page-templates\/side-menu.php","meta":{"_bbp_topic_count":0,"_bbp_reply_count":0,"_bbp_total_topic_count":0,"_bbp_total_reply_count":0,"_bbp_voice_count":0,"_bbp_anonymous_reply_count":0,"_bbp_topic_count_hidden":0,"_bbp_reply_count_hidden":0,"_bbp_forum_subforum_count":0,"footnotes":""},"class_list":["post-20754","page","type-page","status-publish","hentry"],"post_mailing_queue_ids":[],"_links":{"self":[{"href":"https:\/\/agora.xtec.cat\/iesllica\/wp-json\/wp\/v2\/pages\/20754","targetHints":{"allow":["GET"]}}],"collection":[{"href":"https:\/\/agora.xtec.cat\/iesllica\/wp-json\/wp\/v2\/pages"}],"about":[{"href":"https:\/\/agora.xtec.cat\/iesllica\/wp-json\/wp\/v2\/types\/page"}],"author":[{"embeddable":true,"href":"https:\/\/agora.xtec.cat\/iesllica\/wp-json\/wp\/v2\/users\/12"}],"replies":[{"embeddable":true,"href":"https:\/\/agora.xtec.cat\/iesllica\/wp-json\/wp\/v2\/comments?post=20754"}],"version-history":[{"count":6,"href":"https:\/\/agora.xtec.cat\/iesllica\/wp-json\/wp\/v2\/pages\/20754\/revisions"}],"predecessor-version":[{"id":21006,"href":"https:\/\/agora.xtec.cat\/iesllica\/wp-json\/wp\/v2\/pages\/20754\/revisions\/21006"}],"up":[{"embeddable":true,"href":"https:\/\/agora.xtec.cat\/iesllica\/wp-json\/wp\/v2\/pages\/20744"}],"wp:attachment":[{"href":"https:\/\/agora.xtec.cat\/iesllica\/wp-json\/wp\/v2\/media?parent=20754"}],"curies":[{"name":"wp","href":"https:\/\/api.w.org\/{rel}","templated":true}]}}