{"id":20750,"date":"2024-04-15T14:15:54","date_gmt":"2024-04-15T12:15:54","guid":{"rendered":"https:\/\/agora.xtec.cat\/iesllica\/?page_id=20750"},"modified":"2024-04-22T11:55:01","modified_gmt":"2024-04-22T09:55:01","slug":"activitats-de-frances","status":"publish","type":"page","link":"https:\/\/agora.xtec.cat\/iesllica\/projectes\/llengues-estrangeres\/pia\/activitats-de-frances\/","title":{"rendered":"Activitats de franc\u00e8s"},"content":{"rendered":"<p><a href=\"https:\/\/agora.xtec.cat\/iesllica\/wp-content\/uploads\/usu414\/2024\/04\/banner_activitats_frances.jpg\"><img loading=\"lazy\" decoding=\"async\" class=\"alignnone size-large wp-image-20974\" src=\"https:\/\/agora.xtec.cat\/iesllica\/wp-content\/uploads\/usu414\/2024\/04\/banner_activitats_frances-1024x132.jpg\" alt=\"\" width=\"1024\" height=\"132\" srcset=\"https:\/\/agora.xtec.cat\/iesllica\/wp-content\/uploads\/usu414\/2024\/04\/banner_activitats_frances-1024x132.jpg 1024w, https:\/\/agora.xtec.cat\/iesllica\/wp-content\/uploads\/usu414\/2024\/04\/banner_activitats_frances-300x39.jpg 300w, https:\/\/agora.xtec.cat\/iesllica\/wp-content\/uploads\/usu414\/2024\/04\/banner_activitats_frances-768x99.jpg 768w, https:\/\/agora.xtec.cat\/iesllica\/wp-content\/uploads\/usu414\/2024\/04\/banner_activitats_frances.jpg 1073w\" sizes=\"auto, (max-width: 1024px) 100vw, 1024px\" \/><\/a><\/p>\n<p>&nbsp;<\/p>\n<p><strong>Auxiliars de conversa<br \/>\n<\/strong><\/p>\n<ul>\n<li>Durant el curs escolar, sempre que \u00e9s possible, disposem d\u2019auxiliars nadius d\u2019angl\u00e8s i de franc\u00e8s que col\u00b7laboren en millorar el nivell de comprensi\u00f3 i expressi\u00f3 oral del nostre alumnat.<\/li>\n<\/ul>\n<p><strong>Activitat d&#8217;expressi\u00f3 oral desenvolupada per l&#8217;auxiliar de conversa Alice Massa, curs 2022-23<\/strong><\/p>\n<ul>\n<li><a title=\"Expressi\u00f3 Orale\" href=\"http:\/\/insllica.cat\/llengues\/images\/Multimedia\/Frances\/Video\/Expression_orale.pdf\" target=\"_blank\" rel=\"noopener noreferrer\">Activitat d&#8217;expressi\u00f3 oral<\/a> <em>(.pdf)<\/em><\/li>\n<\/ul>\n<p style=\"text-align: center;\"><iframe loading=\"lazy\" title=\"Activitat d'expressi\u00f3 oral desenvolupada per l'auxiliar de conversa Alice Massa, curs 2022-23\" src=\"https:\/\/www.youtube.com\/embed\/GNR57wbuuEA\" width=\"557\" height=\"311\" frameborder=\"0\" allowfullscreen=\"allowfullscreen\"><span style=\"display: inline-block; width: 0px; overflow: hidden; line-height: 0;\" data-mce-type=\"bookmark\" class=\"mce_SELRES_start\">\ufeff<\/span><\/iframe><\/p>\n<p style=\"text-align: center;\"><iframe loading=\"lazy\" title=\"Activitat d'expressi\u00f3 oral desenvolupada per l'auxiliar de conversa Alice Massa, curs 2022-23\" src=\"https:\/\/www.youtube.com\/embed\/9OGstsB7cIs\" width=\"557\" height=\"311\" frameborder=\"0\" allowfullscreen=\"allowfullscreen\"><\/iframe><\/p>\n<p style=\"text-align: center;\"><iframe loading=\"lazy\" title=\"Powerpoint les notes\" src=\"https:\/\/www.youtube.com\/embed\/gBsMUljwHz8\" width=\"557\" height=\"311\" frameborder=\"0\" allowfullscreen=\"allowfullscreen\"><\/iframe><\/p>\n<p><strong>Estades a l&#8217;estranger<\/strong><\/p>\n<ul>\n<li>El nostre projecte promou la mobilitat internacional, i oferim diverses possibilitats per dur-la a terme. Estem molt compromesos en possibilitar nous horitzons pels nostres alumnes.<\/li>\n<li>A 3r d\u2019ESO l\u2019alumnat PILE fa un intercanvi d\u2019una setmana amb un institut a Fran\u00e7a.<\/li>\n<li>A 4t d\u2019ESO i a 1r de Batxillerat, els nostres alumnes poden gaudir d\u2019intercanvis d\u2019estudis de llarga durada. Oferim un intercanvi de dos mesos amb un Lyc\u00e9e de Normandia i un Sevign\u00e9 de Bretagne, i un altre de tres mesos amb dos instituts del Qu\u00e9bec.<\/li>\n<\/ul>\n<table style=\"border-collapse: collapse; width: 100%;\">\n<tbody>\n<tr>\n<td style=\"width: 33.3333%;\"><a href=\"https:\/\/agora.xtec.cat\/iesllica\/wp-content\/uploads\/usu414\/2024\/04\/fran.jpg\"><img loading=\"lazy\" decoding=\"async\" class=\"size-large wp-image-20959 aligncenter\" src=\"https:\/\/agora.xtec.cat\/iesllica\/wp-content\/uploads\/usu414\/2024\/04\/fran-1024x693.jpg\" alt=\"\" width=\"1024\" height=\"693\" srcset=\"https:\/\/agora.xtec.cat\/iesllica\/wp-content\/uploads\/usu414\/2024\/04\/fran-1024x693.jpg 1024w, https:\/\/agora.xtec.cat\/iesllica\/wp-content\/uploads\/usu414\/2024\/04\/fran-300x203.jpg 300w, https:\/\/agora.xtec.cat\/iesllica\/wp-content\/uploads\/usu414\/2024\/04\/fran-768x520.jpg 768w, https:\/\/agora.xtec.cat\/iesllica\/wp-content\/uploads\/usu414\/2024\/04\/fran.jpg 1347w\" sizes=\"auto, (max-width: 1024px) 100vw, 1024px\" \/><\/a><\/td>\n<td style=\"width: 33.3333%;\"><a href=\"https:\/\/agora.xtec.cat\/iesllica\/wp-content\/uploads\/usu414\/2024\/04\/IMG-20190302-WA0000.jpg\"><img loading=\"lazy\" decoding=\"async\" class=\"wp-image-20958 aligncenter\" src=\"https:\/\/agora.xtec.cat\/iesllica\/wp-content\/uploads\/usu414\/2024\/04\/IMG-20190302-WA0000.jpg\" alt=\"\" width=\"454\" height=\"340\" srcset=\"https:\/\/agora.xtec.cat\/iesllica\/wp-content\/uploads\/usu414\/2024\/04\/IMG-20190302-WA0000.jpg 1024w, https:\/\/agora.xtec.cat\/iesllica\/wp-content\/uploads\/usu414\/2024\/04\/IMG-20190302-WA0000-300x225.jpg 300w, https:\/\/agora.xtec.cat\/iesllica\/wp-content\/uploads\/usu414\/2024\/04\/IMG-20190302-WA0000-768x576.jpg 768w, https:\/\/agora.xtec.cat\/iesllica\/wp-content\/uploads\/usu414\/2024\/04\/IMG-20190302-WA0000-200x150.jpg 200w\" sizes=\"auto, (max-width: 454px) 100vw, 454px\" \/><\/a><\/td>\n<\/tr>\n<\/tbody>\n<\/table>\n","protected":false},"excerpt":{"rendered":"<p><a href=\"https:\/\/agora.xtec.cat\/iesllica\/wp-content\/uploads\/usu414\/2024\/04\/banner_activitats_frances.jpg\"><\/a><br \/>\n&nbsp;<br \/>\nAuxiliars de conversa<\/p>\n<ul>\n<li>Durant el curs escolar, sempre que \u00e9s possible, disposem d\u2019auxiliars nadius d\u2019angl\u00e8s i de franc\u00e8s que col\u00b7laboren en millorar el nivell de comprensi\u00f3 i expressi\u00f3 oral del nostre alumnat.<\/li>\n<\/ul>\n<p>Activitat d&#8217;expressi\u00f3 oral desenvolupada per l&#8217;auxiliar de conversa Alice Massa, curs 2022-23<\/p>\n<ul>\n<li><a title=\"Expressi\u00f3 Orale\"&hellip;  <a href=\"https:\/\/agora.xtec.cat\/iesllica\/projectes\/llengues-estrangeres\/pia\/activitats-de-frances\/\" title=\"Read Activitats de franc\u00e8s\">Llegeix m\u00e9s\u00bb<\/a><br \/>\n","protected":false},"author":12,"featured_media":0,"parent":20744,"menu_order":0,"comment_status":"closed","ping_status":"closed","template":"page-templates\/side-menu.php","meta":{"_bbp_topic_count":0,"_bbp_reply_count":0,"_bbp_total_topic_count":0,"_bbp_total_reply_count":0,"_bbp_voice_count":0,"_bbp_anonymous_reply_count":0,"_bbp_topic_count_hidden":0,"_bbp_reply_count_hidden":0,"_bbp_forum_subforum_count":0,"footnotes":""},"class_list":["post-20750","page","type-page","status-publish","hentry"],"post_mailing_queue_ids":[],"_links":{"self":[{"href":"https:\/\/agora.xtec.cat\/iesllica\/wp-json\/wp\/v2\/pages\/20750","targetHints":{"allow":["GET"]}}],"collection":[{"href":"https:\/\/agora.xtec.cat\/iesllica\/wp-json\/wp\/v2\/pages"}],"about":[{"href":"https:\/\/agora.xtec.cat\/iesllica\/wp-json\/wp\/v2\/types\/page"}],"author":[{"embeddable":true,"href":"https:\/\/agora.xtec.cat\/iesllica\/wp-json\/wp\/v2\/users\/12"}],"replies":[{"embeddable":true,"href":"https:\/\/agora.xtec.cat\/iesllica\/wp-json\/wp\/v2\/comments?post=20750"}],"version-history":[{"count":6,"href":"https:\/\/agora.xtec.cat\/iesllica\/wp-json\/wp\/v2\/pages\/20750\/revisions"}],"predecessor-version":[{"id":20977,"href":"https:\/\/agora.xtec.cat\/iesllica\/wp-json\/wp\/v2\/pages\/20750\/revisions\/20977"}],"up":[{"embeddable":true,"href":"https:\/\/agora.xtec.cat\/iesllica\/wp-json\/wp\/v2\/pages\/20744"}],"wp:attachment":[{"href":"https:\/\/agora.xtec.cat\/iesllica\/wp-json\/wp\/v2\/media?parent=20750"}],"curies":[{"name":"wp","href":"https:\/\/api.w.org\/{rel}","templated":true}]}}