{"id":20746,"date":"2024-04-15T14:05:27","date_gmt":"2024-04-15T12:05:27","guid":{"rendered":"https:\/\/agora.xtec.cat\/iesllica\/?page_id=20746"},"modified":"2025-02-18T13:18:11","modified_gmt":"2025-02-18T12:18:11","slug":"batxibac","status":"publish","type":"page","link":"https:\/\/agora.xtec.cat\/iesllica\/projectes\/llengues-estrangeres\/batxibac\/","title":{"rendered":"BATXIBAC"},"content":{"rendered":"<p><a href=\"https:\/\/agora.xtec.cat\/iesllica\/wp-content\/uploads\/usu414\/2024\/04\/batxibac_banner.jpg\"><img loading=\"lazy\" decoding=\"async\" class=\"alignnone size-large wp-image-20995\" src=\"https:\/\/agora.xtec.cat\/iesllica\/wp-content\/uploads\/usu414\/2024\/04\/batxibac_banner-1024x186.jpg\" alt=\"\" width=\"1024\" height=\"186\" srcset=\"https:\/\/agora.xtec.cat\/iesllica\/wp-content\/uploads\/usu414\/2024\/04\/batxibac_banner-1024x186.jpg 1024w, https:\/\/agora.xtec.cat\/iesllica\/wp-content\/uploads\/usu414\/2024\/04\/batxibac_banner-300x54.jpg 300w, https:\/\/agora.xtec.cat\/iesllica\/wp-content\/uploads\/usu414\/2024\/04\/batxibac_banner-768x139.jpg 768w, https:\/\/agora.xtec.cat\/iesllica\/wp-content\/uploads\/usu414\/2024\/04\/batxibac_banner-1536x279.jpg 1536w, https:\/\/agora.xtec.cat\/iesllica\/wp-content\/uploads\/usu414\/2024\/04\/batxibac_banner.jpg 1912w\" sizes=\"auto, (max-width: 1024px) 100vw, 1024px\" \/><\/a><\/p>\n<p><strong>Qu\u00e8 \u00e9s?<\/strong><\/p>\n<ul>\n<li style=\"text-align: justify;\">El Batxibac consisteix en un curr\u00edculum mixt que possibilita l\u2019alumnat que el cursa a obtenir, a tots els efectes, la doble titulaci\u00f3 de Batxillerat catal\u00e0 i Baccalaur\u00e9at franc\u00e8s.<\/li>\n<li style=\"text-align: justify;\">El curr\u00edculum mixt est\u00e0 integrat pels continguts propis del batxillerat i pels continguts essencials per al coneixement de la llengua i la literatura francesa, a m\u00e9s de la realitat hist\u00f2rica, social, cultural i pol\u00edtica de Fran\u00e7a.<\/li>\n<\/ul>\n<p><strong>Objectius<\/strong><\/p>\n<ul>\n<li style=\"text-align: justify;\">Validar els estudis de formaci\u00f3 multicultural i multiling\u00fce.<\/li>\n<li style=\"text-align: justify;\">Afavorir la mobilitat dels joves a nivell europeu, permetent un acc\u00e9s de ple dret a qualsevol universitat dels dos pa\u00efsos.<\/li>\n<li style=\"text-align: justify;\">Facilitar la inserci\u00f3 professional i la mobilitat dins del m\u00f3n del treball, tot donant a l\u2019alumnat que l\u2019ha cursat el coneixement ampli de coneixement d\u2019una llengua i cultura que ens s\u00f3n molt properes.<\/li>\n<\/ul>\n<p><strong>Com s&#8217;organitza?<\/strong><\/p>\n<table class=\"aligncenter\" style=\"border-collapse: collapse; width: 49.2601%; height: 380px;\">\n<tbody>\n<tr style=\"background-color: #d9d9d9;\">\n<td style=\"width: 33.3333%; text-align: center;\"><strong>Mat\u00e8ries Comunes<\/strong><\/td>\n<td style=\"width: 18.41%; text-align: center;\"><strong>1r Curs<\/strong><\/td>\n<td style=\"width: 18.41%; text-align: center;\"><strong>2n Curs<\/strong><\/td>\n<\/tr>\n<tr>\n<td style=\"width: 33.3333%; text-align: center; background-color: #d9d9d9;\">Llengua catalana i literatura<\/td>\n<td style=\"width: 18.41%; text-align: center;\">2 hores<\/td>\n<td style=\"width: 18.41%%; text-align: center;\">2 hores<\/td>\n<\/tr>\n<tr>\n<td style=\"width: 33.3333%; text-align: center; background-color: #d9d9d9;\">Llengua castellana i literatura<\/td>\n<td style=\"width: 18.41%; text-align: center;\">2 hores<\/td>\n<td style=\"width: 18.41%%; text-align: center;\">2 hores<\/td>\n<\/tr>\n<tr>\n<td style=\"width: 33.3333%; text-align: center; background-color: #d9d9d9;\">Llengua estrangera franc\u00e8s<strong>*<\/strong><\/td>\n<td style=\"width: 18.41%; text-align: center;\">4 hores<\/td>\n<td style=\"width: 18.41%%; text-align: center;\">3 hores<\/td>\n<\/tr>\n<tr>\n<td style=\"width: 33.3333%; text-align: center; background-color: #d9d9d9;\">Educaci\u00f3 f\u00edsica<\/td>\n<td style=\"width: 18.41%; text-align: center;\">2 hores<\/td>\n<td style=\"width: 18.41%%; text-align: center;\">&#8211;<\/td>\n<\/tr>\n<tr>\n<td style=\"width: 33.3333%; text-align: center; background-color: #d9d9d9;\">Filosofia i ciutadania<\/td>\n<td style=\"width: 18.41%; text-align: center;\">2 hores<\/td>\n<td style=\"width: 18.41%%; text-align: center;\">&#8211;<\/td>\n<\/tr>\n<tr>\n<td style=\"width: 33.3333%; text-align: center; background-color: #d9d9d9;\">Ci\u00e8ncies per al m\u00f3n contemporani<\/td>\n<td style=\"width: 18.41%; text-align: center;\">2 hores<\/td>\n<td style=\"width: 18.41%%; text-align: center;\">&#8211;<\/td>\n<\/tr>\n<tr>\n<td style=\"width: 33.3333%; text-align: center; background-color: #d9d9d9;\">Hist\u00f2ria de la filosofia<\/td>\n<td style=\"width: 18.41%; text-align: center;\">&#8211;<\/td>\n<td style=\"width: 18.41%%; text-align: center;\">3 hores<\/td>\n<\/tr>\n<tr>\n<td style=\"width: 33.3333%; text-align: center; background-color: #d9d9d9;\">Hist\u00f2ria de Fran\u00e7a i Espanya<strong>*<\/strong><\/td>\n<td style=\"width: 18.41%; text-align: center;\">2 hores<\/td>\n<td style=\"width: 18.41%%; text-align: center;\">4 hores<\/td>\n<\/tr>\n<tr>\n<td style=\"width: 33.3333%; text-align: center; background-color: #d9d9d9;\">Literatura Francesa<strong>*<\/strong><\/td>\n<td style=\"width: 18.41%; text-align: center;\">2 hores<\/td>\n<td style=\"width: 18.41%%; text-align: center;\">3 hores<\/td>\n<\/tr>\n<tr>\n<td style=\"width: 33.3333%; text-align: center; background-color: #d9d9d9;\">Lectura en franc\u00e8s\/tutoria<strong>*<\/strong><\/td>\n<td style=\"width: 18.41%; text-align: center;\">2 hores<\/td>\n<td style=\"width: 18.41%%; text-align: center;\">2 hores<\/td>\n<\/tr>\n<tr>\n<td style=\"width: 33.3333%; text-align: center; background-color: #d9d9d9;\">Lectura en angl\u00e8s<\/td>\n<td style=\"width: 18.41%; text-align: center;\">30 min<\/td>\n<td style=\"width: 18.41%%; text-align: center;\">30 min<\/td>\n<\/tr>\n<tr>\n<td style=\"width: 33.3333%; text-align: center; background-color: #d9d9d9;\">Treball de recerca en franc\u00e8s<strong>*<\/strong><\/td>\n<td style=\"width: 18.41%; text-align: center;\">&#8211;<\/td>\n<td style=\"width: 18.41%%; text-align: center;\"><\/td>\n<\/tr>\n<\/tbody>\n<\/table>\n<p>&nbsp;<\/p>\n<p style=\"text-align: center;\"><em>(*) mat\u00e8ries impartides en franc\u00e8s<\/em><\/p>\n<p style=\"text-align: center;\"><strong>Organitzaci\u00f3 de les mat\u00e8ries de modalitat i optatives per itinerari<\/strong><\/p>\n<table style=\"border-collapse: collapse; width: 100%; height: 480px;\">\n<tbody>\n<tr style=\"height: 32px;\">\n<td style=\"width: 100%; height: 32px; text-align: center; background-color: #d9d9d9;\" colspan=\"4\"><strong>Modalitat d&#8217;Humanitat i Ci\u00e8ncies Socials<\/strong><\/td>\n<\/tr>\n<tr style=\"height: 32px;\">\n<td style=\"width: 50%; height: 32px; text-align: center; background-color: #d9d9d9;\" colspan=\"2\"><strong>1r Curs<\/strong><\/td>\n<td style=\"width: 50%; height: 32px; text-align: center; background-color: #d9d9d9;\" colspan=\"2\"><strong>2n Curs<\/strong><\/td>\n<\/tr>\n<tr style=\"height: 32px;\">\n<td style=\"width: 25%; height: 32px; text-align: center; background-color: #d9d9d9;\"><strong>Human\u00edstic<\/strong><\/td>\n<td style=\"width: 25%; height: 32px; text-align: center; background-color: #d9d9d9;\"><strong>Social<\/strong><\/td>\n<td style=\"width: 25%; height: 32px; text-align: center; background-color: #d9d9d9;\"><strong>Human\u00edstic<\/strong><\/td>\n<td style=\"width: 25%; height: 32px; text-align: center; background-color: #d9d9d9;\"><strong>Social<\/strong><\/td>\n<\/tr>\n<tr>\n<td style=\"width: 25%; text-align: center;\">Grec I<\/td>\n<td style=\"width: 25%; text-align: center;\">Matem\u00e0tiques aplicades CS I<\/td>\n<td style=\"width: 25%; text-align: center;\">Grec II<\/td>\n<td style=\"width: 25%; text-align: center;\">Matem\u00e0tiques aplicades CS II<\/td>\n<\/tr>\n<tr>\n<td style=\"width: 25%; text-align: center;\">Llat\u00ed I<\/td>\n<td style=\"width: 25%; text-align: center;\">Llat\u00ed I \/ Economia d&#8217;empresa I<\/td>\n<td style=\"width: 25%; text-align: center;\">Llat\u00ed II<\/td>\n<td style=\"width: 25%; text-align: center;\">Llat\u00ed II \/ Economia d&#8217;empresa II<\/td>\n<\/tr>\n<tr>\n<td style=\"width: 25%; text-align: center;\">Literatura castellana<\/td>\n<td style=\"width: 25%; text-align: center;\">Economia<\/td>\n<td style=\"width: 25%; text-align: center;\">Literatura catalana<\/td>\n<td style=\"width: 25%; text-align: center;\">Geografia<\/td>\n<\/tr>\n<tr style=\"height: 32px;\">\n<td style=\"width: 50%; height: 32px; text-align: center;\" colspan=\"2\">Literatura i Hist\u00f2ria de Fran\u00e7a I<\/td>\n<td style=\"width: 50%; height: 32px; text-align: center;\" colspan=\"2\">Literatura i Hist\u00f2ria de Fran\u00e7a II<\/td>\n<\/tr>\n<tr style=\"height: 32px;\">\n<td style=\"width: 100%; height: 32px; text-align: center; background-color: #d9d9d9;\" colspan=\"4\"><strong>Modalitat de Ci\u00e8ncies i Tecnologia<\/strong><\/td>\n<\/tr>\n<tr style=\"height: 32px;\">\n<td style=\"width: 50%; height: 32px; text-align: center; background-color: #d9d9d9;\" colspan=\"2\"><strong>1r Curs<\/strong><\/td>\n<td style=\"width: 50%; height: 32px; text-align: center; background-color: #d9d9d9;\" colspan=\"2\"><strong>2n Curs<\/strong><\/td>\n<\/tr>\n<tr>\n<td style=\"width: 25%; text-align: center; background-color: #d9d9d9;\"><strong>Cient\u00edfic<\/strong><\/td>\n<td style=\"width: 25%; text-align: center; background-color: #d9d9d9;\"><strong>Tecnol\u00f2gic<\/strong><\/td>\n<td style=\"width: 25%; text-align: center; background-color: #d9d9d9;\"><strong>Cient\u00edfic<\/strong><\/td>\n<td style=\"width: 25%; text-align: center; background-color: #d9d9d9;\"><strong>Tecnol\u00f2gic<\/strong><\/td>\n<\/tr>\n<tr style=\"height: 32px;\">\n<td style=\"width: 50%; height: 32px; text-align: center;\" colspan=\"2\">\u00a0 Matem\u00e0tiques I (obligat\u00f2ria)<\/td>\n<td style=\"width: 50%; height: 32px; text-align: center;\" colspan=\"2\">\u00a0\u00a0Matem\u00e0tiques II (obligat\u00f2ria)<\/td>\n<\/tr>\n<tr>\n<td style=\"width: 25%; text-align: center;\">\u00a0Qu\u00edmica I<\/td>\n<td style=\"width: 25%; text-align: center;\">Dibuix t\u00e8cnic I \/ Qu\u00edmica I<\/td>\n<td style=\"width: 25%; text-align: center;\">\u00a0\u00a0Qu\u00edmica II<\/td>\n<td style=\"width: 25%; text-align: center;\">Dibuix t\u00e8cnic II \/ Qu\u00edmica II<\/td>\n<\/tr>\n<tr>\n<td style=\"width: 25%; text-align: center;\">\u00a0Biologia I<\/td>\n<td style=\"width: 25%; text-align: center;\">\u00a0Tecnologia Industrial I<\/td>\n<td style=\"width: 25%; text-align: center;\">\u00a0Biologia II<\/td>\n<td style=\"width: 25%; text-align: center;\">\u00a0\u00a0Tecnologia Industrial II<\/td>\n<\/tr>\n<tr>\n<td style=\"width: 25%; text-align: center;\">\u00a0Literatura i Hist\u00f2ria de Fran\u00e7a I<\/td>\n<td style=\"width: 25%; text-align: center;\">\u00a0F\u00edsica I<\/td>\n<td style=\"width: 25%; text-align: center;\">\u00a0Literatura i Hist\u00f2ria de Fran\u00e7a II<\/td>\n<td style=\"width: 25%; text-align: center;\">\u00a0F\u00edsica II<\/td>\n<\/tr>\n<tr style=\"height: 32px;\">\n<td style=\"width: 25%; height: 32px; text-align: center;\" colspan=\"4\"><em>&#8211; Totes les modalitats poden fer el Batxibac.<\/em><\/p>\n<p><em>&#8211; Els alumnes que vulguin cursar la F\u00edsica I i II, l\u2019han de cursar per l\u2019IOC ( Institut Obert de Catalunya), i la poden canviar per una de les mat\u00e8ries de modalitat.<\/em><\/p>\n<p><em>&#8211; Els alumnes Batxibac no fan angl\u00e8s, per\u00f2 tenen la possibilitat de prepar-se pel First amb un extraescolar del centre.<\/em><\/td>\n<\/tr>\n<\/tbody>\n<\/table>\n<p>&nbsp;<\/p>\n<p><strong>Requisits<\/strong><\/p>\n<ul>\n<li style=\"text-align: justify;\">Per accedir al batxibac l\u2019alumnat ha de demostrar un nivell b\u00e0sic de franc\u00e8s, equivalent al B1 del Marc Europeu de Refer\u00e8ncia per a les Lleng\u00fces. En cas de no poder acreditar el nivell B1 els alumnes s\u2019hauran de presentar a la prova de nivell del centre.<\/li>\n<\/ul>\n<p style=\"text-align: justify;\"><strong>Titulaci\u00f3<\/strong><\/p>\n<ul style=\"text-align: justify;\">\n<li>Per obtenir la doble titulaci\u00f3 els alumnes hauran de:<\/li>\n<li style=\"list-style-type: none;\">\n<ul>\n<li>Superar totes les mat\u00e8ries de batxillerat.<\/li>\n<li>Haver acreditat les hores de formaci\u00f3 en franc\u00e8s i els complements curriculars establerts.<\/li>\n<li>Superar la prova externa que tindr\u00e0 lloc a finals del 2n curs sobre continguts de les mat\u00e8ries espec\u00edfiques: llengua i literatura francesa (oral i escrita), i hist\u00f2ria d\u2019Espanya i Fran\u00e7a (escrita).<\/li>\n<\/ul>\n<\/li>\n<\/ul>\n<p style=\"text-align: justify;\"><strong>Avaluaci\u00f3 i acc\u00e9s a la universitat<br \/>\n<\/strong><\/p>\n<ul style=\"text-align: justify;\">\n<li>La nota final del batxillerat est\u00e0 formada <strong>pel 90% de la mitjana<\/strong> de les assignatures cursades + 10% del treball de recerca.<\/li>\n<li>La <strong>nota final del baccalaur\u00e9at<\/strong> \u00e9s la mitjana ponderada entre la nota de batxillerat (que val un 70%) i la qualificaci\u00f3 global de la prova externa (amb un 30%). La nota d\u2019aquesta prova externa \u00e9s la mitjana aritm\u00e8tica de les qualificacions de les mat\u00e8ries espec\u00edfiques del bac. Per superar-la, cal tenir un 5 de mitjana i una nota m\u00ednima de 5 en la prova de llengua i literatura francesa.<\/li>\n<li>Per tant, l\u2019alumne <strong>tindr\u00e0 dues notes per accedir a la Universitat:<\/strong> la nota d\u2019expedient (sistema educatiu catal\u00e0) i la nota baccalaur\u00e9at (sistema educatiu franc\u00e8s) i podr\u00e0 utilitzar la que li sigui m\u00e9s avantatjosa en qualsevol dels dos pa\u00efsos.<\/li>\n<\/ul>\n<p style=\"text-align: justify;\"><strong>Diplomes i certificacions<\/strong><\/p>\n<ul>\n<li style=\"text-align: justify;\">Amb el t\u00edtol del baccalaur\u00e9at franc\u00e8s, l\u2019alumne podr\u00e0 tamb\u00e9 acreditar el nivell B2 del Marc Europeu de Refer\u00e8ncia per a les Lleng\u00fces.<\/li>\n<li><a href=\"https:\/\/agora.xtec.cat\/iesllica\/projectes\/llengues-estrangeres\/pia\/certificacions-delf-cambridge\/\" target=\"_blank\" rel=\"noopener\">Certificaci\u00f3 DELF<\/a><\/li>\n<\/ul>\n<p><strong>Activitats en franc\u00e8s<\/strong><\/p>\n<ul>\n<li style=\"list-style-type: none;\">\n<ul>\n<li><a href=\"https:\/\/agora.xtec.cat\/iesllica\/projectes\/llengues-estrangeres\/batxibac\/activitats-de-frances\/\" target=\"_blank\" rel=\"noopener noreferrer\">Auxiliars de conversa<\/a><\/li>\n<li><a href=\"https:\/\/agora.xtec.cat\/iesllica\/projectes\/llengues-estrangeres\/batxibac\/activitats-de-frances\/\" target=\"_blank\" rel=\"noopener noreferrer\">Estades a l&#8217;estranger<\/a><\/li>\n<\/ul>\n<\/li>\n<\/ul>\n<p style=\"text-align: center;\"><iframe loading=\"lazy\" title=\"\u00bfQue es el Bachibac?\" src=\"https:\/\/www.youtube.com\/embed\/NY61whRExoM\" width=\"560\" height=\"315\" frameborder=\"0\" allowfullscreen=\"allowfullscreen\"><\/iframe><\/p>\n<p><iframe title=\"Spotify Embed: Batxibac (doble titulaci\u00f3 batxiller - baccalaur\u00e9at)\" style=\"border-radius: 12px\" width=\"100%\" height=\"152\" frameborder=\"0\" allowfullscreen allow=\"autoplay; clipboard-write; encrypted-media; fullscreen; picture-in-picture\" loading=\"lazy\" src=\"https:\/\/open.spotify.com\/embed\/episode\/1zb8zHmmMerChh0wHnYigJ?si=W1Cx8Nf5SHChEZ1X_hYR_A&#038;utm_source=oembed\"><\/iframe><\/p>\n<p>&nbsp;<\/p>\n<p><strong><em>Podeu trobar m\u00e9s informaci\u00f3 a la <\/em><a href=\"http:\/\/insllica.cat\/llengues\/index.php\/ca\/\" target=\"_blank\" rel=\"noopener\"><em>web lleng\u00fces estrangeres<\/em><\/a><em> i a la <a href=\"http:\/\/xtec.gencat.cat\/ca\/curriculum\/batxillerat\/baccalaureat\/\" target=\"_blank\" rel=\"noopener\">web del Departament d&#8217;ensenyament.<\/a><\/em><\/strong><\/p>\n","protected":false},"excerpt":{"rendered":"<p><a href=\"https:\/\/agora.xtec.cat\/iesllica\/wp-content\/uploads\/usu414\/2024\/04\/batxibac_banner.jpg\"><\/a><br \/>\nQu\u00e8 \u00e9s?<\/p>\n<ul>\n<li style=\"text-align: justify;\">El Batxibac consisteix en un curr\u00edculum mixt que possibilita l\u2019alumnat que el cursa a obtenir, a tots els efectes, la doble titulaci\u00f3 de Batxillerat catal\u00e0 i Baccalaur\u00e9at franc\u00e8s.<\/li>\n<li style=\"text-align: justify;\">El curr\u00edculum mixt est\u00e0 integrat pels continguts propis del batxillerat i pels&hellip;  <a href=\"https:\/\/agora.xtec.cat\/iesllica\/projectes\/llengues-estrangeres\/batxibac\/\" title=\"Read BATXIBAC\">Llegeix m\u00e9s\u00bb<\/a><br \/>\n","protected":false},"author":12,"featured_media":0,"parent":20733,"menu_order":2,"comment_status":"closed","ping_status":"closed","template":"page-templates\/side-menu.php","meta":{"_bbp_topic_count":0,"_bbp_reply_count":0,"_bbp_total_topic_count":0,"_bbp_total_reply_count":0,"_bbp_voice_count":0,"_bbp_anonymous_reply_count":0,"_bbp_topic_count_hidden":0,"_bbp_reply_count_hidden":0,"_bbp_forum_subforum_count":0,"footnotes":""},"class_list":["post-20746","page","type-page","status-publish","hentry"],"post_mailing_queue_ids":[],"_links":{"self":[{"href":"https:\/\/agora.xtec.cat\/iesllica\/wp-json\/wp\/v2\/pages\/20746","targetHints":{"allow":["GET"]}}],"collection":[{"href":"https:\/\/agora.xtec.cat\/iesllica\/wp-json\/wp\/v2\/pages"}],"about":[{"href":"https:\/\/agora.xtec.cat\/iesllica\/wp-json\/wp\/v2\/types\/page"}],"author":[{"embeddable":true,"href":"https:\/\/agora.xtec.cat\/iesllica\/wp-json\/wp\/v2\/users\/12"}],"replies":[{"embeddable":true,"href":"https:\/\/agora.xtec.cat\/iesllica\/wp-json\/wp\/v2\/comments?post=20746"}],"version-history":[{"count":6,"href":"https:\/\/agora.xtec.cat\/iesllica\/wp-json\/wp\/v2\/pages\/20746\/revisions"}],"predecessor-version":[{"id":22071,"href":"https:\/\/agora.xtec.cat\/iesllica\/wp-json\/wp\/v2\/pages\/20746\/revisions\/22071"}],"up":[{"embeddable":true,"href":"https:\/\/agora.xtec.cat\/iesllica\/wp-json\/wp\/v2\/pages\/20733"}],"wp:attachment":[{"href":"https:\/\/agora.xtec.cat\/iesllica\/wp-json\/wp\/v2\/media?parent=20746"}],"curies":[{"name":"wp","href":"https:\/\/api.w.org\/{rel}","templated":true}]}}