{"id":20606,"date":"2024-04-10T10:05:21","date_gmt":"2024-04-10T08:05:21","guid":{"rendered":"https:\/\/agora.xtec.cat\/iesllica\/?page_id=20606"},"modified":"2025-02-18T09:56:48","modified_gmt":"2025-02-18T08:56:48","slug":"itinerari-formatiu-especific-ife","status":"publish","type":"page","link":"https:\/\/agora.xtec.cat\/iesllica\/estudis\/itinerari-formatiu-especific-ife\/","title":{"rendered":"Itinerari formatiu espec\u00edfic (IFE)"},"content":{"rendered":"<p><a href=\"https:\/\/agora.xtec.cat\/iesllica\/wp-content\/uploads\/usu414\/2024\/04\/banner_ife2.jpg\"><img loading=\"lazy\" decoding=\"async\" class=\"alignnone size-large wp-image-20608\" src=\"https:\/\/agora.xtec.cat\/iesllica\/wp-content\/uploads\/usu414\/2024\/04\/banner_ife2-1024x179.jpg\" alt=\"\" width=\"1024\" height=\"179\" srcset=\"https:\/\/agora.xtec.cat\/iesllica\/wp-content\/uploads\/usu414\/2024\/04\/banner_ife2-1024x179.jpg 1024w, https:\/\/agora.xtec.cat\/iesllica\/wp-content\/uploads\/usu414\/2024\/04\/banner_ife2-300x52.jpg 300w, https:\/\/agora.xtec.cat\/iesllica\/wp-content\/uploads\/usu414\/2024\/04\/banner_ife2-768x134.jpg 768w, https:\/\/agora.xtec.cat\/iesllica\/wp-content\/uploads\/usu414\/2024\/04\/banner_ife2-1536x269.jpg 1536w, https:\/\/agora.xtec.cat\/iesllica\/wp-content\/uploads\/usu414\/2024\/04\/banner_ife2.jpg 1903w\" sizes=\"auto, (max-width: 1024px) 100vw, 1024px\" \/><\/a><\/p>\n<div class=\"basic_text_peq pd-15 pd-30 link-dotted\">\n<p>Els itineraris formatius espec\u00edfics (IFE) s\u00f3n ensenyaments professionals que s&#8217;adrecen a alumnes amb necessitats educatives especials associades a una discapacitat intel\u00b7lectual lleu o moderada, amb l&#8217;objectiu d&#8217;oferir atenci\u00f3 educativa, a l&#8217;etapa postobligat\u00f2ria, segons les necessitats individuals i les capacitats i habilitats pr\u00f2pies.<\/p>\n<p>La finalitat d&#8217;aquests ensenyaments \u00e9s que els i les alumnes incrementin l&#8217;autonomia personal i assoleixin les compet\u00e8ncies professionals que els facilitin la transici\u00f3 a la vida adulta i la inclusi\u00f3 social i laboral.<\/p>\n<p><strong>A l&#8217;institut de Lli\u00e7\u00e0 s&#8217;ofereix l&#8217;IFE en:<\/strong><\/p>\n<\/div>\n<ul style=\"list-style-type: square;\">\n<li><a href=\"https:\/\/agora.xtec.cat\/iesllica\/estudis\/itinerari-formatiu-especific-ife\/ife\/\">Auxiliar en manteniment d&#8217;instal\u00b7lacions esportives (AMIE) <\/a>\u00a0&#8211; <a href=\"https:\/\/agora.xtec.cat\/iesllica\/wp-content\/uploads\/usu414\/2025\/02\/IFE-AMIE.pdf\" target=\"_blank\" rel=\"noopener\">Descarrega <em>tr\u00edptic (pdf)<\/em><\/a><\/li>\n<\/ul>\n","protected":false},"excerpt":{"rendered":"<p><a href=\"https:\/\/agora.xtec.cat\/iesllica\/wp-content\/uploads\/usu414\/2024\/04\/banner_ife2.jpg\"><\/a><\/p>\n<p>Els itineraris formatius espec\u00edfics (IFE) s\u00f3n ensenyaments professionals que s&#8217;adrecen a alumnes amb necessitats educatives especials associades a una discapacitat intel\u00b7lectual lleu o moderada, amb l&#8217;objectiu d&#8217;oferir atenci\u00f3 educativa, a l&#8217;etapa postobligat\u00f2ria, segons les necessitats individuals i les capacitats i habilitats pr\u00f2pies.<br \/>\nLa finalitat d&#8217;aquests&hellip;  <a href=\"https:\/\/agora.xtec.cat\/iesllica\/estudis\/itinerari-formatiu-especific-ife\/\" title=\"Read Itinerari formatiu espec\u00edfic (IFE)\">Llegeix m\u00e9s\u00bb<\/a><\/p>\n","protected":false},"author":12,"featured_media":0,"parent":195,"menu_order":6,"comment_status":"closed","ping_status":"closed","template":"page-templates\/side-menu.php","meta":{"_bbp_topic_count":0,"_bbp_reply_count":0,"_bbp_total_topic_count":0,"_bbp_total_reply_count":0,"_bbp_voice_count":0,"_bbp_anonymous_reply_count":0,"_bbp_topic_count_hidden":0,"_bbp_reply_count_hidden":0,"_bbp_forum_subforum_count":0,"footnotes":""},"class_list":["post-20606","page","type-page","status-publish","hentry"],"post_mailing_queue_ids":[],"_links":{"self":[{"href":"https:\/\/agora.xtec.cat\/iesllica\/wp-json\/wp\/v2\/pages\/20606","targetHints":{"allow":["GET"]}}],"collection":[{"href":"https:\/\/agora.xtec.cat\/iesllica\/wp-json\/wp\/v2\/pages"}],"about":[{"href":"https:\/\/agora.xtec.cat\/iesllica\/wp-json\/wp\/v2\/types\/page"}],"author":[{"embeddable":true,"href":"https:\/\/agora.xtec.cat\/iesllica\/wp-json\/wp\/v2\/users\/12"}],"replies":[{"embeddable":true,"href":"https:\/\/agora.xtec.cat\/iesllica\/wp-json\/wp\/v2\/comments?post=20606"}],"version-history":[{"count":6,"href":"https:\/\/agora.xtec.cat\/iesllica\/wp-json\/wp\/v2\/pages\/20606\/revisions"}],"predecessor-version":[{"id":22058,"href":"https:\/\/agora.xtec.cat\/iesllica\/wp-json\/wp\/v2\/pages\/20606\/revisions\/22058"}],"up":[{"embeddable":true,"href":"https:\/\/agora.xtec.cat\/iesllica\/wp-json\/wp\/v2\/pages\/195"}],"wp:attachment":[{"href":"https:\/\/agora.xtec.cat\/iesllica\/wp-json\/wp\/v2\/media?parent=20606"}],"curies":[{"name":"wp","href":"https:\/\/api.w.org\/{rel}","templated":true}]}}