{"id":20538,"date":"2024-04-09T09:27:12","date_gmt":"2024-04-09T07:27:12","guid":{"rendered":"https:\/\/agora.xtec.cat\/iesllica\/?page_id=20538"},"modified":"2025-05-09T09:22:24","modified_gmt":"2025-05-09T07:22:24","slug":"pfi-manteniment-electric","status":"publish","type":"page","link":"https:\/\/agora.xtec.cat\/iesllica\/estudis\/familia-professional-delectricitat-i-electronica\/pfi-manteniment-electric\/","title":{"rendered":"PFI &#8211; AUXILIAR DE MUNTATGES D&#8217;INSTAL\u00b7LACIONS ELECTROT\u00c8CNIQUES EN EDIFICIS"},"content":{"rendered":"<p><a href=\"https:\/\/agora.xtec.cat\/iesllica\/wp-content\/uploads\/usu414\/2024\/04\/banner_pfie1.jpg\"><img loading=\"lazy\" decoding=\"async\" class=\"alignnone wp-image-20639\" src=\"https:\/\/agora.xtec.cat\/iesllica\/wp-content\/uploads\/usu414\/2024\/04\/banner_pfie1.jpg\" alt=\"\" width=\"1049\" height=\"324\" srcset=\"https:\/\/agora.xtec.cat\/iesllica\/wp-content\/uploads\/usu414\/2024\/04\/banner_pfie1.jpg 965w, https:\/\/agora.xtec.cat\/iesllica\/wp-content\/uploads\/usu414\/2024\/04\/banner_pfie1-300x93.jpg 300w, https:\/\/agora.xtec.cat\/iesllica\/wp-content\/uploads\/usu414\/2024\/04\/banner_pfie1-768x237.jpg 768w\" sizes=\"auto, (max-width: 1049px) 100vw, 1049px\" \/><\/a><\/p>\n<p style=\"text-align: justify;\">Aquests estudis capaciten per dur a terme operacions auxiliars en el muntatge i manteniment d&#8217;instal\u00b7lacions electrot\u00e8cniques i d&#8217;aigua i gas, aix\u00ed com en el muntatge o desmuntatge d&#8217;aparells sanitaris, radiadors i aparells de climatitzaci\u00f3.<\/p>\n<p>Tenen una durada total de 1.000 hores, un curs acad\u00e8mic.<\/p>\n<p><strong>HORARIS<\/strong><\/p>\n<ul>\n<li>Matins de 8h a 13,30h<\/li>\n<\/ul>\n<p><strong>M\u00d2DULS QUE S\u2019IMPARTEIXEN<br \/>\n<\/strong><\/p>\n<ul style=\"list-style-type: square;\">\n<li><strong>M\u00f2duls de formaci\u00f3 professional<\/strong>\n<ul style=\"list-style-type: square;\">\n<li>Instal\u00b7lacions El\u00e8ctriques i Dom\u00f2tiques<\/li>\n<li>Instal\u00b7lacions de Telecomunicacions<\/li>\n<li>Operacions de Fontaneria<\/li>\n<li>Projecte Integrat<\/li>\n<li>Formaci\u00f3 B\u00e0sica en Prevenci\u00f3 de Riscos Laborals<\/li>\n<li>Formaci\u00f3 Pr\u00e0ctica en Empreses<\/li>\n<\/ul>\n<\/li>\n<\/ul>\n<ul style=\"list-style-type: square;\">\n<li><strong>M\u00f2duls de formaci\u00f3 general<\/strong>\n<ul style=\"list-style-type: square;\">\n<li>Estrat\u00e8gies i Eines de Comunicaci\u00f3<\/li>\n<li>Entorn Social i Territorial<\/li>\n<li>Estrat\u00e8gies i Eines Matem\u00e0tiques<\/li>\n<li>Incorporaci\u00f3 al M\u00f3n Professional<\/li>\n<\/ul>\n<\/li>\n<\/ul>\n<p><strong>Tutoria, seguiment i orientaci\u00f3 personalitzada<br \/>\n<\/strong><\/p>\n<ul>\n<li><a href=\"https:\/\/agora.xtec.cat\/iesllica\/wp-content\/uploads\/usu414\/2025\/02\/PFI-Electricitat.pdf\" target=\"_blank\" rel=\"noopener\">Descarrega Tr\u00edptic (.pdf)<\/a><\/li>\n<\/ul>\n<p>Per a m\u00e9s informaci\u00f3, podeu visitar la seg\u00fcent <a href=\"https:\/\/triaeducativa.gencat.cat\/ca\/estudis\/?auxiliar-muntatges-installacions-electriques-aigua-gas&amp;p_id=2774\" target=\"_blank\" rel=\"noopener\">web<\/a>.<\/p>\n","protected":false},"excerpt":{"rendered":"<p><a href=\"https:\/\/agora.xtec.cat\/iesllica\/wp-content\/uploads\/usu414\/2024\/04\/banner_pfie1.jpg\"><\/a><br \/>\nAquests estudis capaciten per dur a terme operacions auxiliars en el muntatge i manteniment d&#8217;instal\u00b7lacions electrot\u00e8cniques i d&#8217;aigua i gas, aix\u00ed com en el muntatge o desmuntatge d&#8217;aparells sanitaris, radiadors i aparells de climatitzaci\u00f3.<br \/>\nTenen una durada total de 1.000 hores, un curs acad\u00e8mic.<br \/>\nHORARIS<\/p>\n<ul>\n<li>Matins de&hellip;  <a href=\"https:\/\/agora.xtec.cat\/iesllica\/estudis\/familia-professional-delectricitat-i-electronica\/pfi-manteniment-electric\/\" title=\"Read PFI &#8211; AUXILIAR DE MUNTATGES D&#8217;INSTAL\u00b7LACIONS ELECTROT\u00c8CNIQUES EN EDIFICIS\">Llegeix m\u00e9s\u00bb<\/a><br \/>\n","protected":false},"author":12,"featured_media":0,"parent":20620,"menu_order":0,"comment_status":"closed","ping_status":"closed","template":"page-templates\/side-menu.php","meta":{"_bbp_topic_count":0,"_bbp_reply_count":0,"_bbp_total_topic_count":0,"_bbp_total_reply_count":0,"_bbp_voice_count":0,"_bbp_anonymous_reply_count":0,"_bbp_topic_count_hidden":0,"_bbp_reply_count_hidden":0,"_bbp_forum_subforum_count":0,"footnotes":""},"class_list":["post-20538","page","type-page","status-publish","hentry"],"post_mailing_queue_ids":[],"_links":{"self":[{"href":"https:\/\/agora.xtec.cat\/iesllica\/wp-json\/wp\/v2\/pages\/20538","targetHints":{"allow":["GET"]}}],"collection":[{"href":"https:\/\/agora.xtec.cat\/iesllica\/wp-json\/wp\/v2\/pages"}],"about":[{"href":"https:\/\/agora.xtec.cat\/iesllica\/wp-json\/wp\/v2\/types\/page"}],"author":[{"embeddable":true,"href":"https:\/\/agora.xtec.cat\/iesllica\/wp-json\/wp\/v2\/users\/12"}],"replies":[{"embeddable":true,"href":"https:\/\/agora.xtec.cat\/iesllica\/wp-json\/wp\/v2\/comments?post=20538"}],"version-history":[{"count":7,"href":"https:\/\/agora.xtec.cat\/iesllica\/wp-json\/wp\/v2\/pages\/20538\/revisions"}],"predecessor-version":[{"id":22388,"href":"https:\/\/agora.xtec.cat\/iesllica\/wp-json\/wp\/v2\/pages\/20538\/revisions\/22388"}],"up":[{"embeddable":true,"href":"https:\/\/agora.xtec.cat\/iesllica\/wp-json\/wp\/v2\/pages\/20620"}],"wp:attachment":[{"href":"https:\/\/agora.xtec.cat\/iesllica\/wp-json\/wp\/v2\/media?parent=20538"}],"curies":[{"name":"wp","href":"https:\/\/api.w.org\/{rel}","templated":true}]}}