{"id":20523,"date":"2024-04-08T10:18:11","date_gmt":"2024-04-08T08:18:11","guid":{"rendered":"https:\/\/agora.xtec.cat\/iesllica\/?page_id=20523"},"modified":"2025-02-18T09:57:21","modified_gmt":"2025-02-18T08:57:21","slug":"ife","status":"publish","type":"page","link":"https:\/\/agora.xtec.cat\/iesllica\/estudis\/itinerari-formatiu-especific-ife\/ife\/","title":{"rendered":"IFE &#8211; AUXILIAR EN MANTENIMENT D&#8217;INSTAL\u00b7LACIONS ESPORTIVES (AMIE)"},"content":{"rendered":"<p><a href=\"https:\/\/agora.xtec.cat\/iesllica\/wp-content\/uploads\/usu414\/2024\/04\/banner_ife.jpg\"><img loading=\"lazy\" decoding=\"async\" class=\"alignnone size-large wp-image-20597\" src=\"https:\/\/agora.xtec.cat\/iesllica\/wp-content\/uploads\/usu414\/2024\/04\/banner_ife-1024x174.jpg\" alt=\"\" width=\"1024\" height=\"174\" srcset=\"https:\/\/agora.xtec.cat\/iesllica\/wp-content\/uploads\/usu414\/2024\/04\/banner_ife-1024x174.jpg 1024w, https:\/\/agora.xtec.cat\/iesllica\/wp-content\/uploads\/usu414\/2024\/04\/banner_ife-300x51.jpg 300w, https:\/\/agora.xtec.cat\/iesllica\/wp-content\/uploads\/usu414\/2024\/04\/banner_ife-768x130.jpg 768w, https:\/\/agora.xtec.cat\/iesllica\/wp-content\/uploads\/usu414\/2024\/04\/banner_ife.jpg 1180w\" sizes=\"auto, (max-width: 1024px) 100vw, 1024px\" \/><\/a><\/p>\n<p style=\"text-align: justify;\">Aquests estudis desenvolupen compet\u00e8ncies per fer tasques auxiliars en el control d&#8217;acc\u00e9s, circulaci\u00f3 i assist\u00e8ncia als usuaris i visitants d&#8217;instal\u00b7lacions esportives; el suport a l&#8217;organitzaci\u00f3 d&#8217;activitats fisicoesportives seguint instruccions o un pla de treball; la prevenci\u00f3 per a la millora de la seguretat dins del recinte; la reposici\u00f3 o reparaci\u00f3 d&#8217;avaries de nivell b\u00e0sic, i el tractament de dades, textos i confecci\u00f3 de documentaci\u00f3 sota supervisi\u00f3, observant les normes de prevenci\u00f3 de riscos laborals i la protecci\u00f3 mediambiental corresponents, i tamb\u00e9 compet\u00e8ncies de comunicaci\u00f3, autonomia personal i participaci\u00f3 en activitats comunit\u00e0ries.<\/p>\n<p>La durada \u00e9s de 3.360 hores, que es distribueixen en quatre cursos acad\u00e8mics. El darrer curs inclou la formaci\u00f3 en centres de treball.<\/p>\n<p style=\"text-align: justify;\"><strong>HORARIS<\/strong><\/p>\n<ul style=\"text-align: justify;\">\n<li>Matins de 8h a 13,30h<\/li>\n<\/ul>\n<p style=\"text-align: justify;\"><strong>M\u00d2DULS QUE S&#8217;IMPARTEIXEN<br \/>\n<\/strong><\/p>\n<ul style=\"text-align: justify;\">\n<li><strong>M\u00f2duls professionals comuns<\/strong>\n<ul>\n<li>Vida Saludable i Cura d&#8217;un Mateix<\/li>\n<li>Comunicaci\u00f3 i Relacions Interpersonals<\/li>\n<li>Viure en Entorns Propers<\/li>\n<li>\u00das d&#8217;Establiments i Serveis<\/li>\n<li>Organitzaci\u00f3 Personal<\/li>\n<li>Activitats Comunit\u00e0ries<\/li>\n<li>Participaci\u00f3 Ciutadana<\/li>\n<li>Iniciaci\u00f3 a l&#8217;Activitat Laboral<\/li>\n<li>Organitzaci\u00f3 de les Empreses<\/li>\n<li>M\u00f3n Laboral<\/li>\n<li>Desenvolupament en el Lloc de Treball<\/li>\n<li>Tutoria<\/li>\n<\/ul>\n<\/li>\n<\/ul>\n<ul>\n<li><strong>M\u00f2duls professionals espec\u00edfics<\/strong>\n<ul>\n<li style=\"text-align: justify;\">Acc\u00e9s d&#8217;Usuaris i Organitzaci\u00f3 de la Instal\u00b7laci\u00f3 Fisicoesportiva<\/li>\n<li style=\"text-align: justify;\">Assist\u00e8ncia en l&#8217;Organitzaci\u00f3 d&#8217;Espais, Activitats i Repartiment de Material en la Instal\u00b7laci\u00f3 Fisicoesportiva<\/li>\n<li style=\"text-align: justify;\">Reparaci\u00f3 d&#8217;Avaries i Reposici\u00f3 d&#8217;Estris<\/li>\n<li style=\"text-align: justify;\">Operacions B\u00e0siques de Prevenci\u00f3 en les Instal\u00b7lacions Esportives<\/li>\n<li style=\"text-align: justify;\">Aplicacions B\u00e0siques d&#8217;Ofim\u00e0tica<\/li>\n<li style=\"text-align: justify;\">Formaci\u00f3 en Centres de Treball<\/li>\n<\/ul>\n<\/li>\n<\/ul>\n<ul>\n<li><a href=\"https:\/\/agora.xtec.cat\/iesllica\/wp-content\/uploads\/usu414\/2025\/02\/IFE-AMIE.pdf\" target=\"_blank\" rel=\"noopener\">Descarrega Tr\u00edptic (.pdf)<\/a><\/li>\n<\/ul>\n<p>Per a m\u00e9s informaci\u00f3, podeu visitar la seg\u00fcent <a href=\"https:\/\/triaeducativa.gencat.cat\/ca\/estudis\/?auxiliar-manteniment-installacions-esportives&amp;p_id=4370\" target=\"_blank\" rel=\"noopener\">web<\/a>.<\/p>\n","protected":false},"excerpt":{"rendered":"<p><a href=\"https:\/\/agora.xtec.cat\/iesllica\/wp-content\/uploads\/usu414\/2024\/04\/banner_ife.jpg\"><\/a><br \/>\nAquests estudis desenvolupen compet\u00e8ncies per fer tasques auxiliars en el control d&#8217;acc\u00e9s, circulaci\u00f3 i assist\u00e8ncia als usuaris i visitants d&#8217;instal\u00b7lacions esportives; el suport a l&#8217;organitzaci\u00f3 d&#8217;activitats fisicoesportives seguint instruccions o un pla de treball; la prevenci\u00f3 per a la millora de la seguretat dins&hellip;  <a href=\"https:\/\/agora.xtec.cat\/iesllica\/estudis\/itinerari-formatiu-especific-ife\/ife\/\" title=\"Read IFE &#8211; AUXILIAR EN MANTENIMENT D&#8217;INSTAL\u00b7LACIONS ESPORTIVES (AMIE)\">Llegeix m\u00e9s\u00bb<\/a><\/p>\n","protected":false},"author":12,"featured_media":0,"parent":20606,"menu_order":6,"comment_status":"closed","ping_status":"closed","template":"page-templates\/side-menu.php","meta":{"_bbp_topic_count":0,"_bbp_reply_count":0,"_bbp_total_topic_count":0,"_bbp_total_reply_count":0,"_bbp_voice_count":0,"_bbp_anonymous_reply_count":0,"_bbp_topic_count_hidden":0,"_bbp_reply_count_hidden":0,"_bbp_forum_subforum_count":0,"footnotes":""},"class_list":["post-20523","page","type-page","status-publish","hentry"],"post_mailing_queue_ids":[],"_links":{"self":[{"href":"https:\/\/agora.xtec.cat\/iesllica\/wp-json\/wp\/v2\/pages\/20523","targetHints":{"allow":["GET"]}}],"collection":[{"href":"https:\/\/agora.xtec.cat\/iesllica\/wp-json\/wp\/v2\/pages"}],"about":[{"href":"https:\/\/agora.xtec.cat\/iesllica\/wp-json\/wp\/v2\/types\/page"}],"author":[{"embeddable":true,"href":"https:\/\/agora.xtec.cat\/iesllica\/wp-json\/wp\/v2\/users\/12"}],"replies":[{"embeddable":true,"href":"https:\/\/agora.xtec.cat\/iesllica\/wp-json\/wp\/v2\/comments?post=20523"}],"version-history":[{"count":7,"href":"https:\/\/agora.xtec.cat\/iesllica\/wp-json\/wp\/v2\/pages\/20523\/revisions"}],"predecessor-version":[{"id":22059,"href":"https:\/\/agora.xtec.cat\/iesllica\/wp-json\/wp\/v2\/pages\/20523\/revisions\/22059"}],"up":[{"embeddable":true,"href":"https:\/\/agora.xtec.cat\/iesllica\/wp-json\/wp\/v2\/pages\/20606"}],"wp:attachment":[{"href":"https:\/\/agora.xtec.cat\/iesllica\/wp-json\/wp\/v2\/media?parent=20523"}],"curies":[{"name":"wp","href":"https:\/\/api.w.org\/{rel}","templated":true}]}}