{"id":20492,"date":"2024-04-05T13:17:07","date_gmt":"2024-04-05T11:17:07","guid":{"rendered":"https:\/\/agora.xtec.cat\/iesllica\/?page_id=20492"},"modified":"2025-02-18T09:58:07","modified_gmt":"2025-02-18T08:58:07","slug":"familia-professional-activitats-fisiques-i-esportives","status":"publish","type":"page","link":"https:\/\/agora.xtec.cat\/iesllica\/estudis\/familia-professional-activitats-fisiques-i-esportives\/","title":{"rendered":"Fam\u00edlia professional activitats f\u00edsiques i esportives"},"content":{"rendered":"<p><a href=\"https:\/\/agora.xtec.cat\/iesllica\/wp-content\/uploads\/usu414\/2024\/04\/banner_esports.jpeg\"><img loading=\"lazy\" decoding=\"async\" class=\"alignnone wp-image-20495\" src=\"https:\/\/agora.xtec.cat\/iesllica\/wp-content\/uploads\/usu414\/2024\/04\/banner_esports.jpeg\" alt=\"\" width=\"1019\" height=\"141\" srcset=\"https:\/\/agora.xtec.cat\/iesllica\/wp-content\/uploads\/usu414\/2024\/04\/banner_esports.jpeg 600w, https:\/\/agora.xtec.cat\/iesllica\/wp-content\/uploads\/usu414\/2024\/04\/banner_esports-300x42.jpeg 300w\" sizes=\"auto, (max-width: 1019px) 100vw, 1019px\" \/><\/a><\/p>\n<p>Els cicles formatius de grau mitj\u00e0 (CFGM) s\u00f3n ensenyaments professionalitzadors que proporcionen la formaci\u00f3 necess\u00e0ria per adquirir la compet\u00e8ncia professional i el coneixement propis de cada sector.<\/p>\n<p><strong>A l&#8217;institut de Lli\u00e7\u00e0 s&#8217;ofereixen s&#8217;ofereixen els seg\u00fcents cicles formatius dins de la fam\u00edlia d&#8217;activitats f\u00edsiques i esportives:<\/strong><\/p>\n<ul>\n<li style=\"list-style-type: none;\">\n<ul style=\"list-style-type: square;\">\n<li><a href=\"https:\/\/agora.xtec.cat\/iesllica\/estudis\/familia-professional-activitats-fisiques-i-esportives\/cicle-formatiu-gmntll\/\">CFGM &#8211; Guia en el Medi Natural i de Temps de Lleure (GMNTLL)<\/a> &#8211; <em><a href=\"https:\/\/agora.xtec.cat\/iesllica\/wp-content\/uploads\/usu414\/2025\/02\/GMNTLL.pdf\" target=\"_blank\" rel=\"noopener\">Descarrega tr\u00edptic (pdf)<\/a><\/em><\/li>\n<\/ul>\n<\/li>\n<\/ul>\n","protected":false},"excerpt":{"rendered":"<p><a href=\"https:\/\/agora.xtec.cat\/iesllica\/wp-content\/uploads\/usu414\/2024\/04\/banner_esports.jpeg\"><\/a><br \/>\nEls cicles formatius de grau mitj\u00e0 (CFGM) s\u00f3n ensenyaments professionalitzadors que proporcionen la formaci\u00f3 necess\u00e0ria per adquirir la compet\u00e8ncia professional i el coneixement propis de cada sector.<br \/>\nA l&#8217;institut de Lli\u00e7\u00e0 s&#8217;ofereixen s&#8217;ofereixen els seg\u00fcents cicles formatius dins de la fam\u00edlia d&#8217;activitats f\u00edsiques i esportives:<\/p>\n<ul>\n<li&hellip;  <a href=\"https:\/\/agora.xtec.cat\/iesllica\/estudis\/familia-professional-activitats-fisiques-i-esportives\/\" title=\"Read Fam\u00edlia professional activitats f\u00edsiques i esportives\">Llegeix m\u00e9s\u00bb<\/a><\/p>\n","protected":false},"author":12,"featured_media":0,"parent":195,"menu_order":4,"comment_status":"closed","ping_status":"closed","template":"page-templates\/side-menu.php","meta":{"_bbp_topic_count":0,"_bbp_reply_count":0,"_bbp_total_topic_count":0,"_bbp_total_reply_count":0,"_bbp_voice_count":0,"_bbp_anonymous_reply_count":0,"_bbp_topic_count_hidden":0,"_bbp_reply_count_hidden":0,"_bbp_forum_subforum_count":0,"footnotes":""},"class_list":["post-20492","page","type-page","status-publish","hentry"],"post_mailing_queue_ids":[],"_links":{"self":[{"href":"https:\/\/agora.xtec.cat\/iesllica\/wp-json\/wp\/v2\/pages\/20492","targetHints":{"allow":["GET"]}}],"collection":[{"href":"https:\/\/agora.xtec.cat\/iesllica\/wp-json\/wp\/v2\/pages"}],"about":[{"href":"https:\/\/agora.xtec.cat\/iesllica\/wp-json\/wp\/v2\/types\/page"}],"author":[{"embeddable":true,"href":"https:\/\/agora.xtec.cat\/iesllica\/wp-json\/wp\/v2\/users\/12"}],"replies":[{"embeddable":true,"href":"https:\/\/agora.xtec.cat\/iesllica\/wp-json\/wp\/v2\/comments?post=20492"}],"version-history":[{"count":6,"href":"https:\/\/agora.xtec.cat\/iesllica\/wp-json\/wp\/v2\/pages\/20492\/revisions"}],"predecessor-version":[{"id":22060,"href":"https:\/\/agora.xtec.cat\/iesllica\/wp-json\/wp\/v2\/pages\/20492\/revisions\/22060"}],"up":[{"embeddable":true,"href":"https:\/\/agora.xtec.cat\/iesllica\/wp-json\/wp\/v2\/pages\/195"}],"wp:attachment":[{"href":"https:\/\/agora.xtec.cat\/iesllica\/wp-json\/wp\/v2\/media?parent=20492"}],"curies":[{"name":"wp","href":"https:\/\/api.w.org\/{rel}","templated":true}]}}