{"id":20482,"date":"2024-04-05T12:53:40","date_gmt":"2024-04-05T10:53:40","guid":{"rendered":"https:\/\/agora.xtec.cat\/iesllica\/?page_id=20482"},"modified":"2025-02-18T09:50:27","modified_gmt":"2025-02-18T08:50:27","slug":"familia-professional-informatica-i-comunicacions","status":"publish","type":"page","link":"https:\/\/agora.xtec.cat\/iesllica\/estudis\/familia-professional-informatica-i-comunicacions\/","title":{"rendered":"Fam\u00edlia professional Inform\u00e0tica i comunicacions"},"content":{"rendered":"<p><a href=\"https:\/\/agora.xtec.cat\/iesllica\/wp-content\/uploads\/usu414\/2024\/04\/SMX.pdf\"><img loading=\"lazy\" decoding=\"async\" class=\"alignnone size-large wp-image-20486\" src=\"https:\/\/agora.xtec.cat\/iesllica\/wp-content\/uploads\/usu414\/2024\/04\/banner_informatica-1024x262.jpeg\" alt=\"\" width=\"1024\" height=\"262\" srcset=\"https:\/\/agora.xtec.cat\/iesllica\/wp-content\/uploads\/usu414\/2024\/04\/banner_informatica-1024x262.jpeg 1024w, https:\/\/agora.xtec.cat\/iesllica\/wp-content\/uploads\/usu414\/2024\/04\/banner_informatica-300x77.jpeg 300w, https:\/\/agora.xtec.cat\/iesllica\/wp-content\/uploads\/usu414\/2024\/04\/banner_informatica-768x197.jpeg 768w, https:\/\/agora.xtec.cat\/iesllica\/wp-content\/uploads\/usu414\/2024\/04\/banner_informatica-1536x393.jpeg 1536w, https:\/\/agora.xtec.cat\/iesllica\/wp-content\/uploads\/usu414\/2024\/04\/banner_informatica.jpeg 2000w\" sizes=\"auto, (max-width: 1024px) 100vw, 1024px\" \/><\/a><\/p>\n<div class=\"col-xs-12 col-sm-8 noticia-text\">\n<div class=\"wrapper_padding-15\">\n<p style=\"text-align: justify;\">Els cicles formatius de grau mitj\u00e0 (CFGM) s\u00f3n ensenyaments professionalitzadors que proporcionen la formaci\u00f3 necess\u00e0ria per adquirir la compet\u00e8ncia professional i el coneixement propis de cada sector.<\/p>\n<p style=\"text-align: justify;\">Els cicles formatius de grau superior (CFGS) s\u00f3n estudis professionalitzadors que formen part de l&#8217;educaci\u00f3 superior i que preparen l\u2019alumnat per a l&#8217;activitat qualificada en un camp professional.<\/p>\n<p><strong>A l&#8217;institut de Lli\u00e7\u00e0 s&#8217;ofereixen els seg\u00fcents cicles formatius dins de la fam\u00edlia d&#8217;inform\u00e0tica i comunicacions:<\/strong><\/p>\n<\/div>\n<\/div>\n<ul>\n<li style=\"list-style-type: none;\">\n<ul style=\"list-style-type: square;\">\n<li><a href=\"https:\/\/agora.xtec.cat\/iesllica\/estudis\/cicles-formatiu-sistemes-microinformatics-i-xarxes\/\">CFGM &#8211; Sistemes Microinform\u00e0tics i Xarxes (SMX) <\/a>\u00a0&#8211; <a href=\"https:\/\/agora.xtec.cat\/iesllica\/wp-content\/uploads\/usu414\/2025\/02\/SMX.pdf\" target=\"_blank\" rel=\"noopener\">Descarrega <em>tr\u00edptic (pdf)<\/em><\/a><\/li>\n<li><a href=\"https:\/\/agora.xtec.cat\/iesllica\/estudis\/familia-professional-informatica-i-comunicacions\/cicle-formatiu-asix-ciberseguretat\/\">CFGS &#8211; Administraci\u00f3 de Sistemes Inform\u00e0tics en Xarxes &#8211; <em>perfil ciberseguretat<\/em> (ASIX)<\/a> &#8211; <a href=\"https:\/\/agora.xtec.cat\/iesllica\/wp-content\/uploads\/usu414\/2025\/02\/ASIX-Ciberseguretat.pdf\" target=\"_blank\" rel=\"noopener\"><em>Descarrega tr\u00edptic (pdf)<\/em><\/a><\/li>\n<\/ul>\n<\/li>\n<\/ul>\n","protected":false},"excerpt":{"rendered":"<p><a href=\"https:\/\/agora.xtec.cat\/iesllica\/wp-content\/uploads\/usu414\/2024\/04\/SMX.pdf\"><\/a><\/p>\n<p>Els cicles formatius de grau mitj\u00e0 (CFGM) s\u00f3n ensenyaments professionalitzadors que proporcionen la formaci\u00f3 necess\u00e0ria per adquirir la compet\u00e8ncia professional i el coneixement propis de cada sector.<br \/>\nEls cicles formatius de grau superior (CFGS) s\u00f3n estudis professionalitzadors que formen part de l&#8217;educaci\u00f3 superior i que&hellip;  <a href=\"https:\/\/agora.xtec.cat\/iesllica\/estudis\/familia-professional-informatica-i-comunicacions\/\" title=\"Read Fam\u00edlia professional Inform\u00e0tica i comunicacions\">Llegeix m\u00e9s\u00bb<\/a><\/p>\n","protected":false},"author":12,"featured_media":0,"parent":195,"menu_order":3,"comment_status":"closed","ping_status":"closed","template":"page-templates\/side-menu.php","meta":{"_bbp_topic_count":0,"_bbp_reply_count":0,"_bbp_total_topic_count":0,"_bbp_total_reply_count":0,"_bbp_voice_count":0,"_bbp_anonymous_reply_count":0,"_bbp_topic_count_hidden":0,"_bbp_reply_count_hidden":0,"_bbp_forum_subforum_count":0,"footnotes":""},"class_list":["post-20482","page","type-page","status-publish","hentry"],"post_mailing_queue_ids":[],"_links":{"self":[{"href":"https:\/\/agora.xtec.cat\/iesllica\/wp-json\/wp\/v2\/pages\/20482","targetHints":{"allow":["GET"]}}],"collection":[{"href":"https:\/\/agora.xtec.cat\/iesllica\/wp-json\/wp\/v2\/pages"}],"about":[{"href":"https:\/\/agora.xtec.cat\/iesllica\/wp-json\/wp\/v2\/types\/page"}],"author":[{"embeddable":true,"href":"https:\/\/agora.xtec.cat\/iesllica\/wp-json\/wp\/v2\/users\/12"}],"replies":[{"embeddable":true,"href":"https:\/\/agora.xtec.cat\/iesllica\/wp-json\/wp\/v2\/comments?post=20482"}],"version-history":[{"count":6,"href":"https:\/\/agora.xtec.cat\/iesllica\/wp-json\/wp\/v2\/pages\/20482\/revisions"}],"predecessor-version":[{"id":22053,"href":"https:\/\/agora.xtec.cat\/iesllica\/wp-json\/wp\/v2\/pages\/20482\/revisions\/22053"}],"up":[{"embeddable":true,"href":"https:\/\/agora.xtec.cat\/iesllica\/wp-json\/wp\/v2\/pages\/195"}],"wp:attachment":[{"href":"https:\/\/agora.xtec.cat\/iesllica\/wp-json\/wp\/v2\/media?parent=20482"}],"curies":[{"name":"wp","href":"https:\/\/api.w.org\/{rel}","templated":true}]}}