{"id":20458,"date":"2024-04-04T12:40:49","date_gmt":"2024-04-04T10:40:49","guid":{"rendered":"https:\/\/agora.xtec.cat\/iesllica\/?page_id=20458"},"modified":"2025-02-18T13:26:24","modified_gmt":"2025-02-18T12:26:24","slug":"pla-deducacio-digital-de-catalunya-pedc","status":"publish","type":"page","link":"https:\/\/agora.xtec.cat\/iesllica\/projectes\/estrategia-digital\/pla-deducacio-digital-de-catalunya-pedc\/","title":{"rendered":"Pla d\u2019Educaci\u00f3 Digital de Catalunya (PEDC)"},"content":{"rendered":"<p><a href=\"https:\/\/agora.xtec.cat\/iesllica\/wp-content\/uploads\/usu414\/2024\/04\/ordinadors-banner.jpg\"><img loading=\"lazy\" decoding=\"async\" class=\"wp-image-20459 alignleft\" src=\"https:\/\/agora.xtec.cat\/iesllica\/wp-content\/uploads\/usu414\/2024\/04\/ordinadors-banner.jpg\" alt=\"\" width=\"241\" height=\"227\" srcset=\"https:\/\/agora.xtec.cat\/iesllica\/wp-content\/uploads\/usu414\/2024\/04\/ordinadors-banner.jpg 369w, https:\/\/agora.xtec.cat\/iesllica\/wp-content\/uploads\/usu414\/2024\/04\/ordinadors-banner-300x283.jpg 300w\" sizes=\"auto, (max-width: 241px) 100vw, 241px\" \/><\/a><strong>Dispositius Digitals (PC)<\/strong><br \/>\nEl Pla d\u2019Educaci\u00f3 Digital de Catalunya (PEDC) pret\u00e9n contribuir al desenvolupament de les compet\u00e8ncies digitals que els ciutadans i les ciutadanes necessiten per viure i treballar en la societat actual. L\u2019objectiu b\u00e0sic \u00e9s assegurar que l\u2019alumnat sigui digitalment competent en acabar l\u2019ensenyament obligatori.<br \/>\nEn el cas del nostre centre aquest Pla suposa que:<br \/>\n1. L\u2019alumnat ha de disposar d\u2019un PC port\u00e0til com a eina de treball.<br \/>\n2. Disposar d\u2019aules amb equipament multim\u00e8dia i wifi per connectar a internet.<br \/>\n3. Instal\u00b7laci\u00f3 el\u00e8ctrica a les aules necess\u00e0ria per recarregar les bateries.<br \/>\n4. Substituci\u00f3 de part dels llibres de text en paper per llibres de text digitals.<\/p>\n<p>&nbsp;<\/p>\n<p style=\"text-align: justify;\">El Departament d\u2019Educaci\u00f3 proporcionar\u00e0 un PC port\u00e0til a cada alumne\/a en pr\u00e9stec. En aquest sentit cal tenir en compte que:<\/p>\n<ul>\n<li style=\"list-style-type: none;\">\n<ul style=\"list-style-type: square;\">\n<li style=\"text-align: justify;\">L\u2019alumnat pot portar un PC propi.<\/li>\n<li style=\"text-align: justify;\">Durant les primeres setmanes de curs el centre distribuir\u00e0 un PC en pr\u00e9stec a l\u2019alumnat que ho demani.<\/li>\n<li style=\"text-align: justify;\">Aquests PC no permeten instal\u00b7lar programari sense llic\u00e8ncia.<\/li>\n<\/ul>\n<\/li>\n<\/ul>\n<p>&nbsp;<\/p>\n<p><strong>Cura dels dispositius digitals en pr\u00e9stec<\/strong><\/p>\n<p style=\"text-align: justify;\">L\u2019alumnat \u00e9s el <strong>responsable de tenir cura dels dispositius digitals en pr\u00e9stec<\/strong>, fer-ne un bon \u00fas i evitar qualsevol tipus de desperfecte. Aix\u00ed, L\u2019alumnat que, intencionadament o per neglig\u00e8ncia, els causi algun dany s\u2019haur\u00e0 de fer c\u00e0rrec de reparar aquest dany i fer-se\u2019n c\u00e0rrec de la despesa econ\u00f2mica que pugui suposar la seva reparaci\u00f3 o restituci\u00f3.<\/p>\n<p style=\"text-align: justify;\">At\u00e8s que el centre no es fa c\u00e0rrec de la reparaci\u00f3 dels ordinadors sin\u00f3 que el Departament d\u2019Educaci\u00f3 s\u2019encarrega de fer-ne la substituci\u00f3, el possible cost econ\u00f2mic correspondr\u00e0 a una xifra equivalent al mal \u00fas provocat sobre l\u2019aparell. A tall d\u2019exemple aquests desperfectes poden ser:<\/p>\n<ul>\n<li style=\"list-style-type: none;\">\n<ul style=\"list-style-type: square;\">\n<li>Pantalla o teclat trencats.<\/li>\n<li>Cop o desperfectes a l\u2019estructura (frontissa, carcassa posterior, tapa,\u2026) per\u00f2 l\u2019equip segueix operatiu.<\/li>\n<li>Cop a l\u2019estructura, l\u2019equip deixa de ser operatiu (canvi de placa).<\/li>\n<li>P\u00e8rdua de carregador<\/li>\n<\/ul>\n<\/li>\n<\/ul>\n","protected":false},"excerpt":{"rendered":"<p><a href=\"https:\/\/agora.xtec.cat\/iesllica\/wp-content\/uploads\/usu414\/2024\/04\/ordinadors-banner.jpg\"><\/a>Dispositius Digitals (PC)<br \/>\nEl Pla d\u2019Educaci\u00f3 Digital de Catalunya (PEDC) pret\u00e9n contribuir al desenvolupament de les compet\u00e8ncies digitals que els ciutadans i les ciutadanes necessiten per viure i treballar en la societat actual. L\u2019objectiu b\u00e0sic \u00e9s assegurar que l\u2019alumnat sigui digitalment competent en acabar l\u2019ensenyament&hellip;  <a href=\"https:\/\/agora.xtec.cat\/iesllica\/projectes\/estrategia-digital\/pla-deducacio-digital-de-catalunya-pedc\/\" title=\"Read Pla d\u2019Educaci\u00f3 Digital de Catalunya (PEDC)\">Llegeix m\u00e9s\u00bb<\/a><\/p>\n","protected":false},"author":12,"featured_media":0,"parent":18070,"menu_order":9,"comment_status":"closed","ping_status":"closed","template":"page-templates\/side-menu.php","meta":{"_bbp_topic_count":0,"_bbp_reply_count":0,"_bbp_total_topic_count":0,"_bbp_total_reply_count":0,"_bbp_voice_count":0,"_bbp_anonymous_reply_count":0,"_bbp_topic_count_hidden":0,"_bbp_reply_count_hidden":0,"_bbp_forum_subforum_count":0,"footnotes":""},"class_list":["post-20458","page","type-page","status-publish","hentry"],"post_mailing_queue_ids":[],"_links":{"self":[{"href":"https:\/\/agora.xtec.cat\/iesllica\/wp-json\/wp\/v2\/pages\/20458","targetHints":{"allow":["GET"]}}],"collection":[{"href":"https:\/\/agora.xtec.cat\/iesllica\/wp-json\/wp\/v2\/pages"}],"about":[{"href":"https:\/\/agora.xtec.cat\/iesllica\/wp-json\/wp\/v2\/types\/page"}],"author":[{"embeddable":true,"href":"https:\/\/agora.xtec.cat\/iesllica\/wp-json\/wp\/v2\/users\/12"}],"replies":[{"embeddable":true,"href":"https:\/\/agora.xtec.cat\/iesllica\/wp-json\/wp\/v2\/comments?post=20458"}],"version-history":[{"count":3,"href":"https:\/\/agora.xtec.cat\/iesllica\/wp-json\/wp\/v2\/pages\/20458\/revisions"}],"predecessor-version":[{"id":20462,"href":"https:\/\/agora.xtec.cat\/iesllica\/wp-json\/wp\/v2\/pages\/20458\/revisions\/20462"}],"up":[{"embeddable":true,"href":"https:\/\/agora.xtec.cat\/iesllica\/wp-json\/wp\/v2\/pages\/18070"}],"wp:attachment":[{"href":"https:\/\/agora.xtec.cat\/iesllica\/wp-json\/wp\/v2\/media?parent=20458"}],"curies":[{"name":"wp","href":"https:\/\/api.w.org\/{rel}","templated":true}]}}