{"id":20423,"date":"2024-04-04T12:06:46","date_gmt":"2024-04-04T10:06:46","guid":{"rendered":"https:\/\/agora.xtec.cat\/iesllica\/?page_id=20423"},"modified":"2026-03-11T14:06:22","modified_gmt":"2026-03-11T13:06:22","slug":"batxillerat","status":"publish","type":"page","link":"https:\/\/agora.xtec.cat\/iesllica\/estudis\/batxillerat\/","title":{"rendered":"Batxillerat"},"content":{"rendered":"<p style=\"text-align: justify;\">L\u2019Institut de Lli\u00e7\u00e0 ofereix 2 modalitats de batxillerat: <strong>ci\u00e8ncies i tecnologia, humanitats i ci\u00e8ncies socials.\u00a0<\/strong><\/p>\n<p style=\"text-align: justify;\">El curr\u00edculum s\u2019estructura en quatre tipus de mat\u00e8ries: mat\u00e8ries comunes, mat\u00e8ries de modalitat i mat\u00e8ries optatives. A m\u00e9s, els alumnes tamb\u00e9 realitzen un <a href=\"https:\/\/agora.xtec.cat\/iesllica\/wp-content\/uploads\/usu414\/2026\/03\/Dossier-TDR-2025-26-alumne.pdf\" target=\"_blank\" rel=\"noopener\">Treball de Recerca<\/a>\u00a0repartit entre 1r i 2n de Batxillerat.<\/p>\n<p style=\"text-align: justify;\"><strong>MAT\u00c8RIES COMUNES:<\/strong> Tots els estudiants de batxillerat, sigui de la modalitat que sigui, fan les seg\u00fcents mat\u00e8ries comunes:<\/p>\n<table style=\"height: 371px; width: 65.047%; margin-left: auto; margin-right: auto; border-collapse: collapse;\">\n<tbody>\n<tr style=\"height: 32px;\">\n<td style=\"width: 33.3333%; height: 32px; vertical-align: middle; text-align: center;\"><\/td>\n<td style=\"width: 33.3333%; height: 32px; background-color: #e6e6e6; vertical-align: middle; text-align: center;\"><strong>1r. hores setmana<\/strong><\/td>\n<td style=\"width: 33.3333%; height: 32px; background-color: #e6e6e6; vertical-align: middle; text-align: center;\"><strong>2n. hores setmana<\/strong><\/td>\n<\/tr>\n<tr style=\"height: 32px;\">\n<td style=\"width: 33.3333%; height: 32px; background-color: #e6e6e6; vertical-align: middle; text-align: center;\"><strong>Llengua Catalana i Literatura<\/strong><\/td>\n<td style=\"width: 33.3333%; height: 32px; vertical-align: middle; text-align: center;\">2<\/td>\n<td style=\"width: 33.3333%; height: 32px; vertical-align: middle; text-align: center;\">2<\/td>\n<\/tr>\n<tr style=\"height: 32px;\">\n<td style=\"width: 33.3333%; height: 32px; background-color: #e6e6e6; vertical-align: middle; text-align: center;\"><strong>Llengua Castellana i Literatura<\/strong><\/td>\n<td style=\"width: 33.3333%; height: 32px; vertical-align: middle; text-align: center;\">2<\/td>\n<td style=\"width: 33.3333%; height: 32px; vertical-align: middle; text-align: center;\">2<\/td>\n<\/tr>\n<tr style=\"height: 32px;\">\n<td style=\"width: 33.3333%; height: 32px; background-color: #e6e6e6; vertical-align: middle; text-align: center;\"><strong>Llengua Estrangera (angl\u00e8s)<\/strong><\/td>\n<td style=\"width: 33.3333%; height: 32px; vertical-align: middle; text-align: center;\">3<\/td>\n<td style=\"width: 33.3333%; height: 32px; vertical-align: middle; text-align: center;\">3<\/td>\n<\/tr>\n<tr style=\"height: 32px;\">\n<td style=\"width: 33.3333%; height: 32px; background-color: #e6e6e6; vertical-align: middle; text-align: center;\"><strong>Educaci\u00f3 F\u00edsica<\/strong><\/td>\n<td style=\"width: 33.3333%; height: 32px; vertical-align: middle; text-align: center;\">2<\/td>\n<td style=\"width: 33.3333%; height: 32px; vertical-align: middle; text-align: center;\">&#8211;<\/td>\n<\/tr>\n<tr style=\"height: 32px;\">\n<td style=\"width: 33.3333%; height: 32px; background-color: #e6e6e6; vertical-align: middle; text-align: center;\"><strong>Filosofia<\/strong><\/td>\n<td style=\"width: 33.3333%; height: 32px; vertical-align: middle; text-align: center;\">2<\/td>\n<td style=\"width: 33.3333%; height: 32px; vertical-align: middle; text-align: center;\">&#8211;<\/td>\n<\/tr>\n<tr style=\"height: 32px;\">\n<td style=\"width: 33.3333%; height: 32px; background-color: #e6e6e6; vertical-align: middle; text-align: center;\"><strong>Hist\u00f2ria de la Filosofia<\/strong><\/td>\n<td style=\"width: 33.3333%; height: 32px; vertical-align: middle; text-align: center;\">&#8211;<\/td>\n<td style=\"width: 33.3333%; height: 32px; vertical-align: middle; text-align: center;\">3<\/td>\n<\/tr>\n<tr style=\"height: 32px;\">\n<td style=\"width: 33.3333%; height: 32px; background-color: #e6e6e6; vertical-align: middle; text-align: center;\"><strong>Hist\u00f2ria<\/strong><\/td>\n<td style=\"width: 33.3333%; height: 32px; vertical-align: middle; text-align: center;\">&#8211;<\/td>\n<td style=\"width: 33.3333%; height: 32px; vertical-align: middle; text-align: center;\">3<\/td>\n<\/tr>\n<tr style=\"height: 32px;\">\n<td style=\"width: 33.3333%; height: 32px; background-color: #e6e6e6; vertical-align: middle; text-align: center;\"><strong>Tutoria<\/strong><\/td>\n<td style=\"width: 33.3333%; height: 32px; vertical-align: middle; text-align: center;\">1<\/td>\n<td style=\"width: 33.3333%; height: 32px; vertical-align: middle; text-align: center;\">1<\/td>\n<\/tr>\n<tr style=\"height: 32px;\">\n<td style=\"width: 33.3333%; height: 32px; background-color: #e6e6e6; vertical-align: middle; text-align: center;\"><strong>Treball de Recerca<\/strong><\/td>\n<td style=\"width: 33.3333%; height: 32px; vertical-align: middle; text-align: center;\"><\/td>\n<td style=\"width: 33.3333%; height: 32px; vertical-align: middle; text-align: center;\"><\/td>\n<\/tr>\n<tr style=\"height: 32px;\">\n<td style=\"width: 33.3333%; height: 32px; background-color: #e6e6e6; vertical-align: middle; text-align: center;\"><strong>Total d\u2019hores setmanals<\/strong><\/td>\n<td style=\"width: 33.3333%; height: 32px; vertical-align: middle; text-align: center;\">12<\/td>\n<td style=\"width: 33.3333%; height: 32px; vertical-align: middle; text-align: center;\">14<\/td>\n<\/tr>\n<\/tbody>\n<\/table>\n<p><strong>MAT\u00c8RIES DE MODALITAT:<\/strong> Hi ha 4 modalitats de batxillerat:<\/p>\n<ul>\n<li style=\"list-style-type: none;\">\n<ul style=\"list-style-type: square;\">\n<li>Modalitat de ci\u00e8ncies i tecnologia<\/li>\n<li>Modalitat d\u2019humanitats i ci\u00e8ncies socials<\/li>\n<li>Modalitat d\u2019Arts (no es fa a l\u2019Institut de Lli\u00e7\u00e0)<\/li>\n<li>Modalitat General (\u00c9s experimental en alguns instituts de Catalunya, no es fa a l\u2019Institut de Lli\u00e7\u00e0)<\/li>\n<\/ul>\n<\/li>\n<\/ul>\n<p style=\"text-align: justify;\">\u00c9s molt important escollir l\u2019itinerari que m\u00e9s els convingui en funci\u00f3 de les expectatives de futur, tant si es vol estudiar un grau universitari com un cicle formatiu i, pensant en les proves d\u2019acc\u00e9s a la universitat, PAU, fixar-se b\u00e9 en les mat\u00e8ries que ponderen per accedir al grau en qu\u00e8 estiguin interessats:<\/p>\n<ul>\n<li style=\"list-style-type: none;\">\n<ul style=\"list-style-type: square;\">\n<li><a href=\"https:\/\/universitats.gencat.cat\/ca\/preinscripcions\/sobre-preinscripcio\/ponderacions\/\" target=\"_blank\" rel=\"noopener\">https:\/\/universitats.gencat.cat\/ca\/preinscripcions\/sobre-preinscripcio\/ponderacions\/<\/a><\/li>\n<li><a href=\"https:\/\/universitats.gencat.cat\/ca\/inici\/\" target=\"_blank\" rel=\"noopener\">https:\/\/universitats.gencat.cat\/ca\/inici\/<\/a><\/li>\n<\/ul>\n<\/li>\n<\/ul>\n<p style=\"text-align: justify;\"><strong>MAT\u00c8RIES MODALITAT I OPTATIVES 1 BATX:<\/strong> Hi ha una mat\u00e8ria optativa anual (<em>Franja 1<\/em>), que pot ser una mat\u00e8ria de modalitat i, per tant, subjecta a examinar-se\u2019n a les PAU, i tres mat\u00e8ries optatives trimestrals (F<em>ranja 2<\/em>), i en faran una mat\u00e8ria diferent cada trimestre.<\/p>\n<p style=\"text-align: center;\"><a href=\"https:\/\/agora.xtec.cat\/iesllica\/wp-content\/uploads\/usu414\/2026\/03\/modalitats_optatives_1rbatx.jpg\"><img loading=\"lazy\" decoding=\"async\" class=\"wp-image-23121 aligncenter\" src=\"https:\/\/agora.xtec.cat\/iesllica\/wp-content\/uploads\/usu414\/2026\/03\/modalitats_optatives_1rbatx.jpg\" alt=\"\" width=\"700\" height=\"538\" srcset=\"https:\/\/agora.xtec.cat\/iesllica\/wp-content\/uploads\/usu414\/2026\/03\/modalitats_optatives_1rbatx.jpg 847w, https:\/\/agora.xtec.cat\/iesllica\/wp-content\/uploads\/usu414\/2026\/03\/modalitats_optatives_1rbatx-300x231.jpg 300w, https:\/\/agora.xtec.cat\/iesllica\/wp-content\/uploads\/usu414\/2026\/03\/modalitats_optatives_1rbatx-768x590.jpg 768w\" sizes=\"auto, (max-width: 700px) 100vw, 700px\" \/><\/a><em>*Cal escollir-ne una.<\/em><\/p>\n<p><strong>MAT\u00c8RIES MODALITAT I OPTATIVES 2 BATX:<\/strong> Hi ha una mat\u00e8ria optativa anual (<em>Franja 1<\/em>), que pot ser una mat\u00e8ria de modalitat i, per tant, subjecta a examinar-se\u2019n a les PAU, i una mat\u00e8ria optativa trimestral (F<em>ranja 1<\/em>).<\/p>\n<p style=\"text-align: center;\"><a href=\"https:\/\/agora.xtec.cat\/iesllica\/wp-content\/uploads\/usu414\/2026\/03\/modalitats_optatives_2nbatx.jpg\"><img loading=\"lazy\" decoding=\"async\" class=\" wp-image-23122 aligncenter\" src=\"https:\/\/agora.xtec.cat\/iesllica\/wp-content\/uploads\/usu414\/2026\/03\/modalitats_optatives_2nbatx.jpg\" alt=\"\" width=\"689\" height=\"417\" srcset=\"https:\/\/agora.xtec.cat\/iesllica\/wp-content\/uploads\/usu414\/2026\/03\/modalitats_optatives_2nbatx.jpg 847w, https:\/\/agora.xtec.cat\/iesllica\/wp-content\/uploads\/usu414\/2026\/03\/modalitats_optatives_2nbatx-300x181.jpg 300w, https:\/\/agora.xtec.cat\/iesllica\/wp-content\/uploads\/usu414\/2026\/03\/modalitats_optatives_2nbatx-768x464.jpg 768w\" sizes=\"auto, (max-width: 689px) 100vw, 689px\" \/><\/a><em>*Cal escollir-ne una.<\/em><\/p>\n<p><strong>MAT\u00c8RIES MODALITAT I OPTATIVES 1r BATXIBAC: <\/strong>Els alumnes de Batxibac de 1r fan Franc\u00e8s com a primera llengua estrangera i, a l\u2019hora d\u2019angl\u00e8s, fan Hist\u00f2ria de Fran\u00e7a.<\/p>\n<p style=\"text-align: center;\"><a href=\"https:\/\/agora.xtec.cat\/iesllica\/wp-content\/uploads\/usu414\/2026\/03\/modalitats_optatives_1rbatxbac.jpg\"><img loading=\"lazy\" decoding=\"async\" class=\"wp-image-23123 aligncenter\" src=\"https:\/\/agora.xtec.cat\/iesllica\/wp-content\/uploads\/usu414\/2026\/03\/modalitats_optatives_1rbatxbac.jpg\" alt=\"\" width=\"677\" height=\"452\" srcset=\"https:\/\/agora.xtec.cat\/iesllica\/wp-content\/uploads\/usu414\/2026\/03\/modalitats_optatives_1rbatxbac.jpg 850w, https:\/\/agora.xtec.cat\/iesllica\/wp-content\/uploads\/usu414\/2026\/03\/modalitats_optatives_1rbatxbac-300x200.jpg 300w, https:\/\/agora.xtec.cat\/iesllica\/wp-content\/uploads\/usu414\/2026\/03\/modalitats_optatives_1rbatxbac-768x513.jpg 768w\" sizes=\"auto, (max-width: 677px) 100vw, 677px\" \/><\/a><em>*Cal escollir-ne una.<\/em><\/p>\n<p><strong>MAT\u00c8RIES MODALITAT I OPTATIVES 2n BATXIBAC: <\/strong>A 2n Batxillerat, els alumnes de Batxibac fan Franc\u00e8s com a 1\u00aa llengua estrangera, Literatura de Fran\u00e7a i Hist\u00f2ria de Fran\u00e7a.<\/p>\n<p><a href=\"https:\/\/agora.xtec.cat\/iesllica\/wp-content\/uploads\/usu414\/2026\/03\/modalitats_optatives_2nbatxbac.jpg\"><img loading=\"lazy\" decoding=\"async\" class=\" wp-image-23124 aligncenter\" src=\"https:\/\/agora.xtec.cat\/iesllica\/wp-content\/uploads\/usu414\/2026\/03\/modalitats_optatives_2nbatxbac.jpg\" alt=\"\" width=\"680\" height=\"345\" srcset=\"https:\/\/agora.xtec.cat\/iesllica\/wp-content\/uploads\/usu414\/2026\/03\/modalitats_optatives_2nbatxbac.jpg 852w, https:\/\/agora.xtec.cat\/iesllica\/wp-content\/uploads\/usu414\/2026\/03\/modalitats_optatives_2nbatxbac-300x152.jpg 300w, https:\/\/agora.xtec.cat\/iesllica\/wp-content\/uploads\/usu414\/2026\/03\/modalitats_optatives_2nbatxbac-768x389.jpg 768w\" sizes=\"auto, (max-width: 680px) 100vw, 680px\" \/><\/a><\/p>\n<p style=\"text-align: justify;\"><em>* Si no hi ha un m\u00ednim d&#8217;alumnes en alguna de les mat\u00e8ries de modalitat, incloses les de la franja 1 d\u2019optatives, podran fer-les a dist\u00e0ncia a trav\u00e9s de la <a href=\"https:\/\/ioc.xtec.cat\/educacio\/\" target=\"_blank\" rel=\"noopener\">IOC<\/a>.<\/em><\/p>\n<h5><\/h5>\n<h5>ALTRES INFORMACIONS<\/h5>\n<ul>\n<li><a href=\"https:\/\/agora.xtec.cat\/iesllica\/wp-content\/uploads\/usu414\/2024\/04\/Sessio-informativa-INS-Llica-PAU-i-acces-universitat-20241.pdf\" target=\"_blank\" rel=\"noopener\">Treball de recerca<\/a><\/li>\n<li><a href=\"https:\/\/insllica.cat\/llengues\/index.php\/ca\/\" target=\"_blank\" rel=\"noopener\">Web Batxibac INS Lli\u00e7\u00e0<\/a><\/li>\n<\/ul>\n","protected":false},"excerpt":{"rendered":"<p>L\u2019Institut de Lli\u00e7\u00e0 ofereix 2 modalitats de batxillerat: ci\u00e8ncies i tecnologia, humanitats i ci\u00e8ncies socials.\u00a0<br \/>\nEl curr\u00edculum s\u2019estructura en quatre tipus de mat\u00e8ries: mat\u00e8ries comunes, mat\u00e8ries de modalitat i mat\u00e8ries optatives. A m\u00e9s, els alumnes tamb\u00e9 realitzen un <a href=\"https:\/\/agora.xtec.cat\/iesllica\/wp-content\/uploads\/usu414\/2026\/03\/Dossier-TDR-2025-26-alumne.pdf\" target=\"_blank\" rel=\"noopener\">Treball de Recerca<\/a>\u00a0repartit entre 1r&hellip;  <a href=\"https:\/\/agora.xtec.cat\/iesllica\/estudis\/batxillerat\/\" title=\"Read Batxillerat\">Llegeix m\u00e9s\u00bb<\/a><\/p>\n","protected":false},"author":12,"featured_media":0,"parent":195,"menu_order":1,"comment_status":"closed","ping_status":"closed","template":"page-templates\/side-menu.php","meta":{"_bbp_topic_count":0,"_bbp_reply_count":0,"_bbp_total_topic_count":0,"_bbp_total_reply_count":0,"_bbp_voice_count":0,"_bbp_anonymous_reply_count":0,"_bbp_topic_count_hidden":0,"_bbp_reply_count_hidden":0,"_bbp_forum_subforum_count":0,"footnotes":""},"class_list":["post-20423","page","type-page","status-publish","hentry"],"post_mailing_queue_ids":[],"_links":{"self":[{"href":"https:\/\/agora.xtec.cat\/iesllica\/wp-json\/wp\/v2\/pages\/20423","targetHints":{"allow":["GET"]}}],"collection":[{"href":"https:\/\/agora.xtec.cat\/iesllica\/wp-json\/wp\/v2\/pages"}],"about":[{"href":"https:\/\/agora.xtec.cat\/iesllica\/wp-json\/wp\/v2\/types\/page"}],"author":[{"embeddable":true,"href":"https:\/\/agora.xtec.cat\/iesllica\/wp-json\/wp\/v2\/users\/12"}],"replies":[{"embeddable":true,"href":"https:\/\/agora.xtec.cat\/iesllica\/wp-json\/wp\/v2\/comments?post=20423"}],"version-history":[{"count":6,"href":"https:\/\/agora.xtec.cat\/iesllica\/wp-json\/wp\/v2\/pages\/20423\/revisions"}],"predecessor-version":[{"id":23127,"href":"https:\/\/agora.xtec.cat\/iesllica\/wp-json\/wp\/v2\/pages\/20423\/revisions\/23127"}],"up":[{"embeddable":true,"href":"https:\/\/agora.xtec.cat\/iesllica\/wp-json\/wp\/v2\/pages\/195"}],"wp:attachment":[{"href":"https:\/\/agora.xtec.cat\/iesllica\/wp-json\/wp\/v2\/media?parent=20423"}],"curies":[{"name":"wp","href":"https:\/\/api.w.org\/{rel}","templated":true}]}}