{"id":20290,"date":"2024-03-22T12:19:44","date_gmt":"2024-03-22T11:19:44","guid":{"rendered":"https:\/\/agora.xtec.cat\/iesllica\/?page_id=20290"},"modified":"2025-02-18T10:16:55","modified_gmt":"2025-02-18T09:16:55","slug":"eso","status":"publish","type":"page","link":"https:\/\/agora.xtec.cat\/iesllica\/estudis\/eso\/","title":{"rendered":"ESO"},"content":{"rendered":"<p>L\u2019educaci\u00f3 secund\u00e0ria obligat\u00f2ria (ESO) compr\u00e8n quatre cursos acad\u00e8mics. Generalment s\u2019inicia l\u2019any natural en qu\u00e8 es compleixen 12 anys i s\u2019acaba als 16.<\/p>\n<p>A continuaci\u00f3, es mostra l\u2019organitzaci\u00f3 curricular al llarg dels cursos de l\u2019ESO:<\/p>\n<table style=\"border-collapse: collapse; width: 100%; height: 655px;\">\n<tbody>\n<tr style=\"height: 32px;\">\n<td style=\"width: 100%; height: 32px; background-color: #e6e6e6; text-align: center;\" colspan=\"4\"><strong>ORGANITZACI\u00d3 CURRICULAR DE 1r a 3r<\/strong><\/td>\n<\/tr>\n<tr style=\"height: 32px;\">\n<td style=\"width: 25%; text-align: center; height: 32px; background-color: #e6e6e6;\"><strong>MAT\u00c8RIA 1r, 2n, 3r<\/strong><\/td>\n<td style=\"width: 25%; text-align: center; height: 32px; background-color: #e6e6e6;\"><strong>h setmanal 1r ESO<\/strong><\/td>\n<td style=\"width: 25%; text-align: center; height: 32px; background-color: #e6e6e6;\"><strong>h setmanal 2n ESO<\/strong><\/td>\n<td style=\"width: 25%; text-align: center; height: 32px; background-color: #e6e6e6;\"><strong>h setmanal 3r ESO<\/strong><\/td>\n<\/tr>\n<tr style=\"height: 32px;\">\n<td style=\"width: 25%; text-align: center; height: 32px;\"><strong>Biologia i geologia<\/strong><\/td>\n<td style=\"width: 25%; text-align: center; height: 32px;\">3<\/td>\n<td style=\"width: 25%; text-align: center; height: 32px;\"><\/td>\n<td style=\"width: 25%; text-align: center; height: 32px;\">1<\/td>\n<\/tr>\n<tr style=\"height: 32px;\">\n<td style=\"width: 25%; text-align: center; height: 32px;\"><strong>F\u00edsica i Qu\u00edmica<\/strong><\/td>\n<td style=\"width: 25%; text-align: center; height: 32px;\"><\/td>\n<td style=\"width: 25%; text-align: center; height: 32px;\">2<\/td>\n<td style=\"width: 25%; text-align: center; height: 32px;\">2<\/td>\n<\/tr>\n<tr style=\"height: 32px;\">\n<td style=\"width: 25%; text-align: center; height: 32px;\"><strong>Tecnologia i Digitalitzaci\u00f3<\/strong><\/td>\n<td style=\"width: 25%; text-align: center; height: 32px;\">2<\/td>\n<td style=\"width: 25%; text-align: center; height: 32px;\">1<\/td>\n<td style=\"width: 25%; text-align: center; height: 32px;\">2<\/td>\n<\/tr>\n<tr style=\"height: 32px;\">\n<td style=\"width: 25%; text-align: center; height: 32px;\"><strong>C.S.: Geografia i Hist\u00f2ria<\/strong><\/td>\n<td style=\"width: 25%; text-align: center; height: 32px;\">3<\/td>\n<td style=\"width: 25%; text-align: center; height: 32px;\">3<\/td>\n<td style=\"width: 25%; text-align: center; height: 32px;\">3<\/td>\n<\/tr>\n<tr style=\"height: 32px;\">\n<td style=\"width: 25%; text-align: center; height: 32px;\"><strong>Ed. F\u00edsica<\/strong><\/td>\n<td style=\"width: 25%; text-align: center; height: 32px;\">2<\/td>\n<td style=\"width: 25%; text-align: center; height: 32px;\">2<\/td>\n<td style=\"width: 25%; text-align: center; height: 32px;\">2<\/td>\n<\/tr>\n<tr style=\"height: 32px;\">\n<td style=\"width: 25%; text-align: center; height: 32px;\"><strong>Ed. Pl\u00e0stica, Visual i Audiovisual<\/strong><\/td>\n<td style=\"width: 25%; text-align: center; height: 32px;\">2<\/td>\n<td style=\"width: 25%; text-align: center; height: 32px;\">2<\/td>\n<td style=\"width: 25%; text-align: center; height: 32px;\"><\/td>\n<\/tr>\n<tr style=\"height: 32px;\">\n<td style=\"width: 25%; text-align: center; height: 32px;\"><strong>M\u00fasica<\/strong><\/td>\n<td style=\"width: 25%; text-align: center; height: 32px;\">2<\/td>\n<td style=\"width: 25%; text-align: center; height: 32px;\"><\/td>\n<td style=\"width: 25%; text-align: center; height: 32px;\">2<\/td>\n<\/tr>\n<tr style=\"height: 32px;\">\n<td style=\"width: 25%; text-align: center; height: 32px;\"><strong>Llengua Castellana i Literatura<\/strong><\/td>\n<td style=\"width: 25%; text-align: center; height: 32px;\">2<\/td>\n<td style=\"width: 25%; text-align: center; height: 32px;\">3<\/td>\n<td style=\"width: 25%; text-align: center; height: 32px;\">3<\/td>\n<\/tr>\n<tr style=\"height: 32px;\">\n<td style=\"width: 25%; text-align: center; height: 32px;\"><strong>Llengua Catalana i Literatura<\/strong><\/td>\n<td style=\"width: 25%; text-align: center; height: 32px;\">2<\/td>\n<td style=\"width: 25%; text-align: center; height: 32px;\">3<\/td>\n<td style=\"width: 25%; text-align: center; height: 32px;\">3<\/td>\n<\/tr>\n<tr style=\"height: 32px;\">\n<td style=\"width: 25%; text-align: center; height: 32px;\"><strong>Llengua Estrangera<\/strong><\/td>\n<td style=\"width: 25%; text-align: center; height: 32px;\">3<\/td>\n<td style=\"width: 25%; text-align: center; height: 32px;\">4<\/td>\n<td style=\"width: 25%; text-align: center; height: 32px;\">2<\/td>\n<\/tr>\n<tr style=\"height: 32px;\">\n<td style=\"width: 25%; text-align: center; height: 32px;\"><strong>Matem\u00e0tiques<\/strong><\/td>\n<td style=\"width: 25%; text-align: center; height: 32px;\">3<\/td>\n<td style=\"width: 25%; text-align: center; height: 32px;\">3<\/td>\n<td style=\"width: 25%; text-align: center; height: 32px;\">4<\/td>\n<\/tr>\n<tr style=\"height: 32px;\">\n<td style=\"width: 25%; text-align: center; height: 32px;\"><strong>Optatives<\/strong><\/td>\n<td style=\"width: 25%; text-align: center; height: 32px;\">2<\/td>\n<td style=\"width: 25%; text-align: center; height: 32px;\">2<\/td>\n<td style=\"width: 25%; text-align: center; height: 32px;\">2<\/td>\n<\/tr>\n<tr style=\"height: 32px;\">\n<td style=\"width: 25%; text-align: center; height: 32px;\"><strong>Religi\u00f3 \/ T\u00e8cniques d&#8217;estudis<\/strong><\/td>\n<td style=\"width: 25%; text-align: center; height: 32px;\">1<\/td>\n<td style=\"width: 25%; text-align: center; height: 32px;\">1<\/td>\n<td style=\"width: 25%; text-align: center; height: 32px;\">1<\/td>\n<\/tr>\n<tr style=\"height: 32px;\">\n<td style=\"width: 25%; text-align: center; height: 32px;\"><strong>Tutoria<\/strong><\/td>\n<td style=\"width: 25%; text-align: center; height: 32px;\">1<\/td>\n<td style=\"width: 25%; text-align: center; height: 32px;\">1<\/td>\n<td style=\"width: 25%; text-align: center; height: 32px;\">1<\/td>\n<\/tr>\n<tr style=\"height: 32px;\">\n<td style=\"width: 25%; text-align: center; height: 111px;\" rowspan=\"2\"><strong>Hores de gesti\u00f3 aut\u00f2noma <\/strong><strong>dedicades a projectes<\/strong><\/td>\n<td style=\"width: 25%; text-align: center; height: 32px;\">2<\/td>\n<td style=\"width: 25%; text-align: center; height: 32px;\">3<\/td>\n<td style=\"width: 25%; text-align: center; height: 32px;\">2<\/td>\n<\/tr>\n<tr style=\"height: 79px;\">\n<td style=\"width: 25%; text-align: center; height: 79px;\">Taller d&#8217;estrat\u00e8gies lectores i comunicatives<\/td>\n<td style=\"width: 25%; text-align: center; height: 79px;\">projectes STEM<\/td>\n<td style=\"width: 25%; text-align: center; height: 79px;\">projectes de ci\u00e8ncies en angl\u00e8s<\/td>\n<\/tr>\n<tr style=\"height: 32px;\">\n<td style=\"width: 25%; text-align: center; height: 32px;\"><\/td>\n<td style=\"width: 25%; text-align: center; height: 32px;\">30<\/td>\n<td style=\"width: 25%; text-align: center; height: 32px;\">30<\/td>\n<td style=\"width: 25%; text-align: center; height: 32px;\">30<\/td>\n<\/tr>\n<\/tbody>\n<\/table>\n<p>&nbsp;<\/p>\n<table style=\"border-collapse: collapse; width: 100%; height: 224px;\">\n<tbody>\n<tr style=\"height: 32px;\">\n<td style=\"background-color: #e6e6e6; text-align: center; width: 24.9753%; height: 64px;\" rowspan=\"2\"><\/td>\n<td style=\"background-color: #e6e6e6; text-align: center; width: 24.9753%; height: 32px;\" colspan=\"3\"><strong>MAT\u00c8RIES OPTATIVES<\/strong><strong><br \/>\n<\/strong><\/td>\n<\/tr>\n<tr>\n<td style=\"width: 24.9753%; text-align: center; background-color: #e6e6e6;\"><strong>1r ESO<\/strong><\/td>\n<td style=\"width: 24.9753%; text-align: center; background-color: #e6e6e6;\"><strong>2n ESO<\/strong><\/td>\n<td style=\"width: 24.9753%; text-align: center; background-color: #e6e6e6;\"><strong>3r ESO<\/strong><\/td>\n<\/tr>\n<tr style=\"height: 32px;\">\n<td style=\"width: 24.9753%; text-align: center; height: 32px; background-color: #f5d5d5;\"><strong>Projecte PILE <\/strong><strong>(tot el curs)<\/strong><\/td>\n<td style=\"width: 24.9753%; text-align: center; height: 32px; background-color: #f5d5d5;\">2\u00aa llengua estrangera, Franc\u00e8s<\/td>\n<td style=\"width: 24.9753%; text-align: center; height: 32px; background-color: #f5d5d5;\">2\u00aa llengua estrangera, Franc\u00e8s<\/td>\n<td style=\"width: 24.9753%; text-align: center; height: 32px; background-color: #f5d5d5;\">2\u00aa llengua estrangera, Franc\u00e8s<\/td>\n<\/tr>\n<tr style=\"height: 32px;\">\n<td style=\"width: 24.9753%; text-align: center; height: 128px;\" rowspan=\"4\"><strong>Canvi de <\/strong><strong>mat\u00e8ria cada <\/strong><strong>trimestre<\/strong><\/td>\n<td style=\"width: 24.9753%; text-align: center; height: 32px;\">Educaci\u00f3 emocional<\/td>\n<td style=\"width: 24.9753%; text-align: center; height: 32px;\">Cultura cl\u00e0ssica<\/td>\n<td style=\"width: 24.9753%; text-align: center; height: 32px;\">Emprenedoria<\/td>\n<\/tr>\n<tr style=\"height: 32px;\">\n<td style=\"width: 24.9753%; text-align: center; height: 32px;\">Petites investigacions<\/td>\n<td style=\"width: 24.9753%; text-align: center; height: 32px;\">Revista ELI<\/td>\n<td style=\"width: 24.9753%; text-align: center; height: 32px;\">Revista ELI<\/td>\n<\/tr>\n<tr style=\"height: 32px;\">\n<td style=\"width: 24.9753%; text-align: center; height: 32px;\">&#8230;&#8230;..<\/td>\n<td style=\"width: 24.9753%; text-align: center; height: 32px;\">&#8230;&#8230;..<\/td>\n<td style=\"width: 24.9753%; text-align: center; height: 32px;\">Mediaci\u00f3<\/td>\n<\/tr>\n<tr style=\"height: 32px;\">\n<td style=\"width: 24.9753%; text-align: center; height: 32px;\">Altres a determinar<\/td>\n<td style=\"width: 24.9753%; text-align: center; height: 32px;\">Altres a determinar<\/td>\n<td style=\"width: 24.9753%; text-align: center; height: 32px;\">Altres a determinar<\/td>\n<\/tr>\n<\/tbody>\n<\/table>\n<p>&nbsp;<\/p>\n<table class=\" aligncenter\" style=\"height: 518px; width: 43.4349%; border-collapse: collapse;\">\n<tbody>\n<tr style=\"height: 32px;\">\n<td style=\"width: 50%; text-align: center; height: 32px; background-color: #e6e6e6;\"><strong>MAT\u00c8RIES 4t<\/strong><\/td>\n<td style=\"width: 34.1403%; text-align: center; height: 32px; background-color: #e6e6e6;\"><strong>h setm. 4 ESO<\/strong><\/td>\n<\/tr>\n<tr style=\"height: 32px;\">\n<td style=\"width: 50%; text-align: center; height: 32px;\">C. Socials: Geografia i Hist\u00f2ria<\/td>\n<td style=\"width: 34.1403%; text-align: center; height: 32px;\">2<\/td>\n<\/tr>\n<tr style=\"height: 32px;\">\n<td style=\"width: 50%; text-align: center; height: 32px;\">Ed. en valors c\u00edvics i \u00e8tics- CCSS<\/td>\n<td style=\"width: 34.1403%; text-align: center; height: 32px;\">1<\/td>\n<\/tr>\n<tr style=\"height: 32px;\">\n<td style=\"width: 50%; text-align: center; height: 32px;\">Religi\u00f3 \/ ODS<\/td>\n<td style=\"width: 34.1403%; text-align: center; height: 32px;\">1<\/td>\n<\/tr>\n<tr style=\"height: 32px;\">\n<td style=\"width: 50%; text-align: center; height: 32px;\">Ed. f\u00edsica<\/td>\n<td style=\"width: 34.1403%; text-align: center; height: 32px;\">2<\/td>\n<\/tr>\n<tr style=\"height: 32px;\">\n<td style=\"width: 50%; text-align: center; height: 32px;\">Llengua Castellana i Literatura<\/td>\n<td style=\"width: 34.1403%; text-align: center; height: 32px;\">3<\/td>\n<\/tr>\n<tr style=\"height: 32px;\">\n<td style=\"width: 50%; text-align: center; height: 32px;\">Llengua Catalana i Literatura<\/td>\n<td style=\"width: 34.1403%; text-align: center; height: 32px;\">3<\/td>\n<\/tr>\n<tr style=\"height: 32px;\">\n<td style=\"width: 50%; text-align: center; height: 32px;\">Llengua Estrangera<\/td>\n<td style=\"width: 34.1403%; text-align: center; height: 32px;\">3<\/td>\n<\/tr>\n<tr style=\"height: 32px;\">\n<td style=\"width: 50%; text-align: center; height: 32px;\">Matem\u00e0tiques<\/td>\n<td style=\"width: 34.1403%; text-align: center; height: 32px;\">4<\/td>\n<\/tr>\n<tr style=\"height: 32px;\">\n<td style=\"width: 50%; text-align: center; height: 32px;\">Optativa 1 \u2192 Itinerari 1<\/td>\n<td style=\"width: 34.1403%; text-align: center; height: 32px;\">3<\/td>\n<\/tr>\n<tr style=\"height: 32px;\">\n<td style=\"width: 50%; text-align: center; height: 32px;\">Optativa 2 \u2192 Itinerari 2<\/td>\n<td style=\"width: 34.1403%; text-align: center; height: 32px;\">3<\/td>\n<\/tr>\n<tr style=\"height: 32px;\">\n<td style=\"width: 50%; text-align: center; height: 32px;\">Optativa 3<\/td>\n<td style=\"width: 34.1403%; text-align: center; height: 32px;\">2<\/td>\n<\/tr>\n<tr style=\"height: 32px;\">\n<td style=\"width: 50%; text-align: center; height: 32px;\">Tutoria<\/td>\n<td style=\"width: 34.1403%; text-align: center; height: 32px;\">1<\/td>\n<\/tr>\n<tr style=\"height: 63px;\">\n<td style=\"width: 50%; text-align: center; height: 63px;\">Hores de gesti\u00f3 aut\u00f2noma:<br \/>\n&#8211; Angl\u00e8s \/ Franc\u00e8s (1h)<br \/>\n&#8211; Projecte recerca (1h)<\/td>\n<td style=\"width: 34.1403%; text-align: center; height: 63px;\">2<\/td>\n<\/tr>\n<tr style=\"height: 32px;\">\n<td style=\"width: 50%; text-align: center; height: 32px;\"><\/td>\n<td style=\"width: 34.1403%; text-align: center; height: 32px;\">30<\/td>\n<\/tr>\n<\/tbody>\n<\/table>\n<p>&nbsp;<\/p>\n<table style=\"border-collapse: collapse; width: 100%; height: 191px;\">\n<tbody>\n<tr style=\"height: 32px;\">\n<td style=\"width: 20%; height: 95px; text-align: center; background-color: #e6e6e6;\" rowspan=\"2\"><\/td>\n<td style=\"width: 80%; height: 32px; background-color: #e6e6e6; text-align: center;\" colspan=\"4\"><strong>ITINERARIS \/ OPTATIVES 4 ESO<\/strong><\/td>\n<\/tr>\n<tr style=\"height: 63px;\">\n<td style=\"width: 20%; height: 63px; background-color: #f2a0a0; text-align: center;\"><em><strong>Itinerari Cient\u00edfic<\/strong><\/em><\/td>\n<td style=\"width: 20%; height: 63px; background-color: #a4f584; text-align: center;\"><em><strong>Itinerari Tecnol\u00f2gic<\/strong><\/em><\/td>\n<td style=\"width: 20%; height: 63px; background-color: #7ededb; text-align: center;\"><strong><em>Itinerari Human\u00edstic Social<\/em><\/strong><\/td>\n<td style=\"width: 20%; height: 63px; background-color: #f7e860; text-align: center;\"><strong><em>Itinerari M\u00f3n Laboral<\/em><\/strong><\/td>\n<\/tr>\n<tr style=\"height: 32px;\">\n<td style=\"width: 20%; height: 64px; text-align: center; background-color: #e6e6e6;\" rowspan=\"2\"><strong>MAT\u00c8RIA <\/strong><strong>D\u2019ITINERARI<\/strong><\/td>\n<td style=\"width: 20%; height: 32px; text-align: center; background-color: #f2a0a0;\">Biologia i geologia<\/td>\n<td style=\"width: 20%; height: 32px; text-align: center; background-color: #a4f584;\">Tecnologia<\/td>\n<td style=\"width: 20%; height: 32px; text-align: center; background-color: #7ededb;\">Llat\u00ed<\/td>\n<td style=\"width: 20%; height: 32px; text-align: center; background-color: #f7e860;\">Biologia i geologia<\/td>\n<\/tr>\n<tr style=\"height: 32px;\">\n<td style=\"width: 20%; height: 32px; text-align: center; background-color: #f2a0a0;\">F\u00edsica i Qu\u00edmica<\/td>\n<td style=\"width: 20%; height: 32px; text-align: center; background-color: #a4f584;\">F\u00edsica i Qu\u00edmica<\/td>\n<td style=\"width: 20%; height: 32px; text-align: center; background-color: #7ededb;\">Economia i emprenedoria<\/td>\n<td style=\"width: 20%; height: 32px; text-align: center; background-color: #f7e860;\">Digitalitzaci\u00f3<\/td>\n<\/tr>\n<tr style=\"height: 32px;\">\n<td style=\"width: 20%; height: 32px; text-align: center; background-color: #e6e6e6;\"><strong>OPTATIVA <\/strong><strong>(independent<\/strong><br \/>\n<strong>de l\u2019itinerari)<\/strong><\/td>\n<td style=\"width: 20%; height: 32px; text-align: center;\" colspan=\"4\">Franc\u00e8s (PILE) \/ Expressi\u00f3 art\u00edstica \/ M\u00fasica \/ Programaci\u00f3 \/ Digitalitzaci\u00f3 \/ Filosofia \/ Formaci\u00f3 i orientaci\u00f3 laboral<\/td>\n<\/tr>\n<\/tbody>\n<\/table>\n<p>&nbsp;<\/p>\n<ul>\n<li><a href=\"https:\/\/agora.xtec.cat\/iesllica\/wp-content\/uploads\/usu414\/2023\/07\/ESO-LOMLOE.pdf\" target=\"_blank\" rel=\"noopener\">Curr\u00edculum ESO<\/a><\/li>\n<li><em><a href=\"https:\/\/agora.xtec.cat\/iesllica\/wp-content\/uploads\/usu414\/2024\/04\/ESO.pdf\" target=\"_blank\" rel=\"noopener\">Descarrega tr\u00edptic ESO (.pdf)<\/a><\/em><\/li>\n<\/ul>\n","protected":false},"excerpt":{"rendered":"<p>L\u2019educaci\u00f3 secund\u00e0ria obligat\u00f2ria (ESO) compr\u00e8n quatre cursos acad\u00e8mics. Generalment s\u2019inicia l\u2019any natural en qu\u00e8 es compleixen 12 anys i s\u2019acaba als 16.<br \/>\nA continuaci\u00f3, es mostra l\u2019organitzaci\u00f3 curricular al llarg dels cursos de l\u2019ESO:<\/p>\n<p>ORGANITZACI\u00d3 CURRICULAR DE 1r a 3r<\/p>\n<p>MAT\u00c8RIA 1r, 2n, 3r<br \/>\nh setmanal 1r ESO<br \/>\nh setmanal&hellip;  <a href=\"https:\/\/agora.xtec.cat\/iesllica\/estudis\/eso\/\" title=\"Read ESO\">Llegeix m\u00e9s\u00bb<\/a><\/p>\n","protected":false},"author":12,"featured_media":0,"parent":195,"menu_order":0,"comment_status":"closed","ping_status":"closed","template":"page-templates\/side-menu.php","meta":{"_bbp_topic_count":0,"_bbp_reply_count":0,"_bbp_total_topic_count":0,"_bbp_total_reply_count":0,"_bbp_voice_count":0,"_bbp_anonymous_reply_count":0,"_bbp_topic_count_hidden":0,"_bbp_reply_count_hidden":0,"_bbp_forum_subforum_count":0,"footnotes":""},"class_list":["post-20290","page","type-page","status-publish","hentry"],"post_mailing_queue_ids":[],"_links":{"self":[{"href":"https:\/\/agora.xtec.cat\/iesllica\/wp-json\/wp\/v2\/pages\/20290","targetHints":{"allow":["GET"]}}],"collection":[{"href":"https:\/\/agora.xtec.cat\/iesllica\/wp-json\/wp\/v2\/pages"}],"about":[{"href":"https:\/\/agora.xtec.cat\/iesllica\/wp-json\/wp\/v2\/types\/page"}],"author":[{"embeddable":true,"href":"https:\/\/agora.xtec.cat\/iesllica\/wp-json\/wp\/v2\/users\/12"}],"replies":[{"embeddable":true,"href":"https:\/\/agora.xtec.cat\/iesllica\/wp-json\/wp\/v2\/comments?post=20290"}],"version-history":[{"count":6,"href":"https:\/\/agora.xtec.cat\/iesllica\/wp-json\/wp\/v2\/pages\/20290\/revisions"}],"predecessor-version":[{"id":22066,"href":"https:\/\/agora.xtec.cat\/iesllica\/wp-json\/wp\/v2\/pages\/20290\/revisions\/22066"}],"up":[{"embeddable":true,"href":"https:\/\/agora.xtec.cat\/iesllica\/wp-json\/wp\/v2\/pages\/195"}],"wp:attachment":[{"href":"https:\/\/agora.xtec.cat\/iesllica\/wp-json\/wp\/v2\/media?parent=20290"}],"curies":[{"name":"wp","href":"https:\/\/api.w.org\/{rel}","templated":true}]}}