{"id":20196,"date":"2024-03-18T15:52:18","date_gmt":"2024-03-18T14:52:18","guid":{"rendered":"https:\/\/agora.xtec.cat\/iesllica\/?page_id=20196"},"modified":"2024-04-09T13:03:51","modified_gmt":"2024-04-09T11:03:51","slug":"ideari","status":"publish","type":"page","link":"https:\/\/agora.xtec.cat\/iesllica\/benvinguda\/ideari\/","title":{"rendered":"Ideari"},"content":{"rendered":"<p style=\"text-align: justify;\">L\u2019Institut de Lli\u00e7\u00e0 \u00e9s un centre docent p\u00fablic que ha estructurat el seu treball educatiu enfocat en una filosofia docent integradora que potencia totes les capacitats de la persona.<\/p>\n<p style=\"text-align: justify;\">En el nostre projecte t\u00e9 una import\u00e0ncia cabdal la defensa i la promoci\u00f3 dels valors i els conceptes democr\u00e0tics, tant pel que fa a l&#8217;\u00e0mbit pedag\u00f2gic com pel que fa a les actituds i als comportaments a l&#8217;institut. Com a centre educatiu tenim una gran responsabilitat en la formaci\u00f3 integral de l&#8217;alumnat, en la defensa de la toler\u00e0ncia i en la creaci\u00f3 d\u2019un clima de conviv\u00e8ncia que fomenti les relacions interpersonals entre l&#8217;alumnat, el professorat i la resta del personal laboral del centre.<\/p>\n<table style=\"border-collapse: collapse; width: 100%;\">\n<tbody>\n<tr>\n<td style=\"width: 50%;\"><a href=\"https:\/\/agora.xtec.cat\/iesllica\/wp-content\/uploads\/usu414\/2024\/03\/ideari1-1.jpg\"><img loading=\"lazy\" decoding=\"async\" class=\"wp-image-20230 aligncenter\" src=\"https:\/\/agora.xtec.cat\/iesllica\/wp-content\/uploads\/usu414\/2024\/03\/ideari1-1.jpg\" alt=\"\" width=\"412\" height=\"162\" srcset=\"https:\/\/agora.xtec.cat\/iesllica\/wp-content\/uploads\/usu414\/2024\/03\/ideari1-1.jpg 799w, https:\/\/agora.xtec.cat\/iesllica\/wp-content\/uploads\/usu414\/2024\/03\/ideari1-1-300x118.jpg 300w, https:\/\/agora.xtec.cat\/iesllica\/wp-content\/uploads\/usu414\/2024\/03\/ideari1-1-768x302.jpg 768w\" sizes=\"auto, (max-width: 412px) 100vw, 412px\" \/><\/a><\/td>\n<td style=\"width: 50%;\"><a href=\"https:\/\/agora.xtec.cat\/iesllica\/wp-content\/uploads\/usu414\/2024\/03\/ideari2.jpg\"><img loading=\"lazy\" decoding=\"async\" class=\"wp-image-20231 aligncenter\" src=\"https:\/\/agora.xtec.cat\/iesllica\/wp-content\/uploads\/usu414\/2024\/03\/ideari2.jpg\" alt=\"\" width=\"437\" height=\"162\" srcset=\"https:\/\/agora.xtec.cat\/iesllica\/wp-content\/uploads\/usu414\/2024\/03\/ideari2.jpg 612w, https:\/\/agora.xtec.cat\/iesllica\/wp-content\/uploads\/usu414\/2024\/03\/ideari2-300x111.jpg 300w\" sizes=\"auto, (max-width: 437px) 100vw, 437px\" \/><\/a><\/td>\n<\/tr>\n<\/tbody>\n<\/table>\n<p style=\"text-align: justify;\">Els nostres objectius estan orientats a aconseguir un ensenyament de qualitat que respongui a les necessitats de l\u2019alumnat, tenint molt present la diversitat de capacitats i interessos, i tamb\u00e9 les exig\u00e8ncies socials en els \u00e0mbits dels coneixements i de les relacions interpersonals. Cal preparar els alumnes per conviure en una societat complexa on els valors de llibertat, toler\u00e0ncia i solidaritat hi siguin presents i potenciats; per aix\u00f2 fomentem la participaci\u00f3, la igualtat d\u2019oportunitats i el di\u00e0leg per resoldre conflictes.<\/p>\n<p><a href=\"https:\/\/agora.xtec.cat\/iesllica\/wp-content\/uploads\/usu414\/2024\/03\/ideari3.jpg\"><img loading=\"lazy\" decoding=\"async\" class=\"wp-image-20232 aligncenter\" src=\"https:\/\/agora.xtec.cat\/iesllica\/wp-content\/uploads\/usu414\/2024\/03\/ideari3.jpg\" alt=\"\" width=\"427\" height=\"145\" srcset=\"https:\/\/agora.xtec.cat\/iesllica\/wp-content\/uploads\/usu414\/2024\/03\/ideari3.jpg 812w, https:\/\/agora.xtec.cat\/iesllica\/wp-content\/uploads\/usu414\/2024\/03\/ideari3-300x102.jpg 300w, https:\/\/agora.xtec.cat\/iesllica\/wp-content\/uploads\/usu414\/2024\/03\/ideari3-768x261.jpg 768w\" sizes=\"auto, (max-width: 427px) 100vw, 427px\" \/><\/a><\/p>\n<p style=\"text-align: justify;\">En aquesta l\u00ednia, els <strong>objectius educatius<\/strong> del centre s\u00f3n:<\/p>\n<ul style=\"text-align: justify;\">\n<li>Formar alumnes en el respecte dels drets i les llibertats fonamentals i en l&#8217;exercici de la toler\u00e0ncia i de la llibertat, dintre del principi democr\u00e0tic de la conviv\u00e8ncia.<\/li>\n<li>Preparar els alumnes amb una bona formaci\u00f3 que els permeti afrontar el futur amb \u00e8xit.<\/li>\n<li>Formar els alumnes en la cultura de la pau, la cooperaci\u00f3 i la solidaritat entre els membres de la pr\u00f2pia societat i entre els diferents pobles.<\/li>\n<li>Educar l\u2019alumnat en el respecte a la pluralitat ling\u00fc\u00edstica de la comunitat, alhora que en el respecte a la diversitat cultural.<\/li>\n<li>Formar els alumnes per tal que tinguin un esperit cr\u00edtic i reflexiu enfront de les situacions noves o habituals, a fi que els permeti desenvolupar plenament la seva personalitat i les seves capacitats d&#8217;aprenentatge.<\/li>\n<li>Preparar els alumnes per participar activament en la vida social i cultural del seu entorn.<\/li>\n<li>Fomentar l\u2019esperit emprenedor del nostre alumnat.<\/li>\n<li>Potenciar l&#8217;actitud ecol\u00f2gica i sostenible de l&#8217;alumnat per tal d\u2019aconseguir que siguin ciutadans\/es conscients de la necessitat de conservar, defensar i millorar el seu medi natural com a element b\u00e0sic de la qualitat de vida.<\/li>\n<\/ul>\n<p style=\"text-align: justify;\">A m\u00e9s d\u2019aquests objectius pedag\u00f2gics i socials, l\u2019institut t\u00e9 definits els objectius educatiu propis de cada etapa escolar.<\/p>\n<p style=\"text-align: justify;\"><strong>L&#8217;educaci\u00f3 secund\u00e0ria<\/strong> obligat\u00f2ria t\u00e9 com a finalitat:<\/p>\n<ul style=\"text-align: justify;\">\n<li>Fomentar en l\u2019alumnat l\u2019h\u00e0bit de treball, per tal d\u2019obtenir i seleccionar la informaci\u00f3 de forma aut\u00f2noma i cr\u00edtica.<\/li>\n<li>Ajudar l\u2019alumnat a organitzar els propis pensaments, a relacionar-se de forma correcta amb les altres persones, a adoptar actituds solid\u00e0ries i tolerants i, en definitiva, a refor\u00e7ar la pr\u00f2pia personalitat amb una bona formaci\u00f3 integral, intel\u00b7lectual i humana.<\/li>\n<li>Preparar el nostre alumnat per tal que pugui aconseguir les Compet\u00e8ncies B\u00e0siques.<\/li>\n<\/ul>\n<p style=\"text-align: justify;\"><strong>El Batxillerat<\/strong> t\u00e9 com a finalitat:<\/p>\n<ul style=\"text-align: justify;\">\n<li>Donar una formaci\u00f3 integral, intel\u00b7lectual i humana a l\u2019alumnat, aix\u00ed com l\u2019orientaci\u00f3 i la preparaci\u00f3 necess\u00e0ria per afrontar els ensenyaments universitaris, els estudis de formaci\u00f3 professional espec\u00edfica de Grau Superior, altres estudis superiors o per a la<br \/>\nvida activa.<\/li>\n<\/ul>\n<p style=\"text-align: justify;\"><strong>La Formaci\u00f3 Professional<\/strong> t\u00e9 la finalitat de proporcionar la formaci\u00f3 necess\u00e0ria a l&#8217;alumnat per tal de:<\/p>\n<ul style=\"text-align: justify;\">\n<li>Assolir la compet\u00e8ncia professional de cada \u00e0mbit i nivell d&#8217;estudi.<\/li>\n<li>Assolir una identitat i una maduresa professional motivadora de futurs aprenentatges.<\/li>\n<\/ul>\n<p style=\"text-align: justify;\">Afegit a tot aix\u00f2, l&#8217;INS de Lli\u00e7\u00e0 considera imprescindible vetllar per:<\/p>\n<ul style=\"text-align: justify;\">\n<li>Ser un centre de refer\u00e8ncia en el nostre entorn.<\/li>\n<li>Promoure entre l\u2019alumnat valors com: l\u2019esfor\u00e7, la superaci\u00f3 i l\u2019excel\u00b7l\u00e8ncia.<\/li>\n<li>Aconseguir que el nostre alumnat adquireixi les compet\u00e8ncies necess\u00e0ries per poder integrar-se en la societat.<\/li>\n<li>Incentivar entre l\u2019alumnat la motivaci\u00f3 per aprendre i con\u00e8ixer, utilitzant, per part nostra, una gran diversitat de recursos i fomentant l\u2019\u00fas de les TIC.<\/li>\n<li>Facilitar un ambient de treball motivador per a l\u2019alumnat i per al professorat.<\/li>\n<li>Estimular la participaci\u00f3 de les fam\u00edlies en la tasca que es realitza a l\u2019institut.<\/li>\n<li>Conscienciar l\u2019alumnat de la necessitat d\u2019adoptar estils de vida sostenibles.<\/li>\n<li>Fomentar entre l\u2019alumnat l\u2019educaci\u00f3 per a la salut.<\/li>\n<li>Potenciar la imatge de l\u2019institut al municipi i incrementar els vincles amb les diferents institucions i entitats del municipi.<\/li>\n<li>Aconseguir ser una comunitat educativa on s\u2019integrin i participin activament tots els grups que en formen part: professorat, alumnat i fam\u00edlies i personal no docent.<\/li>\n<li>Orientar l\u2019alumnat en l\u2019\u00e0mbit acad\u00e8mic i professional<\/li>\n<\/ul>\n<p style=\"text-align: justify;\">\n","protected":false},"excerpt":{"rendered":"<p>L\u2019Institut de Lli\u00e7\u00e0 \u00e9s un centre docent p\u00fablic que ha estructurat el seu treball educatiu enfocat en una filosofia docent integradora que potencia totes les capacitats de la persona.<br \/>\nEn el nostre projecte t\u00e9 una import\u00e0ncia cabdal la defensa i la promoci\u00f3 dels valors i els&hellip;  <a href=\"https:\/\/agora.xtec.cat\/iesllica\/benvinguda\/ideari\/\" title=\"Read Ideari\">Llegeix m\u00e9s\u00bb<\/a><\/p>\n","protected":false},"author":12,"featured_media":0,"parent":20158,"menu_order":1,"comment_status":"closed","ping_status":"closed","template":"page-templates\/side-menu.php","meta":{"_bbp_topic_count":0,"_bbp_reply_count":0,"_bbp_total_topic_count":0,"_bbp_total_reply_count":0,"_bbp_voice_count":0,"_bbp_anonymous_reply_count":0,"_bbp_topic_count_hidden":0,"_bbp_reply_count_hidden":0,"_bbp_forum_subforum_count":0,"footnotes":""},"class_list":["post-20196","page","type-page","status-publish","hentry"],"post_mailing_queue_ids":[],"_links":{"self":[{"href":"https:\/\/agora.xtec.cat\/iesllica\/wp-json\/wp\/v2\/pages\/20196","targetHints":{"allow":["GET"]}}],"collection":[{"href":"https:\/\/agora.xtec.cat\/iesllica\/wp-json\/wp\/v2\/pages"}],"about":[{"href":"https:\/\/agora.xtec.cat\/iesllica\/wp-json\/wp\/v2\/types\/page"}],"author":[{"embeddable":true,"href":"https:\/\/agora.xtec.cat\/iesllica\/wp-json\/wp\/v2\/users\/12"}],"replies":[{"embeddable":true,"href":"https:\/\/agora.xtec.cat\/iesllica\/wp-json\/wp\/v2\/comments?post=20196"}],"version-history":[{"count":6,"href":"https:\/\/agora.xtec.cat\/iesllica\/wp-json\/wp\/v2\/pages\/20196\/revisions"}],"predecessor-version":[{"id":20570,"href":"https:\/\/agora.xtec.cat\/iesllica\/wp-json\/wp\/v2\/pages\/20196\/revisions\/20570"}],"up":[{"embeddable":true,"href":"https:\/\/agora.xtec.cat\/iesllica\/wp-json\/wp\/v2\/pages\/20158"}],"wp:attachment":[{"href":"https:\/\/agora.xtec.cat\/iesllica\/wp-json\/wp\/v2\/media?parent=20196"}],"curies":[{"name":"wp","href":"https:\/\/api.w.org\/{rel}","templated":true}]}}