{"id":20158,"date":"2024-03-14T10:38:03","date_gmt":"2024-03-14T09:38:03","guid":{"rendered":"https:\/\/agora.xtec.cat\/iesllica\/?page_id=20158"},"modified":"2025-06-20T09:00:27","modified_gmt":"2025-06-20T07:00:27","slug":"benvinguda","status":"publish","type":"page","link":"https:\/\/agora.xtec.cat\/iesllica\/benvinguda\/","title":{"rendered":"L&#8217;institut"},"content":{"rendered":"<p style=\"text-align: justify;\">L\u2019INS de Lli\u00e7\u00e0 \u00e9s un centre p\u00fablic d\u2019ensenyament secundari i post-obligat\u00f2ri, que va obrir les seves portes l\u2019any 1995 amb cinc l\u00ednies de tercer d\u2019ESO.<\/p>\n<p style=\"text-align: justify;\"><em>Des d\u2019aleshores, moltes coses han canviat&#8230;<\/em><\/p>\n<p style=\"text-align: justify;\">El curs\u00a0 2003-04 es va inaugurar l\u2019actual edifici del carrer Pa\u00efsos Catalans\u00a0 i l\u2019INS de Lli\u00e7\u00e0 es va consolidar com un gran centre d\u2019<strong>ESO<\/strong> i <strong>Batxillerat<\/strong>.<\/p>\n<p style=\"text-align: justify;\">El curs 2012-13 es van afegir els estudis de formaci\u00f3 professional amb el <strong>CFGM<\/strong> de Sistemes Microinform\u00e0tics i Xarxes (<strong>SMX<\/strong>).<\/p>\n<p style=\"text-align: justify;\">A partir del curs 2019-20 l&#8217;institut passa a oferir un Itinerari Formatiu Espec\u00edfic (<strong>IFE<\/strong>), <strong>d&#8217;auxiliar de manteniment d&#8217;instal\u00b7lacions esportives<\/strong>.<\/p>\n<p style=\"text-align: justify;\">El curs 2022-23 augmenta l&#8217;oferta formativa post-obligat\u00f2ria amb el CFGM de <strong>Guia en el medi natural i de temps de lleure<\/strong>, el CFGS d&#8217;administraci\u00f3 de sistemes inform\u00e0tics i xarxes (<strong>ASIX<\/strong>) perfilat en <strong>ciber-seguretat<\/strong>, i amb dos programes de formaci\u00f3 i inserci\u00f3 (<strong>PFI-PTT<\/strong>) en <strong>Auxiliar de Muntatges d&#8217;Instal\u00b7lacions El\u00e8ctriques d&#8217;Aigua i Gas<\/strong>, i <strong>Auxiliar d&#8217;Hoteleria: Cuina i Serveis de Restauraci\u00f3<\/strong>.<\/p>\n<p style=\"text-align: justify;\">Des del seus inicis, l&#8217;INS de Lli\u00e7\u00e0 i ha anat construint un projecte propi amb il\u00b7lusi\u00f3 i ambici\u00f3, a mesura que ha anat creixent la seva comunitat educativa.<\/p>\n<p style=\"text-align: justify;\">Us convidem a passar una estona amb nosaltres, a trav\u00e9s de la web o formant part de la vida de l\u2019institut.<\/p>\n<h3 style=\"text-align: center;\"><strong>Benvinguts i benvingudes a l\u2019INS Lli\u00e7\u00e0.<\/strong><\/h3>\n<table style=\"border-collapse: collapse; width: 100%;\">\n<tbody>\n<tr>\n<td style=\"width: 33.3333%;\"><a href=\"http:\/\/agora.xtec.cat\/iesllica\/wp-content\/uploads\/usu414\/2018\/03\/institut1.jpg\"><img loading=\"lazy\" decoding=\"async\" class=\"size-full wp-image-4515 aligncenter\" src=\"http:\/\/agora.xtec.cat\/iesllica\/wp-content\/uploads\/usu414\/2018\/03\/institut1.jpg\" alt=\"\" width=\"495\" height=\"678\" srcset=\"https:\/\/agora.xtec.cat\/iesllica\/wp-content\/uploads\/usu414\/2018\/03\/institut1.jpg 495w, https:\/\/agora.xtec.cat\/iesllica\/wp-content\/uploads\/usu414\/2018\/03\/institut1-219x300.jpg 219w\" sizes=\"auto, (max-width: 495px) 100vw, 495px\" \/><\/a><\/td>\n<td style=\"width: 33.3333%;\"><a href=\"http:\/\/agora.xtec.cat\/iesllica\/wp-content\/uploads\/usu414\/2018\/03\/institut2.jpg\"><img loading=\"lazy\" decoding=\"async\" class=\"wp-image-4516 aligncenter\" src=\"http:\/\/agora.xtec.cat\/iesllica\/wp-content\/uploads\/usu414\/2018\/03\/institut2.jpg\" alt=\"\" width=\"315\" height=\"450\" srcset=\"https:\/\/agora.xtec.cat\/iesllica\/wp-content\/uploads\/usu414\/2018\/03\/institut2.jpg 484w, https:\/\/agora.xtec.cat\/iesllica\/wp-content\/uploads\/usu414\/2018\/03\/institut2-210x300.jpg 210w\" sizes=\"auto, (max-width: 315px) 100vw, 315px\" \/><\/a><\/td>\n<td style=\"width: 33.3333%;\"><a href=\"https:\/\/agora.xtec.cat\/iesllica\/wp-content\/uploads\/usu414\/2024\/03\/StBaldiri0.jpg\"><img loading=\"lazy\" decoding=\"async\" class=\"alignnone wp-image-20168\" src=\"https:\/\/agora.xtec.cat\/iesllica\/wp-content\/uploads\/usu414\/2024\/03\/StBaldiri0.jpg\" alt=\"\" width=\"307\" height=\"438\" srcset=\"https:\/\/agora.xtec.cat\/iesllica\/wp-content\/uploads\/usu414\/2024\/03\/StBaldiri0.jpg 420w, https:\/\/agora.xtec.cat\/iesllica\/wp-content\/uploads\/usu414\/2024\/03\/StBaldiri0-210x300.jpg 210w\" sizes=\"auto, (max-width: 307px) 100vw, 307px\" \/><\/a><\/td>\n<\/tr>\n<\/tbody>\n<\/table>\n","protected":false},"excerpt":{"rendered":"<p>L\u2019INS de Lli\u00e7\u00e0 \u00e9s un centre p\u00fablic d\u2019ensenyament secundari i post-obligat\u00f2ri, que va obrir les seves portes l\u2019any 1995 amb cinc l\u00ednies de tercer d\u2019ESO.<br \/>\nDes d\u2019aleshores, moltes coses han canviat&#8230;<br \/>\nEl curs\u00a0 2003-04 es va inaugurar l\u2019actual edifici del carrer Pa\u00efsos Catalans\u00a0 i l\u2019INS de Lli\u00e7\u00e0&hellip;  <a href=\"https:\/\/agora.xtec.cat\/iesllica\/benvinguda\/\" title=\"Read L&#8217;institut\">Llegeix m\u00e9s\u00bb<\/a><\/p>\n","protected":false},"author":12,"featured_media":0,"parent":0,"menu_order":0,"comment_status":"closed","ping_status":"closed","template":"page-templates\/side-menu.php","meta":{"_bbp_topic_count":0,"_bbp_reply_count":0,"_bbp_total_topic_count":0,"_bbp_total_reply_count":0,"_bbp_voice_count":0,"_bbp_anonymous_reply_count":0,"_bbp_topic_count_hidden":0,"_bbp_reply_count_hidden":0,"_bbp_forum_subforum_count":0,"footnotes":""},"class_list":["post-20158","page","type-page","status-publish","hentry"],"post_mailing_queue_ids":[],"_links":{"self":[{"href":"https:\/\/agora.xtec.cat\/iesllica\/wp-json\/wp\/v2\/pages\/20158","targetHints":{"allow":["GET"]}}],"collection":[{"href":"https:\/\/agora.xtec.cat\/iesllica\/wp-json\/wp\/v2\/pages"}],"about":[{"href":"https:\/\/agora.xtec.cat\/iesllica\/wp-json\/wp\/v2\/types\/page"}],"author":[{"embeddable":true,"href":"https:\/\/agora.xtec.cat\/iesllica\/wp-json\/wp\/v2\/users\/12"}],"replies":[{"embeddable":true,"href":"https:\/\/agora.xtec.cat\/iesllica\/wp-json\/wp\/v2\/comments?post=20158"}],"version-history":[{"count":6,"href":"https:\/\/agora.xtec.cat\/iesllica\/wp-json\/wp\/v2\/pages\/20158\/revisions"}],"predecessor-version":[{"id":22565,"href":"https:\/\/agora.xtec.cat\/iesllica\/wp-json\/wp\/v2\/pages\/20158\/revisions\/22565"}],"wp:attachment":[{"href":"https:\/\/agora.xtec.cat\/iesllica\/wp-json\/wp\/v2\/media?parent=20158"}],"curies":[{"name":"wp","href":"https:\/\/api.w.org\/{rel}","templated":true}]}}