{"id":18138,"date":"2023-06-21T11:04:27","date_gmt":"2023-06-21T09:04:27","guid":{"rendered":"https:\/\/agora.xtec.cat\/iesllica\/?page_id=18138"},"modified":"2024-04-22T13:04:37","modified_gmt":"2024-04-22T11:04:37","slug":"avaluacio-i-millora","status":"publish","type":"page","link":"https:\/\/agora.xtec.cat\/iesllica\/projectes\/estrategia-digital\/avaluacio-i-millora\/","title":{"rendered":"Avaluaci\u00f3 i millora"},"content":{"rendered":"<p class=\"zfr3Q CDt4Ke \" dir=\"ltr\" style=\"text-align: justify;\"><span class=\"C9DxTc \">L\u2019avaluaci\u00f3 de l\u2019EDC es dur\u00e0 a terme en diferents moments:<\/span><\/p>\n<ul class=\"n8H08c UVNKR \" style=\"text-align: justify;\">\n<li class=\"zfr3Q TYR86d eD0Rn \" dir=\"ltr\">\n<p class=\"zfr3Q CDt4Ke \" dir=\"ltr\" role=\"presentation\"><span class=\"C9DxTc \">A l&#8217;inici de cada curs, es planificaran els objectius i les actuacions a la Programaci\u00f3 General Anual (PGA) del centre.<\/span><\/p>\n<\/li>\n<li class=\"zfr3Q TYR86d eD0Rn \" dir=\"ltr\">\n<p class=\"zfr3Q CDt4Ke \" dir=\"ltr\" role=\"presentation\"><span class=\"C9DxTc \">A finals de cada trimestre, la CEDC revisar\u00e0 i avaluar\u00e0 les activitats dutes a terme en aquell per\u00edode. Aquesta avaluaci\u00f3 s\u2019anir\u00e0 recollint en el full de c\u00e0lcul de les actuacions, en una nova pestanya, deixant un registre de l\u2019assoliment o no de l\u2019actuaci\u00f3 i les possibles observacions i propostes de millora.<\/span><\/p>\n<\/li>\n<li class=\"zfr3Q TYR86d eD0Rn \" dir=\"ltr\">\n<p class=\"zfr3Q CDt4Ke \" dir=\"ltr\" role=\"presentation\"><span class=\"C9DxTc \">A final de cada curs, es reunir\u00e0 la CEDC amb l\u2019Equip directiu per valorar l\u2019assoliment dels objectius que finalitzen a partir dels indicadors, deixant aquesta valoraci\u00f3 recollida a la mem\u00f2ria anual. A partir d\u2019aquesta, la CEDC revisar\u00e0 i actualitzar\u00e0 l\u2019EDC, en cas que sigui necessari.<\/span><\/p>\n<\/li>\n<li class=\"zfr3Q TYR86d eD0Rn \" dir=\"ltr\">\n<p class=\"zfr3Q CDt4Ke \" dir=\"ltr\" role=\"presentation\"><span class=\"C9DxTc \">Un cop finalitzats els tres cursos programats per l\u2019EDC, es far\u00e0 una valoraci\u00f3 final amb tot el claustre i es dur\u00e0 a terme una nova diagnosi per proposar nous objectius.\u00a0<\/span><\/p>\n<\/li>\n<\/ul>\n<p style=\"text-align: justify;\"><strong>La nostra temporalitzaci\u00f3 dels objectius<\/strong><\/p>\n<p style=\"text-align: center;\"><iframe loading=\"lazy\" src=\"https:\/\/docs.google.com\/spreadsheets\/d\/1SuCCCoo0MZd4An63-CLA2FYraB96uo9st62cXjI4ooc\/edit?pli=1#gid=1192580411\" width=\"900\" height=\"700\"><span data-mce-type=\"bookmark\" style=\"display: inline-block; width: 0px; overflow: hidden; line-height: 0;\" class=\"mce_SELRES_start\">\ufeff<\/span><span data-mce-type=\"bookmark\" style=\"display: inline-block; width: 0px; overflow: hidden; line-height: 0;\" class=\"mce_SELRES_start\">\ufeff<\/span><span data-mce-type=\"bookmark\" style=\"display: inline-block; width: 0px; overflow: hidden; line-height: 0;\" class=\"mce_SELRES_start\">\ufeff<\/span><span data-mce-type=\"bookmark\" style=\"display: inline-block; width: 0px; overflow: hidden; line-height: 0;\" class=\"mce_SELRES_start\">\ufeff<\/span><span data-mce-type=\"bookmark\" style=\"display: inline-block; width: 0px; overflow: hidden; line-height: 0;\" class=\"mce_SELRES_start\">\ufeff<\/span><\/iframe><\/p>\n","protected":false},"excerpt":{"rendered":"<p>L\u2019avaluaci\u00f3 de l\u2019EDC es dur\u00e0 a terme en diferents moments:<\/p>\n<ul class=\"n8H08c UVNKR \" style=\"text-align: justify;\">\n<li class=\"zfr3Q TYR86d eD0Rn \" dir=\"ltr\">\nA l&#8217;inici de cada curs, es planificaran els objectius i les actuacions a la Programaci\u00f3 General Anual (PGA) del centre.\n<\/li>\n<li class=\"zfr3Q TYR86d eD0Rn \" dir=\"ltr\">\nA finals&hellip;  <a href=\"https:\/\/agora.xtec.cat\/iesllica\/projectes\/estrategia-digital\/avaluacio-i-millora\/\" title=\"Read Avaluaci\u00f3 i millora\">Llegeix m\u00e9s\u00bb<\/a><\/p>\n","protected":false},"author":11,"featured_media":0,"parent":18070,"menu_order":4,"comment_status":"closed","ping_status":"closed","template":"page-templates\/side-menu.php","meta":{"_bbp_topic_count":0,"_bbp_reply_count":0,"_bbp_total_topic_count":0,"_bbp_total_reply_count":0,"_bbp_voice_count":0,"_bbp_anonymous_reply_count":0,"_bbp_topic_count_hidden":0,"_bbp_reply_count_hidden":0,"_bbp_forum_subforum_count":0,"footnotes":""},"class_list":["post-18138","page","type-page","status-publish","hentry"],"post_mailing_queue_ids":[],"_links":{"self":[{"href":"https:\/\/agora.xtec.cat\/iesllica\/wp-json\/wp\/v2\/pages\/18138","targetHints":{"allow":["GET"]}}],"collection":[{"href":"https:\/\/agora.xtec.cat\/iesllica\/wp-json\/wp\/v2\/pages"}],"about":[{"href":"https:\/\/agora.xtec.cat\/iesllica\/wp-json\/wp\/v2\/types\/page"}],"author":[{"embeddable":true,"href":"https:\/\/agora.xtec.cat\/iesllica\/wp-json\/wp\/v2\/users\/11"}],"replies":[{"embeddable":true,"href":"https:\/\/agora.xtec.cat\/iesllica\/wp-json\/wp\/v2\/comments?post=18138"}],"version-history":[{"count":4,"href":"https:\/\/agora.xtec.cat\/iesllica\/wp-json\/wp\/v2\/pages\/18138\/revisions"}],"predecessor-version":[{"id":21017,"href":"https:\/\/agora.xtec.cat\/iesllica\/wp-json\/wp\/v2\/pages\/18138\/revisions\/21017"}],"up":[{"embeddable":true,"href":"https:\/\/agora.xtec.cat\/iesllica\/wp-json\/wp\/v2\/pages\/18070"}],"wp:attachment":[{"href":"https:\/\/agora.xtec.cat\/iesllica\/wp-json\/wp\/v2\/media?parent=18138"}],"curies":[{"name":"wp","href":"https:\/\/api.w.org\/{rel}","templated":true}]}}