{"id":18134,"date":"2023-06-21T11:03:51","date_gmt":"2023-06-21T09:03:51","guid":{"rendered":"https:\/\/agora.xtec.cat\/iesllica\/?page_id=18134"},"modified":"2024-04-22T13:04:20","modified_gmt":"2024-04-22T11:04:20","slug":"objectius","status":"publish","type":"page","link":"https:\/\/agora.xtec.cat\/iesllica\/projectes\/estrategia-digital\/objectius\/","title":{"rendered":"Objectius"},"content":{"rendered":"<h4>Objectius<\/h4>\n<p style=\"text-align: justify;\">Hem establert 5 objectius per implementar durant els tres pr\u00f2xims cursos.<\/p>\n<ol>\n<li style=\"list-style-type: none;\">\n<ol>\n<li style=\"text-align: justify;\" aria-level=\"1\">Millorar la compet\u00e8ncia digital docent per implementar-la en les seves mat\u00e8ries<\/li>\n<li style=\"text-align: justify;\" aria-level=\"1\">Definir la compet\u00e8ncia digital de l&#8217;alumnat per seq\u00fcenciar-la per nivells i mat\u00e8ries.<\/li>\n<li style=\"text-align: justify;\" aria-level=\"1\">Elaborar el pla d&#8217;acollida digital per garantir l&#8217;acc\u00e9s als documents i protocols a la comunitat educativa.<\/li>\n<li style=\"text-align: justify;\" aria-level=\"1\">Revisar i millorar el protocol de seguretat de les eines digitals per a garantir-ne un bon \u00fas.<\/li>\n<li style=\"text-align: justify;\" aria-level=\"1\">Actualitzar la documentaci\u00f3 de centre en l&#8217;\u00e0mbit digital per donar a con\u00e8ixer i aplicar la normativa de centre relacionada amb l&#8217;\u00fas de les eines digitals a la comunitat educativa.<\/li>\n<\/ol>\n<\/li>\n<\/ol>\n<p><a href=\"https:\/\/docs.google.com\/spreadsheets\/d\/1SuCCCoo0MZd4An63-CLA2FYraB96uo9st62cXjI4ooc\/edit?pli=1#gid=1192580411\"><strong>La nostra temporalitzaci\u00f3 dels objectius<\/strong><\/a><\/p>\n<p style=\"text-align: center;\"><iframe loading=\"lazy\" src=\"https:\/\/docs.google.com\/spreadsheets\/d\/1SuCCCoo0MZd4An63-CLA2FYraB96uo9st62cXjI4ooc\/edit?pli=1#gid=1192580411\" width=\"900\" height=\"700\"><span data-mce-type=\"bookmark\" style=\"display: inline-block; width: 0px; overflow: hidden; line-height: 0;\" class=\"mce_SELRES_start\">\ufeff<\/span><span data-mce-type=\"bookmark\" style=\"display: inline-block; width: 0px; overflow: hidden; line-height: 0;\" class=\"mce_SELRES_start\">\ufeff<\/span><span data-mce-type=\"bookmark\" style=\"display: inline-block; width: 0px; overflow: hidden; line-height: 0;\" class=\"mce_SELRES_start\">\ufeff<\/span><span data-mce-type=\"bookmark\" style=\"display: inline-block; width: 0px; overflow: hidden; line-height: 0;\" class=\"mce_SELRES_start\">\ufeff<\/span><span data-mce-type=\"bookmark\" style=\"display: inline-block; width: 0px; overflow: hidden; line-height: 0;\" class=\"mce_SELRES_start\">\ufeff<\/span><span data-mce-type=\"bookmark\" style=\"display: inline-block; width: 0px; overflow: hidden; line-height: 0;\" class=\"mce_SELRES_start\">\ufeff<\/span><span data-mce-type=\"bookmark\" style=\"display: inline-block; width: 0px; overflow: hidden; line-height: 0;\" class=\"mce_SELRES_start\">\ufeff<\/span><\/iframe><\/p>\n<p>&nbsp;<\/p>\n","protected":false},"excerpt":{"rendered":"<p>Objectius<br \/>\nHem establert 5 objectius per implementar durant els tres pr\u00f2xims cursos.<\/p>\n<ol>\n<li style=\"list-style-type: none;\">\n<ol>\n<li style=\"text-align: justify;\" aria-level=\"1\">Millorar la compet\u00e8ncia digital docent per implementar-la en les seves mat\u00e8ries<\/li>\n<li style=\"text-align: justify;\" aria-level=\"1\">Definir la compet\u00e8ncia digital de l&#8217;alumnat per seq\u00fcenciar-la per nivells i mat\u00e8ries.<\/li>\n<li style=\"text-align: justify;\" aria-level=\"1\">Elaborar el pla&hellip;  <a href=\"https:\/\/agora.xtec.cat\/iesllica\/projectes\/estrategia-digital\/objectius\/\" title=\"Read Objectius\">Llegeix m\u00e9s\u00bb<\/a><br \/>\n","protected":false},"author":11,"featured_media":0,"parent":18070,"menu_order":1,"comment_status":"closed","ping_status":"closed","template":"page-templates\/side-menu.php","meta":{"_bbp_topic_count":0,"_bbp_reply_count":0,"_bbp_total_topic_count":0,"_bbp_total_reply_count":0,"_bbp_voice_count":0,"_bbp_anonymous_reply_count":0,"_bbp_topic_count_hidden":0,"_bbp_reply_count_hidden":0,"_bbp_forum_subforum_count":0,"footnotes":""},"class_list":["post-18134","page","type-page","status-publish","hentry"],"post_mailing_queue_ids":[],"_links":{"self":[{"href":"https:\/\/agora.xtec.cat\/iesllica\/wp-json\/wp\/v2\/pages\/18134","targetHints":{"allow":["GET"]}}],"collection":[{"href":"https:\/\/agora.xtec.cat\/iesllica\/wp-json\/wp\/v2\/pages"}],"about":[{"href":"https:\/\/agora.xtec.cat\/iesllica\/wp-json\/wp\/v2\/types\/page"}],"author":[{"embeddable":true,"href":"https:\/\/agora.xtec.cat\/iesllica\/wp-json\/wp\/v2\/users\/11"}],"replies":[{"embeddable":true,"href":"https:\/\/agora.xtec.cat\/iesllica\/wp-json\/wp\/v2\/comments?post=18134"}],"version-history":[{"count":4,"href":"https:\/\/agora.xtec.cat\/iesllica\/wp-json\/wp\/v2\/pages\/18134\/revisions"}],"predecessor-version":[{"id":21015,"href":"https:\/\/agora.xtec.cat\/iesllica\/wp-json\/wp\/v2\/pages\/18134\/revisions\/21015"}],"up":[{"embeddable":true,"href":"https:\/\/agora.xtec.cat\/iesllica\/wp-json\/wp\/v2\/pages\/18070"}],"wp:attachment":[{"href":"https:\/\/agora.xtec.cat\/iesllica\/wp-json\/wp\/v2\/media?parent=18134"}],"curies":[{"name":"wp","href":"https:\/\/api.w.org\/{rel}","templated":true}]}}