{"id":18131,"date":"2023-06-21T11:03:20","date_gmt":"2023-06-21T09:03:20","guid":{"rendered":"https:\/\/agora.xtec.cat\/iesllica\/?page_id=18131"},"modified":"2024-04-22T13:04:09","modified_gmt":"2024-04-22T11:04:09","slug":"diagnisi","status":"publish","type":"page","link":"https:\/\/agora.xtec.cat\/iesllica\/projectes\/estrategia-digital\/diagnisi\/","title":{"rendered":"Diagnosi"},"content":{"rendered":"<h4>Diagnosi<\/h4>\n<p style=\"text-align: justify;\">Per poder planificar una estrat\u00e8gia de centre \u00e9s imprescindible ser conscients en quin punt es troba el centre. Hem identificat les fortaleses i les debilitats del centre per determinar la seva maduresa digital.<\/p>\n<p style=\"text-align: justify;\">Les eines utilitzades per la Comissi\u00f3 d\u2019Estrat\u00e8gia digital han estat:<\/p>\n<ul style=\"text-align: justify;\">\n<li aria-level=\"1\"><b>Eina SELFIE<\/b>: Es basa en el Marc Europeu per a Organitzacions Educatives Digitalment Competents (DigCompOrg) publicat el desembre de 2015. Est\u00e0 desenvolupada per la Uni\u00f3 Europea i ajuda als centres a fer una diagnosi sobre l\u2019\u00fas pedag\u00f2gic de la tecnologia en un centre.<\/li>\n<\/ul>\n<p style=\"text-align: justify;\">Al nostre centre hem configurat l\u2019eina SELFIE per l\u2019etapa d\u2019ESO, de Batxillerat i de Cicles Formatius hem generat 4 q\u00fcestionaris per etapa: un per alumnes, un per docents, un per les fam\u00edlies i un per l\u2019equip directiu.<\/p>\n<ul style=\"text-align: justify;\">\n<li aria-level=\"1\">Eina\u00a0<b>SELFIE FOR TEACHERS<\/b>: Es basa en el Marc Europeu per a la Compet\u00e8ncia Digital dels Educadors (DigCompEdu) que defineix les diferents habilitats digitals que els educadors requereixen cada cop m\u00e9s. Estableix 22 compet\u00e8ncies en sis \u00e0rees amb sis nivells de compet\u00e8ncia, des de principiant fins a pioner.<\/li>\n<\/ul>\n<p style=\"text-align: justify;\">Alineada amb SELFIE eina que ens ajuda a fer una diagnosi de la maduresa digital d\u2019un centre educatiu, SELFIE FOR TEACHERS s\u2019enfoca en la compet\u00e8ncia digital dels docents i \u00e9s un complement imprescindible per a fer una diagnosi de centre en el marc de l\u2019Estrat\u00e8gia digital de centre.<\/p>\n<p style=\"text-align: justify;\">Al nostre centre hem configurat aquesta eina de forma grupal on ha participat el Claustre de professors\/es.<\/p>\n<ul style=\"text-align: justify;\">\n<li aria-level=\"1\"><strong>Enquestes fam\u00edlies<\/strong>:\u00a0Enquesta a les fam\u00edlies basada en la comunicaci\u00f3 escola-fam\u00edlies, la web del centre i l\u2019\u00fas responsable de les tecnologies.<\/li>\n<li aria-level=\"1\"><b>Entrevistes a membres de l\u2019AFA<\/b>: Entrevistes basades en les preguntes del web de suport.<\/li>\n<li aria-level=\"1\"><strong>Q\u00fcestionaris als membres del PAS<\/strong>: Formulari basat en preguntes relacionades amb la compet\u00e8ncia digital.<\/li>\n<\/ul>\n<p style=\"text-align: justify;\">Recollida i revisi\u00f3\u00a0<b>d\u2019indicadors<\/b>\u00a0envers els equipaments, el serveis i els seus usos.<\/p>\n<p>&nbsp;<\/p>\n<p><strong>Buidatge selfie<\/strong><\/p>\n<p style=\"text-align: center;\"><iframe loading=\"lazy\" src=\"https:\/\/docs.google.com\/spreadsheets\/d\/1B5SFfbI7cc4-Nci_vEBa4QEtl2CxlhqWdYOJpEKcX1c\/edit?resourcekey#gid=65867617\" width=\"680\" height=\"595\"><span data-mce-type=\"bookmark\" style=\"display: inline-block; width: 0px; overflow: hidden; line-height: 0;\" class=\"mce_SELRES_start\">\ufeff<\/span><\/iframe><\/p>\n<p><strong>Gr\u00e0fics enquesta pares EDC<\/strong><\/p>\n<p style=\"text-align: center;\"><iframe loading=\"lazy\" src=\"https:\/\/docs.google.com\/document\/d\/1XePNyVBd3MIaJ6jk9Fdlqp61qpsXSA60BpohhniFzAQ\/edit\" width=\"680\" height=\"595\"><span data-mce-type=\"bookmark\" style=\"display: inline-block; width: 0px; overflow: hidden; line-height: 0;\" class=\"mce_SELRES_start\">\ufeff<\/span><span data-mce-type=\"bookmark\" style=\"display: inline-block; width: 0px; overflow: hidden; line-height: 0;\" class=\"mce_SELRES_start\">\ufeff<\/span><span data-mce-type=\"bookmark\" style=\"display: inline-block; width: 0px; overflow: hidden; line-height: 0;\" class=\"mce_SELRES_start\">\ufeff<\/span><\/iframe><\/p>\n<p>&nbsp;<\/p>\n","protected":false},"excerpt":{"rendered":"<p>Diagnosi<br \/>\nPer poder planificar una estrat\u00e8gia de centre \u00e9s imprescindible ser conscients en quin punt es troba el centre. Hem identificat les fortaleses i les debilitats del centre per determinar la seva maduresa digital.<br \/>\nLes eines utilitzades per la Comissi\u00f3 d\u2019Estrat\u00e8gia digital han estat:<\/p>\n<ul style=\"text-align: justify;\">\n<li aria-level=\"1\">Eina&hellip;  <a href=\"https:\/\/agora.xtec.cat\/iesllica\/projectes\/estrategia-digital\/diagnisi\/\" title=\"Read Diagnosi\">Llegeix m\u00e9s\u00bb<\/a><br \/>\n","protected":false},"author":11,"featured_media":0,"parent":18070,"menu_order":0,"comment_status":"closed","ping_status":"closed","template":"page-templates\/side-menu.php","meta":{"_bbp_topic_count":0,"_bbp_reply_count":0,"_bbp_total_topic_count":0,"_bbp_total_reply_count":0,"_bbp_voice_count":0,"_bbp_anonymous_reply_count":0,"_bbp_topic_count_hidden":0,"_bbp_reply_count_hidden":0,"_bbp_forum_subforum_count":0,"footnotes":""},"class_list":["post-18131","page","type-page","status-publish","hentry"],"post_mailing_queue_ids":[],"_links":{"self":[{"href":"https:\/\/agora.xtec.cat\/iesllica\/wp-json\/wp\/v2\/pages\/18131","targetHints":{"allow":["GET"]}}],"collection":[{"href":"https:\/\/agora.xtec.cat\/iesllica\/wp-json\/wp\/v2\/pages"}],"about":[{"href":"https:\/\/agora.xtec.cat\/iesllica\/wp-json\/wp\/v2\/types\/page"}],"author":[{"embeddable":true,"href":"https:\/\/agora.xtec.cat\/iesllica\/wp-json\/wp\/v2\/users\/11"}],"replies":[{"embeddable":true,"href":"https:\/\/agora.xtec.cat\/iesllica\/wp-json\/wp\/v2\/comments?post=18131"}],"version-history":[{"count":5,"href":"https:\/\/agora.xtec.cat\/iesllica\/wp-json\/wp\/v2\/pages\/18131\/revisions"}],"predecessor-version":[{"id":21014,"href":"https:\/\/agora.xtec.cat\/iesllica\/wp-json\/wp\/v2\/pages\/18131\/revisions\/21014"}],"up":[{"embeddable":true,"href":"https:\/\/agora.xtec.cat\/iesllica\/wp-json\/wp\/v2\/pages\/18070"}],"wp:attachment":[{"href":"https:\/\/agora.xtec.cat\/iesllica\/wp-json\/wp\/v2\/media?parent=18131"}],"curies":[{"name":"wp","href":"https:\/\/api.w.org\/{rel}","templated":true}]}}