{"id":18070,"date":"2023-06-20T08:44:19","date_gmt":"2023-06-20T06:44:19","guid":{"rendered":"https:\/\/agora.xtec.cat\/iesllica\/?page_id=18070"},"modified":"2025-02-18T13:22:24","modified_gmt":"2025-02-18T12:22:24","slug":"estrategia-digital","status":"publish","type":"page","link":"https:\/\/agora.xtec.cat\/iesllica\/projectes\/estrategia-digital\/","title":{"rendered":"Estrat\u00e8gia digital de centre"},"content":{"rendered":"<div class=\"entry-content\">\n<p><a href=\"https:\/\/agora.xtec.cat\/iesllica\/wp-content\/uploads\/usu414\/2024\/04\/edc_banner.jpg\"><img loading=\"lazy\" decoding=\"async\" class=\"alignnone size-large wp-image-21032\" src=\"https:\/\/agora.xtec.cat\/iesllica\/wp-content\/uploads\/usu414\/2024\/04\/edc_banner-1024x274.jpg\" alt=\"\" width=\"1024\" height=\"274\" srcset=\"https:\/\/agora.xtec.cat\/iesllica\/wp-content\/uploads\/usu414\/2024\/04\/edc_banner-1024x274.jpg 1024w, https:\/\/agora.xtec.cat\/iesllica\/wp-content\/uploads\/usu414\/2024\/04\/edc_banner-300x80.jpg 300w, https:\/\/agora.xtec.cat\/iesllica\/wp-content\/uploads\/usu414\/2024\/04\/edc_banner-768x205.jpg 768w, https:\/\/agora.xtec.cat\/iesllica\/wp-content\/uploads\/usu414\/2024\/04\/edc_banner.jpg 1037w\" sizes=\"auto, (max-width: 1024px) 100vw, 1024px\" \/><\/a><\/p>\n<p style=\"text-align: justify;\">En el PEC del centre es detallen les dades de contextualitzaci\u00f3 general del centre. Pel que fa als aspectes sobre tecnologia digital, cal tenir en compte que el centre fa anys que ha fet una clara aposta per la digitalitzaci\u00f3 del centre. Aix\u00ed, tot l\u2019alumnat i professorat disposa d\u2019un usuari de centre que els permet tenir serveis com s\u00f3n el correu electr\u00f2nic o l\u2019emmagatzematge al n\u00favol. Amb aquests usuaris es realitza tota la comunicaci\u00f3 del centre.<\/p>\n<p style=\"text-align: justify;\">Alguns alumnes disposen d\u2019un ordinador de propietat que porta cada dia al centre i d&#8217;altres cedits pel departament. De la mateixa manera, el centre cedeix un ordinador port\u00e0til a cada professor que s\u2019incorpora al centre.<\/p>\n<p style=\"text-align: justify;\">Podeu accedir a tota la informaci\u00f3 sobre la nostra Estrat\u00e8gia Digital de Centre mitjan\u00e7ant el men\u00fa de navegaci\u00f3 de l\u2019esquerra i el que trobareu en la part superior.<\/p>\n<p style=\"text-align: justify;\">L\u2019Estrat\u00e8gia Digital de Centre (EDC) defineix i concreta les l\u00ednies d\u2019actuaci\u00f3 d\u2019un centre que fan possible que docents, alumnat i centre assoleixin la compet\u00e8ncia digital. Per aconseguir aquesta compet\u00e8ncia digital, l\u2019EDC compr\u00e8n tots els \u00e0mbits del centre: organitzatius, metodol\u00f2gics, curriculars i comunicatius, els quals s\u2019han de veure necess\u00e0riament implicats i, si escau, transformats, des d\u2019una perspectiva d\u2019innovaci\u00f3 i de millora cont\u00ednua.<\/p>\n<p style=\"text-align: justify;\">El document de l\u2019EDC es divideix en dues parts diferenciades per\u00f2 complement\u00e0ries.<\/p>\n<ul>\n<li style=\"text-align: justify;\">La primera part \u00e9s estrat\u00e8gica i marca l\u2019horitz\u00f3 on vol arribar el centre a mitj\u00e0 termini en l\u2019\u00e0mbit digital.<\/li>\n<li style=\"text-align: justify;\">La segona part \u00e9s un recull de la <a href=\"https:\/\/agora.xtec.cat\/iesllica\/projectes\/estrategia-digital\/estrategia-digital-de-centre\/\" target=\"_blank\" rel=\"noopener\">cultura digital<\/a> del centre, el qual permet tenir un coneixement global del centre en l\u2019\u00e0mbit digital.<\/li>\n<\/ul>\n<p style=\"text-align: justify;\">Com es pot veure en la figura, \u00e9s un proc\u00e9s circular. L\u2019avaluaci\u00f3 pot fer replantejar les altres fases i per tant, pot fer repensar diferents aspectes de l\u2019EDC. Per aquest motiu cal destacar que l\u2019EDC \u00e9s un document viu, que va incorporant millores i propostes noves durant la seva implementaci\u00f3. En aquest web trobareu una guia per poder elaborar cada una d\u2019aquestes fases.<\/p>\n<table class=\"aligncenter\" style=\"width: 100%; border-collapse: collapse; border-style: none;\">\n<tbody>\n<tr style=\"border-style: none;\">\n<td style=\"width: 50%; border-style: none;\"><\/td>\n<td style=\"width: 50%; border-style: none;\"><a href=\"https:\/\/agora.xtec.cat\/iesllica\/wp-content\/uploads\/usu414\/2023\/06\/estra.jpg\"><img loading=\"lazy\" decoding=\"async\" class=\"size-full wp-image-18101 alignnone\" src=\"https:\/\/agora.xtec.cat\/iesllica\/wp-content\/uploads\/usu414\/2023\/06\/estra.jpg\" alt=\"\" width=\"300\" height=\"150\" \/><\/a><\/td>\n<\/tr>\n<\/tbody>\n<\/table>\n<div class=\"entry-content\">\n<header class=\"entry-header\">\n<h3 class=\"entry-title\">Part estrat\u00e8gica<\/h3>\n<\/header>\n<div class=\"entry-content\">\n<p>Seguint les indicacions del document definici\u00f3 de l\u2019EDC, s\u2019ha estructurat aquesta part en 4 fases:<\/p>\n<table style=\"border-collapse: collapse; width: 100%;\">\n<tbody>\n<tr>\n<td style=\"width: 25%;\"><a href=\"https:\/\/agora.xtec.cat\/iesllica\/projectes\/estrategia-digital\/estrategia-digital-de-centre\/diagnisi\/\" target=\"_blank\" rel=\"noopener\"><img loading=\"lazy\" decoding=\"async\" class=\"wp-image-18130 aligncenter\" src=\"https:\/\/agora.xtec.cat\/iesllica\/wp-content\/uploads\/usu414\/2023\/06\/diagnosi.jpg\" alt=\"\" width=\"125\" height=\"113\" \/><\/a><\/td>\n<td style=\"width: 25%; text-align: center;\"><a href=\"https:\/\/agora.xtec.cat\/iesllica\/projectes\/estrategia-digital\/estrategia-digital-de-centre\/diagnisi\/\" target=\"_blank\" rel=\"noopener\"><strong>Diagnosi<\/strong><\/a><\/td>\n<td style=\"width: 25%;\"><a href=\"https:\/\/agora.xtec.cat\/iesllica\/projectes\/estrategia-digital\/estrategia-digital-de-centre\/objectius\/\" target=\"_blank\" rel=\"noopener\"><img loading=\"lazy\" decoding=\"async\" class=\"wp-image-18129 aligncenter\" src=\"https:\/\/agora.xtec.cat\/iesllica\/wp-content\/uploads\/usu414\/2023\/06\/objectiu.jpg\" alt=\"\" width=\"126\" height=\"106\" \/><\/a><\/td>\n<td style=\"width: 25%; text-align: center;\"><a href=\"https:\/\/agora.xtec.cat\/iesllica\/projectes\/estrategia-digital\/estrategia-digital-de-centre\/objectius\/\" target=\"_blank\" rel=\"noopener\"><strong>Objectius<\/strong><\/a><\/td>\n<\/tr>\n<tr>\n<td style=\"width: 25%; text-align: center;\"><a href=\"https:\/\/agora.xtec.cat\/iesllica\/projectes\/estrategia-digital\/estrategia-digital-de-centre\/planificacio-i-seguiment\/\" target=\"_blank\" rel=\"noopener\"><img loading=\"lazy\" decoding=\"async\" class=\"wp-image-18128\" src=\"https:\/\/agora.xtec.cat\/iesllica\/wp-content\/uploads\/usu414\/2023\/06\/planificacio.jpg\" alt=\"\" width=\"124\" height=\"124\" srcset=\"https:\/\/agora.xtec.cat\/iesllica\/wp-content\/uploads\/usu414\/2023\/06\/planificacio.jpg 225w, https:\/\/agora.xtec.cat\/iesllica\/wp-content\/uploads\/usu414\/2023\/06\/planificacio-150x150.jpg 150w\" sizes=\"auto, (max-width: 124px) 100vw, 124px\" \/><\/a><\/td>\n<td style=\"width: 25%; text-align: center;\"><a href=\"https:\/\/agora.xtec.cat\/iesllica\/projectes\/estrategia-digital\/estrategia-digital-de-centre\/planificacio-i-seguiment\/\" target=\"_blank\" rel=\"noopener\"><strong>Planificaci\u00f3 i Seguiment<\/strong><\/a><\/td>\n<td style=\"width: 25%;\"><a href=\"https:\/\/agora.xtec.cat\/iesllica\/projectes\/estrategia-digital\/estrategia-digital-de-centre\/avaluacio-i-millora\/\" target=\"_blank\" rel=\"noopener\"><img loading=\"lazy\" decoding=\"async\" class=\"wp-image-18127 aligncenter\" src=\"https:\/\/agora.xtec.cat\/iesllica\/wp-content\/uploads\/usu414\/2023\/06\/avaluacio.png\" alt=\"\" width=\"161\" height=\"92\" \/><\/a><\/td>\n<td style=\"width: 25%; text-align: center;\"><a href=\"https:\/\/agora.xtec.cat\/iesllica\/projectes\/estrategia-digital\/estrategia-digital-de-centre\/avaluacio-i-millora\/\" target=\"_blank\" rel=\"noopener\"><strong>Avaluaci\u00f3 i millora<\/strong><\/a><\/td>\n<\/tr>\n<\/tbody>\n<\/table>\n<\/div>\n<\/div>\n<div class=\"column_attr mfn-inline-editor clearfix\">\n<ol>\n<li style=\"list-style-type: none;\">Cal remarcar que hi ha disponible un<a href=\"https:\/\/projectes.xtec.cat\/edc-suport\/\" target=\"_blank\" rel=\"noopener\">\u00a0web de suport<\/a> amb informaci\u00f3 concreta i exemples sobre com dissenyar cada una de les fases de manera pr\u00e0ctica.<\/li>\n<\/ol>\n<\/div>\n<ul>\n<li class=\"entry-title\"><a href=\"https:\/\/agora.xtec.cat\/iesllica\/projectes\/pla-deducacio-digital-de-catalunya-pedc\/\">Pla d&#8217;Educaci\u00f3 Digital de Catalunya (PEDC)<\/a><\/li>\n<li><a href=\"https:\/\/agora.xtec.cat\/iesllica\/projectes\/estrategia-digital\/cultura-digital\/\">Cultura digital<\/a><\/li>\n<\/ul>\n<\/div>\n","protected":false},"excerpt":{"rendered":"<p><a href=\"https:\/\/agora.xtec.cat\/iesllica\/wp-content\/uploads\/usu414\/2024\/04\/edc_banner.jpg\"><\/a><br \/>\nEn el PEC del centre es detallen les dades de contextualitzaci\u00f3 general del centre. Pel que fa als aspectes sobre tecnologia digital, cal tenir en compte que el centre fa anys que ha fet una clara aposta per la digitalitzaci\u00f3 del centre. Aix\u00ed, tot&hellip;  <a href=\"https:\/\/agora.xtec.cat\/iesllica\/projectes\/estrategia-digital\/\" title=\"Read Estrat\u00e8gia digital de centre\">Llegeix m\u00e9s\u00bb<\/a><\/p>\n","protected":false},"author":11,"featured_media":0,"parent":3360,"menu_order":5,"comment_status":"closed","ping_status":"closed","template":"page-templates\/side-menu.php","meta":{"_bbp_topic_count":0,"_bbp_reply_count":0,"_bbp_total_topic_count":0,"_bbp_total_reply_count":0,"_bbp_voice_count":0,"_bbp_anonymous_reply_count":0,"_bbp_topic_count_hidden":0,"_bbp_reply_count_hidden":0,"_bbp_forum_subforum_count":0,"footnotes":""},"class_list":["post-18070","page","type-page","status-publish","hentry"],"post_mailing_queue_ids":[],"_links":{"self":[{"href":"https:\/\/agora.xtec.cat\/iesllica\/wp-json\/wp\/v2\/pages\/18070","targetHints":{"allow":["GET"]}}],"collection":[{"href":"https:\/\/agora.xtec.cat\/iesllica\/wp-json\/wp\/v2\/pages"}],"about":[{"href":"https:\/\/agora.xtec.cat\/iesllica\/wp-json\/wp\/v2\/types\/page"}],"author":[{"embeddable":true,"href":"https:\/\/agora.xtec.cat\/iesllica\/wp-json\/wp\/v2\/users\/11"}],"replies":[{"embeddable":true,"href":"https:\/\/agora.xtec.cat\/iesllica\/wp-json\/wp\/v2\/comments?post=18070"}],"version-history":[{"count":8,"href":"https:\/\/agora.xtec.cat\/iesllica\/wp-json\/wp\/v2\/pages\/18070\/revisions"}],"predecessor-version":[{"id":22072,"href":"https:\/\/agora.xtec.cat\/iesllica\/wp-json\/wp\/v2\/pages\/18070\/revisions\/22072"}],"up":[{"embeddable":true,"href":"https:\/\/agora.xtec.cat\/iesllica\/wp-json\/wp\/v2\/pages\/3360"}],"wp:attachment":[{"href":"https:\/\/agora.xtec.cat\/iesllica\/wp-json\/wp\/v2\/media?parent=18070"}],"curies":[{"name":"wp","href":"https:\/\/api.w.org\/{rel}","templated":true}]}}